{"id":6527,"date":"2016-04-14T08:44:09","date_gmt":"2016-04-14T06:44:09","guid":{"rendered":"http:\/\/www.radio-adapter.eu\/blog\/produkt\/bmw-1er-e87-lautsprecher-und-bass-soundsystem\/"},"modified":"2022-01-12T00:05:35","modified_gmt":"2022-01-11T23:05:35","slug":"bmw-1er-e87-lautsprecher-und-bass-soundsystem","status":"publish","type":"product","link":"https:\/\/www.radio-adapter.eu\/blog\/produkt\/bmw-1er-e87-lautsprecher-und-bass-soundsystem\/","title":{"rendered":"BMW 1er E87 Lautsprecher und Bass Soundsystem"},"content":{"rendered":"<p>Dieses Lautsprecher Set passt in den <strong>BMW 1er E87 F\u00fcnft\u00fcrer<\/strong> und die originalen Einbaupl\u00e4tze vorne.\u00a0 Das Einbauset\u00a0<strong>BMW 1er E87 Lautsprecher und Bass Soundsystem<\/strong> erm\u00f6glicht den Austausch der originalen Lautsprecher, es werden wieder die gleichen Einbaupl\u00e4tze verwendet. Die Lautsprecher verschwinden unter der T\u00fcrverkleidung und dem Untersitz und sind von au\u00dfen nicht sichtbar.<\/p>\n<p>Es werden soweit wie m\u00f6glich die originalen Lautsprecherkabel ab Werk in den T\u00fcren genutzt um das System mit der Frequenzweiche zu verkabeln. In dem Einbauset\u00a0<em>BMW 1er E87 Lautsprecher und Bass Soundsystem<\/em> sind alle Notwendigen Lautsprecher und Adapter enthalten um den Einbau zu bewerkstelligen.<\/p>\n<p><span style=\"color: #ff0000;\"><strong>\u00a0<\/strong><\/span><\/p>\n<h2>Lieferumfang: BMW 1er E87 Lautsprecher und Bass Soundsystem<\/h2>\n<ul>\n<li>2 x Hocht\u00f6ner<\/li>\n<li>2 x Mittelt\u00f6ner<\/li>\n<li>2 x Subwoofer<\/li>\n<li>2 x Frequenzweiche<\/li>\n<li>1 x Anschlusskabel<\/li>\n<li>1 x Bedienungsanleitung<\/li>\n<\/ul>\n<p>&nbsp;<\/p>\n<p><strong>Alle Lautsprechersysteme werden immer paarweise geliefert!<\/strong><\/p>\n<p>Das\u00a0<strong>BMW 1er E87 Lautsprecher und Bass Soundsystem<\/strong> verf\u00fcgt \u00fcber einen sehr hohen Wirkungsgrad und kann auch ntfalls am Autoradio ohne weitere Verst\u00e4rker betrieben werden!<\/p>\n<p>Um die volle Leistung und den Klang \u00a0zu entfalten muss das Soundsystem \u00fcber externe Verst\u00e4rker entweder als <strong>3-Wege Passivsystem<\/strong>: <strong>Mit 2 Kanal Verst\u00e4rker<\/strong> oder als <strong>3-Wege Teilaktivsystem<\/strong>: \u00a0<strong>Mit 4 Kanal Verst\u00e4rker<\/strong> betrieben werden.<\/p>\n<p>Dazu empfiehlt sich die Match DSP Verst\u00e4rker Serie.<\/p>\n<p>Alle im <strong>Soundsystem enthaltenen Lautsprecher<\/strong><\/p>\n<p><strong><span id=\"page462R_mcid551\" class=\"markedContent\"><span dir=\"ltr\" role=\"presentation\">2 x Audison APBMW K4E 2 Wege System<\/span><\/span><\/strong><\/p>\n<p><strong>2 x APBMW S8-4OHM 200 mm Subwoofer<\/strong><\/p>\n<p>Die einzelnen Schritte der Demontage und das Entfernen der originalen Lautsprecher werden in den Anleitungen beschrieben.\u00a0 Der Einbausatz\u00a0<em>BMW 1er E87 Lautsprecher und Bass Soundsystem<\/em> ist ein hochwertiges Soundupgrade f\u00fcr den BMW.<\/p>\n<p>F\u00fcr die meisten Fahrzeugtypen und den passenden Lautsprecher Einbausets sind Einbauanleitungen vorhanden. Die Anleitungen sind ohne Gew\u00e4hr und von der handwerklichen F\u00e4higkeit des Monteurs abh\u00e4ngig. Unsachgem\u00e4\u00dfer Einbau f\u00fchrt zu einem schlechten Ergebnis im Klang und Pegel.<\/p>\n<p>Durch die Selbstmontage k\u00f6nnen nat\u00fcrlich Kosten gespart werden. Wie man Grunds\u00e4tzlich Lautsprecher einbauen kann erfahren Sie in dem Beitrag <a href=\"http:\/\/www.radio-adapter.eu\/blog\/fahrzeugspezifische-lautsprecher\/\" target=\"_blank\" rel=\"noopener\">Fahrzeugspezifische Lautsprecher einbauen<\/a>.<\/p>\n<p>&nbsp;<\/p>\n<p>&nbsp;<\/p>\n<p>&nbsp;<\/p>\n<p>&nbsp;<\/p>\n<p>&nbsp;<\/p>\n<p>&nbsp;<\/p>\n<p>&nbsp;<\/p>\n<p>&nbsp;<\/p>\n<p>&nbsp;<\/p>\n","protected":false},"excerpt":{"rendered":"<p>Dieses Lautsprecher Einbauset\u00a0<strong>BMW 1er E87 Lautsprecher und Bass Soundsystem<\/strong> ist f\u00fcr den Austausch des Standard Lautsprechersystems in\u00a0<strong>BMW 1er E87 F\u00fcnft\u00fcrer 2004 bis 2011<\/strong> geeignet. Im Lieferumfang sind alle Lautsprecher und dazugeh\u00f6rigen Kabel und Einbaurringe enthalten und eine Einbauanleitung.<\/p>\n","protected":false},"featured_media":9747,"comment_status":"open","ping_status":"closed","template":"","meta":{"jetpack_post_was_ever_published":false,"jetpack_publicize_message":"","jetpack_publicize_feature_enabled":true,"jetpack_social_post_already_shared":true,"jetpack_social_options":{"image_generator_settings":{"template":"highway","default_image_id":0,"font":"","enabled":false},"version":2}},"product_brand":[],"product_cat":[2349,3551,2389],"product_tag":[3552,3553,3554,3555,3556],"class_list":{"0":"post-6527","1":"product","2":"type-product","3":"status-publish","4":"has-post-thumbnail","6":"product_cat-auto-lautsprecher-einbausets","7":"product_cat-bmw-1er-lautsprecher-einbausets","8":"product_cat-bmw-lautsprecher-einbausets","9":"product_tag-bmw-1er-lautsprecher-wechseln","10":"product_tag-bmw-1er-soundsystem","11":"product_tag-bmw-1er-standard-lautsprechersystem-tauschen","12":"product_tag-lautsprechersystem-fuer-bmw-1er","13":"product_tag-neue-lautsprecher-fuer-bmw-1er","14":"product_shipping_class-auto-lautsprecher-set","16":"first","17":"instock","18":"taxable","19":"shipping-taxable","20":"purchasable","21":"product-type-simple"},"jetpack_publicize_connections":[],"jetpack_sharing_enabled":true,"jetpack_likes_enabled":true,"_links":{"self":[{"href":"https:\/\/www.radio-adapter.eu\/blog\/wp-json\/wp\/v2\/product\/6527","targetHints":{"allow":["GET"]}}],"collection":[{"href":"https:\/\/www.radio-adapter.eu\/blog\/wp-json\/wp\/v2\/product"}],"about":[{"href":"https:\/\/www.radio-adapter.eu\/blog\/wp-json\/wp\/v2\/types\/product"}],"replies":[{"embeddable":true,"href":"https:\/\/www.radio-adapter.eu\/blog\/wp-json\/wp\/v2\/comments?post=6527"}],"wp:featuredmedia":[{"embeddable":true,"href":"https:\/\/www.radio-adapter.eu\/blog\/wp-json\/wp\/v2\/media\/9747"}],"wp:attachment":[{"href":"https:\/\/www.radio-adapter.eu\/blog\/wp-json\/wp\/v2\/media?parent=6527"}],"wp:term":[{"taxonomy":"product_brand","embeddable":true,"href":"https:\/\/www.radio-adapter.eu\/blog\/wp-json\/wp\/v2\/product_brand?post=6527"},{"taxonomy":"product_cat","embeddable":true,"href":"https:\/\/www.radio-adapter.eu\/blog\/wp-json\/wp\/v2\/product_cat?post=6527"},{"taxonomy":"product_tag","embeddable":true,"href":"https:\/\/www.radio-adapter.eu\/blog\/wp-json\/wp\/v2\/product_tag?post=6527"}],"curies":[{"name":"wp","href":"https:\/\/api.w.org\/{rel}","templated":true}]}}