{"id":6513,"date":"2016-04-12T12:54:18","date_gmt":"2016-04-12T10:54:18","guid":{"rendered":"http:\/\/www.radio-adapter.eu\/blog\/produkt\/bmw-3er-e91-touring-lautsprecher-und-bass-soundsystem\/"},"modified":"2023-04-11T22:55:30","modified_gmt":"2023-04-11T20:55:30","slug":"bmw-3er-e91-touring-lautsprecher-und-bass-soundsystem","status":"publish","type":"product","link":"https:\/\/www.radio-adapter.eu\/blog\/produkt\/bmw-3er-e91-touring-lautsprecher-und-bass-soundsystem\/","title":{"rendered":"BMW 3er E91 Touring Lautsprecher und Bass Soundsystem"},"content":{"rendered":"<p>Dieses Lautsprecher Set passt in den <strong>BMW 3er E91 Touring<\/strong> und die originalen Einbaupl\u00e4tze vorne.\u00a0 Das Einbauset\u00a0<strong>BMW 3er E91 Touring Lautsprecher und Bass Soundsystem<\/strong> erm\u00f6glicht den Austausch der originalen Lautsprecher, es werden wieder die gleichen Einbaupl\u00e4tze verwendet. Die Lautsprecher verschwinden unter der T\u00fcrverkleidung und dem Untersitz und sind von au\u00dfen nicht sichtbar.<\/p>\n<p>Es werden soweit wie m\u00f6glich die originalen Lautsprecherkabel ab Werk in den T\u00fcren genutzt um das System mit der Frequenzweiche zu verkabeln. In dem Einbauset\u00a0<em>BMW 3er E91 Touring Lautsprecher und Bass Soundsystem<\/em> sind alle Notwendigen Lautsprecher und Adapter enthalten um den Einbau zu bewerkstelligen.<\/p>\n<p><span style=\"color: #ff0000;\"><strong><br \/>\n<\/strong><\/span><\/p>\n<h2>Lieferumfang: BMW 3er E91 Touring Lautsprecher und Bass Soundsystem<\/h2>\n<ul>\n<li>2 x Hocht\u00f6ner<\/li>\n<li>2 x Mittelt\u00f6ner<\/li>\n<li>2 x Subwoofer<\/li>\n<li>2 x Frequenzweiche<\/li>\n<li>1 x Anschlusskabel<\/li>\n<li>1 x Bedienungsanleitung<\/li>\n<\/ul>\n<p>&nbsp;<\/p>\n<p><strong>Alle Lautsprechersysteme werden immer paarweise geliefert!<\/strong><\/p>\n<p>Das\u00a0<strong>BMW 3er E91 Touring Lautsprecher und Bass Soundsystem<\/strong> verf\u00fcgt \u00fcber einen sehr hohen Wirkungsgrad und kann auch ntfalls am Autoradio ohne weitere Verst\u00e4rker betrieben werden!<\/p>\n<p>Um die volle Leistung und den Klang \u00a0zu entfalten muss das Soundsystem \u00fcber externe Verst\u00e4rker entweder als <strong>3-Wege Passivsystem<\/strong>: <strong>Mit 2 Kanal Verst\u00e4rker<\/strong> oder als <strong>3-Wege Teilaktivsystem<\/strong>: \u00a0<strong>Mit 4 Kanal Verst\u00e4rker<\/strong> betrieben werden.<\/p>\n<p>Dazu empfiehlt sich die Match DSP Verst\u00e4rker Serie.<\/p>\n<p>Technische Daten: Aller im <strong>Soundsystem enthaltenen Lautsprecher<\/strong><\/p>\n<p><strong>MS 83C-BMW.1<\/strong><br \/>\nLeistung RMS \/ Max. 100 \/ 200 Watt<br \/>\nFrequenzbereich 30 &#8211; 25.000 Hz<br \/>\nWirkungsgrad 90 dB 1W \/ 1m<br \/>\nImpedanz 4 Ohm<br \/>\nDurchmesser Subwoofer \/ Mittelt\u00f6ner \/ Hocht\u00f6ner 200 mm \/ 100 mm \/ 25 mm<br \/>\nFrequenzweiche separat, 6 dB \/ 12 dB Flankensteilheit mit<br \/>\nSperrkreis<\/p>\n<p><strong>MS 42C-BMW.1<\/strong><br \/>\nLeistung RMS \/ Max.60 \/ 120 Watt<br \/>\nFrequenzbereich 100 &#8211; 25.000 Hz<br \/>\nWirkungsgrad 90 dB 1W \/ 1m<br \/>\nImpedanz 4 Ohm<br \/>\nDurchmesser Mittelt\u00f6ner \/ Hocht\u00f6ner 100 mm \/ 25 mm<br \/>\nFrequenzweiche separat, 6 dB \/ 12 dB Flankensteilheit mit<br \/>\nSperrkreis<\/p>\n<p><strong>MS 8B-BMW.1<\/strong><br \/>\nLeistung RMS \/ Max. 100 \/ 200 Watt<br \/>\nFrequenzbereich 30 &#8211; 140 Hz<br \/>\nWirkungsgrad 90 dB 1W \/ 1m<br \/>\nImpedanz 4 Ohm<br \/>\nDurchmesser 200 mm<\/p>\n<p><strong>MS 4X-BMW.1<\/strong><br \/>\nLeistung RMS \/ Max. 60 \/ 120 Watt<br \/>\nFrequenzbereich 100 &#8211; 25.000 Hz<br \/>\nWirkungsgrad 90 dB 1W \/ 1m<br \/>\nImpedanz 4 Ohm<br \/>\nDurchmesser Mittelt\u00f6ner \/ Hocht\u00f6ner 100 mm \/ 20 mm<br \/>\nFrequenzweiche separat, 6 dB Flankensteilheit<\/p>\n<p>&nbsp;<\/p>\n<p>&nbsp;<\/p>\n<p>&nbsp;<\/p>\n<p>Die einzelnen Schritte der Demontage und das Entfernen der originalen Lautsprecher werden in den Anleitungen beschrieben.\u00a0 Der Einbausatz BMW 3er E91 Touring Lautsprecher und Bass Soundsystem ist ein hochwertiges Soundupgrade f\u00fcr den BMW.<\/p>\n<p>F\u00fcr die meisten Fahrzeugtypen und den passenden Lautsprecher Einbausets sind Einbauanleitungen vorhanden. Die Anleitungen sind ohne Gew\u00e4hr und von der handwerklichen F\u00e4higkeit des Monteurs abh\u00e4ngig. Unsachgem\u00e4\u00dfer Einbau f\u00fchrt zu einem schlechten Ergebnis im Klang und Pegel.<\/p>\n<p>Durch die Selbstmontage k\u00f6nnen nat\u00fcrlich Kosten gespart werden. Wie man Grunds\u00e4tzlich Lautsprecher einbauen kann erfahren Sie in dem Beitrag <a href=\"http:\/\/www.radio-adapter.eu\/blog\/fahrzeugspezifische-lautsprecher\/\" target=\"_blank\" rel=\"noopener\">Fahrzeugspezifische Lautsprecher einbauen<\/a>.<\/p>\n<p>&nbsp;<\/p>\n<p>&nbsp;<\/p>\n<p>&nbsp;<\/p>\n<p>&nbsp;<\/p>\n<p>&nbsp;<\/p>\n<p>&nbsp;<\/p>\n<p>&nbsp;<\/p>\n<p>&nbsp;<\/p>\n<p>&nbsp;<\/p>\n","protected":false},"excerpt":{"rendered":"<p>Dieses Lautsprecher Einbauset\u00a0<strong>BMW 3er E91 Touring Lautsprecher und Bass Soundsystem<\/strong> ist f\u00fcr den Austausch des Standard Lautsprechersystems in\u00a0<strong>BMW 3er E91 Touring 2005 bis 2011<\/strong> geeignet. Im Lieferumfang sind alle Lautsprecher und dazugeh\u00f6rigen Kabel und Einbaurringe enthalten und eine Einbauanleitung.<\/p>\n","protected":false},"featured_media":6514,"comment_status":"open","ping_status":"closed","template":"","meta":{"jetpack_post_was_ever_published":false,"jetpack_publicize_message":"","jetpack_publicize_feature_enabled":true,"jetpack_social_post_already_shared":true,"jetpack_social_options":{"image_generator_settings":{"template":"highway","default_image_id":0,"font":"","enabled":false},"version":2}},"product_brand":[],"product_cat":[2349,3538,2389],"product_tag":[3537,3535,3536,3534,3533],"class_list":{"0":"post-6513","1":"product","2":"type-product","3":"status-publish","4":"has-post-thumbnail","6":"product_cat-auto-lautsprecher-einbausets","7":"product_cat-bmw-3er-lautsprecher-einbausets","8":"product_cat-bmw-lautsprecher-einbausets","9":"product_tag-bmw-3er-lautsprecher-wechseln","10":"product_tag-bmw-3er-soundsystem","11":"product_tag-bmw-3er-standard-lautsprechersystem-tauschen","12":"product_tag-lautsprechersystem-fuer-bmw-3er","13":"product_tag-neue-lautsprecher-fuer-bmw-3er","14":"product_shipping_class-auto-lautsprecher-set","16":"first","17":"outofstock","18":"taxable","19":"shipping-taxable","20":"purchasable","21":"product-type-simple"},"jetpack_publicize_connections":[],"jetpack_sharing_enabled":true,"jetpack_likes_enabled":true,"_links":{"self":[{"href":"https:\/\/www.radio-adapter.eu\/blog\/wp-json\/wp\/v2\/product\/6513","targetHints":{"allow":["GET"]}}],"collection":[{"href":"https:\/\/www.radio-adapter.eu\/blog\/wp-json\/wp\/v2\/product"}],"about":[{"href":"https:\/\/www.radio-adapter.eu\/blog\/wp-json\/wp\/v2\/types\/product"}],"replies":[{"embeddable":true,"href":"https:\/\/www.radio-adapter.eu\/blog\/wp-json\/wp\/v2\/comments?post=6513"}],"wp:featuredmedia":[{"embeddable":true,"href":"https:\/\/www.radio-adapter.eu\/blog\/wp-json\/wp\/v2\/media\/6514"}],"wp:attachment":[{"href":"https:\/\/www.radio-adapter.eu\/blog\/wp-json\/wp\/v2\/media?parent=6513"}],"wp:term":[{"taxonomy":"product_brand","embeddable":true,"href":"https:\/\/www.radio-adapter.eu\/blog\/wp-json\/wp\/v2\/product_brand?post=6513"},{"taxonomy":"product_cat","embeddable":true,"href":"https:\/\/www.radio-adapter.eu\/blog\/wp-json\/wp\/v2\/product_cat?post=6513"},{"taxonomy":"product_tag","embeddable":true,"href":"https:\/\/www.radio-adapter.eu\/blog\/wp-json\/wp\/v2\/product_tag?post=6513"}],"curies":[{"name":"wp","href":"https:\/\/api.w.org\/{rel}","templated":true}]}}