{"id":6107,"date":"2016-04-06T11:01:32","date_gmt":"2016-04-06T09:01:32","guid":{"rendered":"http:\/\/www.radio-adapter.eu\/blog\/produkt\/audi-a4-b6-lautsprecher-tuerlautsprecher-vorne-oder-hinten\/"},"modified":"2023-06-17T10:43:31","modified_gmt":"2023-06-17T08:43:31","slug":"audi-a4-b6-lautsprecher-tuerlautsprecher-vorne-oder-hinten","status":"publish","type":"product","link":"https:\/\/www.radio-adapter.eu\/blog\/produkt\/audi-a4-b6-lautsprecher-tuerlautsprecher-vorne-oder-hinten\/","title":{"rendered":"Audi A4 B6 Lautsprecher T\u00fcrlautsprecher vorne oder hinten"},"content":{"rendered":"<p>Im Audi A4 B6 von 2000 \u2013 2004 sind vorne und hinten Lautsprecher ab Werk integriert, dieses Koaxiallautsprecher Einbauset, <strong>Audi A4 B6 Lautsprecher T\u00fcrlautsprecher vorne oder hinten<\/strong> ist f\u00fcr den Austausch des Standard Tieft\u00f6ners in den T\u00fcren geeignet. Diese L\u00f6sung ist passend wenn Sie die originalen Hocht\u00f6ner des Audi im T\u00fcr\u00f6ffner beibehalten wollen.<\/p>\n<p>&nbsp;<\/p>\n<h2>Die Lautsprecher Gr\u00f6\u00dfen im Audi A4 B6 vorne<\/h2>\n<p>In den vorderen T\u00fcren ist ein zwei Wege System mit 16,5 cm Tieft\u00f6ner verbaut und separaten Hocht\u00f6nern in der T\u00fcrverkleidung.<\/p>\n<h2>Die Lautsprecher Gr\u00f6\u00dfen im Audi A4 B6 hinten<\/h2>\n<p>In den hinteren T\u00fcren ist ein zwei Wege System mit 16,5 cm Tieft\u00f6ner verbaut und separaten Hocht\u00f6nern seitlich.<\/p>\n<h2>Lieferumfang: Audi A4 B6 Lautsprecher T\u00fcrlautsprecher vorne oder hinten<\/h2>\n<ul>\n<li>1 x Zwei Wege Lautsprecher mit externen Frequenzweichen f\u00fcr die vorderen oder hinteren T\u00fcren<\/li>\n<li>1 x Lautsprecheradapterkabel f\u00fcr die vorderen oder hinteren T\u00fcren<\/li>\n<li>1 x Lautsprecherringe f\u00fcr den Einbau in den vorderen oder hinteren T\u00fcren<\/li>\n<\/ul>\n<p><strong>Alle Lautsprechersysteme werden immer paarweise geliefert!<\/strong><\/p>\n<p>Die\u00a0<em><strong>Audi A4 B6 Lautsprecher T\u00fcrlautsprecher vorne oder hinten<\/strong><\/em> verf\u00fcgen \u00fcber einen sehr hohen Wirkungsgrad und sind auch f\u00fcr den Normalbetrieb am Autoradio ohne weitere Verst\u00e4rker geeignet!<\/p>\n<p>Technische Daten: Hertz MPK165.3<\/p>\n<p><img loading=\"lazy\" decoding=\"async\" width=\"444\" height=\"732\" class=\"alignalignnone size-full wp-image-9050\" src=\"http:\/\/www.radio-adapter.eu\/blog\/wp-content\/uploads\/2016\/01\/HertzMPKpro-technische-details.jpg\" \/><\/p>\n<p>&nbsp;<\/p>\n<p>&nbsp;<\/p>\n<p>Lautsprecher Einbau Anleitungen<\/p>\n<h3 class=\"entry-title\">\u00a0<a href=\"http:\/\/www.radio-adapter.eu\/blog\/audi-a4-b6-lautsprecher-tauschen-vordere-tueren-anleitung\/\" target=\"_blank\" rel=\"noopener noreferrer\">Audi A4 B6 Lautsprecher tauschen vordere T\u00fcren Anleitung<\/a><\/h3>\n<p>Der Lautsprecher Einbau h\u00e4ngt von den handwerklichen F\u00e4higkeiten des Anwenders ab, um zu einen guten Ergebnis zu kommen sollte man die Anleitungen f\u00fcr den Einbau der <em>Audi A4 B6 Lautsprecher T\u00fcrlautsprecher vorne oder hinten<\/em> ansehen. Unsachgem\u00e4\u00dfer Einbau f\u00fchrt zu einem schlechten Ergebnis im Klang und Pegel.<\/p>\n<p>Die Grundvoraussetzung f\u00fcr eine eigene Installation ist das passende Werkzeug, die einzelnen Schritte der Demontage der T\u00fcrverkleidung und das Entfernen der originalen Lautsprecher werden in der Anleitung beschrieben.<\/p>\n<p>Die originalen Lautsprecher in dem Fahrzeug sind mit Ringen aus Kunststoff an die T\u00fcrbleche genietet. Die originalen Lautsprecher m\u00fcssen mit der Halterung ausgebohrt werden um die neuen Lautsprecher mit den im Lieferumfang enthaltenen Lautsprecherringen zu montieren.<\/p>\n","protected":false},"excerpt":{"rendered":"<p>Dieses Koaxiallautsprecher Einbauset, <strong>Audi A4 B6 Lautsprecher T\u00fcrlautsprecher vorne oder hinten<\/strong> ist f\u00fcr den Austausch des Standard Lautsprechersystems in Audi A4 B6 von 2000 &#8211; 2004 geeignet. Alle notwendigen Einbaurringe und Kabel sind mit im Lieferumfang enthalten.<\/p>\n","protected":false},"featured_media":9068,"comment_status":"closed","ping_status":"closed","template":"","meta":{"jetpack_post_was_ever_published":false,"jetpack_publicize_message":"","jetpack_publicize_feature_enabled":true,"jetpack_social_post_already_shared":true,"jetpack_social_options":{"image_generator_settings":{"template":"highway","default_image_id":0,"font":"","enabled":false},"version":2}},"product_brand":[],"product_cat":[2782,2372,2349],"product_tag":[2373,2377,2376,3493,3494],"class_list":{"0":"post-6107","1":"product","2":"type-product","3":"status-publish","4":"has-post-thumbnail","6":"product_cat-audi-a4-b6-lautsprecher-einbausets","7":"product_cat-audi-lautsprecher-einbausets","8":"product_cat-auto-lautsprecher-einbausets","9":"product_tag-audi-a4-b6-standard-lautsprechersystem-tauschen","10":"product_tag-die-lautsprecher-groessen-im-audi-a4-b6-hinten","11":"product_tag-die-lautsprecher-groessen-im-audi-a4-b6-vorne","12":"product_tag-lautsprecher-austauschen-audi-a4-b6","13":"product_tag-lautsprecher-fuer-audi-a4-b6","14":"product_shipping_class-auto-lautsprecher-set","16":"first","17":"instock","18":"taxable","19":"shipping-taxable","20":"purchasable","21":"product-type-simple"},"jetpack_publicize_connections":[],"jetpack_sharing_enabled":true,"jetpack_likes_enabled":true,"_links":{"self":[{"href":"https:\/\/www.radio-adapter.eu\/blog\/wp-json\/wp\/v2\/product\/6107","targetHints":{"allow":["GET"]}}],"collection":[{"href":"https:\/\/www.radio-adapter.eu\/blog\/wp-json\/wp\/v2\/product"}],"about":[{"href":"https:\/\/www.radio-adapter.eu\/blog\/wp-json\/wp\/v2\/types\/product"}],"replies":[{"embeddable":true,"href":"https:\/\/www.radio-adapter.eu\/blog\/wp-json\/wp\/v2\/comments?post=6107"}],"wp:featuredmedia":[{"embeddable":true,"href":"https:\/\/www.radio-adapter.eu\/blog\/wp-json\/wp\/v2\/media\/9068"}],"wp:attachment":[{"href":"https:\/\/www.radio-adapter.eu\/blog\/wp-json\/wp\/v2\/media?parent=6107"}],"wp:term":[{"taxonomy":"product_brand","embeddable":true,"href":"https:\/\/www.radio-adapter.eu\/blog\/wp-json\/wp\/v2\/product_brand?post=6107"},{"taxonomy":"product_cat","embeddable":true,"href":"https:\/\/www.radio-adapter.eu\/blog\/wp-json\/wp\/v2\/product_cat?post=6107"},{"taxonomy":"product_tag","embeddable":true,"href":"https:\/\/www.radio-adapter.eu\/blog\/wp-json\/wp\/v2\/product_tag?post=6107"}],"curies":[{"name":"wp","href":"https:\/\/api.w.org\/{rel}","templated":true}]}}