{"id":6033,"date":"2016-04-02T11:09:31","date_gmt":"2016-04-02T09:09:31","guid":{"rendered":"http:\/\/www.radio-adapter.eu\/blog\/produkt\/opel-corsa-d-lautsprecher-komplettset-2006-2014\/"},"modified":"2023-12-06T13:54:13","modified_gmt":"2023-12-06T12:54:13","slug":"opel-corsa-d-lautsprecher-komplettset-2006-2014","status":"publish","type":"product","link":"https:\/\/www.radio-adapter.eu\/blog\/produkt\/opel-corsa-d-lautsprecher-komplettset-2006-2014\/","title":{"rendered":"Opel Corsa D Lautsprecher Komplettset 2006-2014"},"content":{"rendered":"<p>Dieses Testsieger Lautsprecher Komplettset kann in <em>Opel Corsa D <\/em>von 2006 \u2013 2014 verwendet werden. Das\u00a0<strong>Opel Corsa D Lautsprecher Komplettset 2006-2014<\/strong> erm\u00f6glicht den Austausch der originalen Lautsprecher, es werden wieder die gleichen Einbaupl\u00e4tze verwendet. Die Lautsprecher verschwinden unter der T\u00fcrverkleidung und sind von au\u00dfen nicht sichtbar.<\/p>\n<p>Es werden soweit wie m\u00f6glich die originalen Lautsprecherkabel ab Werk in den T\u00fcren genutzt um das System zu verkabeln. In dem <em>Opel Corsa D Lautsprecher Komplettset 2006-2014<\/em> sind alle Notwendigen Lautsprecher und Adapter enthalten um den Einbau zu bewerkstelligen.<\/p>\n<p>&nbsp;<\/p>\n<h2>Die Lautsprecher Gr\u00f6\u00dfen im Opel Corsa D vorne<\/h2>\n<p>In den vorderen T\u00fcren ist ein zwei Wege System mit 16,5 Tieft\u00f6ner und extra Hocht\u00f6ner verbaut.<\/p>\n<h2>Die Lautsprecher Gr\u00f6\u00dfen im Opel Corsa D hinten<\/h2>\n<p>In den hinteren Einbaupl\u00e4tzen ist ein 13cm Tieft\u00f6ner verbaut.<\/p>\n<h2>Lieferumfang: Opel Corsa D Lautsprecher Komplettset 2006-2014<\/h2>\n<ul>\n<li>1 x Zwei Wege Auto Lautsprechersystem mit Frequenzweichen und separaten Hocht\u00f6nern f\u00fcr die vorderen T\u00fcren<\/li>\n<li>1 x Zwei Wege Koaxial-Lautsprechersystem und integrierten Hocht\u00f6nern f\u00fcr die hinteren T\u00fcren<\/li>\n<li>1 x Lautsprecherringe f\u00fcr den Einbau in den vorderen T\u00fcren<\/li>\n<li>1 x Lautsprecheradapterkabel vordere T\u00fcren<\/li>\n<li>1 x Lautsprecherringe Einbau in den hinteren Einbaupl\u00e4tzen<\/li>\n<li>1 x Lautsprecheradapterkabel hinteren Einbaupl\u00e4tzen<\/li>\n<\/ul>\n<p><strong>Alle Lautsprechersysteme werden immer paarweise geliefert!<\/strong><\/p>\n<p>Das <em><strong>Opel Corsa D Lautsprecher Komplettset 2006-2014<\/strong><\/em> verf\u00fcgt \u00fcber einen sehr hohen Wirkungsgrad und ist auch f\u00fcr den Normalbetrieb am Autoradio ohne weitere Verst\u00e4rker geeignet!<\/p>\n<p><strong>Technische Daten: JL-Audio C1 650 2 Wege System<br \/>\n<\/strong><\/p>\n<ul>\n<li>Leistung RMS \/ Max 50 \/ 225 Watt<\/li>\n<li>Frequenzbereich 59 Hz \u2013 22.000 Hz<\/li>\n<li>Durchmesser Tieft\u00f6ner \/ Hocht\u00f6ner 165mm<\/li>\n<li>19 mm Silk-Dome-Hocht\u00f6ner<\/li>\n<li>Wirkungsgrad 91 dB 1 W \/ 1 m<\/li>\n<li>Impedanz 4 Ohm<\/li>\n<li>Einbautiefe 53 mm<\/li>\n<li>6dB Inline-Crossover with Advanced Tweeter Protection Circuitry<\/li>\n<\/ul>\n<p>&nbsp;<\/p>\n<p><strong>Technische Daten: JL-Audio C1 525x 2 Wege Koaxial Lautsprecher<br \/>\n<\/strong><\/p>\n<ul>\n<li>Leistung RMS \/ Max 50 \/ 225 Watt<\/li>\n<li>Frequenzbereich 59 Hz \u2013 22.000 Hz<\/li>\n<li>Durchmesser Tieft\u00f6ner \/ Hocht\u00f6ner 119mm \/ 13mm<\/li>\n<li>13 mm Silk-Dome-Hocht\u00f6ner<\/li>\n<li>Wirkungsgrad 91 dB 1 W \/ 1 m<\/li>\n<li>Impedanz 4 Ohm<\/li>\n<li>Einbautiefe 62 mm<\/li>\n<li>6dB Inline-Crossover with Advanced Tweeter Protection Circuitry<\/li>\n<\/ul>\n<p>Test in Car &amp; Hifi 1\/2018 &#8211; Bestes Produkt<\/p>\n<p>&nbsp;<\/p>\n<p>&nbsp;<\/p>\n<h4>Passende Einbauanleitung:<\/h4>\n<h3 class=\"entry-title\"><a href=\"http:\/\/www.radio-adapter.eu\/blog\/opel-corsa-d-lautsprecher-wechseln-den-vorderen-tueren\/\" target=\"_blank\" rel=\"noopener noreferrer\">Opel Corsa D Lautsprecher wechseln in den vorderen T\u00fcren<\/a><\/h3>\n<p>Beachten Sie die Einbauanleitung f\u00fcr das Opel Corsa D Lautsprecher Komplettset 2006-2014 um zu einen guten Ergebnis zu kommen.\u00a0 Als Grundausstattung f\u00fcr die eine eigene Installation sollte das passende Werkzeug vorhanden sein. Das Resultat des Einbaus h\u00e4ngt von den handwerklichen F\u00e4higkeiten des Anwenders ab.<\/p>\n<p>Die Schritte der Demontage der T\u00fcrverkleidung und das Entfernen der originalen Lautsprecher werden in den Anleitungen beschrieben. Die originalen Werkslautsprecher in dem jeweiligen Fahrzeug sind mit Ringen aus Kunststoff an die T\u00fcrbleche genietet. Die originalen Werkslautsprecher m\u00fcssen mit den Halterungen ausgebohrt werden um die neuen Lautsprecher mit den im Lieferumfang enthaltenen Lautsprecherringen zu montieren.<\/p>\n<p>F\u00fcr die meisten Fahrzeugtypen und den passenden Lautsprecher Einbausets sind Einbauanleitungen vorhanden. Die Anleitungen sind ohne Gew\u00e4hr und von der handwerklichen F\u00e4higkeit des Monteurs abh\u00e4ngig. Unsachgem\u00e4\u00dfer Einbau f\u00fchrt zu einem schlechten Ergebnis im Klang und Pegel.<\/p>\n<p>&nbsp;<\/p>\n<p>&nbsp;<\/p>\n<p>&nbsp;<\/p>\n<p>&nbsp;<\/p>\n<p>&nbsp;<\/p>\n<p>&nbsp;<\/p>\n","protected":false},"excerpt":{"rendered":"<p>Dieses <strong>Opel Corsa D Lautsprecher Komplettset 2006-2014<\/strong> ist f\u00fcr den Austausch des Standard Lautsprechersystems in <strong>Opel Corsa D<\/strong> von 2006-2014 geeignet. Im Lieferumfang sind alle Lautsprecher und dazugeh\u00f6rigen Kabel und Einbauringe enthalten.<\/p>\n","protected":false},"featured_media":8649,"comment_status":"open","ping_status":"closed","template":"","meta":{"jetpack_post_was_ever_published":false,"jetpack_publicize_message":"","jetpack_publicize_feature_enabled":true,"jetpack_social_post_already_shared":true,"jetpack_social_options":{"image_generator_settings":{"template":"highway","default_image_id":0,"font":"","enabled":false},"version":2}},"product_brand":[],"product_cat":[2349,2794,2785],"product_tag":[3472,3473,3475,3476,3477,3474],"class_list":{"0":"post-6033","1":"product","2":"type-product","3":"status-publish","4":"has-post-thumbnail","6":"product_cat-auto-lautsprecher-einbausets","7":"product_cat-opel-corsa-d-lautsprecher-einbausets","8":"product_cat-opel-lautsprecher-einbausets","9":"product_tag-die-lautsprecher-groessen-im-opel-corsa-d-hinten","10":"product_tag-die-lautsprecher-groessen-im-opel-corsa-d-vorne","11":"product_tag-lautsprecher-einbauset-testsieger-opel-corsa-d","12":"product_tag-lautsprechersystem-fuer-opel-corsa-d","13":"product_tag-neue-lautsprecher-fuer-opel-corsa-d","14":"product_tag-opel-corsa-d-standard-lautsprechersystem-tauschen","15":"product_shipping_class-auto-lautsprecher-set","17":"first","18":"instock","19":"taxable","20":"shipping-taxable","21":"purchasable","22":"product-type-simple"},"jetpack_publicize_connections":[],"jetpack_sharing_enabled":true,"jetpack_likes_enabled":true,"_links":{"self":[{"href":"https:\/\/www.radio-adapter.eu\/blog\/wp-json\/wp\/v2\/product\/6033","targetHints":{"allow":["GET"]}}],"collection":[{"href":"https:\/\/www.radio-adapter.eu\/blog\/wp-json\/wp\/v2\/product"}],"about":[{"href":"https:\/\/www.radio-adapter.eu\/blog\/wp-json\/wp\/v2\/types\/product"}],"replies":[{"embeddable":true,"href":"https:\/\/www.radio-adapter.eu\/blog\/wp-json\/wp\/v2\/comments?post=6033"}],"wp:featuredmedia":[{"embeddable":true,"href":"https:\/\/www.radio-adapter.eu\/blog\/wp-json\/wp\/v2\/media\/8649"}],"wp:attachment":[{"href":"https:\/\/www.radio-adapter.eu\/blog\/wp-json\/wp\/v2\/media?parent=6033"}],"wp:term":[{"taxonomy":"product_brand","embeddable":true,"href":"https:\/\/www.radio-adapter.eu\/blog\/wp-json\/wp\/v2\/product_brand?post=6033"},{"taxonomy":"product_cat","embeddable":true,"href":"https:\/\/www.radio-adapter.eu\/blog\/wp-json\/wp\/v2\/product_cat?post=6033"},{"taxonomy":"product_tag","embeddable":true,"href":"https:\/\/www.radio-adapter.eu\/blog\/wp-json\/wp\/v2\/product_tag?post=6033"}],"curies":[{"name":"wp","href":"https:\/\/api.w.org\/{rel}","templated":true}]}}