{"id":5168,"date":"2016-03-03T08:41:33","date_gmt":"2016-03-03T07:41:33","guid":{"rendered":"http:\/\/www.radio-adapter.eu\/blog\/produkt\/vw-golf-v-lautsprecher-2-wege-hochtoener-vw-design-hinten\/"},"modified":"2023-05-01T11:46:15","modified_gmt":"2023-05-01T09:46:15","slug":"vw-golf-iv-lautsprecher-2-wege-vorne-oder-hinten","status":"publish","type":"product","link":"https:\/\/www.radio-adapter.eu\/blog\/produkt\/vw-golf-iv-lautsprecher-2-wege-vorne-oder-hinten\/","title":{"rendered":"VW Golf IV Lautsprecher 2-Wege vorne oder hinten"},"content":{"rendered":"<p>Diese Lautsprecher passt in den\u00a0<em>VW Golf IV<\/em> von 1996 \u2013 2005 und die originalen Einbaupl\u00e4tze\u00a0 Das Set <strong>VW Golf IV Lautsprecher 2-Wege vorne oder hinten<\/strong> erm\u00f6glicht den Austausch der originalen Lautsprecher, es werden wieder die gleichen Einbaupl\u00e4tze verwendet. Die Lautsprecher verschwinden unter der T\u00fcrverkleidung und sind von au\u00dfen nicht sichtbar.<\/p>\n<p>Es werden soweit wie m\u00f6glich die originalen Lautsprecherkabel ab Werk in den T\u00fcren genutzt um das System mit der Frequenzweiche zu verkabeln. In dem<em> VW Golf IV Lautsprecher 2-Wege vorne oder hinten<\/em> sind alle Notwendigen Lautsprecher und Adapter enthalten um den Einbau zu bewerkstelligen.<\/p>\n<p><span style=\"color: #ff0000;\"><strong>2-Wege Lautsprecher f\u00fcr vordere oder hintere T\u00fcren<\/strong><\/span><\/p>\n<p>.<\/p>\n<h2>Die Lautsprecher Gr\u00f6\u00dfen im VW Golf IV hinten<\/h2>\n<p>In den hinteren T\u00fcren ist ein zwei Wege System mit 16,5 cm Tieft\u00f6ner verbaut und separaten Hocht\u00f6nern in der T\u00fcrverkleidung.<\/p>\n<p>&nbsp;<\/p>\n<h2>Lieferumfang: VW Golf IV Lautsprecher 2-Wege vorne oder hinten<\/h2>\n<ul>\n<li>1 x Zwei Wege Auto Lautsprechersystem mit 2 x Frequenzweichen und 2 x separaten Hocht\u00f6nern f\u00fcr die vorderen oder hinteren T\u00fcren<\/li>\n<li>2 x Lautsprecherringe f\u00fcr den Einbau in den hinteren T\u00fcren<\/li>\n<li>2 x Lautsprecheradapterkabel f\u00fcr hintere T\u00fcren<\/li>\n<\/ul>\n<p>&nbsp;<\/p>\n<p><strong>Alle Lautsprechersysteme werden immer paarweise geliefert!<\/strong><\/p>\n<p>Die\u00a0<strong>VW Golf IV Lautsprecher 2-Wege vorne oder hinten<\/strong> verf\u00fcgen \u00fcber einen sehr hohen Wirkungsgrad und ist auch f\u00fcr den Normalbetrieb am Autoradio ohne weitere Verst\u00e4rker geeignet!<\/p>\n<p>Hersteller: Audison<\/p>\n<p>Das Set\u00a0<em>VW Golf IV Lautsprecher 2-Wege vorne oder hinten<\/em> f\u00fcr fahrzeugspezifische Installationen. Verschwinden hinter der T\u00fcrverkleidung und sind von Au\u00dfen nicht zu sehen.<\/p>\n<p>&nbsp;<\/p>\n<p><img loading=\"lazy\" decoding=\"async\" width=\"500\" height=\"600\" class=\"alignalignnone size-full wp-image-9428\" src=\"http:\/\/www.radio-adapter.eu\/blog\/wp-content\/uploads\/2016\/03\/Audison-APK165-technische-Daten.jpg\" srcset=\"https:\/\/www.radio-adapter.eu\/blog\/wp-content\/uploads\/2016\/03\/Audison-APK165-technische-Daten.jpg 500w, https:\/\/www.radio-adapter.eu\/blog\/wp-content\/uploads\/2016\/03\/Audison-APK165-technische-Daten-250x300.jpg 250w, https:\/\/www.radio-adapter.eu\/blog\/wp-content\/uploads\/2016\/03\/Audison-APK165-technische-Daten-197x236.jpg 197w, https:\/\/www.radio-adapter.eu\/blog\/wp-content\/uploads\/2016\/03\/Audison-APK165-technische-Daten-151x181.jpg 151w, https:\/\/www.radio-adapter.eu\/blog\/wp-content\/uploads\/2016\/03\/Audison-APK165-technische-Daten-275x330.jpg 275w, https:\/\/www.radio-adapter.eu\/blog\/wp-content\/uploads\/2016\/03\/Audison-APK165-technische-Daten-480x576.jpg 480w\" sizes=\"auto, (max-width: 500px) 100vw, 500px\" \/><\/p>\n<p>Gratis Lautsprecher Einbau Anleitungen<\/p>\n<h3 class=\"entry-title\"><a href=\"http:\/\/www.radio-adapter.eu\/blog\/anleitung-lautsprecher-wechsel-vw-golf-iv\/\" target=\"_blank\" rel=\"noopener noreferrer\">Anleitung Lautsprecher Wechsel VW Golf IV<\/a><\/h3>\n<p>Wichtig ist das die Einbauanleitung f\u00fcr die Auto-Lautsprecher\u00a0<em>VW Golf IV Lautsprecher 2-Wege vorne oder hinten<\/em> beachtet wird um zu einen guten Ergebnis beim Einbau zu kommen. Als Ausstattung sollte das passende Werkzeug vorhanden sein um die Installation durchzuf\u00fchren. Durch die Selbstmontage k\u00f6nnen nat\u00fcrlich Kosten gespart werden.<\/p>\n<p>Die einzelnen Schritte der Demontage der T\u00fcrverkleidungen und das Entfernen der originalen Lautsprecher werden in den Anleitungen beschrieben. Die originalen Werkslautsprecher sind mit Ringen aus Kunststoff an die T\u00fcrbleche genietet das ist von Fahrzeugtyp zu Fahrzeugtyp unterschiedlich.. Die originalen Werkslautsprecher m\u00fcssen mit den Lautsprecher-Halterungen ausgebohrt werden um die neuen Lautsprecher mit den im Lieferumfang enthaltenen Lautsprecherringen zu montieren.<\/p>\n<p>F\u00fcr die meisten Fahrzeugtypen und den passenden Lautsprecher Einbausets sind Einbauanleitungen vorhanden. Die Anleitungen sind ohne Gew\u00e4hr und von der handwerklichen F\u00e4higkeit des Monteurs abh\u00e4ngig. Unsachgem\u00e4\u00dfer Einbau f\u00fchrt zu einem schlechten Ergebnis im Klang und Pegel.<\/p>\n<p>&nbsp;<\/p>\n<p>&nbsp;<\/p>\n<p>&nbsp;<\/p>\n<p>&nbsp;<\/p>\n<p>&nbsp;<\/p>\n<p>&nbsp;<\/p>\n<p>&nbsp;<\/p>\n<p>&nbsp;<\/p>\n","protected":false},"excerpt":{"rendered":"<p>Dieses Auto Lautsprecher Einbauset, VW Golf V Lautsprecher 2-Wege Hocht\u00f6ner hinten ist f\u00fcr den Austausch des Standard Lautsprechersystems in VW Golf V geeignet. Im Lieferumfang sind alle Lautsprecher und dazugeh\u00f6rigen Kabel und Einbaurringe enthalten.<\/p>\n","protected":false},"featured_media":9429,"comment_status":"open","ping_status":"closed","template":"","meta":{"jetpack_post_was_ever_published":false,"jetpack_publicize_message":"","jetpack_publicize_feature_enabled":true,"jetpack_social_post_already_shared":true,"jetpack_social_options":{"image_generator_settings":{"template":"highway","default_image_id":0,"font":"","enabled":false},"version":2}},"product_brand":[],"product_cat":[2349,2811,2350],"product_tag":[3344,3345,3346,3347],"class_list":{"0":"post-5168","1":"product","2":"type-product","3":"status-publish","4":"has-post-thumbnail","6":"product_cat-auto-lautsprecher-einbausets","7":"product_cat-vw-golf-v-lautsprecher-einbausets","8":"product_cat-vw-lautsprecher-einbausets","9":"product_tag-die-lautsprecher-groessen-im-vw-golf-v-hinten","10":"product_tag-lautsprechersystem-fuer-vw-golf-v","11":"product_tag-neue-lautsprecher-fuer-vw-golf-v","12":"product_tag-vw-golf-v-standard-lautsprechersystem-tauschen","13":"product_shipping_class-auto-lautsprecher-set","15":"first","16":"instock","17":"taxable","18":"shipping-taxable","19":"purchasable","20":"product-type-simple"},"jetpack_publicize_connections":[],"jetpack_sharing_enabled":true,"jetpack_likes_enabled":true,"_links":{"self":[{"href":"https:\/\/www.radio-adapter.eu\/blog\/wp-json\/wp\/v2\/product\/5168","targetHints":{"allow":["GET"]}}],"collection":[{"href":"https:\/\/www.radio-adapter.eu\/blog\/wp-json\/wp\/v2\/product"}],"about":[{"href":"https:\/\/www.radio-adapter.eu\/blog\/wp-json\/wp\/v2\/types\/product"}],"replies":[{"embeddable":true,"href":"https:\/\/www.radio-adapter.eu\/blog\/wp-json\/wp\/v2\/comments?post=5168"}],"wp:featuredmedia":[{"embeddable":true,"href":"https:\/\/www.radio-adapter.eu\/blog\/wp-json\/wp\/v2\/media\/9429"}],"wp:attachment":[{"href":"https:\/\/www.radio-adapter.eu\/blog\/wp-json\/wp\/v2\/media?parent=5168"}],"wp:term":[{"taxonomy":"product_brand","embeddable":true,"href":"https:\/\/www.radio-adapter.eu\/blog\/wp-json\/wp\/v2\/product_brand?post=5168"},{"taxonomy":"product_cat","embeddable":true,"href":"https:\/\/www.radio-adapter.eu\/blog\/wp-json\/wp\/v2\/product_cat?post=5168"},{"taxonomy":"product_tag","embeddable":true,"href":"https:\/\/www.radio-adapter.eu\/blog\/wp-json\/wp\/v2\/product_tag?post=5168"}],"curies":[{"name":"wp","href":"https:\/\/api.w.org\/{rel}","templated":true}]}}