{"id":5087,"date":"2016-02-27T09:36:05","date_gmt":"2016-02-27T08:36:05","guid":{"rendered":"http:\/\/www.radio-adapter.eu\/blog\/produkt\/ford-galaxy-radioblenden-set-1995-2006\/"},"modified":"2020-03-24T13:11:26","modified_gmt":"2020-03-24T12:11:26","slug":"ford-galaxy-radioblenden-set-1995-2006","status":"publish","type":"product","link":"https:\/\/www.radio-adapter.eu\/blog\/produkt\/ford-galaxy-radioblenden-set-1995-2006\/","title":{"rendered":"Ford Galaxy Radioblenden Set 1995-2006"},"content":{"rendered":"<p>Im Ford Fiesta sind verschieden Radios ab Werk verbaut. Mit dem\u00a0<strong>Ford Galaxy Radioblenden Set 1995-2006<\/strong> kann man ein neues Autoradio einer Fremdmarke in das Fahrzeug installieren. In dem Set sind auch alle notwendigen Adapter zum Anschluss an die Fahrzeugkabel und den Antenneneingang enthalten. Es k\u00f6nnen sowohl Autoradios mit ISO oder DIN Anschluss angeschlossen werden. Mit den Entriegelungsb\u00fcgeln die im Set enthalten sind ist das ausbauen des Werksradios ganz einfach.<\/p>\n<h2>Das Ford Galaxy Radioblenden Set 1995-2006<br \/>\nist geeignet um Ford Galaxy Werksradios mit rechteckigen Design (Siehe Foto) zu ersetzen.<\/h2>\n<p><img loading=\"lazy\" decoding=\"async\" width=\"600\" height=\"383\" class=\"alignalignnone size-full wp-image-5060\" src=\"http:\/\/www.radio-adapter.eu\/blog\/wp-content\/uploads\/2016\/02\/Ford-Galaxy-Radio-1995-2006.jpg\" alt=\"Ford-Galaxy-Radio-1995-2006\" srcset=\"https:\/\/www.radio-adapter.eu\/blog\/wp-content\/uploads\/2016\/02\/Ford-Galaxy-Radio-1995-2006.jpg 600w, https:\/\/www.radio-adapter.eu\/blog\/wp-content\/uploads\/2016\/02\/Ford-Galaxy-Radio-1995-2006-510x326.jpg 510w, https:\/\/www.radio-adapter.eu\/blog\/wp-content\/uploads\/2016\/02\/Ford-Galaxy-Radio-1995-2006-236x151.jpg 236w, https:\/\/www.radio-adapter.eu\/blog\/wp-content\/uploads\/2016\/02\/Ford-Galaxy-Radio-1995-2006-300x192.jpg 300w, https:\/\/www.radio-adapter.eu\/blog\/wp-content\/uploads\/2016\/02\/Ford-Galaxy-Radio-1995-2006-480x306.jpg 480w, https:\/\/www.radio-adapter.eu\/blog\/wp-content\/uploads\/2016\/02\/Ford-Galaxy-Radio-1995-2006-151x96.jpg 151w, https:\/\/www.radio-adapter.eu\/blog\/wp-content\/uploads\/2016\/02\/Ford-Galaxy-Radio-1995-2006-275x176.jpg 275w\" sizes=\"auto, (max-width: 600px) 100vw, 600px\" \/><\/p>\n<h2>Lieferumfang: Ford Galaxy Radioblenden Set 1995-2006<\/h2>\n<ul>\n<li>1 x Radioblende schwarz<\/li>\n<li>1 x Radioadapter f\u00fcr Ford Galaxy<\/li>\n<li>2 x Entriegelungsb\u00fcgel um das Werksradio zu entfernen<\/li>\n<li>1 x Antennenadapter DIN zu ISO<\/li>\n<\/ul>\n<p>&nbsp;<\/p>\n<p>&nbsp;<\/p>\n<h3>Passende Anleitung:<\/h3>\n<h3 class=\"entry-title\"><a href=\"http:\/\/www.radio-adapter.eu\/blog\/autoradio-einbauanleitung-ford-galaxy-1995-2006\/\" target=\"_blank\" rel=\"noopener noreferrer\">Autoradio Einbauanleitung Ford Galaxy 1995 \u2013 2006<\/a><\/h3>\n<p>Das <strong>Ford Galaxy<\/strong> Werksradio muss mit den Entriegelungsb\u00fcgel ausgehebelt werden. In dem Set sind alle notwendigen Adapter zu Anschluss an die Fahrzeugkabel mit dabei. Ganz egal ob Ihr neues Autoradio ISO oder DIN Anschluss am Antennenstecker hat, beide Varianten k\u00f6nne mit diesen Set angeschlossen werden. Sollte das neue Autoradio einen DIN Anschluss besitzen muss nur der mitgelieferte ISO zu DIN auf den Antennenstecker im Fahrzeug aufgesetzt werden.<\/p>\n<p>Den Radioadapter und Antennenadapter an die Fahrzeugkabel anschlie\u00dfen bevor die Radioblende eingerastet wird. Den Blechrahmen Ihres neuen Autoradios in den Schacht schieben und die Zargen des Blechrahmens verbiegen damit der Rahmen fest sitzt. Sollte Ihr neues Autoradio einen umfangreichen Kabelstrang an der R\u00fcckseite haben, nicht das Radio mit Gewalt in den Schacht schieben das kann die Kabel verletzen. Schaffen Sie vorher im Schacht Platz.<\/p>\n<p>&nbsp;<\/p>\n<p>&nbsp;<\/p>\n","protected":false},"excerpt":{"rendered":"<p>Das Set<strong> Ford Galaxy Radioblenden Set 1995-2006<\/strong> erm\u00f6glicht die Installation eines neuen Autoradios. Wenn man ein anderes Autoradio einbauen m\u00f6chte und das Werksradio tauscht, muss eine Radioblende die Installation in das Cockpit des Ford erm\u00f6glichen. Alle weiteren Adapter zum Anschluss an die Fahrzeugkabel sind in dem Set enthalten. Typ:61080+50121<\/p>\n","protected":false},"featured_media":5088,"comment_status":"open","ping_status":"closed","template":"","meta":{"jetpack_post_was_ever_published":false,"jetpack_publicize_message":"","jetpack_publicize_feature_enabled":true,"jetpack_social_post_already_shared":true,"jetpack_social_options":{"image_generator_settings":{"template":"highway","default_image_id":0,"font":"","enabled":false},"version":2}},"product_brand":[],"product_cat":[2211,2213,2596],"product_tag":[2291,2843,2292,2263,2293,2844],"class_list":{"0":"post-5087","1":"product","2":"type-product","3":"status-publish","4":"has-post-thumbnail","6":"product_cat-autoradio-blenden-sets","7":"product_cat-ford-autoradio-blenden-sets","8":"product_cat-ford-galaxy-autoradio-blenden-sets","9":"product_tag-autoradio-tausch-ford-fiesta-1995-2003","10":"product_tag-autoradio-tausch-ford-galaxy-1995-2006","11":"product_tag-ford-autoradio-6006-cd-tauschen","12":"product_tag-ford-galaxy-6000-cd-tauschen","13":"product_tag-ford-radio-5000-tauschen","14":"product_tag-radioblende-set-ford-galaxy-1995-2006","15":"product_shipping_class-autoradio-adapter","17":"first","18":"instock","19":"taxable","20":"shipping-taxable","21":"purchasable","22":"product-type-simple"},"jetpack_publicize_connections":[],"jetpack_sharing_enabled":true,"jetpack_likes_enabled":true,"_links":{"self":[{"href":"https:\/\/www.radio-adapter.eu\/blog\/wp-json\/wp\/v2\/product\/5087","targetHints":{"allow":["GET"]}}],"collection":[{"href":"https:\/\/www.radio-adapter.eu\/blog\/wp-json\/wp\/v2\/product"}],"about":[{"href":"https:\/\/www.radio-adapter.eu\/blog\/wp-json\/wp\/v2\/types\/product"}],"replies":[{"embeddable":true,"href":"https:\/\/www.radio-adapter.eu\/blog\/wp-json\/wp\/v2\/comments?post=5087"}],"wp:featuredmedia":[{"embeddable":true,"href":"https:\/\/www.radio-adapter.eu\/blog\/wp-json\/wp\/v2\/media\/5088"}],"wp:attachment":[{"href":"https:\/\/www.radio-adapter.eu\/blog\/wp-json\/wp\/v2\/media?parent=5087"}],"wp:term":[{"taxonomy":"product_brand","embeddable":true,"href":"https:\/\/www.radio-adapter.eu\/blog\/wp-json\/wp\/v2\/product_brand?post=5087"},{"taxonomy":"product_cat","embeddable":true,"href":"https:\/\/www.radio-adapter.eu\/blog\/wp-json\/wp\/v2\/product_cat?post=5087"},{"taxonomy":"product_tag","embeddable":true,"href":"https:\/\/www.radio-adapter.eu\/blog\/wp-json\/wp\/v2\/product_tag?post=5087"}],"curies":[{"name":"wp","href":"https:\/\/api.w.org\/{rel}","templated":true}]}}