{"id":4896,"date":"2016-01-17T22:03:35","date_gmt":"2016-01-17T21:03:35","guid":{"rendered":"http:\/\/www.radio-adapter.eu\/blog\/produkt\/ford-c-max-lautsprecher-testsieger-fuer-beide-tueren-vorne\/"},"modified":"2020-01-16T12:26:22","modified_gmt":"2020-01-16T11:26:22","slug":"ford-c-max-lautsprecher-2-wege-fuer-beide-tueren-vorne","status":"publish","type":"product","link":"https:\/\/www.radio-adapter.eu\/blog\/produkt\/ford-c-max-lautsprecher-2-wege-fuer-beide-tueren-vorne\/","title":{"rendered":"Ford C-Max Lautsprecher 2 Wege f\u00fcr beide T\u00fcren vorne"},"content":{"rendered":"<p>Dieser Lautsprecher Testsieger kann in Ford C-Max von 2003 \u2013 2010 verwendet werden. Der\u00a0<strong>Ford C-Max Lautsprecher 2 Wege f\u00fcr beide T\u00fcren vorne<\/strong> erm\u00f6glicht den Austausch der originalen Lautsprecher, es werden wieder die gleichen Einbaupl\u00e4tze verwendet. Die Lautsprecher verschwinden unter der T\u00fcrverkleidung und sind von au\u00dfen nicht sichtbar.<\/p>\n<p>Es werden soweit wie m\u00f6glich die originalen Lautsprecherkabel ab Werk in den T\u00fcren genutzt um das System mit der Frequenzweiche zu verkabeln. In dem Set\u00a0<em>Ford C-Max Lautsprecher 2 Wege f\u00fcr beide T\u00fcren vorne<\/em> sind alle Notwendigen Lautsprecher und Adapter enthalten um den Einbau zu bewerkstelligen.<\/p>\n<p>&nbsp;<\/p>\n<h2>Die Lautsprecher Gr\u00f6\u00dfen im Ford C-Max vorne<\/h2>\n<p>In den vorderen T\u00fcren ist ein zwei Wege System mit 16,5 cm Tieft\u00f6ner verbaut und separaten Hocht\u00f6nern in der T\u00fcrverkleidung.<\/p>\n<p>&nbsp;<\/p>\n<h2>Lieferumfang: Ford C-Max Lautsprecher 2 Wege f\u00fcr beide T\u00fcren vorne<\/h2>\n<ul>\n<li>1 x Zwei Wege Auto Lautsprechersystem mit Frequenzweichen und separaten Hocht\u00f6nern f\u00fcr die vorderen T\u00fcren<\/li>\n<li>1 x Lautsprecherringe f\u00fcr den Einbau in den vorderen T\u00fcren<\/li>\n<li>1 x Lautsprecheradapterkabel vordere T\u00fcren<\/li>\n<\/ul>\n<p><strong>Alle Lautsprechersysteme werden immer paarweise geliefert!<\/strong><\/p>\n<p>Die\u00a0<em><strong>Ford C-Max Lautsprecher 2 Wege f\u00fcr beide T\u00fcren vorne<\/strong><\/em> verf\u00fcgen \u00fcber einen sehr hohen Wirkungsgrad und sind auch f\u00fcr den Normalbetrieb am Autoradio ohne weitere Verst\u00e4rker geeignet!<\/p>\n<p>Technische Daten: Hertz CK165L<\/p>\n<p><img loading=\"lazy\" decoding=\"async\" width=\"474\" height=\"834\" class=\"alignalignnone size-full wp-image-9022\" src=\"http:\/\/www.radio-adapter.eu\/blog\/wp-content\/uploads\/2016\/01\/CK165L-technische-details.jpg\" \/><\/p>\n<p>&nbsp;<\/p>\n<p>Gratis Ford C-Max Lautsprecher Einbau Anleitungen<\/p>\n<h3><a href=\"http:\/\/www.radio-adapter.eu\/blog\/lautsprecher-wechsel-ford-c-max\/\" target=\"_blank\" rel=\"noopener noreferrer\">Lautsprecher wechsel Ford C-Max<\/a><\/h3>\n<p>&nbsp;<\/p>\n<p>Wichtig ist das die Einbauanleitung f\u00fcr das Set Ford C-Max Lautsprecher 2 Wege f\u00fcr beide T\u00fcren vorne beachtet werden um zu einen guten Ergebnis beim Einbau zu kommen. Als Ausstattung sollte das passende Werkzeug vorhanden sein um die Installation durchzuf\u00fchren. Durch die Selbstmontage k\u00f6nnen nat\u00fcrlich Kosten gespart werden.<\/p>\n<p>Die einzelnen Schritte der Demontage der T\u00fcrverkleidungen und das Entfernen der originalen Lautsprecher werden in den Anleitungen beschrieben. Die originalen Werkslautsprecher sind mit Ringen aus Kunststoff an die T\u00fcrbleche genietet das ist von Fahrzeugtyp zu Fahrzeugtyp unterschiedlich.. Die originalen Werkslautsprecher m\u00fcssen mit den Lautsprecher-Halterungen ausgebohrt werden um die neuen Lautsprecher mit den im Lieferumfang enthaltenen Lautsprecherringen zu montieren.<\/p>\n<p>F\u00fcr die meisten Fahrzeugtypen und den passenden Lautsprecher Einbausets sind Einbauanleitungen vorhanden. Die Anleitungen sind ohne Gew\u00e4hr und von der handwerklichen F\u00e4higkeit des Monteurs abh\u00e4ngig. Unsachgem\u00e4\u00dfer Einbau f\u00fchrt zu einem schlechten Ergebnis im Klang und Pegel.<\/p>\n<p>&nbsp;<\/p>\n<p>&nbsp;<\/p>\n<p>&nbsp;<\/p>\n<p>&nbsp;<\/p>\n<p>&nbsp;<\/p>\n","protected":false},"excerpt":{"rendered":"<p>Dieses Auto Lautsprecher Einbauset, Ford C-Max Lautsprecher Testsieger f\u00fcr beide T\u00fcren vorne ist f\u00fcr den Austausch des Standard Lautsprechersystems in Ford C-Max geeignet. Im Ford C-Max von 2003 \u2013 2010 sind Standard Lautsprecher ab Werk integriert. Im Lieferumfang sind alle Lautsprecher und dazugeh\u00f6rigen Kabel und Einbaurringe enthalten.<\/p>\n","protected":false},"featured_media":9031,"comment_status":"open","ping_status":"closed","template":"","meta":{"jetpack_post_was_ever_published":false,"jetpack_publicize_message":"","jetpack_publicize_feature_enabled":true,"jetpack_social_post_already_shared":true,"jetpack_social_options":{"image_generator_settings":{"template":"highway","default_image_id":0,"font":"","enabled":false},"version":2}},"product_brand":[],"product_cat":[2349,2645,2416],"product_tag":[2518,2515,2514,2517,2516],"class_list":{"0":"post-4896","1":"product","2":"type-product","3":"status-publish","4":"has-post-thumbnail","6":"product_cat-auto-lautsprecher-einbausets","7":"product_cat-ford-c-max-lautsprecher-einbausets","8":"product_cat-ford-lautsprecher-einbausets","9":"product_tag-die-lautsprecher-groessen-im-ford-focus-c-max-vorne","10":"product_tag-ford-focus-c-max-standard-lautsprechersystem-tauschen","11":"product_tag-lautsprecher-einbauset-testsieger-ford-focus-c-max","12":"product_tag-lautsprechersystem-fuer-ford-focus-c-max","13":"product_tag-neue-lautsprecher-fuer-ford-focus-c-max","14":"product_shipping_class-auto-lautsprecher-paarweise","16":"first","17":"instock","18":"taxable","19":"shipping-taxable","20":"purchasable","21":"product-type-simple"},"jetpack_publicize_connections":[],"jetpack_sharing_enabled":true,"jetpack_likes_enabled":true,"_links":{"self":[{"href":"https:\/\/www.radio-adapter.eu\/blog\/wp-json\/wp\/v2\/product\/4896","targetHints":{"allow":["GET"]}}],"collection":[{"href":"https:\/\/www.radio-adapter.eu\/blog\/wp-json\/wp\/v2\/product"}],"about":[{"href":"https:\/\/www.radio-adapter.eu\/blog\/wp-json\/wp\/v2\/types\/product"}],"replies":[{"embeddable":true,"href":"https:\/\/www.radio-adapter.eu\/blog\/wp-json\/wp\/v2\/comments?post=4896"}],"wp:featuredmedia":[{"embeddable":true,"href":"https:\/\/www.radio-adapter.eu\/blog\/wp-json\/wp\/v2\/media\/9031"}],"wp:attachment":[{"href":"https:\/\/www.radio-adapter.eu\/blog\/wp-json\/wp\/v2\/media?parent=4896"}],"wp:term":[{"taxonomy":"product_brand","embeddable":true,"href":"https:\/\/www.radio-adapter.eu\/blog\/wp-json\/wp\/v2\/product_brand?post=4896"},{"taxonomy":"product_cat","embeddable":true,"href":"https:\/\/www.radio-adapter.eu\/blog\/wp-json\/wp\/v2\/product_cat?post=4896"},{"taxonomy":"product_tag","embeddable":true,"href":"https:\/\/www.radio-adapter.eu\/blog\/wp-json\/wp\/v2\/product_tag?post=4896"}],"curies":[{"name":"wp","href":"https:\/\/api.w.org\/{rel}","templated":true}]}}