{"id":4693,"date":"2015-09-23T12:17:21","date_gmt":"2015-09-23T10:17:21","guid":{"rendered":"http:\/\/www.radio-adapter.eu\/blog\/produkt\/vw-t5-dvd-autoradio-bluetooth-can-bus-mit-lautsprecher-set\/"},"modified":"2024-11-10T18:03:48","modified_gmt":"2024-11-10T17:03:48","slug":"vw-t5-dvd-autoradio-bluetooth-can-bus-mit-lautsprecher-set","status":"publish","type":"product","link":"https:\/\/www.radio-adapter.eu\/blog\/produkt\/vw-t5-dvd-autoradio-bluetooth-can-bus-mit-lautsprecher-set\/","title":{"rendered":"VW T5 DVD Autoradio Bluetooth CAN BUS mit Lautsprecher Set"},"content":{"rendered":"<p>Passend f\u00fcr VW T5 von 2003-2009. Mit diesem\u00a0<strong>VW T5 DVD Autoradio Bluetooth CAN BUS mit Lautsprecher Set<\/strong> kann man das alte Werksradio komplett umr\u00fcsten. In dem Set sind auch alle notwendigen Adapter zum Anschluss an die Fahrzeugkabel und den Antenneneingang enthalten. Mit den Adaptern die im Set enthalten sind und unserer <a href=\"http:\/\/www.radio-adapter.eu\/blog\/category\/autoradio-einbauhilfe\/\" target=\"_blank\">Autoradio Einbauhilfe<\/a> ist das einbauen des neuen Radios ganz einfach.<\/p>\n<h2>Das VW T5 2003-2009 Autoradio Lautsprecher Set DVD Bluetooth CAN BUS und Lenkradfernbedienung ist geeignet um VW T5 Werksradios mit diesen Design (Siehe Foto) zu ersetzen.<\/h2>\n<figure id=\"attachment_4688\" aria-describedby=\"caption-attachment-4688\" style=\"width: 500px\" class=\"wp-caption alignalignnone\"><a href=\"http:\/\/www.radio-adapter.eu\/blog\/wp-content\/uploads\/2015\/09\/VW-T5-Radio-2003-2009.jpg\"><img loading=\"lazy\" decoding=\"async\" class=\"wp-image-4688 size-full\" src=\"http:\/\/www.radio-adapter.eu\/blog\/wp-content\/uploads\/2015\/09\/VW-T5-Radio-2003-2009.jpg\" alt=\"VW T5 Radio 2003-2009\" width=\"500\" height=\"361\" srcset=\"https:\/\/www.radio-adapter.eu\/blog\/wp-content\/uploads\/2015\/09\/VW-T5-Radio-2003-2009.jpg 500w, https:\/\/www.radio-adapter.eu\/blog\/wp-content\/uploads\/2015\/09\/VW-T5-Radio-2003-2009-236x170.jpg 236w, https:\/\/www.radio-adapter.eu\/blog\/wp-content\/uploads\/2015\/09\/VW-T5-Radio-2003-2009-300x217.jpg 300w, https:\/\/www.radio-adapter.eu\/blog\/wp-content\/uploads\/2015\/09\/VW-T5-Radio-2003-2009-480x347.jpg 480w, https:\/\/www.radio-adapter.eu\/blog\/wp-content\/uploads\/2015\/09\/VW-T5-Radio-2003-2009-151x109.jpg 151w, https:\/\/www.radio-adapter.eu\/blog\/wp-content\/uploads\/2015\/09\/VW-T5-Radio-2003-2009-275x199.jpg 275w\" sizes=\"auto, (max-width: 500px) 100vw, 500px\" \/><\/a><figcaption id=\"caption-attachment-4688\" class=\"wp-caption-text\">VW T5 Radio 2003-2009<\/figcaption><\/figure>\n<h2>Lieferumfang: VW T5 DVD Autoradio Bluetooth CAN BUS mit Lautsprecher Set<\/h2>\n<ul>\n<li>1 x Kenwood DDX4025BT 15,5 cm Doppel-DIN-VGA-Monitor mit DVD-Spieler und Bluetooth-Freisprecheinrichtung<\/li>\n<li>1 x Radioblende schwarz Doppel DIN mit Blechkasten<\/li>\n<li>1 x Radioadapter f\u00fcr VW<\/li>\n<li>1 x Antennenadapter f\u00fcr VW<\/li>\n<li>1 x Lenkrad Adapter f\u00fcr VW<\/li>\n<li>1 x CAN BUS Interface stellt das Z\u00fcndplus wieder her<\/li>\n<li>1 x\u00a0<strong><span style=\"text-decoration: underline;\">Einbauanleitung perfekt mit allen Details f\u00fcr unsere <a href=\"http:\/\/www.radio-adapter.eu\/blog\/produkt-kategorie\/autoradio-blenden-sets\/\" target=\"_blank\">Autoradio Blenden Sets<\/a>, sehr einfache Installation<\/span><\/strong><\/li>\n<li>1 x <strong>R\u00fcckfahrkamerasystem mit einem Blickwinkel von 180 Grad im Nummernschild hinten + den ganzen Kabeln zum Anschlus<\/strong><\/li>\n<li>1 x <strong>Zwei Wege Auto Lautsprechersystem<\/strong> mit Frequenzweichen und separaten Hocht\u00f6nern <strong>f\u00fcr die vorderen T\u00fcren<\/strong><\/li>\n<li>1 x Lautsprecherringe f\u00fcr den Einbau in den vorderen T\u00fcr<\/li>\n<li>1 x Lautsprecheradapterkabel vordere T\u00fcren<\/li>\n<li>1 x <strong>Zwei Wege Koaxiallautsprecher<\/strong> f\u00fcr die <strong>hinteren Einbaupl\u00e4tze<\/strong><\/li>\n<li>1 x Lautsprecherringe f\u00fcr den Einbau in den hinteren T\u00fcren<\/li>\n<li>1 x Lautsprecheradapterkabel hintere T\u00fcren<\/li>\n<li><strong>Alle Lautsprechersysteme werden immer paarweise geliefert!<\/strong><\/li>\n<\/ul>\n<p>&nbsp;<\/p>\n<p><span style=\"text-decoration: underline;\">\u00a0<\/span><\/p>\n<p>&nbsp;<\/p>\n<h3><strong>Kenwood DDX4025BT Bluetooth dieses Paket ist mit zus\u00e4tzlich mit Lenkrad Adapter, Z\u00fcndplus Funktion und Profi Doppel DIN Blende ausgestattet<br \/>\n<\/strong><\/h3>\n<ul>\n<li>Max Power 4x 75 WATT, 6.2\u201d TFT-LCD Touch Screen, Spielt USB und SD (up to 32GB), CD, DVD, MP3, MPEG4, DivX, WMA und JPEG playback, ID-Tag<\/li>\n<li>15,5 cm (6,1\u201c Wide VGA) hochaufl\u00f6sender Doppel-DIN-Monitor mit Touch Panel Steuerung<\/li>\n<li>Bluetooth-Freisprecheinrichtung f\u00fcr Telefonie &amp; Audio-Streaming, inkl. Kabelmikrofon<\/li>\n<li>\u00dcbersichtliche Bedieneroberfl\u00e4che mit 18 Men\u00fcsprachen und Multifunktionsdrehregler<\/li>\n<li>Hauptmen\u00fc mit individueller Gruppierung der 3 wichtigsten Programmquellen (Favoritenwahl)<\/li>\n<li>Individueller Hintergrund via JPEG-Datei oder mit \u201eCapture\u201c-Funktion direkt vom Lieblingsvideo &amp; variable Tasenbeleuchtung<\/li>\n<li>iPod\/iPhone*-Steuerung mit Suchfunktionen und 1 Ampere-Ladefunktion<\/li>\n<li>App Mode z.B. zur Nutzung des Apple iPhone 4 und 4S als Navigationsrechner<\/li>\n<li>Siri-Sprachsteuerung \u00fcber iPhone 4S und 5<\/li>\n<li>CD\/DVD-Laufwerk und r\u00fcckseitiger USB-Port f\u00fcr Speichermedien mit Videofilmen im MPEG1\/2 und DivX\u00ae-Format, JPEG-Files sowie WAV-, AAC-, WMA- und MP3- Audiodaten<\/li>\n<li>RDS-Tuner mit 24 Festenderspeichern, \u201eRadio Text Plus\u201c<\/li>\n<li>Separater Anschluss f\u00fcr R\u00fcckfahrkamera<\/li>\n<li>3 Vorverst\u00e4rkerausg\u00e4nge (Front, Rear, Sub) mit 4 Volt<\/li>\n<li>Max. Ausgangsleistung: 4 x 50 Watt (MOS-FET-Endstufen)<\/li>\n<\/ul>\n<p>Dieser Moniceiver verf\u00fcgt \u00fcber einen 15,5 Zentimeter gro\u00dfen hochaufl\u00f6senden VGA-Farbmonitor, der gleichzeitig als ber\u00fchrungsempfindliche Bedienoberfl\u00e4che f\u00fcr die Steuerung aller Ger\u00e4tefunktionen dient. An Bord befinden sich neben der Bluetooth-Freisprecheinrichtung ein neuer Hochleistungstuner f\u00fcr UKW, MW und LW, ein Laufwerk zur Wiedergabe von DVDs und CDs sowie ein r\u00fcckseitiger USB-Port f\u00fcr den Anschluss von Speichermedien einschlie\u00dflich voller iPod-Unterst\u00fctzung. Selbstverst\u00e4ndlich lassen sich auch andere Videoquellen inklusive einer R\u00fcckfahrkamera sowie analoge Tonsignale in den Kenwood Moniceiver einspeisen.<\/p>\n<p>Dar\u00fcber hinaus versteht sich der DDX4025BT bestens auf Bluetooth-Funkverbindungen: Ob Freisprechen, komfortables Suchen in den Handy-Kontakten oder die Wiedergabe der auf dem Telefon gespeicherten Musikdaten \u2013 alles wird bequem drahtlos erledigt. Praxistaugliche, intuitiv bedienbare Funktionen und das durchdachte Design mit ergonomischen Bedienelementen erleichtern die Handhabung und erh\u00f6hen die Fahrsicherheit.<\/p>\n<p>Und damit jeder Autofahrer direkten Zugriff auf seine drei individuell meistgenutzten Quellen \u2013 z.B. Radio, iPod\/iPhone und CD \u2013 hat, lassen sich die entsprechenden Symbole nach Wunsch im Hauptmen\u00fc platzieren und direkt per Fingertipp anw\u00e4hlen.<\/p>\n<p>&nbsp;<\/p>\n<p>&nbsp;<\/p>\n<p>&nbsp;<\/p>\n<h3><strong>Auch f\u00fcr alle anderen VW T5 ohne Lenkradfernbedienung mit dem CAN BUS System die Z\u00fcndung wird dadurch abgeschaltet!<\/strong><\/h3>\n<p>&nbsp;<\/p>\n<p><a href=\"http:\/\/www.radio-adapter.eu\/blog\/wp-content\/uploads\/2015\/08\/Mit-Lenkradfunktion.jpg\"><img loading=\"lazy\" decoding=\"async\" width=\"500\" height=\"430\" class=\"alignalignnone size-full wp-image-4347\" src=\"http:\/\/www.radio-adapter.eu\/blog\/wp-content\/uploads\/2015\/08\/Mit-Lenkradfunktion.jpg\" alt=\"Mit Lenkradfunktion\" srcset=\"https:\/\/www.radio-adapter.eu\/blog\/wp-content\/uploads\/2015\/08\/Mit-Lenkradfunktion.jpg 500w, https:\/\/www.radio-adapter.eu\/blog\/wp-content\/uploads\/2015\/08\/Mit-Lenkradfunktion-236x203.jpg 236w, https:\/\/www.radio-adapter.eu\/blog\/wp-content\/uploads\/2015\/08\/Mit-Lenkradfunktion-300x258.jpg 300w, https:\/\/www.radio-adapter.eu\/blog\/wp-content\/uploads\/2015\/08\/Mit-Lenkradfunktion-480x413.jpg 480w, https:\/\/www.radio-adapter.eu\/blog\/wp-content\/uploads\/2015\/08\/Mit-Lenkradfunktion-151x130.jpg 151w, https:\/\/www.radio-adapter.eu\/blog\/wp-content\/uploads\/2015\/08\/Mit-Lenkradfunktion-275x237.jpg 275w\" sizes=\"auto, (max-width: 500px) 100vw, 500px\" \/><\/a><\/p>\n<p><a href=\"http:\/\/www.radio-adapter.eu\/blog\/wp-content\/uploads\/2015\/08\/Z\u00fcndplus-schaltet-ab-nach-dem-der-Fahrzeugschl\u00fcssel-abgezogen-wird.jpg\"><img loading=\"lazy\" decoding=\"async\" width=\"500\" height=\"320\" class=\"alignalignnone size-full wp-image-4349\" src=\"http:\/\/www.radio-adapter.eu\/blog\/wp-content\/uploads\/2015\/08\/Z\u00fcndplus-schaltet-ab-nach-dem-der-Fahrzeugschl\u00fcssel-abgezogen-wird.jpg\" alt=\"Z\u00fcndplus schaltet ab nach dem der Fahrzeugschl\u00fcssel abgezogen wird\" srcset=\"https:\/\/www.radio-adapter.eu\/blog\/wp-content\/uploads\/2015\/08\/Z\u00fcndplus-schaltet-ab-nach-dem-der-Fahrzeugschl\u00fcssel-abgezogen-wird.jpg 500w, https:\/\/www.radio-adapter.eu\/blog\/wp-content\/uploads\/2015\/08\/Z\u00fcndplus-schaltet-ab-nach-dem-der-Fahrzeugschl\u00fcssel-abgezogen-wird-236x151.jpg 236w, https:\/\/www.radio-adapter.eu\/blog\/wp-content\/uploads\/2015\/08\/Z\u00fcndplus-schaltet-ab-nach-dem-der-Fahrzeugschl\u00fcssel-abgezogen-wird-300x192.jpg 300w, https:\/\/www.radio-adapter.eu\/blog\/wp-content\/uploads\/2015\/08\/Z\u00fcndplus-schaltet-ab-nach-dem-der-Fahrzeugschl\u00fcssel-abgezogen-wird-480x307.jpg 480w, https:\/\/www.radio-adapter.eu\/blog\/wp-content\/uploads\/2015\/08\/Z\u00fcndplus-schaltet-ab-nach-dem-der-Fahrzeugschl\u00fcssel-abgezogen-wird-151x96.jpg 151w, https:\/\/www.radio-adapter.eu\/blog\/wp-content\/uploads\/2015\/08\/Z\u00fcndplus-schaltet-ab-nach-dem-der-Fahrzeugschl\u00fcssel-abgezogen-wird-375x241.jpg 375w, https:\/\/www.radio-adapter.eu\/blog\/wp-content\/uploads\/2015\/08\/Z\u00fcndplus-schaltet-ab-nach-dem-der-Fahrzeugschl\u00fcssel-abgezogen-wird-275x176.jpg 275w\" sizes=\"auto, (max-width: 500px) 100vw, 500px\" \/><\/a><\/p>\n<p>&nbsp;<\/p>\n<p>&nbsp;<\/p>\n<p>Das <strong>VW T5<\/strong> Werksradio muss ausgehebelt werden. In dem Set sind alle notwendigen Adapter zu Anschluss an die Fahrzeugkabel mit dabei. Das neue Set VW T5 2003-2009 Autoradio Lautsprecher Set DVD Bluetooth CAN BUS hat alle modernen Funktionen, wie DVD Bluetooth USB SD Card und Lenkradfernbedienung und Z\u00fcndplussimulation.<\/p>\n<p>Den Radioadapter und Antennenadapter an die Fahrzeugkabel anschlie\u00dfen bevor die Radioblende eingerastet wird. Den Blechrahmen Ihres neuen Autoradios in den Schacht schieben und die Zargen des Blechrahmens verbiegen damit der Rahmen fest sitzt. Das Set VW T5 2003-2009 Autoradio Lautsprecher Set DVD Bluetooth CAN BUS hat einen umfangreichen Kabelstrang an der R\u00fcckseite, nicht das Radio mit Gewalt in den Schacht schieben das kann die Kabel verletzen. Schaffen Sie vorher im Schacht Platz.<\/p>\n<p>Im VW T5 von 2003 \u2013 2009 sind vorne und hinten Lautsprecher ab Werk integriert, dieses Auto Lautsprecher Einbauset,\u00a0<strong>VW T5 Lautsprecher vordere T\u00fcren und Seiten hinten<\/strong> sind f\u00fcr den Austausch des Standard Lautsprechersystems geeignet.<\/p>\n<h2>Die Lautsprecher Gr\u00f6\u00dfen im VW T5 vorne<\/h2>\n<p>In den vorderen T\u00fcren ist ein zwei Wege System mit 16,5 cm Tieft\u00f6ner verbaut und separaten Hocht\u00f6nern im Armaturenbrett seitlich. In manchen Modellen sind auch 20cm Lautsprecher in den vorderen T\u00fcren.<\/p>\n<h2>Die Lautsprecher Gr\u00f6\u00dfen im VW T5 seitlich hinten<\/h2>\n<p>In den hinteren T\u00fcren ist ein zwei Wege System mit 16,5 cm Tieft\u00f6ner verbaut und separaten Hocht\u00f6nern seitlich.<\/p>\n<p>&nbsp;<\/p>\n<p>Die VW T5 Lautsprecher verf\u00fcgen \u00fcber einen sehr hohen Wirkungsgrad und sind auch f\u00fcr den Normalbetrieb am Autoradio ohne weitere Verst\u00e4rker geeignet!<\/p>\n<p>Technische Daten:<\/p>\n<ul>\n<li>Leistung RMS \/ Max 60 \/ 180 Watt<\/li>\n<li>Frequenzbereich 50 Hz &#8211; 25.000 Hz<\/li>\n<li>Wirkungsgrad 91 dB 1 W \/ 1 m<\/li>\n<li>Impedanz 4 Ohm<\/li>\n<li>Einbautiefe 65 mm<\/li>\n<\/ul>\n<p><a href=\"http:\/\/www.radio-adapter.eu\/blog\/wp-content\/uploads\/2015\/06\/Helix-E62c-2-details.jpg\"><img loading=\"lazy\" decoding=\"async\" class=\"alignnone size-full wp-image-3130\" src=\"http:\/\/www.radio-adapter.eu\/blog\/wp-content\/uploads\/2015\/06\/Helix-E62c-2-details.jpg\" alt=\"Helix-E62c-Test\" width=\"500\" height=\"299\" \/><\/a><\/p>\n<p>Gratis VW T5 Lautsprecher Einbau Anleitungen<\/p>\n<h3><a href=\"http:\/\/www.radio-adapter.eu\/blog\/vw-t5-lautsprecher-einbauen\/\" target=\"_blank\">VW T5 Lautsprecher einbauen<\/a><\/h3>\n<p>Der Lautsprecher Einbau h\u00e4ngt von den handwerklichen F\u00e4higkeiten des Anwenders ab, um zu einen guten Ergebnis zu kommen sollte man die Anleitungen f\u00fcr den Einbau der VW T5 Lautsprecher vorne hinten ansehen. Unsachgem\u00e4\u00dfer Einbau f\u00fchrt zu einem schlechten Ergebnis im Klang und Pegel.<\/p>\n<p>Die Grundvoraussetzung f\u00fcr eine eigene Installation ist das passende Werkzeug, die einzelnen Schritte der Demontage der T\u00fcrverkleidung und das Entfernen der originalen Lautsprecher werden in der Anleitung beschrieben.<\/p>\n<p>Die originalen Lautsprecher in dem Fahrzeug sind mit Ringen aus Kunststoff an die T\u00fcrbleche genietet. Die originalen Lautsprecher m\u00fcssen mit der Halterung ausgebohrt werden um die neuen Lautsprecher mit den im Lieferumfang enthaltenen Lautsprecherringen zu montieren.<\/p>\n<p>&nbsp;<\/p>\n<p>&nbsp;<\/p>\n","protected":false},"excerpt":{"rendered":"<p>Mit diesen Set wird der ganze <a href=\"http:\/\/www.radio-adapter.eu\/blog\/\" target=\"_blank\">Autoradio Einbau<\/a> ganz einfach. Das neue\u00a0<em><strong>VW T5 DVD Autoradio Bluetooth CAN BUS mit Lautsprecher Set<\/strong><\/em> hat alle modernen Funktionen, wie DVD, Bluetooth, USB, SD Card und Touch Screen. Die Radioblende und alle weiteren Adapter zum Anschluss an die Fahrzeugkabel sind in dem Set enthalten. Typ:Power Pack<\/p>\n","protected":false},"featured_media":4694,"comment_status":"open","ping_status":"closed","template":"","meta":{"jetpack_post_was_ever_published":false,"jetpack_publicize_message":"","jetpack_publicize_feature_enabled":true,"jetpack_social_post_already_shared":true,"jetpack_social_options":{"image_generator_settings":{"template":"highway","default_image_id":0,"font":"","enabled":false},"version":2}},"product_brand":[],"product_cat":[2211,2221,2880],"product_tag":[2881,2882,2883,2885,2884,2886,2887],"class_list":{"0":"post-4693","1":"product","2":"type-product","3":"status-publish","4":"has-post-thumbnail","6":"product_cat-autoradio-blenden-sets","7":"product_cat-vw-autoradio-blenden-sets","8":"product_cat-vw-t5-autoradio-blenden-sets","9":"product_tag-radio-einbauset-vw-t5","10":"product_tag-radioblende-set-vw-t5-din","11":"product_tag-volkswagen-t5-caravelle-radio-tauschen","12":"product_tag-volkswagen-t5-pritschenwagen-radio-tauschen","13":"product_tag-volkswagen-t5-transporter-radio-tauschen","14":"product_tag-vw-t5-autoradio-montage-satz","15":"product_tag-vw-t5-radio-einbaumaterial","16":"product_shipping_class-komplettset","18":"first","19":"outofstock","20":"taxable","21":"shipping-taxable","22":"purchasable","23":"product-type-simple"},"jetpack_publicize_connections":[],"jetpack_sharing_enabled":true,"jetpack_likes_enabled":true,"_links":{"self":[{"href":"https:\/\/www.radio-adapter.eu\/blog\/wp-json\/wp\/v2\/product\/4693","targetHints":{"allow":["GET"]}}],"collection":[{"href":"https:\/\/www.radio-adapter.eu\/blog\/wp-json\/wp\/v2\/product"}],"about":[{"href":"https:\/\/www.radio-adapter.eu\/blog\/wp-json\/wp\/v2\/types\/product"}],"replies":[{"embeddable":true,"href":"https:\/\/www.radio-adapter.eu\/blog\/wp-json\/wp\/v2\/comments?post=4693"}],"wp:featuredmedia":[{"embeddable":true,"href":"https:\/\/www.radio-adapter.eu\/blog\/wp-json\/wp\/v2\/media\/4694"}],"wp:attachment":[{"href":"https:\/\/www.radio-adapter.eu\/blog\/wp-json\/wp\/v2\/media?parent=4693"}],"wp:term":[{"taxonomy":"product_brand","embeddable":true,"href":"https:\/\/www.radio-adapter.eu\/blog\/wp-json\/wp\/v2\/product_brand?post=4693"},{"taxonomy":"product_cat","embeddable":true,"href":"https:\/\/www.radio-adapter.eu\/blog\/wp-json\/wp\/v2\/product_cat?post=4693"},{"taxonomy":"product_tag","embeddable":true,"href":"https:\/\/www.radio-adapter.eu\/blog\/wp-json\/wp\/v2\/product_tag?post=4693"}],"curies":[{"name":"wp","href":"https:\/\/api.w.org\/{rel}","templated":true}]}}