{"id":4543,"date":"2015-09-03T09:55:27","date_gmt":"2015-09-03T07:55:27","guid":{"rendered":"http:\/\/www.radio-adapter.eu\/blog\/produkt\/passat-set-zum-radio-einbau-von-2005-2010\/"},"modified":"2020-01-18T14:10:38","modified_gmt":"2020-01-18T13:10:38","slug":"vw-passat-b6-set-zum-radio-einbau-von-2005-2010","status":"publish","type":"product","link":"https:\/\/www.radio-adapter.eu\/blog\/produkt\/vw-passat-b6-set-zum-radio-einbau-von-2005-2010\/","title":{"rendered":"VW Passat B6 Set zum Radio Einbau von 2005-2010"},"content":{"rendered":"<p>Im VW Passat B6 ab 2005-2010 sind verschieden Radios ab Werk verbaut. Mit dem <strong>VW Passat B6 Set zum Radio Einbau von 2005-2010<\/strong> kann man ein neues Autoradio einer Fremdmarke in das Fahrzeug installieren. In dem Set sind auch alle notwendigen Adapter zum Anschluss an die Fahrzeugkabel und den Antenneneingang enthalten. Es k\u00f6nnen sowohl Autoradios mit ISO oder DIN Anschluss angeschlossen werden. Mit den beiligenden Adaptern die im Set <em>VW Passat B6 Set zum Radio Einbau von 2005-2010<\/em> enthalten sind ist dar Einbau des neuen Radios ganz einfach.<\/p>\n<h2>Das VW Passat B6 Set zum Radio Einbau von 2005-2010 ist geeignet um VW Passat B6 Werksradios mit diesen Design (Siehe Foto) zu ersetzen.<\/h2>\n<figure id=\"attachment_4363\" aria-describedby=\"caption-attachment-4363\" style=\"width: 500px\" class=\"wp-caption alignnone\"><a href=\"http:\/\/www.radio-adapter.eu\/blog\/wp-content\/uploads\/2015\/08\/VW-Passat-B6-Radio-2008.jpg\"><img loading=\"lazy\" decoding=\"async\" class=\"wp-image-4363 size-full\" src=\"http:\/\/www.radio-adapter.eu\/blog\/wp-content\/uploads\/2015\/08\/VW-Passat-B6-Radio-2008.jpg\" alt=\"VW Passat B6 Radio 2008\" width=\"500\" height=\"326\" srcset=\"https:\/\/www.radio-adapter.eu\/blog\/wp-content\/uploads\/2015\/08\/VW-Passat-B6-Radio-2008.jpg 500w, https:\/\/www.radio-adapter.eu\/blog\/wp-content\/uploads\/2015\/08\/VW-Passat-B6-Radio-2008-236x154.jpg 236w, https:\/\/www.radio-adapter.eu\/blog\/wp-content\/uploads\/2015\/08\/VW-Passat-B6-Radio-2008-300x196.jpg 300w, https:\/\/www.radio-adapter.eu\/blog\/wp-content\/uploads\/2015\/08\/VW-Passat-B6-Radio-2008-480x313.jpg 480w, https:\/\/www.radio-adapter.eu\/blog\/wp-content\/uploads\/2015\/08\/VW-Passat-B6-Radio-2008-151x98.jpg 151w, https:\/\/www.radio-adapter.eu\/blog\/wp-content\/uploads\/2015\/08\/VW-Passat-B6-Radio-2008-275x179.jpg 275w\" sizes=\"auto, (max-width: 500px) 100vw, 500px\" \/><\/a><figcaption id=\"caption-attachment-4363\" class=\"wp-caption-text\">VW Passat B6 Radio 2008<\/figcaption><\/figure>\n<p>&nbsp;<\/p>\n<h2>Lieferumfang: VW Passat B6 Set zum Radio Einbau von 2005-2010<\/h2>\n<ul>\n<li>1 x Radioblende mit Fach schwarz<\/li>\n<li>1 x Radioadapter f\u00fcr VW Passat B6<\/li>\n<li>1 x Antennenadapter <strong>Doppel Fakra<\/strong> f\u00fcr VW Passat B6 mit Phantomspeisung<\/li>\n<li>1 x Antennenadapter DIN zu ISO<\/li>\n<\/ul>\n<p>&nbsp;<\/p>\n<h3>Passende Anleitung:<\/h3>\n<p>F\u00fcr den <a href=\"http:\/\/www.radio-adapter.eu\/blog\/\" target=\"_blank\" rel=\"noopener noreferrer\">Autoradio Einbau<\/a> und den <strong>Tausch des VW Passat B6 Werksradios<\/strong> muss die Abdeckung um das Radio entfernt werden. In dem Lieferumfang von<em><strong>VW Passat B6 Set zum Radio Einbau von 2005-2010 <\/strong><\/em>sind alle notwendigen Adapter zu Anschluss an die Fahrzeugkabel mit dabei. Ganz egal ob Ihr neues Autoradio ISO oder DIN Anschluss am Antennenstecker hat, beide Varianten k\u00f6nne mit diesen Set angeschlossen werden. Sollte das neue Autoradio einen ISO Anschluss besitzen muss nur der mitgelieferte Winkelstecker auf den Antennenstecker aufgesetzt werden.<\/p>\n<p>Den Radioadapter und Antennenadapter an die Fahrzeugkabel anschlie\u00dfen bevor die Radioblende eingerastet wird. Den Blechrahmen Ihres neuen Autoradios in den Schacht schieben und die Zargen des Blechrahmens verbiegen damit der Rahmen fest sitzt. Sollte Ihr neues Autoradio einen umfangreichen Kabelstrang an der R\u00fcckseite haben, nicht das Radio mit Gewalt in den Schacht schieben das kann die Kabel verletzen. Schaffen Sie vorher im Schacht Platz.<\/p>\n<p>&nbsp;<\/p>\n<p>&nbsp;<\/p>\n","protected":false},"excerpt":{"rendered":"<p>Mit Diesem<strong> VW Passat B6 Set zum Radio Einbau von 2005-2010<\/strong> ist der Austausch des Werksradios m\u00f6glich. Wenn man ein anderes Autoradio einbauen m\u00f6chte und das Werksradio tauscht, muss eine Radioblende die Installation in das Cockpit des VWs erm\u00f6glichen. Alle weiteren Adapter zum Anschluss an die Fahrzeugkabel sind in dem Set enthalten. Typ:61240+50251<\/p>\n","protected":false},"featured_media":4544,"comment_status":"open","ping_status":"closed","template":"","meta":{"jetpack_post_was_ever_published":false,"jetpack_publicize_message":"","jetpack_publicize_feature_enabled":true,"jetpack_social_post_already_shared":true,"jetpack_social_options":{"image_generator_settings":{"template":"highway","default_image_id":0,"font":"","enabled":false},"version":2}},"product_brand":[],"product_cat":[2211,2221,2879],"product_tag":[2888,2889,2890,2891,2892,2894,2895,2896,2897,2898],"class_list":{"0":"post-4543","1":"product","2":"type-product","3":"status-publish","4":"has-post-thumbnail","6":"product_cat-autoradio-blenden-sets","7":"product_cat-vw-autoradio-blenden-sets","8":"product_cat-vw-passat-b6-autoradio-blenden-sets","9":"product_tag-autoradio-tausch-vw-passat-b6-2005-2010","10":"product_tag-neues-autoradio-fuer-passat-b6","11":"product_tag-radio-einbauset-volkswagen-passat-b6","12":"product_tag-radio-tausch-in-passat-b6","13":"product_tag-radioblende-set-passat-b6-doppel-din","14":"product_tag-tausch-des-passat-b6-werksradios","15":"product_tag-volkswagen-passat-b6-radioblenden-satz","16":"product_tag-vw-passat-b6-autoradio-montage-satz","17":"product_tag-vw-passat-b6-radio","18":"product_tag-vw-passat-b6-radio-einbaumaterial","19":"product_shipping_class-autoradio-adapter","21":"first","22":"outofstock","23":"taxable","24":"shipping-taxable","25":"purchasable","26":"product-type-simple"},"jetpack_publicize_connections":[],"jetpack_sharing_enabled":true,"jetpack_likes_enabled":true,"_links":{"self":[{"href":"https:\/\/www.radio-adapter.eu\/blog\/wp-json\/wp\/v2\/product\/4543","targetHints":{"allow":["GET"]}}],"collection":[{"href":"https:\/\/www.radio-adapter.eu\/blog\/wp-json\/wp\/v2\/product"}],"about":[{"href":"https:\/\/www.radio-adapter.eu\/blog\/wp-json\/wp\/v2\/types\/product"}],"replies":[{"embeddable":true,"href":"https:\/\/www.radio-adapter.eu\/blog\/wp-json\/wp\/v2\/comments?post=4543"}],"wp:featuredmedia":[{"embeddable":true,"href":"https:\/\/www.radio-adapter.eu\/blog\/wp-json\/wp\/v2\/media\/4544"}],"wp:attachment":[{"href":"https:\/\/www.radio-adapter.eu\/blog\/wp-json\/wp\/v2\/media?parent=4543"}],"wp:term":[{"taxonomy":"product_brand","embeddable":true,"href":"https:\/\/www.radio-adapter.eu\/blog\/wp-json\/wp\/v2\/product_brand?post=4543"},{"taxonomy":"product_cat","embeddable":true,"href":"https:\/\/www.radio-adapter.eu\/blog\/wp-json\/wp\/v2\/product_cat?post=4543"},{"taxonomy":"product_tag","embeddable":true,"href":"https:\/\/www.radio-adapter.eu\/blog\/wp-json\/wp\/v2\/product_tag?post=4543"}],"curies":[{"name":"wp","href":"https:\/\/api.w.org\/{rel}","templated":true}]}}