{"id":4377,"date":"2015-08-28T12:45:47","date_gmt":"2015-08-28T10:45:47","guid":{"rendered":"http:\/\/www.radio-adapter.eu\/blog\/produkt\/vw-tiguan-autoradio-set-dvd-bluetooth-lenkradfernbedienung\/"},"modified":"2024-05-14T21:02:13","modified_gmt":"2024-05-14T19:02:13","slug":"vw-tiguan-autoradio-set-dvd-bluetooth-lenkradfernbedienung","status":"publish","type":"product","link":"https:\/\/www.radio-adapter.eu\/blog\/produkt\/vw-tiguan-autoradio-set-dvd-bluetooth-lenkradfernbedienung\/","title":{"rendered":"VW Tiguan Autoradio Set DVD Bluetooth Lenkradfernbedienung"},"content":{"rendered":"<p>Mit diesem\u00a0<strong>VW Tiguan Autoradio Set DVD Bluetooth Lenkradfernbedienung<\/strong> kann man das alte Werksradio komplett umr\u00fcsten. In dem Set sind auch alle notwendigen Adapter zum Anschluss an die Fahrzeugkabel und den Antenneneingang enthalten. Mit den Adaptern die im Set enthalten sind und unserer <a href=\"http:\/\/www.radio-adapter.eu\/blog\/category\/autoradio-einbauhilfe\/\" target=\"_blank\" rel=\"noopener\">Autoradio Einbauhilfe<\/a> ist das einbauen des neuen Radios ganz einfach.<\/p>\n<h2>Das VW Tiguan Autoradio Set DVD Bluetooth Lenkradfernbedienung ist geeignet um VW Tiguan Werksradios mit diesen Design (Siehe Foto) zu ersetzen.<\/h2>\n<figure id=\"attachment_4379\" aria-describedby=\"caption-attachment-4379\" style=\"width: 500px\" class=\"wp-caption alignalignnone\"><a href=\"http:\/\/www.radio-adapter.eu\/blog\/wp-content\/uploads\/2015\/08\/VW-Tiguan-Radio-2009.jpg\"><img loading=\"lazy\" decoding=\"async\" class=\"wp-image-4379 size-full\" src=\"http:\/\/www.radio-adapter.eu\/blog\/wp-content\/uploads\/2015\/08\/VW-Tiguan-Radio-2009.jpg\" alt=\"VW Tiguan Radio 2009\" width=\"500\" height=\"343\" srcset=\"https:\/\/www.radio-adapter.eu\/blog\/wp-content\/uploads\/2015\/08\/VW-Tiguan-Radio-2009.jpg 500w, https:\/\/www.radio-adapter.eu\/blog\/wp-content\/uploads\/2015\/08\/VW-Tiguan-Radio-2009-236x162.jpg 236w, https:\/\/www.radio-adapter.eu\/blog\/wp-content\/uploads\/2015\/08\/VW-Tiguan-Radio-2009-300x206.jpg 300w, https:\/\/www.radio-adapter.eu\/blog\/wp-content\/uploads\/2015\/08\/VW-Tiguan-Radio-2009-480x329.jpg 480w, https:\/\/www.radio-adapter.eu\/blog\/wp-content\/uploads\/2015\/08\/VW-Tiguan-Radio-2009-151x104.jpg 151w, https:\/\/www.radio-adapter.eu\/blog\/wp-content\/uploads\/2015\/08\/VW-Tiguan-Radio-2009-275x189.jpg 275w\" sizes=\"auto, (max-width: 500px) 100vw, 500px\" \/><\/a><figcaption id=\"caption-attachment-4379\" class=\"wp-caption-text\">VW Tiguan Radio 2009<\/figcaption><\/figure>\n<h2><\/h2>\n<h2>Lieferumfang: VW Tiguan Autoradio Set DVD Bluetooth Lenkradfernbedienung<\/h2>\n<ul>\n<li>1 x Caliber RDD 884 BT Bluetooth<\/li>\n<li>1 x Radioblende schwarz Doppel DIN mit Blechkasten<\/li>\n<li>1 x Radioadapter f\u00fcr VW<\/li>\n<li>1 x Antennenadapter f\u00fcr VW<\/li>\n<li>1 x Lenkrad Adapter f\u00fcr VW<\/li>\n<li>1 x CAN BUS Interface stellt das Z\u00fcndplus wieder her<\/li>\n<li>1 x <strong><span style=\"text-decoration: underline;\">Einbauanleitung perfekt mit allen Details f\u00fcr unsere <a href=\"http:\/\/www.radio-adapter.eu\/blog\/produkt-kategorie\/autoradio-blenden-sets\/\" target=\"_blank\" rel=\"noopener\">Autoradio Blenden Sets<\/a>, sehr einfache Installation<\/span><\/strong><\/li>\n<\/ul>\n<p>&nbsp;<\/p>\n<p><span style=\"text-decoration: underline;\">Nur f\u00fcr Fahrzeuge mit originalen Soundsystem (Bose,Dynaudio) Aktivsysteme ben\u00f6tigen einen zus\u00e4tzlichen Aktivsystemadapter<\/span><\/p>\n<p>&nbsp;<\/p>\n<h3><strong>Caliber RDD 884 BT Bluetooth dieses Paket ist mit zus\u00e4tzlich mit Lenkrad Adapter, Z\u00fcndplus Funktion und Profi Doppel DIN Blende ausgestattet<br \/>\n<\/strong><\/h3>\n<p>Max Power 4x 75 WATT, 6.2\u201d TFT-LCD Touch Screen, Spielt USB und SD (up to 32GB), CD, DVD, MP3, MPEG4, DivX, WMA und JPEG playback, ID-Tag<\/p>\n<ul>\n<li><strong>4 x 75 Watt<\/strong> Max Power<\/li>\n<li><strong>Medien &amp; Formate: <\/strong>Spielt <strong>USB<\/strong> und <strong>SD<\/strong> bis zu <strong>32Gb, CD, DVD, MP3, MPEG4, DivX, WMA und JPEG Wiedergabe<br \/>\n<\/strong><\/li>\n<li>15,7 cm (6,2 Zoll) TFT-LCD<strong> Touch-Bildschirm<\/strong><\/li>\n<li><strong>ID3-Tag<\/strong><\/li>\n<li>AV-in <strong>3,5 mm<\/strong> Stereo-Buchse<\/li>\n<li><strong>Bluetooth (Freisprechfunktion, externes Mikrofon)<\/strong><\/li>\n<li><strong>RCA Ausg\u00e4nge<\/strong> (F\u00fcr Cinchkabel)<\/li>\n<li><strong>A2DP + AVRCP Musik\u00fcbertragung<\/strong><\/li>\n<li><strong>RDS EON<\/strong> Radio Funktion<\/li>\n<li>Cinch Vorverst\u00e4rker-Ausgang (4-Kanal)<\/li>\n<li>2 Video-Ausg\u00e4nge<\/li>\n<li>Video-Eingang<\/li>\n<li>Kamera-Eingang (Cinch)<\/li>\n<li>R\u00fcckw\u00e4rtsgang Schaltkontakt (automatisches Einschalten der Kamera)<\/li>\n<li><strong><span style=\"color: #ff0000;\">incl. Lenkrad Adapter f\u00fcr Ihr Fahrzeug<\/span> (Nur in diesen Paket mit dabei)<\/strong><\/li>\n<li><strong><span style=\"color: #ff0000;\">incl. Profi Doppel DIN Blende f\u00fcr Ihr Fahrzeug<\/span> (Nur in diesen Paket mit dabei)<\/strong><\/li>\n<li>Fernbedienung<\/li>\n<li>Mehrsprachiges Men\u00fc<\/li>\n<li><strong>ISO<\/strong> Anschuss<\/li>\n<\/ul>\n<p><a href=\"http:\/\/www.radio-adapter.eu\/blog\/wp-content\/uploads\/2015\/08\/RDD884BT-Kabelumfang.jpg\"><img loading=\"lazy\" decoding=\"async\" width=\"500\" height=\"283\" class=\"alignalignnone size-full wp-image-4345\" src=\"http:\/\/www.radio-adapter.eu\/blog\/wp-content\/uploads\/2015\/08\/RDD884BT-Kabelumfang.jpg\" alt=\"RDD884BT Kabelumfang\" srcset=\"https:\/\/www.radio-adapter.eu\/blog\/wp-content\/uploads\/2015\/08\/RDD884BT-Kabelumfang.jpg 500w, https:\/\/www.radio-adapter.eu\/blog\/wp-content\/uploads\/2015\/08\/RDD884BT-Kabelumfang-236x134.jpg 236w, https:\/\/www.radio-adapter.eu\/blog\/wp-content\/uploads\/2015\/08\/RDD884BT-Kabelumfang-300x170.jpg 300w, https:\/\/www.radio-adapter.eu\/blog\/wp-content\/uploads\/2015\/08\/RDD884BT-Kabelumfang-480x272.jpg 480w, https:\/\/www.radio-adapter.eu\/blog\/wp-content\/uploads\/2015\/08\/RDD884BT-Kabelumfang-151x85.jpg 151w, https:\/\/www.radio-adapter.eu\/blog\/wp-content\/uploads\/2015\/08\/RDD884BT-Kabelumfang-275x156.jpg 275w\" sizes=\"auto, (max-width: 500px) 100vw, 500px\" \/><\/a><\/p>\n<p>&nbsp;<\/p>\n<p><a href=\"http:\/\/www.radio-adapter.eu\/blog\/wp-content\/uploads\/2015\/08\/RDD884BT-Technische-Funktionen.jpg\"><img loading=\"lazy\" decoding=\"async\" width=\"500\" height=\"508\" class=\"alignalignnone size-full wp-image-4344\" src=\"http:\/\/www.radio-adapter.eu\/blog\/wp-content\/uploads\/2015\/08\/RDD884BT-Technische-Funktionen.jpg\" alt=\"RDD884BT Technische Funktionen\" srcset=\"https:\/\/www.radio-adapter.eu\/blog\/wp-content\/uploads\/2015\/08\/RDD884BT-Technische-Funktionen.jpg 500w, https:\/\/www.radio-adapter.eu\/blog\/wp-content\/uploads\/2015\/08\/RDD884BT-Technische-Funktionen-232x236.jpg 232w, https:\/\/www.radio-adapter.eu\/blog\/wp-content\/uploads\/2015\/08\/RDD884BT-Technische-Funktionen-295x300.jpg 295w, https:\/\/www.radio-adapter.eu\/blog\/wp-content\/uploads\/2015\/08\/RDD884BT-Technische-Funktionen-480x488.jpg 480w, https:\/\/www.radio-adapter.eu\/blog\/wp-content\/uploads\/2015\/08\/RDD884BT-Technische-Funktionen-151x153.jpg 151w, https:\/\/www.radio-adapter.eu\/blog\/wp-content\/uploads\/2015\/08\/RDD884BT-Technische-Funktionen-275x279.jpg 275w\" sizes=\"auto, (max-width: 500px) 100vw, 500px\" \/><\/a><\/p>\n<p><a href=\"http:\/\/www.radio-adapter.eu\/blog\/wp-content\/uploads\/2015\/08\/Mit-Lenkradfunktion.jpg\"><img loading=\"lazy\" decoding=\"async\" width=\"500\" height=\"430\" class=\"alignalignnone size-full wp-image-4347\" src=\"http:\/\/www.radio-adapter.eu\/blog\/wp-content\/uploads\/2015\/08\/Mit-Lenkradfunktion.jpg\" alt=\"Mit Lenkradfunktion\" srcset=\"https:\/\/www.radio-adapter.eu\/blog\/wp-content\/uploads\/2015\/08\/Mit-Lenkradfunktion.jpg 500w, https:\/\/www.radio-adapter.eu\/blog\/wp-content\/uploads\/2015\/08\/Mit-Lenkradfunktion-236x203.jpg 236w, https:\/\/www.radio-adapter.eu\/blog\/wp-content\/uploads\/2015\/08\/Mit-Lenkradfunktion-300x258.jpg 300w, https:\/\/www.radio-adapter.eu\/blog\/wp-content\/uploads\/2015\/08\/Mit-Lenkradfunktion-480x413.jpg 480w, https:\/\/www.radio-adapter.eu\/blog\/wp-content\/uploads\/2015\/08\/Mit-Lenkradfunktion-151x130.jpg 151w, https:\/\/www.radio-adapter.eu\/blog\/wp-content\/uploads\/2015\/08\/Mit-Lenkradfunktion-275x237.jpg 275w\" sizes=\"auto, (max-width: 500px) 100vw, 500px\" \/><\/a><\/p>\n<p><a href=\"http:\/\/www.radio-adapter.eu\/blog\/wp-content\/uploads\/2015\/08\/Z\u00fcndplus-schaltet-ab-nach-dem-der-Fahrzeugschl\u00fcssel-abgezogen-wird.jpg\"><img loading=\"lazy\" decoding=\"async\" width=\"500\" height=\"320\" class=\"alignalignnone size-full wp-image-4349\" src=\"http:\/\/www.radio-adapter.eu\/blog\/wp-content\/uploads\/2015\/08\/Z\u00fcndplus-schaltet-ab-nach-dem-der-Fahrzeugschl\u00fcssel-abgezogen-wird.jpg\" alt=\"Z\u00fcndplus schaltet ab nach dem der Fahrzeugschl\u00fcssel abgezogen wird\" srcset=\"https:\/\/www.radio-adapter.eu\/blog\/wp-content\/uploads\/2015\/08\/Z\u00fcndplus-schaltet-ab-nach-dem-der-Fahrzeugschl\u00fcssel-abgezogen-wird.jpg 500w, https:\/\/www.radio-adapter.eu\/blog\/wp-content\/uploads\/2015\/08\/Z\u00fcndplus-schaltet-ab-nach-dem-der-Fahrzeugschl\u00fcssel-abgezogen-wird-236x151.jpg 236w, https:\/\/www.radio-adapter.eu\/blog\/wp-content\/uploads\/2015\/08\/Z\u00fcndplus-schaltet-ab-nach-dem-der-Fahrzeugschl\u00fcssel-abgezogen-wird-300x192.jpg 300w, https:\/\/www.radio-adapter.eu\/blog\/wp-content\/uploads\/2015\/08\/Z\u00fcndplus-schaltet-ab-nach-dem-der-Fahrzeugschl\u00fcssel-abgezogen-wird-480x307.jpg 480w, https:\/\/www.radio-adapter.eu\/blog\/wp-content\/uploads\/2015\/08\/Z\u00fcndplus-schaltet-ab-nach-dem-der-Fahrzeugschl\u00fcssel-abgezogen-wird-151x96.jpg 151w, https:\/\/www.radio-adapter.eu\/blog\/wp-content\/uploads\/2015\/08\/Z\u00fcndplus-schaltet-ab-nach-dem-der-Fahrzeugschl\u00fcssel-abgezogen-wird-375x241.jpg 375w, https:\/\/www.radio-adapter.eu\/blog\/wp-content\/uploads\/2015\/08\/Z\u00fcndplus-schaltet-ab-nach-dem-der-Fahrzeugschl\u00fcssel-abgezogen-wird-275x176.jpg 275w\" sizes=\"auto, (max-width: 500px) 100vw, 500px\" \/><\/a><\/p>\n<p>&nbsp;<\/p>\n<h3 class=\"entry-title\">Passende Einbauanleitung:<\/h3>\n<h3 class=\"entry-title\"><a href=\"http:\/\/www.radio-adapter.eu\/blog\/autoradio-wechsel-vw-tiguan-einbauanleitung\/\" target=\"_blank\" rel=\"noopener\">Autoradio wechsel VW Tiguan Einbauanleitung<\/a><\/h3>\n<p>Das <strong>VW Tiguan<\/strong> Werksradio muss ausgehebelt werden. In dem Set sind alle notwendigen Adapter zu Anschluss an die Fahrzeugkabel mit dabei. Das neue\u00a0<em><strong>VW Tiguan Autoradio Set DVD Bluetooth Lenkradfernbedienung <\/strong><\/em>hat alle modernen Funktionen, wie DVD Bluetooth USB SD Card und Lenkradfernbedienung.<\/p>\n<p>Den Radioadapter und Antennenadapter an die Fahrzeugkabel anschlie\u00dfen bevor die Radioblende eingerastet wird. Den Blechrahmen Ihres neuen Autoradios in den Schacht schieben und die Zargen des Blechrahmens verbiegen damit der Rahmen fest sitzt. Das Set VW Tiguan Autoradio Set DVD Bluetooth Lenkradfernbedienung hat einen umfangreichen Kabelstrang an der R\u00fcckseite, nicht das Radio mit Gewalt in den Schacht schieben das kann die Kabel verletzen. Schaffen Sie vorher im Schacht Platz.<\/p>\n<p>&nbsp;<\/p>\n<p>&nbsp;<\/p>\n<p>&nbsp;<\/p>\n","protected":false},"excerpt":{"rendered":"<p>Mit diesen Set wird der ganze <a href=\"http:\/\/www.radio-adapter.eu\/blog\/\" target=\"_blank\" rel=\"noopener\">Autoradio Einbau<\/a> ganz einfach. Das neue\u00a0<em><strong>VW Tiguan Autoradio Set DVD Bluetooth Lenkradfernbedienung<\/strong><\/em> hat alle modernen Funktionen, wie DVD, Bluetooth, USB, SD Card und Touch Screen.\u00a0 Die Radioblende und alle weiteren Adapter zum Anschluss an die Fahrzeugkabel sind in dem Set enthalten. Typ:Power Pack<\/p>\n","protected":false},"featured_media":4378,"comment_status":"open","ping_status":"closed","template":"","meta":{"jetpack_post_was_ever_published":false,"jetpack_publicize_message":"","jetpack_publicize_feature_enabled":true,"jetpack_social_post_already_shared":true,"jetpack_social_options":{"image_generator_settings":{"template":"highway","default_image_id":0,"font":"","enabled":false},"version":2}},"product_brand":[],"product_cat":[2211,2221,2901],"product_tag":[2933,2931,2934,2935,2936,2937,2938,2939,2940,2941,2942,2943,2932],"class_list":{"0":"post-4377","1":"product","2":"type-product","3":"status-publish","4":"has-post-thumbnail","6":"product_cat-autoradio-blenden-sets","7":"product_cat-vw-autoradio-blenden-sets","8":"product_cat-vw-tiguan-autoradio-blenden-sets","9":"product_tag-autoradio-tausch-vw-tiguan","10":"product_tag-das-richtige-radioblenden-set-fuer-vw-tiguan","11":"product_tag-neues-autoradio-fuer-vw-tiguan","12":"product_tag-radio-einbauset-volkswagen-vw-tiguan","13":"product_tag-radio-tausch-in-vw-tiguan","14":"product_tag-radioblende-set-vw-tiguan","15":"product_tag-radioblende-set-vw-tiguan-doppel-din","16":"product_tag-tausch-des-vw-tiguan-werksradios","17":"product_tag-volkswagen-vw-tiguan-radioblenden-satz","18":"product_tag-vw-tiguan-autoradio-montage-satz","19":"product_tag-vw-tiguan-radio","20":"product_tag-vw-tiguan-radio-einbaumaterial","21":"product_tag-vw-tiguan-radio-einbauset","22":"product_shipping_class-komplettset","24":"first","25":"outofstock","26":"taxable","27":"shipping-taxable","28":"purchasable","29":"product-type-simple"},"jetpack_publicize_connections":[],"jetpack_sharing_enabled":true,"jetpack_likes_enabled":true,"_links":{"self":[{"href":"https:\/\/www.radio-adapter.eu\/blog\/wp-json\/wp\/v2\/product\/4377","targetHints":{"allow":["GET"]}}],"collection":[{"href":"https:\/\/www.radio-adapter.eu\/blog\/wp-json\/wp\/v2\/product"}],"about":[{"href":"https:\/\/www.radio-adapter.eu\/blog\/wp-json\/wp\/v2\/types\/product"}],"replies":[{"embeddable":true,"href":"https:\/\/www.radio-adapter.eu\/blog\/wp-json\/wp\/v2\/comments?post=4377"}],"wp:featuredmedia":[{"embeddable":true,"href":"https:\/\/www.radio-adapter.eu\/blog\/wp-json\/wp\/v2\/media\/4378"}],"wp:attachment":[{"href":"https:\/\/www.radio-adapter.eu\/blog\/wp-json\/wp\/v2\/media?parent=4377"}],"wp:term":[{"taxonomy":"product_brand","embeddable":true,"href":"https:\/\/www.radio-adapter.eu\/blog\/wp-json\/wp\/v2\/product_brand?post=4377"},{"taxonomy":"product_cat","embeddable":true,"href":"https:\/\/www.radio-adapter.eu\/blog\/wp-json\/wp\/v2\/product_cat?post=4377"},{"taxonomy":"product_tag","embeddable":true,"href":"https:\/\/www.radio-adapter.eu\/blog\/wp-json\/wp\/v2\/product_tag?post=4377"}],"curies":[{"name":"wp","href":"https:\/\/api.w.org\/{rel}","templated":true}]}}