{"id":4151,"date":"2015-08-21T00:15:48","date_gmt":"2015-08-20T22:15:48","guid":{"rendered":"http:\/\/www.radio-adapter.eu\/blog\/produkt\/vw-new-beetle-lautsprecher-testsieger-komplett-vorne-hinten\/"},"modified":"2026-04-26T23:05:45","modified_gmt":"2026-04-26T21:05:45","slug":"vw-new-beetle-lautsprecher-testsieger-komplett-vorne-hinten","status":"publish","type":"product","link":"https:\/\/www.radio-adapter.eu\/blog\/produkt\/vw-new-beetle-lautsprecher-testsieger-komplett-vorne-hinten\/","title":{"rendered":"VW New Beetle Lautsprecher Testsieger komplett vorne hinten"},"content":{"rendered":"<p>Dieses Testsieger Lautsprecher Komplettset kann in <em>VW New Beetle <\/em>von 1997 \u2013 2010 verwendet werden. Das\u00a0<strong>VW New Beetle Lautsprecher Testsieger komplett vorne hinten<\/strong> erm\u00f6glicht den Austausch der originalen Lautsprecher, es werden wieder die gleichen Einbaupl\u00e4tze verwendet. Die Lautsprecher verschwinden unter der T\u00fcrverkleidung und sind von au\u00dfen nicht sichtbar.<\/p>\n<p>Es werden soweit wie m\u00f6glich die originalen Lautsprecherkabel ab Werk in den T\u00fcren genutzt um das System zu verkabeln. In dem\u00a0<em>VW New Beetle Lautsprecher Testsieger komplett vorne hinten<\/em> sind alle notwendigen Lautsprecher und Adapter enthalten um den Einbau zu bewerkstelligen.<\/p>\n<p>&nbsp;<\/p>\n<h2>Die Lautsprecher Gr\u00f6\u00dfen im VW New Beetle vorne<\/h2>\n<p>In den vorderen T\u00fcren ist ein zwei Wege System mit 16,5 cm Tieft\u00f6ner verbaut und separaten Hocht\u00f6nern in den Spiegeldreiecken.<\/p>\n<h2>Die Lautsprecher Gr\u00f6\u00dfen im VW New Beetle hinten<\/h2>\n<p>In den hinteren Einbaupl\u00e4tzen sind Breitband Lautsprecher mit 16 cm Tieft\u00f6ner verbaut.<\/p>\n<h2>Lieferumfang: VW New Beetle Lautsprecher Testsieger komplett vorne hinten<\/h2>\n<p>&nbsp;<\/p>\n<ul>\n<li>1 x Zwei Wege Auto Lautsprechersystem mit Frequenzweichen und separaten Hocht\u00f6nern f\u00fcr die vorderen T\u00fcren<\/li>\n<li>1 x Zwei Wege Koaxial-Lautsprechersystem und integrierten Hocht\u00f6nern f\u00fcr die hinteren Einbaupl\u00e4tze<\/li>\n<li>1 x Lautsprecherringe f\u00fcr den Einbau in den vorderen T\u00fcren<\/li>\n<li>1 x Lautsprecheradapterkabel vordere T\u00fcren<\/li>\n<li>1 x Lautsprecherringe Einbau in den hinteren Einbaupl\u00e4tzen<\/li>\n<li>1 x Lautsprecheradapterkabel hinteren Einbaupl\u00e4tzen<\/li>\n<\/ul>\n<p><strong>Alle Lautsprechersysteme werden immer paarweise geliefert!<\/strong><\/p>\n<p>Das VW New Beetle Lautsprecher Testsieger komplett vorne hinten verf\u00fcgt \u00fcber einen sehr hohen Wirkungsgrad und ist auch f\u00fcr den Normalbetrieb am Autoradio ohne weitere Verst\u00e4rker geeignet!<\/p>\n<p>Das Set\u00a0<em>VW New Beetle Lautsprecher Testsieger komplett vorne hinten<\/em> f\u00fcr fahrzeugspezifische Installationen, verschwindet hinter der T\u00fcrverkleidung und sind von Au\u00dfen nicht zu sehen.<\/p>\n<p>Hersteller: Match bei Audiotec Fischer<\/p>\n<p><a href=\"http:\/\/www.radio-adapter.eu\/blog\/fahrzeugspezifische-lautsprecher\/\" target=\"_blank\" rel=\"noopener noreferrer\">Fahrzeugspezifische Lautsprecher<\/a>\u00a0 mit hervorrangendem Klang.<\/p>\n<p>&nbsp;<\/p>\n<p>Das Set\u00a0<em><strong>VW New Beetle Lautsprecher Testsieger komplett vorne hinten<\/strong><\/em> hat folgende Technische Details:<\/p>\n<p><a href=\"http:\/\/www.radio-adapter.eu\/blog\/wp-content\/uploads\/2015\/08\/Lautsprecher-Abdeckgitter.jpg\"><img loading=\"lazy\" decoding=\"async\" width=\"500\" height=\"235\" class=\"alignalignnone size-full wp-image-3778\" src=\"http:\/\/www.radio-adapter.eu\/blog\/wp-content\/uploads\/2015\/08\/Lautsprecher-Abdeckgitter.jpg\" sizes=\"auto, (max-width: 500px) 100vw, 500px\" srcset=\"http:\/\/www.radio-adapter.eu\/blog\/wp-content\/uploads\/2015\/08\/Lautsprecher-Abdeckgitter.jpg 500w, http:\/\/www.radio-adapter.eu\/blog\/wp-content\/uploads\/2015\/08\/Lautsprecher-Abdeckgitter-236x111.jpg 236w, http:\/\/www.radio-adapter.eu\/blog\/wp-content\/uploads\/2015\/08\/Lautsprecher-Abdeckgitter-300x141.jpg 300w, http:\/\/www.radio-adapter.eu\/blog\/wp-content\/uploads\/2015\/08\/Lautsprecher-Abdeckgitter-151x71.jpg 151w, http:\/\/www.radio-adapter.eu\/blog\/wp-content\/uploads\/2015\/08\/Lautsprecher-Abdeckgitter-275x129.jpg 275w\" alt=\"Lautsprecher Abdeckgitter\" \/><\/a><\/p>\n<p><strong>Technische Daten:<\/strong><\/p>\n<ul>\n<li>16,5cm 2-Wege-Compo-System<br \/>\nmit Gitter und Frequenzweiche<\/li>\n<li>19 mm Gewebe-Neodym-Hocht\u00f6ner<\/li>\n<li>60 Watt RMS, 100 Watt Peak<\/li>\n<li>91 dB, 59 Hz- 22 KHz, \u00d8 142 mm, \u2021 Einbautiefe 62 mm<\/li>\n<\/ul>\n<p><img loading=\"lazy\" decoding=\"async\" width=\"400\" height=\"500\" class=\"alignalignnone size-full wp-image-8783\" src=\"http:\/\/www.radio-adapter.eu\/blog\/wp-content\/uploads\/2015\/06\/JL-Audio-C2-650-Test.jpg\" sizes=\"auto, (max-width: 400px) 100vw, 400px\" srcset=\"http:\/\/www.radio-adapter.eu\/blog\/wp-content\/uploads\/2015\/06\/JL-Audio-C2-650-Test.jpg 400w, http:\/\/www.radio-adapter.eu\/blog\/wp-content\/uploads\/2015\/06\/JL-Audio-C2-650-Test-189x236.jpg 189w, http:\/\/www.radio-adapter.eu\/blog\/wp-content\/uploads\/2015\/06\/JL-Audio-C2-650-Test-240x300.jpg 240w, http:\/\/www.radio-adapter.eu\/blog\/wp-content\/uploads\/2015\/06\/JL-Audio-C2-650-Test-151x189.jpg 151w, http:\/\/www.radio-adapter.eu\/blog\/wp-content\/uploads\/2015\/06\/JL-Audio-C2-650-Test-275x344.jpg 275w\" \/><\/p>\n<h4><strong>Testsieger in Zeitschrift Autohifi<\/strong><\/h4>\n<p><strong>Technische Daten: 2 Wege Koaxiallautsprecher C2 650x<\/strong><\/p>\n<ul>\n<li>Power Handling 60\/100 Watts, Impedance 4 Ohms<\/li>\n<li>19 mm Neodymium-Silk-Tweeter Dome<\/li>\n<li>Injection, Mica Filled Polycone, incl. Grilles<\/li>\n<li>89 dB, Frequency Response 59Hz \u2013 22kHz +\/-3dB<\/li>\n<li>\u2021 63 mm, \u00d8 142 mm<\/li>\n<\/ul>\n<p><a href=\"http:\/\/www.radio-adapter.eu\/blog\/wp-content\/uploads\/2015\/08\/Jl-Audio-C2-650x-Hocht\u00f6ner.jpg\"><img loading=\"lazy\" decoding=\"async\" width=\"308\" height=\"307\" class=\"alignalignnone size-full wp-image-3980\" src=\"http:\/\/www.radio-adapter.eu\/blog\/wp-content\/uploads\/2015\/08\/Jl-Audio-C2-650x-Hocht\u00f6ner.jpg\" sizes=\"auto, (max-width: 308px) 100vw, 308px\" srcset=\"http:\/\/www.radio-adapter.eu\/blog\/wp-content\/uploads\/2015\/08\/Jl-Audio-C2-650x-Hocht\u00f6ner.jpg 308w, http:\/\/www.radio-adapter.eu\/blog\/wp-content\/uploads\/2015\/08\/Jl-Audio-C2-650x-Hocht\u00f6ner-300x300.jpg 300w, http:\/\/www.radio-adapter.eu\/blog\/wp-content\/uploads\/2015\/08\/Jl-Audio-C2-650x-Hocht\u00f6ner-100x100.jpg 100w, http:\/\/www.radio-adapter.eu\/blog\/wp-content\/uploads\/2015\/08\/Jl-Audio-C2-650x-Hocht\u00f6ner-236x236.jpg 236w, http:\/\/www.radio-adapter.eu\/blog\/wp-content\/uploads\/2015\/08\/Jl-Audio-C2-650x-Hocht\u00f6ner-151x151.jpg 151w, http:\/\/www.radio-adapter.eu\/blog\/wp-content\/uploads\/2015\/08\/Jl-Audio-C2-650x-Hocht\u00f6ner-275x274.jpg 275w, http:\/\/www.radio-adapter.eu\/blog\/wp-content\/uploads\/2015\/08\/Jl-Audio-C2-650x-Hocht\u00f6ner-128x128.jpg 128w\" alt=\"Jl Audio C2 650x Hocht\u00f6ner\" \/><\/a><\/p>\n<p><img loading=\"lazy\" decoding=\"async\" width=\"349\" height=\"204\" class=\"alignalignnone size-full wp-image-8802\" src=\"http:\/\/www.radio-adapter.eu\/blog\/wp-content\/uploads\/2015\/06\/JL-Audio-C2-650x-Bewertung-Autohifi.jpg\" sizes=\"auto, (max-width: 349px) 100vw, 349px\" srcset=\"http:\/\/www.radio-adapter.eu\/blog\/wp-content\/uploads\/2015\/06\/JL-Audio-C2-650x-Bewertung-Autohifi.jpg 349w, http:\/\/www.radio-adapter.eu\/blog\/wp-content\/uploads\/2015\/06\/JL-Audio-C2-650x-Bewertung-Autohifi-236x138.jpg 236w, http:\/\/www.radio-adapter.eu\/blog\/wp-content\/uploads\/2015\/06\/JL-Audio-C2-650x-Bewertung-Autohifi-300x175.jpg 300w, http:\/\/www.radio-adapter.eu\/blog\/wp-content\/uploads\/2015\/06\/JL-Audio-C2-650x-Bewertung-Autohifi-151x88.jpg 151w, http:\/\/www.radio-adapter.eu\/blog\/wp-content\/uploads\/2015\/06\/JL-Audio-C2-650x-Bewertung-Autohifi-275x161.jpg 275w\" \/><\/p>\n<h3>\u00a0<strong>Weitere JL-Audio Testsiege:<\/strong><\/h3>\n<p><a href=\"http:\/\/www.radio-adapter.eu\/blog\/wp-content\/uploads\/2015\/08\/Test-JL-Audio-C2-650x.jpg\"><img loading=\"lazy\" decoding=\"async\" width=\"250\" height=\"210\" class=\"alignalignnone size-full wp-image-3779\" src=\"http:\/\/www.radio-adapter.eu\/blog\/wp-content\/uploads\/2015\/08\/Test-JL-Audio-C2-650x.jpg\" sizes=\"auto, (max-width: 250px) 100vw, 250px\" srcset=\"http:\/\/www.radio-adapter.eu\/blog\/wp-content\/uploads\/2015\/08\/Test-JL-Audio-C2-650x.jpg 250w, http:\/\/www.radio-adapter.eu\/blog\/wp-content\/uploads\/2015\/08\/Test-JL-Audio-C2-650x-236x198.jpg 236w, http:\/\/www.radio-adapter.eu\/blog\/wp-content\/uploads\/2015\/08\/Test-JL-Audio-C2-650x-151x127.jpg 151w\" alt=\"Test JL Audio C2 650x\" \/><\/a><a href=\"http:\/\/www.radio-adapter.eu\/blog\/wp-content\/uploads\/2015\/08\/Test-JL-Audio-C2-690x.jpg\"><img loading=\"lazy\" decoding=\"async\" width=\"250\" height=\"210\" class=\"alignalignnone size-full wp-image-3780\" src=\"http:\/\/www.radio-adapter.eu\/blog\/wp-content\/uploads\/2015\/08\/Test-JL-Audio-C2-690x.jpg\" sizes=\"auto, (max-width: 250px) 100vw, 250px\" srcset=\"http:\/\/www.radio-adapter.eu\/blog\/wp-content\/uploads\/2015\/08\/Test-JL-Audio-C2-690x.jpg 250w, http:\/\/www.radio-adapter.eu\/blog\/wp-content\/uploads\/2015\/08\/Test-JL-Audio-C2-690x-236x198.jpg 236w, http:\/\/www.radio-adapter.eu\/blog\/wp-content\/uploads\/2015\/08\/Test-JL-Audio-C2-690x-151x127.jpg 151w\" alt=\"Test JL Audio C2 690x\" \/><\/a><a href=\"http:\/\/www.radio-adapter.eu\/blog\/wp-content\/uploads\/2015\/08\/Test-JL-Audio-C5-650.jpg\"><img loading=\"lazy\" decoding=\"async\" width=\"250\" height=\"210\" class=\"alignalignnone size-full wp-image-3781\" src=\"http:\/\/www.radio-adapter.eu\/blog\/wp-content\/uploads\/2015\/08\/Test-JL-Audio-C5-650.jpg\" sizes=\"auto, (max-width: 250px) 100vw, 250px\" srcset=\"http:\/\/www.radio-adapter.eu\/blog\/wp-content\/uploads\/2015\/08\/Test-JL-Audio-C5-650.jpg 250w, http:\/\/www.radio-adapter.eu\/blog\/wp-content\/uploads\/2015\/08\/Test-JL-Audio-C5-650-236x198.jpg 236w, http:\/\/www.radio-adapter.eu\/blog\/wp-content\/uploads\/2015\/08\/Test-JL-Audio-C5-650-151x127.jpg 151w\" alt=\"Test JL Audio C5 650\" \/><\/a><\/p>\n<p>&nbsp;<\/p>\n<p>&nbsp;<\/p>\n<p>&nbsp;<\/p>\n<p>&nbsp;<\/p>\n<p>Der Vergleich zum Tieft\u00f6nern in den hinteren Einbaupl\u00e4tzen die ab Werk eingebaut sind<\/p>\n<p><a href=\"http:\/\/www.radio-adapter.eu\/blog\/wp-content\/uploads\/2015\/08\/Beispiel-VW-Lautsprecher-Original-oder-Match-Neu.jpg\"><img loading=\"lazy\" decoding=\"async\" width=\"500\" height=\"300\" class=\"alignalignnone size-full wp-image-4152\" src=\"http:\/\/www.radio-adapter.eu\/blog\/wp-content\/uploads\/2015\/08\/Beispiel-VW-Lautsprecher-Original-oder-Match-Neu.jpg\" alt=\"Beispiel VW Lautsprecher Original oder Match Neu\" srcset=\"https:\/\/www.radio-adapter.eu\/blog\/wp-content\/uploads\/2015\/08\/Beispiel-VW-Lautsprecher-Original-oder-Match-Neu.jpg 500w, https:\/\/www.radio-adapter.eu\/blog\/wp-content\/uploads\/2015\/08\/Beispiel-VW-Lautsprecher-Original-oder-Match-Neu-236x142.jpg 236w, https:\/\/www.radio-adapter.eu\/blog\/wp-content\/uploads\/2015\/08\/Beispiel-VW-Lautsprecher-Original-oder-Match-Neu-300x180.jpg 300w, https:\/\/www.radio-adapter.eu\/blog\/wp-content\/uploads\/2015\/08\/Beispiel-VW-Lautsprecher-Original-oder-Match-Neu-480x288.jpg 480w, https:\/\/www.radio-adapter.eu\/blog\/wp-content\/uploads\/2015\/08\/Beispiel-VW-Lautsprecher-Original-oder-Match-Neu-151x91.jpg 151w, https:\/\/www.radio-adapter.eu\/blog\/wp-content\/uploads\/2015\/08\/Beispiel-VW-Lautsprecher-Original-oder-Match-Neu-275x165.jpg 275w\" sizes=\"auto, (max-width: 500px) 100vw, 500px\" \/><\/a><\/p>\n<p>&nbsp;<\/p>\n<p>&nbsp;<\/p>\n<p>&nbsp;<\/p>\n<p>Gratis Lautsprecher Einbau Anleitung.<\/p>\n<h3 class=\"entry-title\"><a href=\"http:\/\/www.radio-adapter.eu\/blog\/vw-beetle-lautsprecher-wechseln\/\" target=\"_blank\" rel=\"noopener noreferrer\">VW Beetle Lautsprecher wechseln<\/a><\/h3>\n<p>Beachten Sie die Einbauanleitung f\u00fcr\u00a0<em>VW New Beetle Lautsprecher Testsieger komplett vorne hinten<\/em> um zu einen guten Ergebnis zu kommen.\u00a0 Als Grundausstattung f\u00fcr die eine eigene Installation sollte das passende Werkzeug vorhanden sein. Das Resultat des Einbaus h\u00e4ngt von den handwerklichen F\u00e4higkeiten des Anwenders ab.<\/p>\n<p>Die Schritte der Demontage der T\u00fcrverkleidung und das Entfernen der originalen Lautsprecher werden in den Anleitungen beschrieben. Die originalen Werkslautsprecher in dem jeweiligen Fahrzeug sind mit Ringen aus Kunststoff an die T\u00fcrbleche genietet. Die originalen Werkslautsprecher m\u00fcssen mit den Halterungen ausgebohrt werden um die neuen Lautsprecher mit den im Lieferumfang enthaltenen Lautsprecherringen zu montieren.<\/p>\n<p>F\u00fcr die meisten Fahrzeugtypen und den passenden Lautsprecher Einbausets sind Einbauanleitungen vorhanden. Die Anleitungen sind ohne Gew\u00e4hr und von der handwerklichen F\u00e4higkeit des Monteurs abh\u00e4ngig. Unsachgem\u00e4\u00dfer Einbau f\u00fchrt zu einem schlechten Ergebnis im Klang und Pegel.<\/p>\n<p>&nbsp;<\/p>\n<p>&nbsp;<\/p>\n<p>&nbsp;<\/p>\n<p>&nbsp;<\/p>\n<p>&nbsp;<\/p>\n<p>&nbsp;<\/p>\n<p>&nbsp;<\/p>\n","protected":false},"excerpt":{"rendered":"<p>Dieses <a href=\"http:\/\/www.radio-adapter.eu\/blog\/produkt-kategorie\/auto-lautsprecher-einbausets\/\" target=\"_blank\" rel=\"noopener noreferrer\">Auto Lautsprecher Einbauset<\/a>,\u00a0<em>VW New Beetle Lautsprecher Testsieger komplett vorne hinten<\/em> ist f\u00fcr den Austausch des Standard Lautsprechersystems in <em>VW New Beetle <\/em>geeignet. Im Lieferumfang sind alle Lautsprecher und dazugeh\u00f6rigen Kabel und Einbaurringe enthalten.<\/p>\n","protected":false},"featured_media":8798,"comment_status":"open","ping_status":"closed","template":"","meta":{"jetpack_post_was_ever_published":false,"jetpack_publicize_message":"","jetpack_publicize_feature_enabled":true,"jetpack_social_post_already_shared":true,"jetpack_social_options":{"image_generator_settings":{"template":"highway","default_image_id":0,"font":"","enabled":false},"version":2}},"product_brand":[],"product_cat":[2349,2350,2654],"product_tag":[2512,2509,2508,2507,2780,2510,2779],"class_list":{"0":"post-4151","1":"product","2":"type-product","3":"status-publish","4":"has-post-thumbnail","6":"product_cat-auto-lautsprecher-einbausets","7":"product_cat-vw-lautsprecher-einbausets","8":"product_cat-vw-new-beetle-lautsprecher-einbausets","9":"product_tag-die-lautsprecher-groessen-im-vw-new-beetle-hinten","10":"product_tag-lautsprecher-einbauset-testsieger-vw-new-beetle","11":"product_tag-lautsprechersystem-fuer-vw-new-beetle","12":"product_tag-neue-lautsprecher-fuer-vw-new-beetle","13":"product_tag-vw-new-beetle-lautsprecher-ersatz-boxen","14":"product_tag-vw-new-beetle-standard-lautsprechersystem-tauschen","15":"product_tag-vw-new-beetle-tuerlautsprecher","16":"product_shipping_class-auto-lautsprecher-set","18":"first","19":"instock","20":"taxable","21":"shipping-taxable","22":"purchasable","23":"product-type-simple"},"jetpack_publicize_connections":[],"jetpack_sharing_enabled":true,"jetpack_likes_enabled":true,"_links":{"self":[{"href":"https:\/\/www.radio-adapter.eu\/blog\/wp-json\/wp\/v2\/product\/4151","targetHints":{"allow":["GET"]}}],"collection":[{"href":"https:\/\/www.radio-adapter.eu\/blog\/wp-json\/wp\/v2\/product"}],"about":[{"href":"https:\/\/www.radio-adapter.eu\/blog\/wp-json\/wp\/v2\/types\/product"}],"replies":[{"embeddable":true,"href":"https:\/\/www.radio-adapter.eu\/blog\/wp-json\/wp\/v2\/comments?post=4151"}],"wp:featuredmedia":[{"embeddable":true,"href":"https:\/\/www.radio-adapter.eu\/blog\/wp-json\/wp\/v2\/media\/8798"}],"wp:attachment":[{"href":"https:\/\/www.radio-adapter.eu\/blog\/wp-json\/wp\/v2\/media?parent=4151"}],"wp:term":[{"taxonomy":"product_brand","embeddable":true,"href":"https:\/\/www.radio-adapter.eu\/blog\/wp-json\/wp\/v2\/product_brand?post=4151"},{"taxonomy":"product_cat","embeddable":true,"href":"https:\/\/www.radio-adapter.eu\/blog\/wp-json\/wp\/v2\/product_cat?post=4151"},{"taxonomy":"product_tag","embeddable":true,"href":"https:\/\/www.radio-adapter.eu\/blog\/wp-json\/wp\/v2\/product_tag?post=4151"}],"curies":[{"name":"wp","href":"https:\/\/api.w.org\/{rel}","templated":true}]}}