{"id":4099,"date":"2015-08-19T23:59:32","date_gmt":"2015-08-19T21:59:32","guid":{"rendered":"http:\/\/www.radio-adapter.eu\/blog\/produkt\/vw-passat-variant-3b-lautsprecher-ersatz-tuerlautsprecher-3-wege\/"},"modified":"2016-09-26T12:28:35","modified_gmt":"2016-09-26T10:28:35","slug":"vw-passat-variant-3b-lautsprecher-ersatz-tuerlautsprecher-3-wege","status":"publish","type":"product","link":"https:\/\/www.radio-adapter.eu\/blog\/produkt\/vw-passat-variant-3b-lautsprecher-ersatz-tuerlautsprecher-3-wege\/","title":{"rendered":"VW Passat Variant 3B Lautsprecher Ersatz T\u00fcrlautsprecher 3 Wege"},"content":{"rendered":"<p>Diese Ersatz T\u00fcrlautsprecher passen in den\u00a0<em>VW Passat 3B Variant<\/em> von 1996 \u2013 2000 und die originalen Einbaupl\u00e4tze\u00a0 Das Set <strong>VW Passat Variant 3B Lautsprecher Ersatz T\u00fcrlautsprecher 3 Wege<\/strong> erm\u00f6glicht den Austausch der originalen Lautsprecher, es werden wieder die gleichen Einbaupl\u00e4tze verwendet. Die Lautsprecher verschwinden unter der T\u00fcrverkleidung und sind von au\u00dfen nicht sichtbar.<\/p>\n<p>Es werden soweit wie m\u00f6glich die originalen Lautsprecherkabel ab Werk in den T\u00fcren genutzt um das System mit der Frequenzweiche zu verkabeln. In dem\u00a0<em>VW Passat Variant 3B Lautsprecher Ersatz T\u00fcrlautsprecher 3 Wege<\/em> sind alle Notwendigen Lautsprecher und Adapter enthalten um den Einbau zu bewerkstelligen.<\/p>\n<p><span style=\"color: #ff0000;\"><strong>2-Wege Lautsprecher f\u00fcr vordere oder hintere T\u00fcren<\/strong><\/span><\/p>\n<h2>Die Lautsprecher Gr\u00f6\u00dfen im VW Passat 3B vorne<\/h2>\n<p>In den vorderen T\u00fcren ist ein zwei Wege System mit 16,5 cm Tieft\u00f6ner und Hocht\u00f6ner in den vorderen linken und rechten Spiegeldreieck verbaut.<\/p>\n<p>&nbsp;<\/p>\n<h2>Die Lautsprecher Gr\u00f6\u00dfen im VW Passat 3B hinten<\/h2>\n<p>In den hinteren T\u00fcren ist ein 16,5 mm Tieft\u00f6ner verbaut und Hocht\u00f6ner im T\u00fcr\u00f6ffner<\/p>\n<h2>Lieferumfang: VW Passat Variant 3B Lautsprecher Ersatz T\u00fcrlautsprecher 3 Wege<\/h2>\n<ul>\n<li><strong>Drei Wege Koaxial<\/strong>-Lautsprechersystem und integrierten Hocht\u00f6nern f\u00fcr die hinteren <strong>oder<\/strong> vorderen T\u00fcren<\/li>\n<li>2 x Lautsprecherringe f\u00fcr den Einbau in den vorderen <strong>oder<\/strong> hinteren T\u00fcren<\/li>\n<li>2 x Lautsprecheradapterkabel f\u00fcr vordere <strong>oder<\/strong> hintere T\u00fcren<\/li>\n<\/ul>\n<p>&nbsp;<\/p>\n<p><strong>Alle Lautsprechersysteme werden immer paarweise geliefert!<\/strong><\/p>\n<p>Das Einbauset <strong>VW Passat Variant 3B Lautsprecher Ersatz T\u00fcrlautsprecher 3 Wege<\/strong> verf\u00fcgen \u00fcber einen sehr hohen Wirkungsgrad und ist auch f\u00fcr den Normalbetrieb am Autoradio ohne weitere Verst\u00e4rker geeignet!<\/p>\n<p>Das Set\u00a0<em>VW Passat Variant 3B Lautsprecher Ersatz T\u00fcrlautsprecher 3 Wege<\/em> f\u00fcr fahrzeugspezifische Installationen, verschwindet hinter der T\u00fcrverkleidung und sind von Au\u00dfen nicht zu sehen.<\/p>\n<p>Hersteller: Fusion<\/p>\n<p>&nbsp;<\/p>\n<p>Technische Daten: PF-FR6030 <strong>3-Wege-Koaxiallsystem<\/strong><\/p>\n<ul>\n<li>Leistung 250 Watt<\/li>\n<li>Frequenzbereich 29 Hz bis 27 kHz<\/li>\n<li>Schallleistung (1 W \/1 M) 89 dB<\/li>\n<li>Geh\u00e4usefarbe schwarz<\/li>\n<li>Einbautiefe 60 mm<\/li>\n<li>Einbaudurchmesser 131 mm<\/li>\n<\/ul>\n<p>&nbsp;<\/p>\n<p>Der Vergleich zum Tieft\u00f6nern in den hinteren Einbaupl\u00e4tzen die ab Werk eingebaut sind<\/p>\n<p><a href=\"http:\/\/www.radio-adapter.eu\/blog\/wp-content\/uploads\/2015\/08\/Beispiel-VW-Lautsprecher-Original-oder-Neu.jpg\"><img loading=\"lazy\" decoding=\"async\" width=\"500\" height=\"300\" class=\"alignalignnone size-full wp-image-4097\" src=\"http:\/\/www.radio-adapter.eu\/blog\/wp-content\/uploads\/2015\/08\/Beispiel-VW-Lautsprecher-Original-oder-Neu.jpg\" alt=\"Beispiel VW Lautsprecher Original oder Neu\" srcset=\"https:\/\/www.radio-adapter.eu\/blog\/wp-content\/uploads\/2015\/08\/Beispiel-VW-Lautsprecher-Original-oder-Neu.jpg 500w, https:\/\/www.radio-adapter.eu\/blog\/wp-content\/uploads\/2015\/08\/Beispiel-VW-Lautsprecher-Original-oder-Neu-236x142.jpg 236w, https:\/\/www.radio-adapter.eu\/blog\/wp-content\/uploads\/2015\/08\/Beispiel-VW-Lautsprecher-Original-oder-Neu-300x180.jpg 300w, https:\/\/www.radio-adapter.eu\/blog\/wp-content\/uploads\/2015\/08\/Beispiel-VW-Lautsprecher-Original-oder-Neu-480x288.jpg 480w, https:\/\/www.radio-adapter.eu\/blog\/wp-content\/uploads\/2015\/08\/Beispiel-VW-Lautsprecher-Original-oder-Neu-151x91.jpg 151w, https:\/\/www.radio-adapter.eu\/blog\/wp-content\/uploads\/2015\/08\/Beispiel-VW-Lautsprecher-Original-oder-Neu-275x165.jpg 275w\" sizes=\"auto, (max-width: 500px) 100vw, 500px\" \/><\/a><\/p>\n<p>&nbsp;<\/p>\n<p>Gratis Lautsprecher Einbau Anleitungen<\/p>\n<h3 class=\"entry-title\"><a href=\"http:\/\/www.radio-adapter.eu\/blog\/lautsprecher-tausch-vw-passat-3b-elektrische-fensterheber\/\" target=\"_blank\">Lautsprecher tausch VW Passat 3B elektrische Fensterheber<\/a><\/h3>\n<h3 class=\"entry-title\"><a href=\"http:\/\/www.radio-adapter.eu\/blog\/lautsprecher-wechsel-vw-passat-variant-3b\/\" target=\"_blank\">Lautsprecher wechsel VW Passat Variant 3B<\/a><\/h3>\n<p>Wichtig ist das die Einbauanleitung f\u00fcr die Auto-Lautsprecher<em>\u00a0VW Passat Variant 3B Lautsprecher Ersatz T\u00fcrlautsprecher 3 Wege<\/em> beachtet wird um zu einen guten Ergebnis beim Einbau zu kommen. Als Ausstattung sollte das passende Werkzeug vorhanden sein um die Installation durchzuf\u00fchren. Durch die Selbstmontage k\u00f6nnen nat\u00fcrlich Kosten gespart werden.<\/p>\n<p>Die einzelnen Schritte der Demontage der T\u00fcrverkleidungen und das Entfernen der originalen Lautsprecher werden in den Anleitungen beschrieben. Die originalen Werkslautsprecher sind mit Ringen aus Kunststoff an die T\u00fcrbleche genietet das ist von Fahrzeugtyp zu Fahrzeugtyp unterschiedlich.. Die originalen Werkslautsprecher m\u00fcssen mit den Lautsprecher-Halterungen ausgebohrt werden um die neuen Lautsprecher mit den im Lieferumfang enthaltenen Lautsprecherringen zu montieren.<\/p>\n<p>F\u00fcr die meisten Fahrzeugtypen und den passenden Lautsprecher Einbausets sind Einbauanleitungen vorhanden. Die Anleitungen sind ohne Gew\u00e4hr und von der handwerklichen F\u00e4higkeit des Monteurs abh\u00e4ngig. Unsachgem\u00e4\u00dfer Einbau f\u00fchrt zu einem schlechten Ergebnis im Klang und Pegel.<\/p>\n<p>&nbsp;<\/p>\n<p>&nbsp;<\/p>\n<p>&nbsp;<\/p>\n<p>&nbsp;<\/p>\n<p>&nbsp;<\/p>\n<p>&nbsp;<\/p>\n<p>&nbsp;<\/p>\n<p>&nbsp;<\/p>\n<p><span style=\"border-radius: 2px; text-indent: 20px; width: auto; padding: 0px 4px 0px 0px; text-align: center; font: bold 11px\/20px 'Helvetica Neue',Helvetica,sans-serif; color: #ffffff; background: #bd081c  no-repeat scroll 3px 50% \/ 14px 14px; position: absolute; opacity: 1; z-index: 8675309; display: none; cursor: pointer;\">Merken<\/span><\/p>\n","protected":false},"excerpt":{"rendered":"<p>Dieses Auto Lautsprecher Einbauset, VW Passat Variant 3B Lautsprecher Ersatz T\u00fcrlautsprecher 3 Wege ist f\u00fcr den Austausch des Standard Lautsprechersystems in VW Passat Variant 3B geeignet. Im Lieferumfang sind alle Lautsprecher und dazugeh\u00f6rigen Kabel und Einbaurringe enthalten.<\/p>\n","protected":false},"featured_media":4100,"comment_status":"open","ping_status":"closed","template":"","meta":{"jetpack_post_was_ever_published":false,"jetpack_publicize_message":"","jetpack_publicize_feature_enabled":true,"jetpack_social_post_already_shared":true,"jetpack_social_options":{"image_generator_settings":{"template":"highway","default_image_id":0,"font":"","enabled":false},"version":2}},"product_brand":[],"product_cat":[2349,2657],"product_tag":[2748,2747,2364,2363,2767,2766],"class_list":{"0":"post-4099","1":"product","2":"type-product","3":"status-publish","4":"has-post-thumbnail","6":"product_cat-auto-lautsprecher-einbausets","7":"product_cat-vw-passat-3b-lautsprecher-einbausets","8":"product_tag-die-lautsprecher-groessen-im-vw-passat-variant-3b-hinten","9":"product_tag-die-lautsprecher-groessen-im-vw-passat-variant-3b-vorne","10":"product_tag-lautsprechersystem-fuer-vw-passat-3b","11":"product_tag-neue-lautsprecher-fuer-vw-passat-3b","12":"product_tag-vw-passat-3b-lautsprecher-ersatz-boxen","13":"product_tag-vw-passat-3b-tuerlautsprecher","14":"product_shipping_class-auto-lautsprecher-paarweise","16":"first","17":"outofstock","18":"taxable","19":"shipping-taxable","20":"purchasable","21":"product-type-simple"},"jetpack_publicize_connections":[],"jetpack_sharing_enabled":true,"jetpack_likes_enabled":true,"_links":{"self":[{"href":"https:\/\/www.radio-adapter.eu\/blog\/wp-json\/wp\/v2\/product\/4099","targetHints":{"allow":["GET"]}}],"collection":[{"href":"https:\/\/www.radio-adapter.eu\/blog\/wp-json\/wp\/v2\/product"}],"about":[{"href":"https:\/\/www.radio-adapter.eu\/blog\/wp-json\/wp\/v2\/types\/product"}],"replies":[{"embeddable":true,"href":"https:\/\/www.radio-adapter.eu\/blog\/wp-json\/wp\/v2\/comments?post=4099"}],"wp:featuredmedia":[{"embeddable":true,"href":"https:\/\/www.radio-adapter.eu\/blog\/wp-json\/wp\/v2\/media\/4100"}],"wp:attachment":[{"href":"https:\/\/www.radio-adapter.eu\/blog\/wp-json\/wp\/v2\/media?parent=4099"}],"wp:term":[{"taxonomy":"product_brand","embeddable":true,"href":"https:\/\/www.radio-adapter.eu\/blog\/wp-json\/wp\/v2\/product_brand?post=4099"},{"taxonomy":"product_cat","embeddable":true,"href":"https:\/\/www.radio-adapter.eu\/blog\/wp-json\/wp\/v2\/product_cat?post=4099"},{"taxonomy":"product_tag","embeddable":true,"href":"https:\/\/www.radio-adapter.eu\/blog\/wp-json\/wp\/v2\/product_tag?post=4099"}],"curies":[{"name":"wp","href":"https:\/\/api.w.org\/{rel}","templated":true}]}}