{"id":4040,"date":"2015-08-18T19:07:33","date_gmt":"2015-08-18T17:07:33","guid":{"rendered":"http:\/\/www.radio-adapter.eu\/blog\/produkt\/vw-beetle-lautsprecher-set-fuer-vier-tueren-1997-2010\/"},"modified":"2023-04-11T23:24:19","modified_gmt":"2023-04-11T21:24:19","slug":"vw-beetle-lautsprecher-2-wege-hochtoener-vw-design","status":"publish","type":"product","link":"https:\/\/www.radio-adapter.eu\/blog\/produkt\/vw-beetle-lautsprecher-2-wege-hochtoener-vw-design\/","title":{"rendered":"VW Beetle Lautsprecher 2-Wege Hocht\u00f6ner VW Design"},"content":{"rendered":"<p>Diese Lautsprecher passt in den\u00a0<em>VW Beetle<\/em> von 1997 \u2013 2010 und die originalen Einbaupl\u00e4tze\u00a0 Das Set\u00a0<strong><em>VW Beetle Lautsprecher 2-Wege Hocht\u00f6ner VW Design<\/em><\/strong> erm\u00f6glicht den Austausch der originalen Lautsprecher, es werden wieder die gleichen Einbaupl\u00e4tze verwendet. Die Lautsprecher verschwinden unter der T\u00fcrverkleidung und sind von au\u00dfen nicht sichtbar.<\/p>\n<p>Es werden soweit wie m\u00f6glich die originalen Lautsprecherkabel ab Werk in den T\u00fcren genutzt um das System mit der Frequenzweiche zu verkabeln. In dem\u00a0<em>VW Beetle Lautsprecher 2-Wege Hocht\u00f6ner VW Design<\/em> sind alle Notwendigen Lautsprecher und Adapter enthalten um den Einbau zu bewerkstelligen.<\/p>\n<p><span style=\"color: #ff0000;\"><strong>2-Wege Lautsprecher f\u00fcr vordere oder hintere T\u00fcren<\/strong><\/span><\/p>\n<h2>Die Lautsprecher Gr\u00f6\u00dfen im VW New Beetle vorne<\/h2>\n<p>In den vorderen T\u00fcren ist ein zwei Wege System mit 16,5 cm Tieft\u00f6ner verbaut und separaten Hocht\u00f6nern in den Spiegeldreiecken.<\/p>\n<h2>Die Lautsprecher Gr\u00f6\u00dfen im VW New Beetle hinten<\/h2>\n<p>In den hinteren Einbaupl\u00e4tzen sind zwei 16 cm Tieft\u00f6ner.<\/p>\n<p>&nbsp;<\/p>\n<h2>Lieferumfang: VW Beetle Lautsprecher 2-Wege Hocht\u00f6ner VW Design<\/h2>\n<ul>\n<li>1 x Zwei Wege Auto Lautsprechersystem mit 2 x Frequenzweichen und 2 x separaten Hocht\u00f6nern f\u00fcr die vorderen <strong>oder<\/strong> hinteren T\u00fcren<\/li>\n<li>2 x Lautsprecherringe f\u00fcr den Einbau in den vorderen und hinteren T\u00fcren<\/li>\n<li>2 x Lautsprecheradapterkabel f\u00fcr vordere und hintere T\u00fcren<\/li>\n<\/ul>\n<p>&nbsp;<\/p>\n<p><strong>Alle Lautsprechersysteme werden immer paarweise geliefert!<\/strong><\/p>\n<p>Die\u00a0<strong>VW Beetle Lautsprecher 2-Wege Hocht\u00f6ner VW Design<\/strong> verf\u00fcgen \u00fcber einen sehr hohen Wirkungsgrad und ist auch f\u00fcr den Normalbetrieb am Autoradio ohne weitere Verst\u00e4rker geeignet!<\/p>\n<p>Hersteller: MB Quart<\/p>\n<p>Das Set\u00a0<em>VW Beetle Lautsprecher 2-Wege Hocht\u00f6ner VW Design<\/em> von MB Quart f\u00fcr fahrzeugspezifische Installationen. Verschwinden hinter der T\u00fcrverkleidung und sind von Au\u00dfen nicht zu sehen.<\/p>\n<p>Technische Daten: 2 Wege System QM 165 VW<\/p>\n<ul>\n<li>2 x 25 mm Gewebehocht\u00f6ner<\/li>\n<li>2 x 166 mm Polycone Bass<\/li>\n<li>2 x Frequenzweiche incl. Kabel und Adapter<\/li>\n<li>16,5 cm Lautsprecher-Komponentensystem<\/li>\n<li>2-Wege, f\u00fcr VW Fahrzeuge<\/li>\n<li>Belastbarkeit: 2 x 80\/120 Watt<\/li>\n<\/ul>\n<p><a href=\"http:\/\/www.radio-adapter.eu\/blog\/wp-content\/uploads\/2015\/08\/Original-VW-Hocht\u00f6ner-Design.jpg\"><img loading=\"lazy\" decoding=\"async\" width=\"500\" height=\"331\" class=\"alignalignnone size-full wp-image-3889\" src=\"http:\/\/www.radio-adapter.eu\/blog\/wp-content\/uploads\/2015\/08\/Original-VW-Hocht\u00f6ner-Design.jpg\" alt=\"Original VW Hocht\u00f6ner Design\" srcset=\"https:\/\/www.radio-adapter.eu\/blog\/wp-content\/uploads\/2015\/08\/Original-VW-Hocht\u00f6ner-Design.jpg 500w, https:\/\/www.radio-adapter.eu\/blog\/wp-content\/uploads\/2015\/08\/Original-VW-Hocht\u00f6ner-Design-236x156.jpg 236w, https:\/\/www.radio-adapter.eu\/blog\/wp-content\/uploads\/2015\/08\/Original-VW-Hocht\u00f6ner-Design-300x199.jpg 300w, https:\/\/www.radio-adapter.eu\/blog\/wp-content\/uploads\/2015\/08\/Original-VW-Hocht\u00f6ner-Design-480x318.jpg 480w, https:\/\/www.radio-adapter.eu\/blog\/wp-content\/uploads\/2015\/08\/Original-VW-Hocht\u00f6ner-Design-151x100.jpg 151w, https:\/\/www.radio-adapter.eu\/blog\/wp-content\/uploads\/2015\/08\/Original-VW-Hocht\u00f6ner-Design-275x182.jpg 275w\" sizes=\"auto, (max-width: 500px) 100vw, 500px\" \/><\/a><\/p>\n<p>&nbsp;<\/p>\n<p>Gratis Lautsprecher Einbau Anleitungen<\/p>\n<h3 class=\"entry-title\"><a href=\"http:\/\/www.radio-adapter.eu\/blog\/vw-beetle-lautsprecher-wechseln\/\" target=\"_blank\" rel=\"noopener noreferrer\">VW Beetle Lautsprecher wechseln<\/a><\/h3>\n<p>Wichtig ist das die Einbauanleitung f\u00fcr die Auto-Lautsprecher<em> VW Beetle Lautsprecher 2-Wege Hocht\u00f6ner VW Design<\/em> beachtet wird um zu einen guten Ergebnis beim Einbau zu kommen. Als Ausstattung sollte das passende Werkzeug vorhanden sein um die Installation durchzuf\u00fchren. Durch die Selbstmontage k\u00f6nnen nat\u00fcrlich Kosten gespart werden.<\/p>\n<p>Die einzelnen Schritte der Demontage der T\u00fcrverkleidungen und das Entfernen der originalen Lautsprecher werden in den Anleitungen beschrieben. Die originalen Werkslautsprecher sind mit Ringen aus Kunststoff an die T\u00fcrbleche genietet das ist von Fahrzeugtyp zu Fahrzeugtyp unterschiedlich.. Die originalen Werkslautsprecher m\u00fcssen mit den Lautsprecher-Halterungen ausgebohrt werden um die neuen Lautsprecher mit den im Lieferumfang enthaltenen Lautsprecherringen zu montieren.<\/p>\n<p>F\u00fcr die meisten Fahrzeugtypen und den passenden Lautsprecher Einbausets sind Einbauanleitungen vorhanden. Die Anleitungen sind ohne Gew\u00e4hr und von der handwerklichen F\u00e4higkeit des Monteurs abh\u00e4ngig. Unsachgem\u00e4\u00dfer Einbau f\u00fchrt zu einem schlechten Ergebnis im Klang und Pegel.<\/p>\n<p>&nbsp;<\/p>\n<p>&nbsp;<\/p>\n<p>&nbsp;<\/p>\n<p>&nbsp;<\/p>\n<p>&nbsp;<\/p>\n<p>&nbsp;<\/p>\n<p>&nbsp;<\/p>\n","protected":false},"excerpt":{"rendered":"<p>Dieses Auto Lautsprecher Einbauset, VW Beetle Lautsprecher 2-Wege Hocht\u00f6ner VW Design ist f\u00fcr den Austausch des Standard Lautsprechersystems in VW New Beetle geeignet. Im Lieferumfang sind alle Lautsprecher und dazugeh\u00f6rigen Kabel und Einbaurringe enthalten.<\/p>\n","protected":false},"featured_media":4039,"comment_status":"open","ping_status":"closed","template":"","meta":{"jetpack_post_was_ever_published":false,"jetpack_publicize_message":"","jetpack_publicize_feature_enabled":true,"jetpack_social_post_already_shared":true,"jetpack_social_options":{"image_generator_settings":{"template":"highway","default_image_id":0,"font":"","enabled":false},"version":2}},"product_brand":[],"product_cat":[2349,2654],"product_tag":[2512,2511,2509,2508,2507,2510],"class_list":{"0":"post-4040","1":"product","2":"type-product","3":"status-publish","4":"has-post-thumbnail","6":"product_cat-auto-lautsprecher-einbausets","7":"product_cat-vw-new-beetle-lautsprecher-einbausets","8":"product_tag-die-lautsprecher-groessen-im-vw-new-beetle-hinten","9":"product_tag-die-lautsprecher-groessen-im-vw-new-beetle-vorne","10":"product_tag-lautsprecher-einbauset-testsieger-vw-new-beetle","11":"product_tag-lautsprechersystem-fuer-vw-new-beetle","12":"product_tag-neue-lautsprecher-fuer-vw-new-beetle","13":"product_tag-vw-new-beetle-standard-lautsprechersystem-tauschen","14":"product_shipping_class-auto-lautsprecher-set","16":"first","17":"outofstock","18":"taxable","19":"shipping-taxable","20":"purchasable","21":"product-type-simple"},"jetpack_publicize_connections":[],"jetpack_sharing_enabled":true,"jetpack_likes_enabled":true,"_links":{"self":[{"href":"https:\/\/www.radio-adapter.eu\/blog\/wp-json\/wp\/v2\/product\/4040","targetHints":{"allow":["GET"]}}],"collection":[{"href":"https:\/\/www.radio-adapter.eu\/blog\/wp-json\/wp\/v2\/product"}],"about":[{"href":"https:\/\/www.radio-adapter.eu\/blog\/wp-json\/wp\/v2\/types\/product"}],"replies":[{"embeddable":true,"href":"https:\/\/www.radio-adapter.eu\/blog\/wp-json\/wp\/v2\/comments?post=4040"}],"wp:featuredmedia":[{"embeddable":true,"href":"https:\/\/www.radio-adapter.eu\/blog\/wp-json\/wp\/v2\/media\/4039"}],"wp:attachment":[{"href":"https:\/\/www.radio-adapter.eu\/blog\/wp-json\/wp\/v2\/media?parent=4040"}],"wp:term":[{"taxonomy":"product_brand","embeddable":true,"href":"https:\/\/www.radio-adapter.eu\/blog\/wp-json\/wp\/v2\/product_brand?post=4040"},{"taxonomy":"product_cat","embeddable":true,"href":"https:\/\/www.radio-adapter.eu\/blog\/wp-json\/wp\/v2\/product_cat?post=4040"},{"taxonomy":"product_tag","embeddable":true,"href":"https:\/\/www.radio-adapter.eu\/blog\/wp-json\/wp\/v2\/product_tag?post=4040"}],"curies":[{"name":"wp","href":"https:\/\/api.w.org\/{rel}","templated":true}]}}