{"id":4019,"date":"2015-08-18T14:30:01","date_gmt":"2015-08-18T12:30:01","guid":{"rendered":"http:\/\/www.radio-adapter.eu\/blog\/produkt\/passat-variant-lautsprecher-2-wege-hochtoener-design\/"},"modified":"2023-04-11T23:24:55","modified_gmt":"2023-04-11T21:24:55","slug":"passat-variant-lautsprecher-2-wege-hochtoener-design","status":"publish","type":"product","link":"https:\/\/www.radio-adapter.eu\/blog\/produkt\/passat-variant-lautsprecher-2-wege-hochtoener-design\/","title":{"rendered":"VW Passat Variant 3B Lautsprecher 2-Wege Hocht\u00f6ner VW Design"},"content":{"rendered":"<p>Diese Lautsprecher passt in den\u00a0<em>VW Passat 3B Variant<\/em> von 1996 \u2013 2000 und die originalen Einbaupl\u00e4tze\u00a0 Das Set\u00a0<strong>VW Passat Variant 3B Lautsprecher 2-Wege Hocht\u00f6ner VW Design<\/strong> erm\u00f6glicht den Austausch der originalen Lautsprecher, es werden wieder die gleichen Einbaupl\u00e4tze verwendet. Die Lautsprecher verschwinden unter der T\u00fcrverkleidung und sind von au\u00dfen nicht sichtbar.<\/p>\n<p>Es werden soweit wie m\u00f6glich die originalen Lautsprecherkabel ab Werk in den T\u00fcren genutzt um das System mit der Frequenzweiche zu verkabeln. In dem\u00a0<em>VW Passat Variant 3B Lautsprecher 2-Wege Hocht\u00f6ner VW Design<\/em> sind alle Notwendigen Lautsprecher und Adapter enthalten um den Einbau zu bewerkstelligen.<\/p>\n<p><span style=\"color: #ff0000;\"><strong>2-Wege Lautsprecher f\u00fcr vordere oder hintere T\u00fcren<\/strong><\/span><\/p>\n<h2>Die Lautsprecher Gr\u00f6\u00dfen im VW Passat 3B vorne<\/h2>\n<p>In den vorderen T\u00fcren ist ein zwei Wege System mit 16,5 cm Tieft\u00f6ner und Hocht\u00f6ner in den vorderen linken und rechten Spiegeldreieck verbaut.<\/p>\n<p>&nbsp;<\/p>\n<h2>Die Lautsprecher Gr\u00f6\u00dfen im VW Passat 3B hinten<\/h2>\n<p>In den hinteren T\u00fcren ist ein 16,5 mm Tieft\u00f6ner verbaut und Hocht\u00f6ner im T\u00fcr\u00f6ffner<\/p>\n<h2>Lieferumfang: VW Passat Variant 3B Lautsprecher 2-Wege Hocht\u00f6ner VW Design<\/h2>\n<ul>\n<li>1 x Zwei Wege Auto Lautsprechersystem mit 2 x Frequenzweichen und 2 x separaten Hocht\u00f6nern f\u00fcr die vorderen oder hinteren T\u00fcren<\/li>\n<li>2 x Lautsprecherringe f\u00fcr den Einbau in den vorderen oder hinteren T\u00fcren<\/li>\n<li>2 x Lautsprecheradapterkabel f\u00fcr vordere oder hintere T\u00fcren<\/li>\n<\/ul>\n<p>&nbsp;<\/p>\n<p><strong>Alle Lautsprechersysteme werden immer paarweise geliefert!<\/strong><\/p>\n<p>Die\u00a0<strong>VW Passat Variant 3B Lautsprecher Set f\u00fcr vier T\u00fcren<\/strong> verf\u00fcgen \u00fcber einen sehr hohen Wirkungsgrad und ist auch f\u00fcr den Normalbetrieb am Autoradio ohne weitere Verst\u00e4rker geeignet!<\/p>\n<p>Hersteller: MB Quart<\/p>\n<p>Das Set <em>VW Passat Variant 3B Lautsprecher 2-Wege Hocht\u00f6ner VW Design<\/em> von MB Quart f\u00fcr fahrzeugspezifische Installationen. Verschwinden hinter der T\u00fcrverkleidung und sind von Au\u00dfen nicht zu sehen.<\/p>\n<p>Technische Daten: 2 Wege System QM 165 VW<\/p>\n<ul>\n<li>2 x 25 mm Gewebehocht\u00f6ner<\/li>\n<li>2 x 166 mm Polycone Bass<\/li>\n<li>2 x Frequenzweiche incl. Kabel und Adapter<\/li>\n<li>16,5 cm Lautsprecher-Komponentensystem<\/li>\n<li>2-Wege, f\u00fcr VW Fahrzeuge<\/li>\n<li>Belastbarkeit: 2 x 80\/120 Watt<\/li>\n<\/ul>\n<p><a href=\"http:\/\/www.radio-adapter.eu\/blog\/wp-content\/uploads\/2015\/08\/Original-VW-Hocht\u00f6ner-Design.jpg\"><img loading=\"lazy\" decoding=\"async\" width=\"500\" height=\"331\" class=\"alignalignnone size-full wp-image-3889\" src=\"http:\/\/www.radio-adapter.eu\/blog\/wp-content\/uploads\/2015\/08\/Original-VW-Hocht\u00f6ner-Design.jpg\" alt=\"Original VW Hocht\u00f6ner Design\" srcset=\"https:\/\/www.radio-adapter.eu\/blog\/wp-content\/uploads\/2015\/08\/Original-VW-Hocht\u00f6ner-Design.jpg 500w, https:\/\/www.radio-adapter.eu\/blog\/wp-content\/uploads\/2015\/08\/Original-VW-Hocht\u00f6ner-Design-236x156.jpg 236w, https:\/\/www.radio-adapter.eu\/blog\/wp-content\/uploads\/2015\/08\/Original-VW-Hocht\u00f6ner-Design-300x199.jpg 300w, https:\/\/www.radio-adapter.eu\/blog\/wp-content\/uploads\/2015\/08\/Original-VW-Hocht\u00f6ner-Design-480x318.jpg 480w, https:\/\/www.radio-adapter.eu\/blog\/wp-content\/uploads\/2015\/08\/Original-VW-Hocht\u00f6ner-Design-151x100.jpg 151w, https:\/\/www.radio-adapter.eu\/blog\/wp-content\/uploads\/2015\/08\/Original-VW-Hocht\u00f6ner-Design-275x182.jpg 275w\" sizes=\"auto, (max-width: 500px) 100vw, 500px\" \/><\/a><\/p>\n<p>&nbsp;<\/p>\n<p>Gratis Lautsprecher Einbau Anleitungen<\/p>\n<h3 class=\"entry-title\"><a href=\"http:\/\/www.radio-adapter.eu\/blog\/lautsprecher-tausch-vw-passat-3b-elektrische-fensterheber\/\" target=\"_blank\" rel=\"noopener noreferrer\">Lautsprecher tausch VW Passat 3B elektrische Fensterheber<\/a><\/h3>\n<h3 class=\"entry-title\"><a href=\"http:\/\/www.radio-adapter.eu\/blog\/lautsprecher-wechsel-vw-passat-variant-3b\/\" target=\"_blank\" rel=\"noopener noreferrer\">Lautsprecher wechsel VW Passat Variant 3B<\/a><\/h3>\n<p>Wichtig ist das die Einbauanleitung f\u00fcr die Auto-Lautsprecher<em> VW Passat Variant 3B Lautsprecher 2-Wege Hocht\u00f6ner VW Design<\/em> beachtet wird um zu einen guten Ergebnis beim Einbau zu kommen. Als Ausstattung sollte das passende Werkzeug vorhanden sein um die Installation durchzuf\u00fchren. Durch die Selbstmontage k\u00f6nnen nat\u00fcrlich Kosten gespart werden.<\/p>\n<p>Die einzelnen Schritte der Demontage der T\u00fcrverkleidungen und das Entfernen der originalen Lautsprecher werden in den Anleitungen beschrieben. Die originalen Werkslautsprecher sind mit Ringen aus Kunststoff an die T\u00fcrbleche genietet das ist von Fahrzeugtyp zu Fahrzeugtyp unterschiedlich.. Die originalen Werkslautsprecher m\u00fcssen mit den Lautsprecher-Halterungen ausgebohrt werden um die neuen Lautsprecher mit den im Lieferumfang enthaltenen Lautsprecherringen zu montieren.<\/p>\n<p>F\u00fcr die meisten Fahrzeugtypen und den passenden Lautsprecher Einbausets sind Einbauanleitungen vorhanden. Die Anleitungen sind ohne Gew\u00e4hr und von der handwerklichen F\u00e4higkeit des Monteurs abh\u00e4ngig. Unsachgem\u00e4\u00dfer Einbau f\u00fchrt zu einem schlechten Ergebnis im Klang und Pegel.<\/p>\n<p>&nbsp;<\/p>\n<p>&nbsp;<\/p>\n<p>&nbsp;<\/p>\n<p>&nbsp;<\/p>\n<p>&nbsp;<\/p>\n<p>&nbsp;<\/p>\n<p>&nbsp;<\/p>\n","protected":false},"excerpt":{"rendered":"<p>Dieses Auto Lautsprecher Einbauset, VW Passat Variant 3B Lautsprecher 2-Wege Hocht\u00f6ner VW Design f\u00fcr vier T\u00fcren ist f\u00fcr den Austausch des Standard Lautsprechersystems in VW Passat Variant 3B geeignet. Im Lieferumfang sind alle Lautsprecher und dazugeh\u00f6rigen Kabel und Einbaurringe enthalten.<\/p>\n","protected":false},"featured_media":4020,"comment_status":"open","ping_status":"closed","template":"","meta":{"jetpack_post_was_ever_published":false,"jetpack_publicize_message":"","jetpack_publicize_feature_enabled":true,"jetpack_social_post_already_shared":true,"jetpack_social_options":{"image_generator_settings":{"template":"highway","default_image_id":0,"font":"","enabled":false},"version":2}},"product_brand":[],"product_cat":[2349,2657],"product_tag":[2748,2747,2364,2363],"class_list":{"0":"post-4019","1":"product","2":"type-product","3":"status-publish","4":"has-post-thumbnail","6":"product_cat-auto-lautsprecher-einbausets","7":"product_cat-vw-passat-3b-lautsprecher-einbausets","8":"product_tag-die-lautsprecher-groessen-im-vw-passat-variant-3b-hinten","9":"product_tag-die-lautsprecher-groessen-im-vw-passat-variant-3b-vorne","10":"product_tag-lautsprechersystem-fuer-vw-passat-3b","11":"product_tag-neue-lautsprecher-fuer-vw-passat-3b","12":"product_shipping_class-auto-lautsprecher-set","14":"first","15":"outofstock","16":"taxable","17":"shipping-taxable","18":"purchasable","19":"product-type-simple"},"jetpack_publicize_connections":[],"jetpack_sharing_enabled":true,"jetpack_likes_enabled":true,"_links":{"self":[{"href":"https:\/\/www.radio-adapter.eu\/blog\/wp-json\/wp\/v2\/product\/4019","targetHints":{"allow":["GET"]}}],"collection":[{"href":"https:\/\/www.radio-adapter.eu\/blog\/wp-json\/wp\/v2\/product"}],"about":[{"href":"https:\/\/www.radio-adapter.eu\/blog\/wp-json\/wp\/v2\/types\/product"}],"replies":[{"embeddable":true,"href":"https:\/\/www.radio-adapter.eu\/blog\/wp-json\/wp\/v2\/comments?post=4019"}],"wp:featuredmedia":[{"embeddable":true,"href":"https:\/\/www.radio-adapter.eu\/blog\/wp-json\/wp\/v2\/media\/4020"}],"wp:attachment":[{"href":"https:\/\/www.radio-adapter.eu\/blog\/wp-json\/wp\/v2\/media?parent=4019"}],"wp:term":[{"taxonomy":"product_brand","embeddable":true,"href":"https:\/\/www.radio-adapter.eu\/blog\/wp-json\/wp\/v2\/product_brand?post=4019"},{"taxonomy":"product_cat","embeddable":true,"href":"https:\/\/www.radio-adapter.eu\/blog\/wp-json\/wp\/v2\/product_cat?post=4019"},{"taxonomy":"product_tag","embeddable":true,"href":"https:\/\/www.radio-adapter.eu\/blog\/wp-json\/wp\/v2\/product_tag?post=4019"}],"curies":[{"name":"wp","href":"https:\/\/api.w.org\/{rel}","templated":true}]}}