{"id":3999,"date":"2015-08-18T07:49:49","date_gmt":"2015-08-18T05:49:49","guid":{"rendered":"http:\/\/www.radio-adapter.eu\/blog\/produkt\/passat-variant-3bg-lautsprecher-testsieger-set-oberklasse\/"},"modified":"2024-03-01T05:58:07","modified_gmt":"2024-03-01T04:58:07","slug":"passat-variant-3bg-lautsprecher-testsieger-set-oberklasse","status":"publish","type":"product","link":"https:\/\/www.radio-adapter.eu\/blog\/produkt\/passat-variant-3bg-lautsprecher-testsieger-set-oberklasse\/","title":{"rendered":"VW Passat Variant 3BG Lautsprecher Testsieger Set Oberklasse"},"content":{"rendered":"<p>Diese Lautsprecher passt in den\u00a0<em>VW Passat 3B<\/em> von 2000 \u2013 2005 und die originalen Einbaupl\u00e4tze\u00a0 Das Set\u00a0<strong>VW Passat Variant 3BG Lautsprecher Testsieger Set Oberklasse<\/strong> erm\u00f6glicht den Austausch der originalen Lautsprecher, es werden wieder die gleichen Einbaupl\u00e4tze verwendet. Die Lautsprecher verschwinden unter der T\u00fcrverkleidung und sind von au\u00dfen nicht sichtbar.<\/p>\n<p>Es werden soweit wie m\u00f6glich die originalen Lautsprecherkabel ab Werk in den T\u00fcren genutzt um das System mit der Frequenzweiche zu verkabeln. In dem VW Passat Variant 3BG Lautsprecher Testsieger Set Oberklasse sind alle Notwendigen Lautsprecher und Adapter enthalten um den Einbau zu bewerkstelligen.<\/p>\n<p><span style=\"color: #ff0000;\"><strong>\u00a0<\/strong><\/span><\/p>\n<h2>Die Lautsprecher Gr\u00f6\u00dfen im VW Passat 3B vorne<\/h2>\n<p>In den vorderen T\u00fcren ist ein zwei Wege System mit 16,5 cm Tieft\u00f6ner und Hocht\u00f6ner in den vorderen linken und rechten Spiegeldreieck verbaut.<\/p>\n<p>&nbsp;<\/p>\n<h2>Die Lautsprecher Gr\u00f6\u00dfen im VW Passat 3B hinten<\/h2>\n<p>In den hinteren T\u00fcren ist ein 16,5 mm Tieft\u00f6ner verbaut und Hocht\u00f6ner im T\u00fcr\u00f6ffner.<\/p>\n<h2>Lieferumfang: VW Passat 3B Lautsprecher Testsieger Set Oberklasse<\/h2>\n<ul>\n<li>1 x Zwei Wege Auto Lautsprechersystem mit 2 x Frequenzweichen und 2 x separaten Hocht\u00f6nern f\u00fcr die vorderen T\u00fcren<\/li>\n<li>1 x Zwei Wege Koaxiallautsprecher mit integrierten Hocht\u00f6ner f\u00fcr die hinteren T\u00fcren<\/li>\n<li>4 x Lautsprecherringe f\u00fcr den Einbau in den vorderen und hinteren T\u00fcren<\/li>\n<li>4 x Lautsprecheradapterkabel f\u00fcr vordere und hintere T\u00fcren<\/li>\n<\/ul>\n<p>&nbsp;<\/p>\n<p><strong>Alle Lautsprechersysteme werden immer paarweise geliefert!<\/strong><\/p>\n<p>Die\u00a0<strong>VW Passat Variant 3BG Lautsprecher Testsieger Set Oberklasse<\/strong> verf\u00fcgen \u00fcber einen sehr hohen Wirkungsgrad und ist auch f\u00fcr den Normalbetrieb am Autoradio ohne weitere Verst\u00e4rker geeignet!<\/p>\n<p>Hersteller: JL-Audio C2 650<\/p>\n<p>Premium Lautsprecher der Oberklasse mit hervorrangendem Klang.<\/p>\n<p>&nbsp;<\/p>\n<p>Das Set VW Passat Variant 3BG Lautsprecher Testsieger Set Oberklasse von JL-Audio enth\u00e4lt ein paar Gitter f\u00fcr benutzerdefinierte Installationen. Hinter der T\u00fcrverkleidung sind diese Abdeckgitter nicht notwendig.<\/p>\n<p><a href=\"http:\/\/www.radio-adapter.eu\/blog\/wp-content\/uploads\/2015\/08\/Lautsprecher-Abdeckgitter.jpg\"><img loading=\"lazy\" decoding=\"async\" width=\"500\" height=\"235\" class=\"alignalignnone size-full wp-image-3778\" src=\"http:\/\/www.radio-adapter.eu\/blog\/wp-content\/uploads\/2015\/08\/Lautsprecher-Abdeckgitter.jpg\" alt=\"Lautsprecher Abdeckgitter\" srcset=\"https:\/\/www.radio-adapter.eu\/blog\/wp-content\/uploads\/2015\/08\/Lautsprecher-Abdeckgitter.jpg 500w, https:\/\/www.radio-adapter.eu\/blog\/wp-content\/uploads\/2015\/08\/Lautsprecher-Abdeckgitter-236x111.jpg 236w, https:\/\/www.radio-adapter.eu\/blog\/wp-content\/uploads\/2015\/08\/Lautsprecher-Abdeckgitter-300x141.jpg 300w, https:\/\/www.radio-adapter.eu\/blog\/wp-content\/uploads\/2015\/08\/Lautsprecher-Abdeckgitter-480x226.jpg 480w, https:\/\/www.radio-adapter.eu\/blog\/wp-content\/uploads\/2015\/08\/Lautsprecher-Abdeckgitter-151x71.jpg 151w, https:\/\/www.radio-adapter.eu\/blog\/wp-content\/uploads\/2015\/08\/Lautsprecher-Abdeckgitter-275x129.jpg 275w\" sizes=\"auto, (max-width: 500px) 100vw, 500px\" \/><\/a><\/p>\n<p>&nbsp;<\/p>\n<p>Technische Daten: 2 Wege System C2 650<\/p>\n<ul>\n<li>16,5cm 2-Wege-Compo-System<br \/>\nmit Gitter und Frequenzweiche<\/li>\n<li>19 mm Gewebe-Neodym-Hocht\u00f6ner<\/li>\n<li>60 Watt RMS, 100 Watt Peak<\/li>\n<li>91 dB, 59 Hz- 22 KHz, \u00d8 142 mm, \u2021 Einbautiefe 62 mm<\/li>\n<\/ul>\n<p>&nbsp;<\/p>\n<h4><span style=\"color: #ff0000;\"><strong>Testsieger in Zeitschrift Autohifi 2\/2012<\/strong><\/span><\/h4>\n<p>Technische Daten: 2 Wege Koaxiallautsprecher C2 650x<\/p>\n<ul>\n<li>Power Handling 60\/100 Watts, Impedance 4 Ohms<\/li>\n<li>19 mm Neodymium-Silk-Tweeter Dome<\/li>\n<li>Injection, Mica Filled Polycone, incl. Grilles<\/li>\n<li>89 dB, Frequency Response 59Hz &#8211; 22kHz +\/-3dB<\/li>\n<li>\u2021 63 mm, \u00d8 142 mm<\/li>\n<\/ul>\n<p><a href=\"http:\/\/www.radio-adapter.eu\/blog\/wp-content\/uploads\/2015\/08\/Jl-Audio-C2-650x-Hocht\u00f6ner.jpg\"><img loading=\"lazy\" decoding=\"async\" width=\"308\" height=\"307\" class=\"alignalignnone size-full wp-image-3980\" src=\"http:\/\/www.radio-adapter.eu\/blog\/wp-content\/uploads\/2015\/08\/Jl-Audio-C2-650x-Hocht\u00f6ner.jpg\" alt=\"Jl Audio C2 650x Hocht\u00f6ner\" srcset=\"https:\/\/www.radio-adapter.eu\/blog\/wp-content\/uploads\/2015\/08\/Jl-Audio-C2-650x-Hocht\u00f6ner.jpg 308w, https:\/\/www.radio-adapter.eu\/blog\/wp-content\/uploads\/2015\/08\/Jl-Audio-C2-650x-Hocht\u00f6ner-247x247.jpg 247w, https:\/\/www.radio-adapter.eu\/blog\/wp-content\/uploads\/2015\/08\/Jl-Audio-C2-650x-Hocht\u00f6ner-100x100.jpg 100w, https:\/\/www.radio-adapter.eu\/blog\/wp-content\/uploads\/2015\/08\/Jl-Audio-C2-650x-Hocht\u00f6ner-236x236.jpg 236w, https:\/\/www.radio-adapter.eu\/blog\/wp-content\/uploads\/2015\/08\/Jl-Audio-C2-650x-Hocht\u00f6ner-300x300.jpg 300w, https:\/\/www.radio-adapter.eu\/blog\/wp-content\/uploads\/2015\/08\/Jl-Audio-C2-650x-Hocht\u00f6ner-151x151.jpg 151w, https:\/\/www.radio-adapter.eu\/blog\/wp-content\/uploads\/2015\/08\/Jl-Audio-C2-650x-Hocht\u00f6ner-275x274.jpg 275w, https:\/\/www.radio-adapter.eu\/blog\/wp-content\/uploads\/2015\/08\/Jl-Audio-C2-650x-Hocht\u00f6ner-128x128.jpg 128w\" sizes=\"auto, (max-width: 308px) 100vw, 308px\" \/><\/a><\/p>\n<p><a href=\"http:\/\/www.radio-adapter.eu\/blog\/wp-content\/uploads\/2015\/08\/JL-Audio-C2-650x-Bewertung-Autohifi.jpg\"><img loading=\"lazy\" decoding=\"async\" width=\"349\" height=\"204\" class=\"alignalignnone size-full wp-image-3979\" src=\"http:\/\/www.radio-adapter.eu\/blog\/wp-content\/uploads\/2015\/08\/JL-Audio-C2-650x-Bewertung-Autohifi.jpg\" alt=\"JL Audio C2 650x Bewertung Autohifi\" \/><\/a><\/p>\n<h3>\u00a0<strong>Weitere JL-Audio Testsiege:<\/strong><\/h3>\n<p><a href=\"http:\/\/www.radio-adapter.eu\/blog\/wp-content\/uploads\/2015\/08\/Test-JL-Audio-C2-650x.jpg\"><img loading=\"lazy\" decoding=\"async\" width=\"250\" height=\"210\" class=\"alignalignnone size-full wp-image-3779\" src=\"http:\/\/www.radio-adapter.eu\/blog\/wp-content\/uploads\/2015\/08\/Test-JL-Audio-C2-650x.jpg\" alt=\"Test JL Audio C2 650x\" srcset=\"https:\/\/www.radio-adapter.eu\/blog\/wp-content\/uploads\/2015\/08\/Test-JL-Audio-C2-650x.jpg 250w, https:\/\/www.radio-adapter.eu\/blog\/wp-content\/uploads\/2015\/08\/Test-JL-Audio-C2-650x-236x198.jpg 236w, https:\/\/www.radio-adapter.eu\/blog\/wp-content\/uploads\/2015\/08\/Test-JL-Audio-C2-650x-151x127.jpg 151w\" sizes=\"auto, (max-width: 250px) 100vw, 250px\" \/><\/a><a href=\"http:\/\/www.radio-adapter.eu\/blog\/wp-content\/uploads\/2015\/08\/Test-JL-Audio-C2-690x.jpg\"><img loading=\"lazy\" decoding=\"async\" width=\"250\" height=\"210\" class=\"alignalignnone size-full wp-image-3780\" src=\"http:\/\/www.radio-adapter.eu\/blog\/wp-content\/uploads\/2015\/08\/Test-JL-Audio-C2-690x.jpg\" alt=\"Test JL Audio C2 690x\" srcset=\"https:\/\/www.radio-adapter.eu\/blog\/wp-content\/uploads\/2015\/08\/Test-JL-Audio-C2-690x.jpg 250w, https:\/\/www.radio-adapter.eu\/blog\/wp-content\/uploads\/2015\/08\/Test-JL-Audio-C2-690x-236x198.jpg 236w, https:\/\/www.radio-adapter.eu\/blog\/wp-content\/uploads\/2015\/08\/Test-JL-Audio-C2-690x-151x127.jpg 151w\" sizes=\"auto, (max-width: 250px) 100vw, 250px\" \/><\/a><a href=\"http:\/\/www.radio-adapter.eu\/blog\/wp-content\/uploads\/2015\/08\/Test-JL-Audio-C5-650.jpg\"><img loading=\"lazy\" decoding=\"async\" width=\"250\" height=\"210\" class=\"alignalignnone size-full wp-image-3781\" src=\"http:\/\/www.radio-adapter.eu\/blog\/wp-content\/uploads\/2015\/08\/Test-JL-Audio-C5-650.jpg\" alt=\"Test JL Audio C5 650\" srcset=\"https:\/\/www.radio-adapter.eu\/blog\/wp-content\/uploads\/2015\/08\/Test-JL-Audio-C5-650.jpg 250w, https:\/\/www.radio-adapter.eu\/blog\/wp-content\/uploads\/2015\/08\/Test-JL-Audio-C5-650-236x198.jpg 236w, https:\/\/www.radio-adapter.eu\/blog\/wp-content\/uploads\/2015\/08\/Test-JL-Audio-C5-650-151x127.jpg 151w\" sizes=\"auto, (max-width: 250px) 100vw, 250px\" \/><\/a><\/p>\n<p>&nbsp;<\/p>\n<p>&nbsp;<\/p>\n<p>Gratis Lautsprecher Einbau Anleitungen<\/p>\n<h3 class=\"entry-title\"><a href=\"http:\/\/www.radio-adapter.eu\/blog\/lautsprecher-hinten-einbauen-passat-3bg\/\" target=\"_blank\" rel=\"noopener noreferrer\">Lautsprecher hinten einbauen Passat 3bg<\/a><\/h3>\n<p>Wichtig ist das die Einbauanleitung f\u00fcr die Auto-Lautsprecher<em> VW Passat Variant 3BG Lautsprecher Testsieger Set Oberklasse<\/em> beachtet wird um zu einen guten Ergebnis beim Einbau zu kommen. Als Ausstattung sollte das passende Werkzeug vorhanden sein um die Installation durchzuf\u00fchren. Durch die Selbstmontage k\u00f6nnen nat\u00fcrlich Kosten gespart werden.<\/p>\n<p>Die einzelnen Schritte der Demontage der T\u00fcrverkleidungen und das Entfernen der originalen Lautsprecher werden in den Anleitungen beschrieben. Die originalen Werkslautsprecher sind mit Ringen aus Kunststoff an die T\u00fcrbleche genietet das ist von Fahrzeugtyp zu Fahrzeugtyp unterschiedlich.. Die originalen Werkslautsprecher m\u00fcssen mit den Lautsprecher-Halterungen ausgebohrt werden um die neuen Lautsprecher mit den im Lieferumfang enthaltenen Lautsprecherringen zu montieren.<\/p>\n<p>F\u00fcr die meisten Fahrzeugtypen und den passenden Lautsprecher Einbausets sind Einbauanleitungen vorhanden. Die Anleitungen sind ohne Gew\u00e4hr und von der handwerklichen F\u00e4higkeit des Monteurs abh\u00e4ngig. Unsachgem\u00e4\u00dfer Einbau f\u00fchrt zu einem schlechten Ergebnis im Klang und Pegel.<\/p>\n<p>&nbsp;<\/p>\n<p>&nbsp;<\/p>\n<p>&nbsp;<\/p>\n<p>&nbsp;<\/p>\n<p>&nbsp;<\/p>\n<p>&nbsp;<\/p>\n","protected":false},"excerpt":{"rendered":"<p>Dieses Auto Lautsprecher Einbauset, VW Passat Variant 3BG Lautsprecher Testsieger Set Oberklasse ist f\u00fcr den Austausch des Standard Lautsprechersystems in VW Passat Variant 3BG geeignet. Im Lieferumfang sind alle Lautsprecher und dazugeh\u00f6rigen Kabel und Einbaurringe enthalten.<\/p>\n","protected":false},"featured_media":4001,"comment_status":"open","ping_status":"closed","template":"","meta":{"jetpack_post_was_ever_published":false,"jetpack_publicize_message":"","jetpack_publicize_feature_enabled":true,"jetpack_social_post_already_shared":true,"jetpack_social_options":{"image_generator_settings":{"template":"highway","default_image_id":0,"font":"","enabled":false},"version":2}},"product_brand":[],"product_cat":[2349,2732],"product_tag":[2733,2734,2735,2736,2737,2738],"class_list":{"0":"post-3999","1":"product","2":"type-product","3":"status-publish","4":"has-post-thumbnail","6":"product_cat-auto-lautsprecher-einbausets","7":"product_cat-vw-passat-3bg-lautsprecher-einbausets","8":"product_tag-die-lautsprecher-groessen-im-vw-passat-variant-3bg-hinten","9":"product_tag-die-lautsprecher-groessen-im-vw-passat-variant-3bg-vorne","10":"product_tag-lautsprecher-einbauset-testsieger-vw-passat-3bg","11":"product_tag-lautsprechersystem-fuer-vw-passat-3bg","12":"product_tag-neue-lautsprecher-fuer-vw-passat-3bg","13":"product_tag-vw-passat-3bg-standard-lautsprechersystem-tauschen","14":"product_shipping_class-auto-lautsprecher-set","16":"first","17":"instock","18":"taxable","19":"shipping-taxable","20":"purchasable","21":"product-type-simple"},"jetpack_publicize_connections":[],"jetpack_sharing_enabled":true,"jetpack_likes_enabled":true,"_links":{"self":[{"href":"https:\/\/www.radio-adapter.eu\/blog\/wp-json\/wp\/v2\/product\/3999","targetHints":{"allow":["GET"]}}],"collection":[{"href":"https:\/\/www.radio-adapter.eu\/blog\/wp-json\/wp\/v2\/product"}],"about":[{"href":"https:\/\/www.radio-adapter.eu\/blog\/wp-json\/wp\/v2\/types\/product"}],"replies":[{"embeddable":true,"href":"https:\/\/www.radio-adapter.eu\/blog\/wp-json\/wp\/v2\/comments?post=3999"}],"wp:featuredmedia":[{"embeddable":true,"href":"https:\/\/www.radio-adapter.eu\/blog\/wp-json\/wp\/v2\/media\/4001"}],"wp:attachment":[{"href":"https:\/\/www.radio-adapter.eu\/blog\/wp-json\/wp\/v2\/media?parent=3999"}],"wp:term":[{"taxonomy":"product_brand","embeddable":true,"href":"https:\/\/www.radio-adapter.eu\/blog\/wp-json\/wp\/v2\/product_brand?post=3999"},{"taxonomy":"product_cat","embeddable":true,"href":"https:\/\/www.radio-adapter.eu\/blog\/wp-json\/wp\/v2\/product_cat?post=3999"},{"taxonomy":"product_tag","embeddable":true,"href":"https:\/\/www.radio-adapter.eu\/blog\/wp-json\/wp\/v2\/product_tag?post=3999"}],"curies":[{"name":"wp","href":"https:\/\/api.w.org\/{rel}","templated":true}]}}