{"id":3976,"date":"2015-08-17T19:16:03","date_gmt":"2015-08-17T17:16:03","guid":{"rendered":"http:\/\/www.radio-adapter.eu\/blog\/produkt\/vw-passat-b6-lautsprecher-bewertung-sehr-gut-vordere-tueren\/"},"modified":"2026-04-11T22:06:45","modified_gmt":"2026-04-11T20:06:45","slug":"vw-passat-b6-lautsprecher-bewertung-sehr-gut-vordere-tueren","status":"publish","type":"product","link":"https:\/\/www.radio-adapter.eu\/blog\/produkt\/vw-passat-b6-lautsprecher-bewertung-sehr-gut-vordere-tueren\/","title":{"rendered":"VW Passat B6 Lautsprecher Bewertung sehr gut vordere T\u00fcren"},"content":{"rendered":"<p>Dieser Lautsprecher System kann in VW Passat B6 von 2005 \u2013 2010 verwendet werden. Das Set\u00a0<strong>VW Passat B6 Lautsprecher Bewertung sehr gut vordere T\u00fcren<\/strong> erm\u00f6glicht den Austausch der originalen Lautsprecher, es werden wieder die gleichen Einbaupl\u00e4tze verwendet. Die Lautsprecher verschwinden unter der T\u00fcrverkleidung und sind von au\u00dfen nicht sichtbar.<\/p>\n<p>Es werden soweit wie m\u00f6glich die originalen Lautsprecherkabel ab Werk in den T\u00fcren genutzt um das System mit der Frequenzweiche zu verkabeln. In dem Set\u00a0VW Passat B6 Lautsprecher Bewertung sehr gut vordere T\u00fcren sind alle notwendigen Lautsprecher und Adapter enthalten um den Einbau zu bewerkstelligen.<\/p>\n<p><span style=\"color: #ff0000;\"><strong>Dieses Set ist nicht geeignet f\u00fcr VW Passat B6 mit dem Dynaudio Lautsprechersystem.<\/strong><\/span><\/p>\n<h2>Die Lautsprecher Gr\u00f6\u00dfen im VW Passat B6 vorne<\/h2>\n<p>In den vorderen T\u00fcren ist ein zwei Wege System mit 16,5 cm Tieft\u00f6ner verbaut und separaten Hocht\u00f6nern im Spiegeldreieck seitlich.<\/p>\n<p>&nbsp;<\/p>\n<p>&nbsp;<\/p>\n<h2>Lieferumfang:VW Passat B6 Lautsprecher Bewertung sehr gut vordere T\u00fcren<\/h2>\n<ul>\n<li>1 x Zwei Wege Auto Lautsprechersystem mit 2 x Frequenzweichen und 2 x separaten Hocht\u00f6nern f\u00fcr die vorderen T\u00fcren<\/li>\n<li>2 x Lautsprecherringe f\u00fcr den Einbau in den vorderen T\u00fcren<\/li>\n<li>2 x Lautsprecheradapterkabel vorderen T\u00fcren<\/li>\n<\/ul>\n<p>&nbsp;<\/p>\n<p><strong>Alle Lautsprechersysteme werden immer paarweise geliefert!<\/strong><\/p>\n<p>Die <strong>VW Passat B6 Lautsprecher Bewertung sehr gut vordere T\u00fcren<\/strong> verf\u00fcgen \u00fcber einen sehr hohen Wirkungsgrad und ist auch f\u00fcr den Normalbetrieb am Autoradio ohne weitere Verst\u00e4rker geeignet!<\/p>\n<p>&nbsp;<\/p>\n<p><a href=\"http:\/\/www.radio-adapter.eu\/blog\/fahrzeugspezifische-lautsprecher\/\" target=\"_blank\" rel=\"noopener noreferrer\">Fahrzeugspezifische Lautsprecher<\/a>\u00a0 mit hervorrangendem Klang.<\/p>\n<p>&nbsp;<\/p>\n<p>Das Set\u00a0<strong>VW Passat B6 Lautsprecher Bewertung sehr gut vordere T\u00fcren<\/strong> hat folgende Technische Details:<\/p>\n<p>&nbsp;<\/p>\n<p><strong>Technische Daten: JL-Audio C1 650 2 Wege System<br \/>\n<\/strong><\/p>\n<ul>\n<li>Leistung RMS \/ Max 50 \/ 225 Watt<\/li>\n<li>Frequenzbereich 59 Hz \u2013 22.000 Hz<\/li>\n<li>Durchmesser Tieft\u00f6ner \/ Hocht\u00f6ner 165mm \/ 13mm<\/li>\n<li>19 mm Silk-Dome-Hocht\u00f6ner<\/li>\n<li>Wirkungsgrad 91 dB 1 W \/ 1 m<\/li>\n<li>Impedanz 4 Ohm<\/li>\n<li>Einbautiefe 53 mm<\/li>\n<li>6dB Inline-Crossover with Advanced Tweeter Protection Circuitry<\/li>\n<\/ul>\n<p>&nbsp;<\/p>\n<h3><\/h3>\n<p>&nbsp;<\/p>\n<p>&nbsp;<\/p>\n<h3>Gratis VW\u00a0 Lautsprecher Anleitungen<\/h3>\n<h3 class=\"entry-title\"><a href=\"http:\/\/www.radio-adapter.eu\/blog\/anleitung-lautsprecher-wechseln-vw-passat-b6\/\" target=\"_blank\" rel=\"noopener noreferrer\">Anleitung Lautsprecher wechseln VW Passat B6<\/a><\/h3>\n<p>Wichtig ist das die Einbauanleitung f\u00fcr das Set <em>VW Passat B6 Lautsprecher Bewertung sehr gut vordere T\u00fcren<\/em> beachtet wird um zu einen guten Ergebnis beim Einbau zu kommen. Als Ausstattung sollte das passende Werkzeug vorhanden sein um die Installation durchzuf\u00fchren. Durch die Selbstmontage k\u00f6nnen nat\u00fcrlich Kosten gespart werden.<\/p>\n<p>Die einzelnen Schritte der Demontage der T\u00fcrverkleidungen und das Entfernen der originalen Lautsprecher werden in den Anleitungen beschrieben. Die originalen Werkslautsprecher sind mit Ringen aus Kunststoff an die T\u00fcrbleche genietet das ist von Fahrzeugtyp zu Fahrzeugtyp unterschiedlich.. Die originalen Werkslautsprecher m\u00fcssen mit den Lautsprecher-Halterungen ausgebohrt werden um die neuen Lautsprecher mit den im Lieferumfang enthaltenen Lautsprecherringen zu montieren.<\/p>\n<p>F\u00fcr die meisten Fahrzeugtypen und den passenden Lautsprecher Einbausets sind Einbauanleitungen vorhanden. Die Anleitungen sind ohne Gew\u00e4hr und von der handwerklichen F\u00e4higkeit des Monteurs abh\u00e4ngig. Unsachgem\u00e4\u00dfer Einbau f\u00fchrt zu einem schlechten Ergebnis im Klang und Pegel.<\/p>\n<p>&nbsp;<\/p>\n<p>&nbsp;<\/p>\n<p>&nbsp;<\/p>\n<p>&nbsp;<\/p>\n<p>&nbsp;<\/p>\n<p>&nbsp;<\/p>\n","protected":false},"excerpt":{"rendered":"<p>Dieses Auto Lautsprecher Einbauset, VW Passat B6 Lautsprecher Bewertung sehr gut vordere T\u00fcren ist f\u00fcr den Austausch des Standard Lautsprechersystems in VW Passat B6 geeignet. Im Lieferumfang sind alle Lautsprecher und dazugeh\u00f6rigen Kabel und Einbaurringe enthalten.<\/p>\n","protected":false},"featured_media":8691,"comment_status":"open","ping_status":"closed","template":"","meta":{"jetpack_post_was_ever_published":false,"jetpack_publicize_message":"","jetpack_publicize_feature_enabled":true,"jetpack_social_post_already_shared":true,"jetpack_social_options":{"image_generator_settings":{"template":"highway","default_image_id":0,"font":"","enabled":false},"version":2}},"product_brand":[],"product_cat":[2349,2350,2658],"product_tag":[2352,2356,2355,2353],"class_list":{"0":"post-3976","1":"product","2":"type-product","3":"status-publish","4":"has-post-thumbnail","6":"product_cat-auto-lautsprecher-einbausets","7":"product_cat-vw-lautsprecher-einbausets","8":"product_cat-vw-passat-b6-lautsprecher-einbausets","9":"product_tag-die-lautsprecher-groessen-im-vw-passat-b6-vorne","10":"product_tag-lautsprechersystem-fuer-vw-passat-b6","11":"product_tag-neue-lautsprecher-fuer-vw-passat-b6","12":"product_tag-vw-passat-b6-standard-lautsprechersystem-tauschen","13":"product_shipping_class-auto-lautsprecher-set","15":"first","16":"instock","17":"taxable","18":"shipping-taxable","19":"purchasable","20":"product-type-simple"},"jetpack_publicize_connections":[],"jetpack_sharing_enabled":true,"jetpack_likes_enabled":true,"_links":{"self":[{"href":"https:\/\/www.radio-adapter.eu\/blog\/wp-json\/wp\/v2\/product\/3976","targetHints":{"allow":["GET"]}}],"collection":[{"href":"https:\/\/www.radio-adapter.eu\/blog\/wp-json\/wp\/v2\/product"}],"about":[{"href":"https:\/\/www.radio-adapter.eu\/blog\/wp-json\/wp\/v2\/types\/product"}],"replies":[{"embeddable":true,"href":"https:\/\/www.radio-adapter.eu\/blog\/wp-json\/wp\/v2\/comments?post=3976"}],"wp:featuredmedia":[{"embeddable":true,"href":"https:\/\/www.radio-adapter.eu\/blog\/wp-json\/wp\/v2\/media\/8691"}],"wp:attachment":[{"href":"https:\/\/www.radio-adapter.eu\/blog\/wp-json\/wp\/v2\/media?parent=3976"}],"wp:term":[{"taxonomy":"product_brand","embeddable":true,"href":"https:\/\/www.radio-adapter.eu\/blog\/wp-json\/wp\/v2\/product_brand?post=3976"},{"taxonomy":"product_cat","embeddable":true,"href":"https:\/\/www.radio-adapter.eu\/blog\/wp-json\/wp\/v2\/product_cat?post=3976"},{"taxonomy":"product_tag","embeddable":true,"href":"https:\/\/www.radio-adapter.eu\/blog\/wp-json\/wp\/v2\/product_tag?post=3976"}],"curies":[{"name":"wp","href":"https:\/\/api.w.org\/{rel}","templated":true}]}}