{"id":3795,"date":"2015-08-09T23:05:14","date_gmt":"2015-08-09T21:05:14","guid":{"rendered":"http:\/\/www.radio-adapter.eu\/blog\/produkt\/ford-fiesta-mk7-lautsprecher-oberklasse-tueren-vorne\/"},"modified":"2023-11-12T11:49:50","modified_gmt":"2023-11-12T10:49:50","slug":"ford-fiesta-mk7-lautsprecher-oberklasse-tueren-vorne","status":"publish","type":"product","link":"https:\/\/www.radio-adapter.eu\/blog\/produkt\/ford-fiesta-mk7-lautsprecher-oberklasse-tueren-vorne\/","title":{"rendered":"Ford Fiesta MK7 Lautsprecher Oberklasse T\u00fcren vorne"},"content":{"rendered":"<p>Dieser Lautsprecher Testsieger kann in Ford Fiesta von 2008 \u2013 Heute verwendet werden. Der\u00a0<strong>Ford Fiesta MK7 Lautsprecher Oberklasse T\u00fcren vorne<\/strong> erm\u00f6glicht den Austausch der originalen Lautsprecher, es werden wieder die gleichen Einbaupl\u00e4tze verwendet. Die Lautsprecher verschwinden unter der T\u00fcrverkleidung und sind von au\u00dfen nicht sichtbar.<\/p>\n<p>Es werden soweit wie m\u00f6glich die originalen Lautsprecherkabel ab Werk in den T\u00fcren genutzt um das System mit der Frequenzweiche zu verkabeln. In dem\u00a0<em>Ford Fiesta MK7 Lautsprecher Oberklasse T\u00fcren vorne<\/em> sind alle notwendigen Lautsprecher und Adapter enthalten um den Einbau zu bewerkstelligen.<\/p>\n<p>&nbsp;<\/p>\n<h2>Die Lautsprecher Gr\u00f6\u00dfen im Ford Fiesta vorne<\/h2>\n<p>In den vorderen T\u00fcren ist ein zwei Wege System mit 16,5 cm Tieft\u00f6ner verbaut und separaten Hocht\u00f6nern in der T\u00fcrverkleidung.<\/p>\n<p>&nbsp;<\/p>\n<h2>Lieferumfang: Ford Fiesta MK7 Lautsprecher Oberklasse T\u00fcren vorne<\/h2>\n<ul>\n<li>1 x Zwei Wege Auto Lautsprechersystem mit Frequenzweichen und separaten Hocht\u00f6nern f\u00fcr die vorderen T\u00fcren<\/li>\n<li>1 x Lautsprecherringe f\u00fcr den Einbau in den vorderen T\u00fcren<\/li>\n<li>1 x Lautsprecheradapterkabel vordere T\u00fcren<\/li>\n<\/ul>\n<p>&nbsp;<\/p>\n<p><strong>Alle Lautsprechersysteme werden immer paarweise geliefert!<\/strong><\/p>\n<p>Die\u00a0<em><strong>Ford Fiesta MK7 Lautsprecher Oberklasse T\u00fcren vorne<\/strong><\/em> verf\u00fcgen \u00fcber einen sehr hohen Wirkungsgrad und ist auch f\u00fcr den Normalbetrieb am Autoradio ohne weitere Verst\u00e4rker geeignet!<\/p>\n<p>Hersteller: JL-Audio C2 650<\/p>\n<p>Premium Lautsprecher der Oberklasse mit hervorrangendem Klang.<\/p>\n<p>&nbsp;<\/p>\n<p>Das Set Ford Fiesta MK7 Lautsprecher Oberklasse T\u00fcren vorne von JL-Audio enth\u00e4lt ein paar Gitter f\u00fcr benutzerdefinierte Installationen. Hinter der T\u00fcrverkleidung sind diese Abdeckgitter nicht notwendig.<\/p>\n<p>&nbsp;<\/p>\n<p><a href=\"http:\/\/www.radio-adapter.eu\/blog\/wp-content\/uploads\/2015\/08\/Lautsprecher-Abdeckgitter.jpg\"><img loading=\"lazy\" decoding=\"async\" width=\"500\" height=\"235\" class=\"alignalignnone size-full wp-image-3778\" src=\"http:\/\/www.radio-adapter.eu\/blog\/wp-content\/uploads\/2015\/08\/Lautsprecher-Abdeckgitter.jpg\" sizes=\"auto, (max-width: 500px) 100vw, 500px\" srcset=\"http:\/\/www.radio-adapter.eu\/blog\/wp-content\/uploads\/2015\/08\/Lautsprecher-Abdeckgitter.jpg 500w, http:\/\/www.radio-adapter.eu\/blog\/wp-content\/uploads\/2015\/08\/Lautsprecher-Abdeckgitter-236x111.jpg 236w, http:\/\/www.radio-adapter.eu\/blog\/wp-content\/uploads\/2015\/08\/Lautsprecher-Abdeckgitter-300x141.jpg 300w, http:\/\/www.radio-adapter.eu\/blog\/wp-content\/uploads\/2015\/08\/Lautsprecher-Abdeckgitter-151x71.jpg 151w, http:\/\/www.radio-adapter.eu\/blog\/wp-content\/uploads\/2015\/08\/Lautsprecher-Abdeckgitter-275x129.jpg 275w\" alt=\"Lautsprecher Abdeckgitter\" \/><\/a><\/p>\n<p><strong>Technische Daten:<\/strong><\/p>\n<ul>\n<li>16,5cm 2-Wege-Compo-System<br \/>\nmit Gitter und Frequenzweiche<\/li>\n<li>19 mm Gewebe-Neodym-Hocht\u00f6ner<\/li>\n<li>60 Watt RMS, 100 Watt Peak<\/li>\n<li>91 dB, 59 Hz- 22 KHz, \u00d8 142 mm, \u2021 Einbautiefe 62 mm<\/li>\n<\/ul>\n<p><img loading=\"lazy\" decoding=\"async\" width=\"400\" height=\"500\" class=\"alignalignnone size-full wp-image-8783\" src=\"http:\/\/www.radio-adapter.eu\/blog\/wp-content\/uploads\/2015\/06\/JL-Audio-C2-650-Test.jpg\" sizes=\"auto, (max-width: 400px) 100vw, 400px\" srcset=\"http:\/\/www.radio-adapter.eu\/blog\/wp-content\/uploads\/2015\/06\/JL-Audio-C2-650-Test.jpg 400w, http:\/\/www.radio-adapter.eu\/blog\/wp-content\/uploads\/2015\/06\/JL-Audio-C2-650-Test-189x236.jpg 189w, http:\/\/www.radio-adapter.eu\/blog\/wp-content\/uploads\/2015\/06\/JL-Audio-C2-650-Test-240x300.jpg 240w, http:\/\/www.radio-adapter.eu\/blog\/wp-content\/uploads\/2015\/06\/JL-Audio-C2-650-Test-151x189.jpg 151w, http:\/\/www.radio-adapter.eu\/blog\/wp-content\/uploads\/2015\/06\/JL-Audio-C2-650-Test-275x344.jpg 275w\" \/><\/p>\n<h3>\u00a0<strong>Weitere JL-Audio Testsiege:<\/strong><\/h3>\n<p><a href=\"http:\/\/www.radio-adapter.eu\/blog\/wp-content\/uploads\/2015\/08\/Test-JL-Audio-C2-650x.jpg\"><img loading=\"lazy\" decoding=\"async\" width=\"250\" height=\"210\" class=\"alignalignnone size-full wp-image-3779\" src=\"http:\/\/www.radio-adapter.eu\/blog\/wp-content\/uploads\/2015\/08\/Test-JL-Audio-C2-650x.jpg\" alt=\"Test JL Audio C2 650x\" srcset=\"https:\/\/www.radio-adapter.eu\/blog\/wp-content\/uploads\/2015\/08\/Test-JL-Audio-C2-650x.jpg 250w, https:\/\/www.radio-adapter.eu\/blog\/wp-content\/uploads\/2015\/08\/Test-JL-Audio-C2-650x-236x198.jpg 236w, https:\/\/www.radio-adapter.eu\/blog\/wp-content\/uploads\/2015\/08\/Test-JL-Audio-C2-650x-151x127.jpg 151w\" sizes=\"auto, (max-width: 250px) 100vw, 250px\" \/><\/a><a href=\"http:\/\/www.radio-adapter.eu\/blog\/wp-content\/uploads\/2015\/08\/Test-JL-Audio-C2-690x.jpg\"><img loading=\"lazy\" decoding=\"async\" width=\"250\" height=\"210\" class=\"alignalignnone size-full wp-image-3780\" src=\"http:\/\/www.radio-adapter.eu\/blog\/wp-content\/uploads\/2015\/08\/Test-JL-Audio-C2-690x.jpg\" alt=\"Test JL Audio C2 690x\" srcset=\"https:\/\/www.radio-adapter.eu\/blog\/wp-content\/uploads\/2015\/08\/Test-JL-Audio-C2-690x.jpg 250w, https:\/\/www.radio-adapter.eu\/blog\/wp-content\/uploads\/2015\/08\/Test-JL-Audio-C2-690x-236x198.jpg 236w, https:\/\/www.radio-adapter.eu\/blog\/wp-content\/uploads\/2015\/08\/Test-JL-Audio-C2-690x-151x127.jpg 151w\" sizes=\"auto, (max-width: 250px) 100vw, 250px\" \/><\/a><a href=\"http:\/\/www.radio-adapter.eu\/blog\/wp-content\/uploads\/2015\/08\/Test-JL-Audio-C5-650.jpg\"><img loading=\"lazy\" decoding=\"async\" width=\"250\" height=\"210\" class=\"alignalignnone size-full wp-image-3781\" src=\"http:\/\/www.radio-adapter.eu\/blog\/wp-content\/uploads\/2015\/08\/Test-JL-Audio-C5-650.jpg\" alt=\"Test JL Audio C5 650\" srcset=\"https:\/\/www.radio-adapter.eu\/blog\/wp-content\/uploads\/2015\/08\/Test-JL-Audio-C5-650.jpg 250w, https:\/\/www.radio-adapter.eu\/blog\/wp-content\/uploads\/2015\/08\/Test-JL-Audio-C5-650-236x198.jpg 236w, https:\/\/www.radio-adapter.eu\/blog\/wp-content\/uploads\/2015\/08\/Test-JL-Audio-C5-650-151x127.jpg 151w\" sizes=\"auto, (max-width: 250px) 100vw, 250px\" \/><\/a><\/p>\n<p>&nbsp;<\/p>\n<p>&nbsp;<\/p>\n<p>&nbsp;<\/p>\n<p>Wichtig ist das die Einbauanleitung f\u00fcr die Auto-Lautsprecher Ford Fiesta MK7 Lautsprecher Oberklasse T\u00fcren vorne beachtet wird um zu einen guten Ergebnis beim Einbau zu kommen. Als Ausstattung sollte das passende Werkzeug vorhanden sein um die Installation durchzuf\u00fchren. Durch die Selbstmontage k\u00f6nnen nat\u00fcrlich Kosten gespart werden.<\/p>\n<p>Die einzelnen Schritte der Demontage der T\u00fcrverkleidungen und das Entfernen der originalen Lautsprecher werden in den Anleitungen beschrieben. Die originalen Werkslautsprecher sind mit Ringen aus Kunststoff an die T\u00fcrbleche genietet das ist von Fahrzeugtyp zu Fahrzeugtyp unterschiedlich.. Die originalen Werkslautsprecher m\u00fcssen mit den Lautsprecher-Halterungen ausgebohrt werden um die neuen Lautsprecher mit den im Lieferumfang enthaltenen Lautsprecherringen zu montieren.<\/p>\n<p>F\u00fcr die meisten Fahrzeugtypen und den passenden Lautsprecher Einbausets sind Einbauanleitungen vorhanden. Die Anleitungen sind ohne Gew\u00e4hr und von der handwerklichen F\u00e4higkeit des Monteurs abh\u00e4ngig. Unsachgem\u00e4\u00dfer Einbau f\u00fchrt zu einem schlechten Ergebnis im Klang und Pegel.<\/p>\n<p>&nbsp;<\/p>\n<p>&nbsp;<\/p>\n<p>&nbsp;<\/p>\n<p>&nbsp;<\/p>\n<p>&nbsp;<\/p>\n<p>&nbsp;<\/p>\n","protected":false},"excerpt":{"rendered":"<p>Dieses Auto Lautsprecher Einbauset, Ford Fiesta MK7 Lautsprecher Oberklasse T\u00fcren vorne ist f\u00fcr den Austausch des Standard Lautsprechersystems in Ford Fiesta geeignet. Im Lieferumfang sind alle Lautsprecher und dazugeh\u00f6rigen Kabel und Einbaurringe enthalten.<\/p>\n","protected":false},"featured_media":8834,"comment_status":"open","ping_status":"closed","template":"","meta":{"jetpack_post_was_ever_published":false,"jetpack_publicize_message":"","jetpack_publicize_feature_enabled":true,"jetpack_social_post_already_shared":true,"jetpack_social_options":{"image_generator_settings":{"template":"highway","default_image_id":0,"font":"","enabled":false},"version":2}},"product_brand":[],"product_cat":[2349,2646,2416],"product_tag":[2527,2528,2529,2530],"class_list":{"0":"post-3795","1":"product","2":"type-product","3":"status-publish","4":"has-post-thumbnail","6":"product_cat-auto-lautsprecher-einbausets","7":"product_cat-ford-fiesta-lautsprecher-einbausets","8":"product_cat-ford-lautsprecher-einbausets","9":"product_tag-die-lautsprecher-groessen-im-ford-fiesta-vorne","10":"product_tag-ford-fiesta-standard-lautsprechersystem-tauschen","11":"product_tag-lautsprechersystem-fuer-ford-fiesta","12":"product_tag-neue-lautsprecher-fuer-ford-fiesta","13":"product_shipping_class-auto-lautsprecher-set","15":"first","16":"instock","17":"taxable","18":"shipping-taxable","19":"purchasable","20":"product-type-simple"},"jetpack_publicize_connections":[],"jetpack_sharing_enabled":true,"jetpack_likes_enabled":true,"_links":{"self":[{"href":"https:\/\/www.radio-adapter.eu\/blog\/wp-json\/wp\/v2\/product\/3795","targetHints":{"allow":["GET"]}}],"collection":[{"href":"https:\/\/www.radio-adapter.eu\/blog\/wp-json\/wp\/v2\/product"}],"about":[{"href":"https:\/\/www.radio-adapter.eu\/blog\/wp-json\/wp\/v2\/types\/product"}],"replies":[{"embeddable":true,"href":"https:\/\/www.radio-adapter.eu\/blog\/wp-json\/wp\/v2\/comments?post=3795"}],"wp:featuredmedia":[{"embeddable":true,"href":"https:\/\/www.radio-adapter.eu\/blog\/wp-json\/wp\/v2\/media\/8834"}],"wp:attachment":[{"href":"https:\/\/www.radio-adapter.eu\/blog\/wp-json\/wp\/v2\/media?parent=3795"}],"wp:term":[{"taxonomy":"product_brand","embeddable":true,"href":"https:\/\/www.radio-adapter.eu\/blog\/wp-json\/wp\/v2\/product_brand?post=3795"},{"taxonomy":"product_cat","embeddable":true,"href":"https:\/\/www.radio-adapter.eu\/blog\/wp-json\/wp\/v2\/product_cat?post=3795"},{"taxonomy":"product_tag","embeddable":true,"href":"https:\/\/www.radio-adapter.eu\/blog\/wp-json\/wp\/v2\/product_tag?post=3795"}],"curies":[{"name":"wp","href":"https:\/\/api.w.org\/{rel}","templated":true}]}}