{"id":3783,"date":"2015-08-09T20:28:36","date_gmt":"2015-08-09T18:28:36","guid":{"rendered":"http:\/\/www.radio-adapter.eu\/blog\/produkt\/ford-fusion-lautsprecher-paar-vordere-tueren\/"},"modified":"2023-05-01T11:29:07","modified_gmt":"2023-05-01T09:29:07","slug":"ford-explorer-lautsprecher-paar-vorne-oder-hinten","status":"publish","type":"product","link":"https:\/\/www.radio-adapter.eu\/blog\/produkt\/ford-explorer-lautsprecher-paar-vorne-oder-hinten\/","title":{"rendered":"Ford Explorer Lautsprecher Paar vorne oder hinten"},"content":{"rendered":"<p>Dieser Lautsprecher kann in <em>Ford Fusion<\/em> von 2002 \u2013 2012 verwendet werden. Das<strong>\u00a0Ford Explorer Lautsprecher Paar vorne oder hinten<\/strong> erm\u00f6glicht den Austausch der originalen Lautsprecher, es werden wieder die gleichen Einbaupl\u00e4tze verwendet. Die Lautsprecher verschwinden unter der T\u00fcrverkleidung und sind von au\u00dfen nicht sichtbar.<\/p>\n<p>Es werden soweit wie m\u00f6glich die originalen Lautsprecherkabel ab Werk in den T\u00fcren genutzt um das System zu verkabeln. In dem Set\u00a0<em>Ford Fusion Lautsprecher Paar vorne oder hinten<\/em> sind alle Notwendigen Lautsprecher und Adapter enthalten um den Einbau zu bewerkstelligen.<\/p>\n<p>&nbsp;<\/p>\n<h2>Die Lautsprecher Gr\u00f6\u00dfen im Ford Explorer vorne<\/h2>\n<p>In den vorderen T\u00fcren ist ein zwei Wege System mit 5&#215;7 Zoll 130 x 180 mm Tieft\u00f6ner verbaut.<\/p>\n<p>&nbsp;<\/p>\n<h2>Die Lautsprecher Gr\u00f6\u00dfen im Ford Explorer vorne<\/h2>\n<p>In den hinteren T\u00fcren ist ein zwei Wege System mit 5&#215;7 Zoll 130 x 180 mm Tieft\u00f6ner verbaut.<\/p>\n<h2>Lieferumfang: Ford Explorer Lautsprecher Paar vordere T\u00fcren<\/h2>\n<ul>\n<li>1 x Zwei Wege Auto Koaxial-Lautsprechersystem mit integrierten Hocht\u00f6nern f\u00fcr die vorderen T\u00fcren oder hinteren T\u00fcren<\/li>\n<li>1 x Lautsprecheradapterkabel<\/li>\n<\/ul>\n<p><strong>Alle Lautsprechersysteme werden immer paarweise geliefert!<\/strong><\/p>\n<p>Die\u00a0<em><strong>Ford Explorer Lautsprecher Paar vorne oder hinten<\/strong><\/em> verf\u00fcgen \u00fcber einen sehr hohen Wirkungsgrad und ist auch f\u00fcr den Normalbetrieb am Autoradio ohne weitere Verst\u00e4rker geeignet!<\/p>\n<p>Technische Daten: <strong>JL Audio C2 570x<\/strong><\/p>\n<ul>\n<li><strong><span style=\"color: #008000;\"><span style=\"font-family: Calibri; font-size: large;\">19mm Seidenkalotten Hocht\u00f6ner<\/span><\/span><\/strong><\/li>\n<li>Leistung RMS \/ max. 60 \/ 100 Watt<\/li>\n<li>Frequenzbereich 53 Hz &#8211; 22 kHz<\/li>\n<li>Empfindlichkeit 90,5 dB 1W \/ 1W<\/li>\n<li>Impedanz 4 Ohm<\/li>\n<li>Einbautiefe 62 mm<\/li>\n<li>Einbau\u00f6ffnung 182x125mm<\/li>\n<\/ul>\n<p>&nbsp;<\/p>\n<p><a href=\"http:\/\/www.radio-adapter.eu\/blog\/wp-content\/uploads\/2015\/07\/JL-Audio-C2-Bewertungen.jpg\"><img loading=\"lazy\" decoding=\"async\" class=\"alignnone size-full wp-image-3427\" src=\"http:\/\/www.radio-adapter.eu\/blog\/wp-content\/uploads\/2015\/07\/JL-Audio-C2-Bewertungen.jpg\" alt=\"JL Audio C2 Bewertungen\" width=\"500\" height=\"500\" srcset=\"https:\/\/www.radio-adapter.eu\/blog\/wp-content\/uploads\/2015\/07\/JL-Audio-C2-Bewertungen.jpg 500w, https:\/\/www.radio-adapter.eu\/blog\/wp-content\/uploads\/2015\/07\/JL-Audio-C2-Bewertungen-247x247.jpg 247w, https:\/\/www.radio-adapter.eu\/blog\/wp-content\/uploads\/2015\/07\/JL-Audio-C2-Bewertungen-100x100.jpg 100w, https:\/\/www.radio-adapter.eu\/blog\/wp-content\/uploads\/2015\/07\/JL-Audio-C2-Bewertungen-200x200.jpg 200w, https:\/\/www.radio-adapter.eu\/blog\/wp-content\/uploads\/2015\/07\/JL-Audio-C2-Bewertungen-300x300.jpg 300w, https:\/\/www.radio-adapter.eu\/blog\/wp-content\/uploads\/2015\/07\/JL-Audio-C2-Bewertungen-480x480.jpg 480w, https:\/\/www.radio-adapter.eu\/blog\/wp-content\/uploads\/2015\/07\/JL-Audio-C2-Bewertungen-250x250.jpg 250w, https:\/\/www.radio-adapter.eu\/blog\/wp-content\/uploads\/2015\/07\/JL-Audio-C2-Bewertungen-50x50.jpg 50w\" sizes=\"auto, (max-width: 500px) 100vw, 500px\" \/><\/a><\/p>\n<p>&nbsp;<\/p>\n<p>Wichtig ist das die Einbauanleitung f\u00fcr die Auto-Lautsprecher Ford Explorer Lautsprecher Paar vorne oder hinten beachtet wird um zu einen guten Ergebnis beim Einbau zu kommen. Als Ausstattung sollte das passende Werkzeug vorhanden sein um die Installation durchzuf\u00fchren. Durch die Selbstmontage k\u00f6nnen nat\u00fcrlich Kosten gespart werden.<\/p>\n<p>Die einzelnen Schritte der Demontage der T\u00fcrverkleidungen und das Entfernen der originalen Lautsprecher werden in den Anleitungen beschrieben. Die originalen Werkslautsprecher sind auf das T\u00fcrblech geschraubt. Die originalen Werkslautsprecher m\u00fcssen entfernt werden um die neuen Lautsprecher mit den im Lieferumfang enthaltenen Lautsprecher Adapterkabel zu montieren.<\/p>\n<p>F\u00fcr die meisten Fahrzeugtypen und den passenden Lautsprecher Einbausets sind Einbauanleitungen vorhanden. Die Anleitungen sind ohne Gew\u00e4hr und von der handwerklichen F\u00e4higkeit des Monteurs abh\u00e4ngig. Unsachgem\u00e4\u00dfer Einbau f\u00fchrt zu einem schlechten Ergebnis im Klang und Pegel.<\/p>\n<p>&nbsp;<\/p>\n<p>&nbsp;<\/p>\n<p>&nbsp;<\/p>\n<p>&nbsp;<\/p>\n<p>&nbsp;<\/p>\n<p>&nbsp;<\/p>\n<p>&nbsp;<\/p>\n<p>&nbsp;<\/p>\n","protected":false},"excerpt":{"rendered":"<p>Dieses Auto Lautsprecher Einbauset, Ford Explorer Lautsprecher Paar vorne oder hinten ist f\u00fcr den Austausch des Standard Lautsprechersystems in Ford Explorer geeignet. Im <em>Ford \u00a0Explorer<\/em> von 2005 \u2013 2010 sind Standard Lautsprecher ab Werk integriert. Im Lieferumfang sind alle Lautsprecher und dazugeh\u00f6rigen Kabel enthalten.<\/p>\n","protected":false},"featured_media":3788,"comment_status":"open","ping_status":"closed","template":"","meta":{"jetpack_post_was_ever_published":false,"jetpack_publicize_message":"","jetpack_publicize_feature_enabled":true,"jetpack_social_post_already_shared":true,"jetpack_social_options":{"image_generator_settings":{"template":"highway","default_image_id":0,"font":"","enabled":false},"version":2}},"product_brand":[],"product_cat":[2349,2652,2416],"product_tag":[2644,2643,2642,2641,2640],"class_list":{"0":"post-3783","1":"product","2":"type-product","3":"status-publish","4":"has-post-thumbnail","6":"product_cat-auto-lautsprecher-einbausets","7":"product_cat-ford-explorer-lautsprecher-einbausets","8":"product_cat-ford-lautsprecher-einbausets","9":"product_tag-die-lautsprecher-groessen-im-ford-explorer-hinten","10":"product_tag-die-lautsprecher-groessen-im-ford-explorer-vorne","11":"product_tag-ford-explorer-standard-lautsprechersystem-tauschen","12":"product_tag-lautsprechersystem-fuer-ford-explorer","13":"product_tag-neue-lautsprecher-fuer-ford-explorer","14":"product_shipping_class-auto-lautsprecher-paarweise","16":"first","17":"instock","18":"taxable","19":"shipping-taxable","20":"purchasable","21":"product-type-simple"},"jetpack_publicize_connections":[],"jetpack_sharing_enabled":true,"jetpack_likes_enabled":true,"_links":{"self":[{"href":"https:\/\/www.radio-adapter.eu\/blog\/wp-json\/wp\/v2\/product\/3783","targetHints":{"allow":["GET"]}}],"collection":[{"href":"https:\/\/www.radio-adapter.eu\/blog\/wp-json\/wp\/v2\/product"}],"about":[{"href":"https:\/\/www.radio-adapter.eu\/blog\/wp-json\/wp\/v2\/types\/product"}],"replies":[{"embeddable":true,"href":"https:\/\/www.radio-adapter.eu\/blog\/wp-json\/wp\/v2\/comments?post=3783"}],"wp:featuredmedia":[{"embeddable":true,"href":"https:\/\/www.radio-adapter.eu\/blog\/wp-json\/wp\/v2\/media\/3788"}],"wp:attachment":[{"href":"https:\/\/www.radio-adapter.eu\/blog\/wp-json\/wp\/v2\/media?parent=3783"}],"wp:term":[{"taxonomy":"product_brand","embeddable":true,"href":"https:\/\/www.radio-adapter.eu\/blog\/wp-json\/wp\/v2\/product_brand?post=3783"},{"taxonomy":"product_cat","embeddable":true,"href":"https:\/\/www.radio-adapter.eu\/blog\/wp-json\/wp\/v2\/product_cat?post=3783"},{"taxonomy":"product_tag","embeddable":true,"href":"https:\/\/www.radio-adapter.eu\/blog\/wp-json\/wp\/v2\/product_tag?post=3783"}],"curies":[{"name":"wp","href":"https:\/\/api.w.org\/{rel}","templated":true}]}}