{"id":3769,"date":"2015-08-09T13:05:33","date_gmt":"2015-08-09T11:05:33","guid":{"rendered":"http:\/\/www.radio-adapter.eu\/blog\/produkt\/touran-autoradio-blenden-set-mit-antennen-diversity\/"},"modified":"2020-03-24T13:36:55","modified_gmt":"2020-03-24T12:36:55","slug":"vw-touran-autoradio-blenden-set-mit-antennen-diversity","status":"publish","type":"product","link":"https:\/\/www.radio-adapter.eu\/blog\/produkt\/vw-touran-autoradio-blenden-set-mit-antennen-diversity\/","title":{"rendered":"VW Touran Autoradio Blenden Set mit Antennen Diversity"},"content":{"rendered":"<p>Im VW Touran ab 2003-2015 sind verschieden Radios ab Werk verbaut. Mit dem\u00a0<strong>VW Touran Autoradio Blenden Set mit Antennen Diversity<\/strong> kann man ein neues Autoradio einer Fremdmarke in das Fahrzeug installieren. In dem Set sind auch alle notwendigen Adapter zum Anschluss an die Fahrzeugkabel und den Antenneneingang enthalten. Es k\u00f6nnen sowohl Autoradios mit ISO oder DIN Anschluss angeschlossen werden. Mit den beiligenden Adaptern die im Set <em>VW Touran Autoradio Blenden Set mit Antennen Diversity<\/em> enthalten sind ist dar Einbau des neuen Radios ganz einfach.<\/p>\n<h2>Das VW Touran Autoradio Blenden Set mit Antennen Diversity ist geeignet um VW Touran Werksradios mit diesen Design (Siehe Foto) zu ersetzen.<\/h2>\n<figure id=\"attachment_3109\" aria-describedby=\"caption-attachment-3109\" style=\"width: 500px\" class=\"wp-caption alignnone\"><a href=\"http:\/\/www.radio-adapter.eu\/blog\/wp-content\/uploads\/2015\/06\/VW-Touran-RCD-300-Radio-2006.jpg\"><img loading=\"lazy\" decoding=\"async\" class=\"wp-image-3109 size-full\" src=\"http:\/\/www.radio-adapter.eu\/blog\/wp-content\/uploads\/2015\/06\/VW-Touran-RCD-300-Radio-2006.jpg\" alt=\"VW-Touran-RCD-300-Radio-2006\" width=\"500\" height=\"347\" srcset=\"https:\/\/www.radio-adapter.eu\/blog\/wp-content\/uploads\/2015\/06\/VW-Touran-RCD-300-Radio-2006.jpg 500w, https:\/\/www.radio-adapter.eu\/blog\/wp-content\/uploads\/2015\/06\/VW-Touran-RCD-300-Radio-2006-200x139.jpg 200w, https:\/\/www.radio-adapter.eu\/blog\/wp-content\/uploads\/2015\/06\/VW-Touran-RCD-300-Radio-2006-300x208.jpg 300w, https:\/\/www.radio-adapter.eu\/blog\/wp-content\/uploads\/2015\/06\/VW-Touran-RCD-300-Radio-2006-480x333.jpg 480w\" sizes=\"auto, (max-width: 500px) 100vw, 500px\" \/><\/a><figcaption id=\"caption-attachment-3109\" class=\"wp-caption-text\">VW Touran RCD 300 Radio 2006<\/figcaption><\/figure>\n<figure id=\"attachment_3110\" aria-describedby=\"caption-attachment-3110\" style=\"width: 500px\" class=\"wp-caption alignnone\"><a href=\"http:\/\/www.radio-adapter.eu\/blog\/wp-content\/uploads\/2015\/06\/VW-Touran-RCD-210-2011.jpg\"><img loading=\"lazy\" decoding=\"async\" class=\"wp-image-3110 size-full\" src=\"http:\/\/www.radio-adapter.eu\/blog\/wp-content\/uploads\/2015\/06\/VW-Touran-RCD-210-2011.jpg\" alt=\"VW-Touran-RCD-210-2011\" width=\"500\" height=\"375\" srcset=\"https:\/\/www.radio-adapter.eu\/blog\/wp-content\/uploads\/2015\/06\/VW-Touran-RCD-210-2011.jpg 500w, https:\/\/www.radio-adapter.eu\/blog\/wp-content\/uploads\/2015\/06\/VW-Touran-RCD-210-2011-200x150.jpg 200w, https:\/\/www.radio-adapter.eu\/blog\/wp-content\/uploads\/2015\/06\/VW-Touran-RCD-210-2011-300x225.jpg 300w, https:\/\/www.radio-adapter.eu\/blog\/wp-content\/uploads\/2015\/06\/VW-Touran-RCD-210-2011-480x360.jpg 480w\" sizes=\"auto, (max-width: 500px) 100vw, 500px\" \/><\/a><figcaption id=\"caption-attachment-3110\" class=\"wp-caption-text\">VW Touran RCD 210 2011<\/figcaption><\/figure>\n<p>&nbsp;<\/p>\n<h2>Lieferumfang: VW Touran Autoradio Blenden Set mit Antennen Diversity<\/h2>\n<ul>\n<li>1 x Radioblende mit Fach schwarz<\/li>\n<li>1 x Radioadapter f\u00fcr VW Touran<\/li>\n<li>1 x Antennenadapter f\u00fcr VW Touran mit Antennen Diversity<\/li>\n<li>1 x Antennenadapter DIN zu ISO<\/li>\n<\/ul>\n<p>&nbsp;<\/p>\n<h3>Passende Anleitung:<\/h3>\n<h3 class=\"entry-title\">\u00a0<a href=\"http:\/\/www.radio-adapter.eu\/blog\/vw-touran-autoradio-ausbauen-wenigen-schritten\/\" target=\"_blank\" rel=\"noopener noreferrer\">VW Touran Autoradio ausbauen in wenigen Schritten<\/a><\/h3>\n<p>Bei dem <strong>Tausch des Touran Werksradios<\/strong> muss die Abdeckung um das Radio entfernt werden. In dem Set sind alle notwendigen Adapter zu Anschluss an die Fahrzeugkabel mit dabei. Ganz egal ob Ihr neues Autoradio ISO oder DIN Anschluss am Antennenstecker hat, beide Varianten k\u00f6nne mit diesen Set angeschlossen werden. Sollte das neue Autoradio einen ISO Anschluss besitzen muss nur der mitgelieferte Winkelstecker auf den Antennenstecker aufgesetzt werden.<\/p>\n<p>Den Radioadapter und Antennenadapter an die Fahrzeugkabel anschlie\u00dfen bevor die Radioblende eingerastet wird. Den Blechrahmen Ihres neuen Autoradios in den Schacht schieben und die Zargen des Blechrahmens verbiegen damit der Rahmen fest sitzt. Sollte Ihr neues Autoradio einen umfangreichen Kabelstrang an der R\u00fcckseite haben, nicht das Radio mit Gewalt in den Schacht schieben das kann die Kabel verletzen. Schaffen Sie vorher im Schacht Platz.<\/p>\n<p>&nbsp;<\/p>\n<p>&nbsp;<\/p>\n","protected":false},"excerpt":{"rendered":"<p>Dieses VW Touran Autoradio Blenden Set mit Antennen Diversity passt f\u00fcr den Volkswagen Touran ab 2003-2015. Wenn man ein anderes Autoradio einbauen m\u00f6chte und das Werksradio tauscht, muss eine Radioblende die Installation in das Cockpit des VWs erm\u00f6glichen. Alle weiteren Adapter zum Anschluss an die Fahrzeugkabel sind in dem Set enthalten. Typ:61240+50251<\/p>\n","protected":false},"featured_media":3771,"comment_status":"closed","ping_status":"closed","template":"","meta":{"jetpack_post_was_ever_published":false,"jetpack_publicize_message":"","jetpack_publicize_feature_enabled":true,"jetpack_social_post_already_shared":true,"jetpack_social_options":{"image_generator_settings":{"template":"highway","default_image_id":0,"font":"","enabled":false},"version":2}},"product_brand":[],"product_cat":[2211,2221,2878],"product_tag":[2328,2327,2326,2330,2329,2325,2324,2323,2320,2321,2322],"class_list":{"0":"post-3769","1":"product","2":"type-product","3":"status-publish","4":"has-post-thumbnail","6":"product_cat-autoradio-blenden-sets","7":"product_cat-vw-autoradio-blenden-sets","8":"product_cat-vw-touran-autoradio-blenden-sets","9":"product_tag-radio-einbauset-vw-touran","10":"product_tag-radioblende-set-vw-touran-1-din","11":"product_tag-volkswagen-touran-comfortline-radio-tauschen","12":"product_tag-volkswagen-touran-conceptline-radio-tauschen","13":"product_tag-volkswagen-touran-highline-radio-tauschen","14":"product_tag-volkswagen-touran-trendline-radio-tauschen","15":"product_tag-vw-touran-autoradio-montage-satz","16":"product_tag-vw-touran-radio-einbaumaterial","17":"product_tag-vw-touran-rcd-300-mp3-tauschen","18":"product_tag-vw-touran-rcd-310-cd-mp3-tauschen","19":"product_tag-vw-touran-rcd-500-mp3-tauschen","20":"product_shipping_class-autoradio-adapter","22":"first","23":"instock","24":"taxable","25":"shipping-taxable","26":"purchasable","27":"product-type-simple"},"jetpack_publicize_connections":[],"jetpack_sharing_enabled":true,"jetpack_likes_enabled":true,"_links":{"self":[{"href":"https:\/\/www.radio-adapter.eu\/blog\/wp-json\/wp\/v2\/product\/3769","targetHints":{"allow":["GET"]}}],"collection":[{"href":"https:\/\/www.radio-adapter.eu\/blog\/wp-json\/wp\/v2\/product"}],"about":[{"href":"https:\/\/www.radio-adapter.eu\/blog\/wp-json\/wp\/v2\/types\/product"}],"replies":[{"embeddable":true,"href":"https:\/\/www.radio-adapter.eu\/blog\/wp-json\/wp\/v2\/comments?post=3769"}],"wp:featuredmedia":[{"embeddable":true,"href":"https:\/\/www.radio-adapter.eu\/blog\/wp-json\/wp\/v2\/media\/3771"}],"wp:attachment":[{"href":"https:\/\/www.radio-adapter.eu\/blog\/wp-json\/wp\/v2\/media?parent=3769"}],"wp:term":[{"taxonomy":"product_brand","embeddable":true,"href":"https:\/\/www.radio-adapter.eu\/blog\/wp-json\/wp\/v2\/product_brand?post=3769"},{"taxonomy":"product_cat","embeddable":true,"href":"https:\/\/www.radio-adapter.eu\/blog\/wp-json\/wp\/v2\/product_cat?post=3769"},{"taxonomy":"product_tag","embeddable":true,"href":"https:\/\/www.radio-adapter.eu\/blog\/wp-json\/wp\/v2\/product_tag?post=3769"}],"curies":[{"name":"wp","href":"https:\/\/api.w.org\/{rel}","templated":true}]}}