{"id":3317,"date":"2015-07-12T21:04:27","date_gmt":"2015-07-12T19:04:27","guid":{"rendered":"http:\/\/www.radio-adapter.eu\/blog\/produkt\/fiat-bravo-lautsprecher-komplettset-2007-2014\/"},"modified":"2019-07-17T23:50:12","modified_gmt":"2019-07-17T21:50:12","slug":"fiat-bravo-lautsprecher-komplettset-2007-2014","status":"publish","type":"product","link":"https:\/\/www.radio-adapter.eu\/blog\/produkt\/fiat-bravo-lautsprecher-komplettset-2007-2014\/","title":{"rendered":"Fiat Bravo Lautsprecher Komplettset 2007-2014"},"content":{"rendered":"<p>Dieses Testsieger Lautsprecher Komplettset kann in\u00a0<em>Fiat Bravo<\/em> von 2007 \u2013 2014 verwendet werden. Das\u00a0<strong>Fiat Bravo Lautsprecher Komplettset 2007-2014<\/strong> erm\u00f6glicht den Austausch der originalen Lautsprecher, es werden wieder die gleichen Einbaupl\u00e4tze verwendet. Die Lautsprecher verschwinden unter der T\u00fcrverkleidung und sind von au\u00dfen nicht sichtbar.<\/p>\n<p>Es werden soweit wie m\u00f6glich die originalen Lautsprecherkabel ab Werk in den T\u00fcren genutzt um das System zu verkabeln. In dem\u00a0<em>Fiat Bravo Lautsprecher Komplettset 2007-2014<\/em> sind alle notwendigen Lautsprecher und Adapter enthalten um den Einbau zu bewerkstelligen.<\/p>\n<p>&nbsp;<\/p>\n<h2>Die Lautsprecher Gr\u00f6\u00dfen im Fiat Bravo vorne<\/h2>\n<p>In den vorderen T\u00fcren ist ein zwei Wege System mit 16,5 cm Tieft\u00f6ner verbaut und Hocht\u00f6ner im Spiegeldreieck links und recht.<\/p>\n<h2>Die Lautsprecher Gr\u00f6\u00dfen im Fiat Bravo hinten<\/h2>\n<p>In den hinteren Einbaupl\u00e4tzen seitlich ist links und recht ein 16,5 cm Tieft\u00f6ner verbaut.<\/p>\n<h2>Lieferumfang: Fiat Bravo Lautsprecher Komplettset 2007-2014<\/h2>\n<ul>\n<li>1 x Zwei Wege Auto Lautsprechersystem mit Frequenzweichen und separaten Hocht\u00f6nern f\u00fcr die vorderen T\u00fcren<\/li>\n<li>1 x Zwei Wege Koaxial-Lautsprechersystem und integrierten Hocht\u00f6nern f\u00fcr die hinteren T\u00fcren<\/li>\n<li>1 x Lautsprecherringe f\u00fcr den Einbau in den vorderen T\u00fcren<\/li>\n<li>1 x Lautsprecheradapterkabel vordere T\u00fcren<\/li>\n<li>1 x Lautsprecherringe Einbau in den hinteren Einbaupl\u00e4tzen<\/li>\n<li>1 x Lautsprecheradapterkabel hinteren Einbaupl\u00e4tzen<\/li>\n<\/ul>\n<p><strong>Alle Lautsprechersysteme werden immer paarweise geliefert!<\/strong><\/p>\n<p>Das\u00a0<em><strong>Fiat Bravo Lautsprecher Komplettset 2007-2014<\/strong><\/em> verf\u00fcgt \u00fcber einen sehr hohen Wirkungsgrad und ist auch f\u00fcr den Normalbetrieb am Autoradio ohne weitere Verst\u00e4rker geeignet!<\/p>\n<p><strong>Technische Daten: JL-Audio C1 650 2 Wege System<br \/>\n<\/strong><\/p>\n<ul>\n<li>Leistung RMS \/ Max 50 \/ 225 Watt<\/li>\n<li>Frequenzbereich 59 Hz \u2013 22.000 Hz<\/li>\n<li>Durchmesser Tieft\u00f6ner \/ Hocht\u00f6ner 165mm \/ 13mm<\/li>\n<li>19 mm Silk-Dome-Hocht\u00f6ner<\/li>\n<li>Wirkungsgrad 91 dB 1 W \/ 1 m<\/li>\n<li>Impedanz 4 Ohm<\/li>\n<li>Einbautiefe 53 mm<\/li>\n<li>6dB Inline-Crossover with Advanced Tweeter Protection Circuitry<\/li>\n<\/ul>\n<p>&nbsp;<\/p>\n<p><strong>Technische Daten: JL-Audio C1 650x Koaxialsystem<br \/>\n<\/strong><\/p>\n<ul>\n<li>Leistung RMS \/ Max 50 \/ 225 Watt<\/li>\n<li>Frequenzbereich 59 Hz \u2013 22.000 Hz<\/li>\n<li>Durchmesser Tieft\u00f6ner \/ Hocht\u00f6ner 165mm\/19mm<\/li>\n<li>19 mm Silk-Dome-Hocht\u00f6ner<\/li>\n<li>Wirkungsgrad 91 dB 1 W \/ 1 m<\/li>\n<li>Impedanz 4 Ohm<\/li>\n<li>Einbautiefe 53 mm<\/li>\n<\/ul>\n<p>&nbsp;<\/p>\n<p>&nbsp;<\/p>\n<p>&nbsp;<\/p>\n<p>Beachten Sie die Einbauanleitung f\u00fcr Fiat Bravo Lautsprecher Komplettset 2007-2014 um zu einen guten Ergebnis zu kommen.\u00a0 Als Grundausstattung f\u00fcr die eine eigene Installation sollte das passende Werkzeug vorhanden sein. Das Resultat des Einbaus h\u00e4ngt von den handwerklichen F\u00e4higkeiten des Anwenders ab.<\/p>\n<p>Die Schritte der Demontage der T\u00fcrverkleidung und das Entfernen der originalen Lautsprecher werden in den Anleitungen beschrieben. Die originalen Werkslautsprecher in dem jeweiligen Fahrzeug sind mit Ringen aus Kunststoff an die T\u00fcrbleche genietet. Die originalen Werkslautsprecher m\u00fcssen mit den Halterungen ausgebohrt werden um die neuen Lautsprecher mit den im Lieferumfang enthaltenen Lautsprecherringen zu montieren.<\/p>\n<p>F\u00fcr die meisten Fahrzeugtypen und den passenden Lautsprecher Einbausets sind Einbauanleitungen vorhanden. Die Anleitungen sind ohne Gew\u00e4hr und von der handwerklichen F\u00e4higkeit des Monteurs abh\u00e4ngig. Unsachgem\u00e4\u00dfer Einbau f\u00fchrt zu einem schlechten Ergebnis im Klang und Pegel.<\/p>\n<p>&nbsp;<\/p>\n<p>&nbsp;<\/p>\n<p>&nbsp;<\/p>\n<p>&nbsp;<\/p>\n<p>&nbsp;<\/p>\n","protected":false},"excerpt":{"rendered":"<p>Dieses Fiat Bravo Lautsprecher Komplettset ist f\u00fcr den Austausch des Standard Lautsprechersystems in Fiat Bravo von 2007-2014 geeignet. Im Lieferumfang sind alle Lautsprecher und dazugeh\u00f6rigen Kabel und Einbaurringe enthalten.<\/p>\n","protected":false},"featured_media":8734,"comment_status":"closed","ping_status":"closed","template":"","meta":{"jetpack_post_was_ever_published":false,"jetpack_publicize_message":"","jetpack_publicize_feature_enabled":true,"jetpack_social_post_already_shared":true,"jetpack_social_options":{"image_generator_settings":{"template":"highway","default_image_id":0,"font":"","enabled":false},"version":2}},"product_brand":[],"product_cat":[2349,2494],"product_tag":[2506,2505,2504,2503,2502,2501],"class_list":{"0":"post-3317","1":"product","2":"type-product","3":"status-publish","4":"has-post-thumbnail","6":"product_cat-auto-lautsprecher-einbausets","7":"product_cat-fiat-lautsprecher-einbausets","8":"product_tag-die-lautsprecher-groessen-im-fiat-bravo-hinten","9":"product_tag-die-lautsprecher-groessen-im-fiat-bravo-vorne","10":"product_tag-fiat-bravo-standard-lautsprechersystem-tauschen","11":"product_tag-lautsprecher-einbauset-testsieger-fiat-bravo","12":"product_tag-lautsprechersystem-fuer-fiat-bravo","13":"product_tag-neue-lautsprecher-fuer-fiat-bravo","14":"product_shipping_class-auto-lautsprecher-set","16":"first","17":"instock","18":"taxable","19":"shipping-taxable","20":"purchasable","21":"product-type-simple"},"jetpack_publicize_connections":[],"jetpack_sharing_enabled":true,"jetpack_likes_enabled":true,"_links":{"self":[{"href":"https:\/\/www.radio-adapter.eu\/blog\/wp-json\/wp\/v2\/product\/3317","targetHints":{"allow":["GET"]}}],"collection":[{"href":"https:\/\/www.radio-adapter.eu\/blog\/wp-json\/wp\/v2\/product"}],"about":[{"href":"https:\/\/www.radio-adapter.eu\/blog\/wp-json\/wp\/v2\/types\/product"}],"replies":[{"embeddable":true,"href":"https:\/\/www.radio-adapter.eu\/blog\/wp-json\/wp\/v2\/comments?post=3317"}],"wp:featuredmedia":[{"embeddable":true,"href":"https:\/\/www.radio-adapter.eu\/blog\/wp-json\/wp\/v2\/media\/8734"}],"wp:attachment":[{"href":"https:\/\/www.radio-adapter.eu\/blog\/wp-json\/wp\/v2\/media?parent=3317"}],"wp:term":[{"taxonomy":"product_brand","embeddable":true,"href":"https:\/\/www.radio-adapter.eu\/blog\/wp-json\/wp\/v2\/product_brand?post=3317"},{"taxonomy":"product_cat","embeddable":true,"href":"https:\/\/www.radio-adapter.eu\/blog\/wp-json\/wp\/v2\/product_cat?post=3317"},{"taxonomy":"product_tag","embeddable":true,"href":"https:\/\/www.radio-adapter.eu\/blog\/wp-json\/wp\/v2\/product_tag?post=3317"}],"curies":[{"name":"wp","href":"https:\/\/api.w.org\/{rel}","templated":true}]}}