{"id":3306,"date":"2015-07-11T22:17:04","date_gmt":"2015-07-11T20:17:04","guid":{"rendered":"http:\/\/www.radio-adapter.eu\/blog\/produkt\/bmw-3er-e46-lautsprecher-cabrio-318-320-fond-seitlich\/"},"modified":"2023-04-11T22:57:04","modified_gmt":"2023-04-11T20:57:04","slug":"bmw-3er-e46-lautsprecher-cabrio-318-320-fond-seitlich","status":"publish","type":"product","link":"https:\/\/www.radio-adapter.eu\/blog\/produkt\/bmw-3er-e46-lautsprecher-cabrio-318-320-fond-seitlich\/","title":{"rendered":"BMW 3er E46 Lautsprecher Cabrio 318 320 Fond seitlich"},"content":{"rendered":"<p>Dieses Lautsprecher Komplettset f\u00fcr die vorderen T\u00fcren kann in\u00a0<em>BMW 318,320 3er E46 Cabrio<\/em> von 2000 \u2013 2007 verwendet werden. Das Auto-Lautsprecher Set\u00a0<strong>BMW 3er E46 Lautsprecher Cabrio 318 320 Fond seitlich<\/strong> erm\u00f6glicht den Austausch der originalen Lautsprecher, es werden wieder die gleichen Einbaupl\u00e4tze verwendet. Die Lautsprecher verschwinden unter der T\u00fcrverkleidung und sind von au\u00dfen nicht sichtbar.<\/p>\n<p>Es werden soweit wie m\u00f6glich die originalen Lautsprecherkabel ab Werk in den T\u00fcren genutzt um das System zu verkabeln. In dem Set\u00a0<em>BMW 3er E46 Lautsprecher Cabrio 318 320 Fond seitlich <\/em>sind alle Notwendigen Lautsprecher und Adapter enthalten um den Einbau zu bewerkstelligen.<\/p>\n<p><strong>\u00a0<\/strong><\/p>\n<h2>Die Lautsprecher Gr\u00f6\u00dfen im BMW 3er E46 Cabrio hinten<\/h2>\n<p>Im Fond seitlich hinten ist ein zwei Wege System mit 16,5 cm Tieft\u00f6ner und Hocht\u00f6ner in der linken und rechten Seite verbaut.<\/p>\n<p><a href=\"http:\/\/www.radio-adapter.eu\/blog\/wp-content\/uploads\/2015\/07\/MB-Quart-QM165E46BMW.jpg\"><img loading=\"lazy\" decoding=\"async\" class=\"alignnone size-full wp-image-3305\" src=\"http:\/\/www.radio-adapter.eu\/blog\/wp-content\/uploads\/2015\/07\/MB-Quart-QM165E46BMW.jpg\" alt=\"MB Quart QM165E46BMW\" width=\"500\" height=\"225\" srcset=\"https:\/\/www.radio-adapter.eu\/blog\/wp-content\/uploads\/2015\/07\/MB-Quart-QM165E46BMW.jpg 500w, https:\/\/www.radio-adapter.eu\/blog\/wp-content\/uploads\/2015\/07\/MB-Quart-QM165E46BMW-200x90.jpg 200w, https:\/\/www.radio-adapter.eu\/blog\/wp-content\/uploads\/2015\/07\/MB-Quart-QM165E46BMW-300x135.jpg 300w, https:\/\/www.radio-adapter.eu\/blog\/wp-content\/uploads\/2015\/07\/MB-Quart-QM165E46BMW-480x216.jpg 480w\" sizes=\"auto, (max-width: 500px) 100vw, 500px\" \/><\/a><\/p>\n<h2>Lieferumfang: BMW 3er E46 Lautsprecher Cabrio 318 320 Fond seitlich<\/h2>\n<ul>\n<li>2 x 160 mm Basslautsprecher<\/li>\n<li>2 x 25 mm Gewebehocht\u00f6ner<\/li>\n<li>2 x Frequenzweiche inkl. Verkabelung<\/li>\n<\/ul>\n<p><strong>Alle Lautsprechersysteme werden immer paarweise geliefert!<\/strong><\/p>\n<p>Das Auto-Lautsprecher Set BMW 3er E46 Lautsprecher Cabrio 318 320 Fond seitlich verf\u00fcgt \u00fcber einen sehr hohen Wirkungsgrad und ist auch f\u00fcr den Normalbetrieb am Autoradio ohne weitere Verst\u00e4rker geeignet!<\/p>\n<ul>\n<li>Technische Daten:Belastbarkeit RMS 2 x 90 Watt<\/li>\n<li>Belastbarkeit Max. 2 x 140 Watt<\/li>\n<li>Impedanz 4 Ohm<\/li>\n<\/ul>\n<p><a href=\"http:\/\/www.radio-adapter.eu\/blog\/wp-content\/uploads\/2015\/07\/BMW-3er-E46-Lautsprecher-Cabrio-318-320-Fond-seitlich-Plan.jpg\"><img loading=\"lazy\" decoding=\"async\" class=\"alignnone size-full wp-image-3309\" src=\"http:\/\/www.radio-adapter.eu\/blog\/wp-content\/uploads\/2015\/07\/BMW-3er-E46-Lautsprecher-Cabrio-318-320-Fond-seitlich-Plan.jpg\" alt=\"BMW 3er E46 Lautsprecher Cabrio 318 320 Fond seitlich Plan\" width=\"500\" height=\"168\" srcset=\"https:\/\/www.radio-adapter.eu\/blog\/wp-content\/uploads\/2015\/07\/BMW-3er-E46-Lautsprecher-Cabrio-318-320-Fond-seitlich-Plan.jpg 500w, https:\/\/www.radio-adapter.eu\/blog\/wp-content\/uploads\/2015\/07\/BMW-3er-E46-Lautsprecher-Cabrio-318-320-Fond-seitlich-Plan-200x67.jpg 200w, https:\/\/www.radio-adapter.eu\/blog\/wp-content\/uploads\/2015\/07\/BMW-3er-E46-Lautsprecher-Cabrio-318-320-Fond-seitlich-Plan-300x101.jpg 300w, https:\/\/www.radio-adapter.eu\/blog\/wp-content\/uploads\/2015\/07\/BMW-3er-E46-Lautsprecher-Cabrio-318-320-Fond-seitlich-Plan-480x161.jpg 480w\" sizes=\"auto, (max-width: 500px) 100vw, 500px\" \/><\/a><\/p>\n<p>&nbsp;<\/p>\n<p>&nbsp;<\/p>\n<p>Beachten Sie die Einbauanleitung (Im Lieferumfang enthalten) f\u00fcr das Auto-Lautsprecher Set BMW 3er E46 Lautsprecher Cabrio 318 320 Fond seitlich um zu einen guten Ergebnis zu kommen.\u00a0 Als Grundausstattung f\u00fcr die eine eigene Installation sollte das passende Werkzeug vorhanden sein. Das Resultat des Einbaus h\u00e4ngt von den handwerklichen F\u00e4higkeiten des Anwenders ab.<\/p>\n<p>Die Schritte der Demontage der T\u00fcrverkleidung und das Entfernen der originalen Lautsprecher werden in den Anleitungen beschrieben. Die originalen Werkslautsprecher in dem jeweiligen Fahrzeug sind mit Ringen aus Kunststoff an die T\u00fcrbleche genietet. Die originalen Werkslautsprecher m\u00fcssen mit den Halterungen ausgebohrt werden um die neuen Lautsprecher mit den im Lieferumfang enthaltenen Lautsprecherringen zu montieren.<\/p>\n<p>F\u00fcr die meisten Fahrzeugtypen und den passenden Lautsprecher Einbausets sind Einbauanleitungen vorhanden. Die Anleitungen sind ohne Gew\u00e4hr und von der handwerklichen F\u00e4higkeit des Monteurs abh\u00e4ngig. Unsachgem\u00e4\u00dfer Einbau f\u00fchrt zu einem schlechten Ergebnis im Klang und Pegel.<\/p>\n<p>&nbsp;<\/p>\n<p>&nbsp;<\/p>\n<p>&nbsp;<\/p>\n<p>&nbsp;<\/p>\n<p>&nbsp;<\/p>\n<p>&nbsp;<\/p>\n","protected":false},"excerpt":{"rendered":"<p>Dieses Auto-Lautsprecher Set BMW 3er E46 Lautsprecher Cabrio 318 320 Fond seitlich ist f\u00fcr den Austausch des Standard Lautsprechersystems in BMW 3er E46 Cabrio von 2000-2007 geeignet. Im Lieferumfang sind alle Lautsprecher und dazugeh\u00f6rigen Kabel und Einbaurringe enthalten.<\/p>\n","protected":false},"featured_media":3307,"comment_status":"open","ping_status":"closed","template":"","meta":{"jetpack_post_was_ever_published":false,"jetpack_publicize_message":"","jetpack_publicize_feature_enabled":true,"jetpack_social_post_already_shared":true,"jetpack_social_options":{"image_generator_settings":{"template":"highway","default_image_id":0,"font":"","enabled":false},"version":2}},"product_brand":[],"product_cat":[2349,3538,2389],"product_tag":[2493,2492,2491,2490],"class_list":{"0":"post-3306","1":"product","2":"type-product","3":"status-publish","4":"has-post-thumbnail","6":"product_cat-auto-lautsprecher-einbausets","7":"product_cat-bmw-3er-lautsprecher-einbausets","8":"product_cat-bmw-lautsprecher-einbausets","9":"product_tag-bmw-3er-e46-cabrio-standard-lautsprechersystem-tauschen","10":"product_tag-die-lautsprecher-groessen-im-bmw-3er-e46-cabrio-hinten","11":"product_tag-lautsprechersystem-fuer-bmw-3er-e46-cabrio","12":"product_tag-neue-lautsprecher-fuer-bmw-3er-e46-cabrio","13":"product_shipping_class-auto-lautsprecher-set","15":"first","16":"outofstock","17":"taxable","18":"shipping-taxable","19":"purchasable","20":"product-type-simple"},"jetpack_publicize_connections":[],"jetpack_sharing_enabled":true,"jetpack_likes_enabled":true,"_links":{"self":[{"href":"https:\/\/www.radio-adapter.eu\/blog\/wp-json\/wp\/v2\/product\/3306","targetHints":{"allow":["GET"]}}],"collection":[{"href":"https:\/\/www.radio-adapter.eu\/blog\/wp-json\/wp\/v2\/product"}],"about":[{"href":"https:\/\/www.radio-adapter.eu\/blog\/wp-json\/wp\/v2\/types\/product"}],"replies":[{"embeddable":true,"href":"https:\/\/www.radio-adapter.eu\/blog\/wp-json\/wp\/v2\/comments?post=3306"}],"wp:featuredmedia":[{"embeddable":true,"href":"https:\/\/www.radio-adapter.eu\/blog\/wp-json\/wp\/v2\/media\/3307"}],"wp:attachment":[{"href":"https:\/\/www.radio-adapter.eu\/blog\/wp-json\/wp\/v2\/media?parent=3306"}],"wp:term":[{"taxonomy":"product_brand","embeddable":true,"href":"https:\/\/www.radio-adapter.eu\/blog\/wp-json\/wp\/v2\/product_brand?post=3306"},{"taxonomy":"product_cat","embeddable":true,"href":"https:\/\/www.radio-adapter.eu\/blog\/wp-json\/wp\/v2\/product_cat?post=3306"},{"taxonomy":"product_tag","embeddable":true,"href":"https:\/\/www.radio-adapter.eu\/blog\/wp-json\/wp\/v2\/product_tag?post=3306"}],"curies":[{"name":"wp","href":"https:\/\/api.w.org\/{rel}","templated":true}]}}