{"id":3287,"date":"2015-07-11T08:57:39","date_gmt":"2015-07-11T06:57:39","guid":{"rendered":"http:\/\/www.radio-adapter.eu\/blog\/produkt\/audi-a3-8p-lautsprecher-komplettset-dreituerer\/"},"modified":"2019-07-16T15:26:39","modified_gmt":"2019-07-16T13:26:39","slug":"audi-a3-8p-lautsprecher-komplettset-dreituerer","status":"publish","type":"product","link":"https:\/\/www.radio-adapter.eu\/blog\/produkt\/audi-a3-8p-lautsprecher-komplettset-dreituerer\/","title":{"rendered":"Audi A3 8P Lautsprecher Komplettset F\u00fcnft\u00fcrer"},"content":{"rendered":"<p>Dieses Testsieger Lautsprecher Komplettset kann in\u00a0<em>Audi A3 8P<\/em> von 2003 \u2013 2013 verwendet werden. Das\u00a0<strong>Audi A3 8P Lautsprecher Komplettset F\u00fcnft\u00fcrer<\/strong> erm\u00f6glicht den Austausch der originalen Lautsprecher, es werden wieder die gleichen Einbaupl\u00e4tze verwendet. Die Lautsprecher verschwinden unter der T\u00fcrverkleidung und sind von au\u00dfen nicht sichtbar.<\/p>\n<p>Es werden soweit wie m\u00f6glich die originalen Lautsprecherkabel ab Werk in den T\u00fcren genutzt um das System zu verkabeln. In dem\u00a0<em>Audi A3 8P Lautsprecher Komplettset\u00a0F\u00fcnft\u00fcrer <\/em>sind alle Notwendigen Lautsprecher und Adapter enthalten um den Einbau zu bewerkstelligen.<\/p>\n<p><strong>Dieses Lautsprecher Set ist nicht f\u00fcr Audi A3 8P mit BOSE Anlage geeignet!<\/strong><\/p>\n<h2>Die Lautsprecher Gr\u00f6\u00dfen im Audi A3 8P F\u00fcnft\u00fcrer vorne<\/h2>\n<p>In den vorderen T\u00fcren ist ein zwei Wege System mit 16,5 cm Tieft\u00f6ner und Hocht\u00f6ner in vordere linke und rechte A-S\u00e4ulenverkleidung verbaut.<\/p>\n<h2>Die Lautsprecher Gr\u00f6\u00dfen im Audi A3 8P F\u00fcnft\u00fcrer hinten<\/h2>\n<p>In den hinteren T\u00fcren ist ein 16,5 mm Tieft\u00f6ner verbaut.<\/p>\n<h2>Lieferumfang: Audi A3 8P Lautsprecher Komplettset F\u00fcnft\u00fcrer<\/h2>\n<ul>\n<li>1 x Zwei Wege Auto Lautsprechersystem mit Frequenzweichen und separaten Hocht\u00f6nern f\u00fcr die vorderen T\u00fcren<\/li>\n<li>1 x Zwei Wege Koaxial-Lautsprechersystem und integrierten Hocht\u00f6nern f\u00fcr die hinteren T\u00fcren<\/li>\n<li>1 x Lautsprecherringe f\u00fcr den Einbau in den vorderen T\u00fcren<\/li>\n<li>1 x Lautsprecheradapterkabel vordere T\u00fcren<\/li>\n<li>1 x Lautsprecherringe Einbau in den hinteren Einbaupl\u00e4tzen<\/li>\n<li>1 x Lautsprecheradapterkabel hinteren Einbaupl\u00e4tzen<\/li>\n<\/ul>\n<p><strong>Alle Lautsprechersysteme werden immer paarweise geliefert!<\/strong><\/p>\n<p>Das\u00a0<em>Audi A3 8P Lautsprecher Komplettset\u00a0F\u00fcnft\u00fcrer<\/em> verf\u00fcgt \u00fcber einen sehr hohen Wirkungsgrad und ist auch f\u00fcr den Normalbetrieb am Autoradio ohne weitere Verst\u00e4rker geeignet!<\/p>\n<p><strong>Technische Daten: JL-Audio C1 650 2 Wege System<br \/>\n<\/strong><\/p>\n<ul>\n<li>Leistung RMS \/ Max 50 \/ 225 Watt<\/li>\n<li>Frequenzbereich 59 Hz \u2013 22.000 Hz<\/li>\n<li>Durchmesser Tieft\u00f6ner \/ Hocht\u00f6ner 165mm \/ 19mm<\/li>\n<li>19 mm Silk-Dome-Hocht\u00f6ner<\/li>\n<li>Wirkungsgrad 91 dB 1 W \/ 1 m<\/li>\n<li>Impedanz 4 Ohm<\/li>\n<li>Einbautiefe 53 mm<\/li>\n<li>6dB Inline-Crossover with Advanced Tweeter Protection Circuitry<\/li>\n<\/ul>\n<p><strong>Technische Daten: JL-Audio C1 650x Koaxiallautsprecher<br \/>\n<\/strong><\/p>\n<ul>\n<li>Leistung RMS \/ Max 50 \/ 225 Watt<\/li>\n<li>Frequenzbereich 59 Hz \u2013 22.000 Hz<\/li>\n<li>Durchmesser Tieft\u00f6ner \/ Hocht\u00f6ner 165mm\/19mm<\/li>\n<li>19 mm Silk-Dome-Hocht\u00f6ner<\/li>\n<li>Wirkungsgrad 91 dB 1 W \/ 1 m<\/li>\n<li>Impedanz 4 Ohm<\/li>\n<li>Einbautiefe 53 mm<\/li>\n<\/ul>\n<p>&nbsp;<\/p>\n<p>&nbsp;<\/p>\n<p>&nbsp;<\/p>\n<p>Beachten Sie die Einbauanleitung f\u00fcr Audi A3 8P Lautsprecher Komplettset F\u00fcnft\u00fcrer um zu einen guten Ergebnis zu kommen.\u00a0 Als Grundausstattung f\u00fcr die eine eigene Installation sollte das passende Werkzeug vorhanden sein. Das Resultat des Einbaues h\u00e4ngt von den handwerklichen F\u00e4higkeiten des Anwenders ab. Wie man Grunds\u00e4tzlich Lautsprecher einbauen kann erfahren Sie in dem Beitrag <a href=\"http:\/\/www.radio-adapter.eu\/blog\/fahrzeugspezifische-lautsprecher\/\" target=\"_blank\" rel=\"noopener\">Fahrzeugspezifische Lautsprecher einbauen<\/a>.<\/p>\n<p>Die Schritte der Demontage der T\u00fcrverkleidung und das Entfernen der originalen Lautsprecher werden in den Anleitungen beschrieben. Die originalen Werkslautsprecher in dem jeweiligen Fahrzeug sind mit Ringen aus Kunststoff an die T\u00fcrbleche genietet. Die originalen Werkslautsprecher m\u00fcssen mit den Halterungen ausgebohrt werden um die neuen Lautsprecher mit den im Lieferumfang enthaltenen Lautsprecherringen zu montieren.<\/p>\n<p>F\u00fcr die meisten Fahrzeugtypen und den passenden Lautsprecher Einbausets sind Einbauanleitungen vorhanden. Die Anleitungen sind ohne Gew\u00e4hr und von der handwerklichen F\u00e4higkeit des Monteurs abh\u00e4ngig. Unsachgem\u00e4\u00dfer Einbau f\u00fchrt zu einem schlechten Ergebnis im Klang und Pegel.<\/p>\n<p>&nbsp;<\/p>\n<p>&nbsp;<\/p>\n<p>&nbsp;<\/p>\n<p>&nbsp;<\/p>\n<p>&nbsp;<\/p>\n","protected":false},"excerpt":{"rendered":"<p>Dieses Audi A3 8P Lautsprecher Komplettset F\u00fcnft\u00fcrer ist f\u00fcr den Austausch des Standard Lautsprechersystems in Audi A3 8P von 2003-2013 geeignet. Im Lieferumfang sind alle Lautsprecher und dazugeh\u00f6rigen Kabel und Einbaurringe enthalten.<\/p>\n","protected":false},"featured_media":8652,"comment_status":"closed","ping_status":"closed","template":"","meta":{"jetpack_post_was_ever_published":false,"jetpack_publicize_message":"","jetpack_publicize_feature_enabled":true,"jetpack_social_post_already_shared":true,"jetpack_social_options":{"image_generator_settings":{"template":"highway","default_image_id":0,"font":"","enabled":false},"version":2}},"product_brand":[],"product_cat":[2781,2372,2349],"product_tag":[2478,2479,2489,2477,2476,2475],"class_list":{"0":"post-3287","1":"product","2":"type-product","3":"status-publish","4":"has-post-thumbnail","6":"product_cat-audi-a3-8p-lautsprecher-einbausets","7":"product_cat-audi-lautsprecher-einbausets","8":"product_cat-auto-lautsprecher-einbausets","9":"product_tag-audi-a3-8p-standard-lautsprechersystem-tauschen","10":"product_tag-die-lautsprecher-groessen-im-audi-a3-8p-hinten","11":"product_tag-die-lautsprecher-groessen-im-audi-a3-8p-vorne","12":"product_tag-lautsprecher-einbauset-testsieger-audi-a3-8p","13":"product_tag-lautsprechersystem-fuer-audi-a3-8p","14":"product_tag-neue-lautsprecher-fuer-audi-a3-8p","15":"product_shipping_class-auto-lautsprecher-set","17":"first","18":"instock","19":"taxable","20":"shipping-taxable","21":"purchasable","22":"product-type-simple"},"jetpack_publicize_connections":[],"jetpack_sharing_enabled":true,"jetpack_likes_enabled":true,"_links":{"self":[{"href":"https:\/\/www.radio-adapter.eu\/blog\/wp-json\/wp\/v2\/product\/3287","targetHints":{"allow":["GET"]}}],"collection":[{"href":"https:\/\/www.radio-adapter.eu\/blog\/wp-json\/wp\/v2\/product"}],"about":[{"href":"https:\/\/www.radio-adapter.eu\/blog\/wp-json\/wp\/v2\/types\/product"}],"replies":[{"embeddable":true,"href":"https:\/\/www.radio-adapter.eu\/blog\/wp-json\/wp\/v2\/comments?post=3287"}],"wp:featuredmedia":[{"embeddable":true,"href":"https:\/\/www.radio-adapter.eu\/blog\/wp-json\/wp\/v2\/media\/8652"}],"wp:attachment":[{"href":"https:\/\/www.radio-adapter.eu\/blog\/wp-json\/wp\/v2\/media?parent=3287"}],"wp:term":[{"taxonomy":"product_brand","embeddable":true,"href":"https:\/\/www.radio-adapter.eu\/blog\/wp-json\/wp\/v2\/product_brand?post=3287"},{"taxonomy":"product_cat","embeddable":true,"href":"https:\/\/www.radio-adapter.eu\/blog\/wp-json\/wp\/v2\/product_cat?post=3287"},{"taxonomy":"product_tag","embeddable":true,"href":"https:\/\/www.radio-adapter.eu\/blog\/wp-json\/wp\/v2\/product_tag?post=3287"}],"curies":[{"name":"wp","href":"https:\/\/api.w.org\/{rel}","templated":true}]}}