{"id":3240,"date":"2015-07-05T23:36:07","date_gmt":"2015-07-05T21:36:07","guid":{"rendered":"http:\/\/www.radio-adapter.eu\/blog\/produkt\/mercedes-c-klasse-w-202-lautsprecher-komplettes-einbauset\/"},"modified":"2019-07-17T19:51:47","modified_gmt":"2019-07-17T17:51:47","slug":"mercedes-c-klasse-w-202-lautsprecher-komplettes-einbauset","status":"publish","type":"product","link":"https:\/\/www.radio-adapter.eu\/blog\/produkt\/mercedes-c-klasse-w-202-lautsprecher-komplettes-einbauset\/","title":{"rendered":"Mercedes C-Klasse W 202 Lautsprecher Komplettes Einbauset"},"content":{"rendered":"<p>Dieses Testsieger Lautsprecher Komplettset kann in <em>Mercedes C-Klasse W 202<\/em> von 1993 \u2013 2001 verwendet werden. Das <strong>Mercedes C-Klasse W 202 Lautsprecher Komplettes Einbauset<\/strong> erm\u00f6glicht den Austausch der originalen Lautsprecher, es werden wieder die gleichen Einbaupl\u00e4tze verwendet. Die Lautsprecher verschwinden unter der T\u00fcrverkleidung und sind von au\u00dfen nicht sichtbar.<\/p>\n<p>Es werden soweit wie m\u00f6glich die originalen Lautsprecherkabel ab Werk in den T\u00fcren genutzt um das System zu verkabeln. In dem <em>Mercedes C-Klasse W 202 Lautsprecher Komplettes Einbauset<\/em> sind alle notwendigen Lautsprecher und Adapter enthalten um den Einbau zu bewerkstelligen.<\/p>\n<h2>Die Lautsprecher Gr\u00f6\u00dfen im Mercedes C-Klasse W 202 vorne<\/h2>\n<p>In den vorderen T\u00fcren ist ein zwei Wege System mit 16,5 cm Tieft\u00f6ner verbaut und separaten Hocht\u00f6nern in der T\u00fcrverkleidung.<\/p>\n<h2>Die Lautsprecher Gr\u00f6\u00dfen im Mercedes C-Klasse W 202 hinten<\/h2>\n<p>In den hinteren Einbaupl\u00e4tzen sind zwei Wege-Koaxialsysteme mit 16,5 cm Tieft\u00f6ner und integrierten Hocht\u00f6nern verbaut.<\/p>\n<h2>Lieferumfang: Mercedes C-Klasse W 202 Lautsprecher Komplettes Einbauset<\/h2>\n<ul>\n<li>1 x Zwei Wege Auto Lautsprechersystem mit Frequenzweichen und separaten Hocht\u00f6nern f\u00fcr die vorderen T\u00fcren<\/li>\n<li>1 x Zwei Wege Koaxial-Lautsprechersystem und integrierten Hocht\u00f6nern f\u00fcr die hinteren T\u00fcren<\/li>\n<li>1 x Lautsprecherringe f\u00fcr den Einbau in den vorderen T\u00fcren<\/li>\n<li>1 x Lautsprecheradapterkabel vordere T\u00fcren<\/li>\n<li>1 x Lautsprecherringe Einbau in den hinteren Einbaupl\u00e4tzen<\/li>\n<li>1 x Lautsprecheradapterkabel hinteren Einbaupl\u00e4tzen<\/li>\n<\/ul>\n<p><strong>Alle Lautsprechersysteme werden immer paarweise geliefert!<\/strong><\/p>\n<p>Das <em><strong>Mercedes C-Klasse W 202 Lautsprecher Komplettes Einbauset<\/strong><\/em> verf\u00fcgt \u00fcber einen sehr hohen Wirkungsgrad und ist auch f\u00fcr den Normalbetrieb am Autoradio ohne weitere Verst\u00e4rker geeignet!<\/p>\n<p><strong>Technische Daten: JL-Audio C1 650 2 Wege System<br \/>\n<\/strong><\/p>\n<ul>\n<li>Leistung RMS \/ Max 50 \/ 225 Watt<\/li>\n<li>Frequenzbereich 59 Hz \u2013 22.000 Hz<\/li>\n<li>Durchmesser Tieft\u00f6ner \/ Hocht\u00f6ner 165mm \/ 13mm<\/li>\n<li>19 mm Silk-Dome-Hocht\u00f6ner<\/li>\n<li>Wirkungsgrad 91 dB 1 W \/ 1 m<\/li>\n<li>Impedanz 4 Ohm<\/li>\n<li>Einbautiefe 53 mm<\/li>\n<li>6dB Inline-Crossover with Advanced Tweeter Protection Circuitry<\/li>\n<\/ul>\n<p>&nbsp;<\/p>\n<p><strong>Technische Daten: JL-Audio C1 650x Koaxialsystem<br \/>\n<\/strong><\/p>\n<ul>\n<li>Leistung RMS \/ Max 50 \/ 225 Watt<\/li>\n<li>Frequenzbereich 59 Hz \u2013 22.000 Hz<\/li>\n<li>Durchmesser Tieft\u00f6ner \/ Hocht\u00f6ner 165mm\/19mm<\/li>\n<li>19 mm Silk-Dome-Hocht\u00f6ner<\/li>\n<li>Wirkungsgrad 91 dB 1 W \/ 1 m<\/li>\n<li>Impedanz 4 Ohm<\/li>\n<li>Einbautiefe 53 mm<\/li>\n<\/ul>\n<p>&nbsp;<\/p>\n<p>&nbsp;<\/p>\n<p>&nbsp;<\/p>\n<p>&nbsp;<\/p>\n<p>&nbsp;<\/p>\n<p>Beachten Sie die Einbauanleitung f\u00fcr Mercedes C-Klasse W 202 Lautsprecher Komplettes Einbauset um zu einen guten Ergebnis zu kommen.\u00a0 Als Grundausstattung f\u00fcr die eine eigene Installation sollte das passende Werkzeug vorhanden sein. Das Resultat des Einbaus h\u00e4ngt von den handwerklichen F\u00e4higkeiten des Anwenders ab.<\/p>\n<p>Die Schritte der Demontage der T\u00fcrverkleidung und das Entfernen der originalen Lautsprecher werden in den Anleitungen beschrieben. Die originalen Werkslautsprecher in dem jeweiligen Fahrzeug sind mit Ringen aus Kunststoff an die T\u00fcrbleche genietet. Die originalen Werkslautsprecher m\u00fcssen mit den Halterungen ausgebohrt werden um die neuen Lautsprecher mit den im Lieferumfang enthaltenen Lautsprecherringen zu montieren.<\/p>\n<p>F\u00fcr die meisten Fahrzeugtypen und den passenden Lautsprecher Einbausets sind Einbauanleitungen vorhanden. Die Anleitungen sind ohne Gew\u00e4hr und von der handwerklichen F\u00e4higkeit des Monteurs abh\u00e4ngig. Unsachgem\u00e4\u00dfer Einbau f\u00fchrt zu einem schlechten Ergebnis im Klang und Pegel.<\/p>\n<p>&nbsp;<\/p>\n<p>&nbsp;<\/p>\n[psp_rs_product name=&#8220;Mercedes C-Klasse W 202 Lautsprecher Komplettes Einbauset&#8220; url=&#8220;http:\/\/www.radio-adapter.eu\/blog\/produkt\/mercedes-c-klasse-w-202-lautsprecher-komplettes-einbauset\/&#8220; image=&#8220;http:\/\/www.radio-adapter.eu\/blog\/wp-content\/uploads\/2015\/07\/Mercedes-C-Klasse-W-202-Lautsprecher-Komplettes-Einbauset2.jpg&#8220; description=&#8220;Dieses Mercedes C-Klasse W 202 Lautsprecher Komplettes Einbauset ist f\u00fcr den Austausch des Standard Lautsprechersystems in Mercedes C-Klasse W 202 geeignet. Im Lieferumfang sind alle Lautsprecher und dazugeh\u00f6rigen Kabel und Einbaurringe enthalten.&#8220; brand=&#8220;Helix&#8220; manufacturer=&#8220;audiotec-fischer&#8220; price=&#8220;178,00&#8243; currency=&#8220;EUR&#8220; best_rating=&#8220;5&#8243; worst_rating=&#8220;2&#8243; avg_rating=&#8220;0&#8243; nb_reviews=&#8220;0&#8243; condition=&#8220;New&#8220; availability=&#8220;InStock&#8220;]\n<p>&nbsp;<\/p>\n<p>&nbsp;<\/p>\n<p>&nbsp;<\/p>\n","protected":false},"excerpt":{"rendered":"<p>Dieses Mercedes C-Klasse W 202 Lautsprecher Komplettes Einbauset ist f\u00fcr den Austausch des Standard Lautsprechersystems in Mercedes C-Klasse W 202 geeignet. Im Lieferumfang sind alle Lautsprecher und dazugeh\u00f6rigen Kabel und Einbaurringe enthalten.<\/p>\n","protected":false},"featured_media":8720,"comment_status":"closed","ping_status":"closed","template":"","meta":{"jetpack_post_was_ever_published":false,"jetpack_publicize_message":"","jetpack_publicize_feature_enabled":true,"jetpack_social_post_already_shared":true,"jetpack_social_options":{"image_generator_settings":{"template":"highway","default_image_id":0,"font":"","enabled":false},"version":2}},"product_brand":[],"product_cat":[2349,2395],"product_tag":[2399,2398,2456,2397,2400,2396],"class_list":{"0":"post-3240","1":"product","2":"type-product","3":"status-publish","4":"has-post-thumbnail","6":"product_cat-auto-lautsprecher-einbausets","7":"product_cat-mercedes-lautsprecher-einbausets","8":"product_tag-die-lautsprecher-groessen-im-mercedes-c-klasse-w-202-hinten","9":"product_tag-die-lautsprecher-groessen-im-mercedes-c-klasse-w-202-vorne","10":"product_tag-lautsprecher-einbauset-testsieger-mercedes-c-klasse-w-202","11":"product_tag-lautsprechersystem-fuer-mercedes-c-klasse-w-202","12":"product_tag-mercedes-c-klasse-w-202-standard-lautsprechersystem-tauschen","13":"product_tag-neue-lautsprecher-fuer-mercedes-c-klasse-w-202","14":"product_shipping_class-auto-lautsprecher-set","16":"first","17":"instock","18":"taxable","19":"shipping-taxable","20":"purchasable","21":"product-type-simple"},"jetpack_publicize_connections":[],"jetpack_sharing_enabled":true,"jetpack_likes_enabled":true,"_links":{"self":[{"href":"https:\/\/www.radio-adapter.eu\/blog\/wp-json\/wp\/v2\/product\/3240","targetHints":{"allow":["GET"]}}],"collection":[{"href":"https:\/\/www.radio-adapter.eu\/blog\/wp-json\/wp\/v2\/product"}],"about":[{"href":"https:\/\/www.radio-adapter.eu\/blog\/wp-json\/wp\/v2\/types\/product"}],"replies":[{"embeddable":true,"href":"https:\/\/www.radio-adapter.eu\/blog\/wp-json\/wp\/v2\/comments?post=3240"}],"wp:featuredmedia":[{"embeddable":true,"href":"https:\/\/www.radio-adapter.eu\/blog\/wp-json\/wp\/v2\/media\/8720"}],"wp:attachment":[{"href":"https:\/\/www.radio-adapter.eu\/blog\/wp-json\/wp\/v2\/media?parent=3240"}],"wp:term":[{"taxonomy":"product_brand","embeddable":true,"href":"https:\/\/www.radio-adapter.eu\/blog\/wp-json\/wp\/v2\/product_brand?post=3240"},{"taxonomy":"product_cat","embeddable":true,"href":"https:\/\/www.radio-adapter.eu\/blog\/wp-json\/wp\/v2\/product_cat?post=3240"},{"taxonomy":"product_tag","embeddable":true,"href":"https:\/\/www.radio-adapter.eu\/blog\/wp-json\/wp\/v2\/product_tag?post=3240"}],"curies":[{"name":"wp","href":"https:\/\/api.w.org\/{rel}","templated":true}]}}