{"id":3238,"date":"2015-07-05T23:04:22","date_gmt":"2015-07-05T21:04:22","guid":{"rendered":"http:\/\/www.radio-adapter.eu\/blog\/produkt\/ford-focus-ii-lautsprecher-komplettes-einbauset-2004-2010\/"},"modified":"2024-03-10T21:40:57","modified_gmt":"2024-03-10T20:40:57","slug":"ford-focus-ii-lautsprecher-komplettes-einbauset-2004-2010","status":"publish","type":"product","link":"https:\/\/www.radio-adapter.eu\/blog\/produkt\/ford-focus-ii-lautsprecher-komplettes-einbauset-2004-2010\/","title":{"rendered":"Ford Focus II Lautsprecher Komplettes Einbauset 2004-2010"},"content":{"rendered":"<p>Dieses Testsieger Lautsprecher Komplettset kann in\u00a0<em>Ford Focus II<\/em> von 2004 \u2013 2010 verwendet werden. Das\u00a0<strong>Ford Focus II Lautsprecher Komplettes Einbauset 2004-2010<\/strong> erm\u00f6glicht den Austausch der originalen Lautsprecher, es werden wieder die gleichen Einbaupl\u00e4tze verwendet. Die Lautsprecher verschwinden unter der T\u00fcrverkleidung und sind von au\u00dfen nicht sichtbar.<\/p>\n<p>Es werden soweit wie m\u00f6glich die originalen Lautsprecherkabel ab Werk in den T\u00fcren genutzt um das System zu verkabeln. In dem\u00a0<em>Ford Focus II Lautsprecher Komplettes Einbauset 2004-2010<\/em> sind alle notwendigen Lautsprecher und Adapter enthalten um den Einbau zu bewerkstelligen.<\/p>\n<p>&nbsp;<\/p>\n<h2>Die Lautsprecher Gr\u00f6\u00dfen im Ford Focus II vorne<\/h2>\n<p>In den vorderen T\u00fcren ist ein zwei Wege System mit 16,5 cm Tieft\u00f6ner verbaut und separaten Hocht\u00f6nern in der T\u00fcrverkleidung.<\/p>\n<h2>Die Lautsprecher Gr\u00f6\u00dfen im Ford Focus II hinten<\/h2>\n<p>In den hinteren Einbaupl\u00e4tzen sind zwei Wege-Koaxialsysteme mit 16 cm Tieft\u00f6ner und integrierten Hocht\u00f6nern verbaut.<\/p>\n<h2>Lieferumfang: Ford Focus II Lautsprecher Komplettes Einbauset 2004-2010<\/h2>\n<ul>\n<li>1 x Zwei Wege Auto Lautsprechersystem mit Frequenzweichen und separaten Hocht\u00f6nern f\u00fcr die vorderen T\u00fcren<\/li>\n<li>1 x Zwei Wege Koaxial-Lautsprechersystem und integrierten Hocht\u00f6nern f\u00fcr die hinteren T\u00fcren<\/li>\n<li>1 x Lautsprecherringe f\u00fcr den Einbau in den vorderen T\u00fcren<\/li>\n<li>1 x Lautsprecheradapterkabel vordere T\u00fcren<\/li>\n<li>1 x Lautsprecherringe Einbau in den hinteren Einbaupl\u00e4tzen<\/li>\n<li>1 x Lautsprecheradapterkabel hinteren Einbaupl\u00e4tzen<\/li>\n<\/ul>\n<p><strong>Alle Lautsprechersysteme werden immer paarweise geliefert!<\/strong><\/p>\n<p>Das\u00a0<em><strong>Ford Focus II Lautsprecher Komplettes Einbauset 2004-2010<\/strong><\/em> verf\u00fcgt \u00fcber einen sehr hohen Wirkungsgrad und ist auch f\u00fcr den Normalbetrieb am Autoradio ohne weitere Verst\u00e4rker geeignet!<\/p>\n<p><strong>Technische Daten: JL-Audio C1 650 2 Wege System<br \/>\n<\/strong><\/p>\n<ul>\n<li>Leistung RMS \/ Max 50 \/ 225 Watt<\/li>\n<li>Frequenzbereich 59 Hz \u2013 22.000 Hz<\/li>\n<li>Durchmesser Tieft\u00f6ner \/ Hocht\u00f6ner 165mm \/ 13mm<\/li>\n<li>19 mm Silk-Dome-Hocht\u00f6ner<\/li>\n<li>Wirkungsgrad 91 dB 1 W \/ 1 m<\/li>\n<li>Impedanz 4 Ohm<\/li>\n<li>Einbautiefe 53 mm<\/li>\n<li>6dB Inline-Crossover with Advanced Tweeter Protection Circuitry<\/li>\n<\/ul>\n<p>&nbsp;<\/p>\n<p><strong>Technische Daten: JL-Audio C1 650x Koaxialsystem<br \/>\n<\/strong><\/p>\n<ul>\n<li>Leistung RMS \/ Max 50 \/ 225 Watt<\/li>\n<li>Frequenzbereich 59 Hz \u2013 22.000 Hz<\/li>\n<li>Durchmesser Tieft\u00f6ner \/ Hocht\u00f6ner 165mm\/19mm<\/li>\n<li>19 mm Silk-Dome-Hocht\u00f6ner<\/li>\n<li>Wirkungsgrad 91 dB 1 W \/ 1 m<\/li>\n<li>Impedanz 4 Ohm<\/li>\n<li>Einbautiefe 53 mm<\/li>\n<\/ul>\n<p>&nbsp;<\/p>\n<p>&nbsp;<\/p>\n<p>&nbsp;<\/p>\n<p>Gratis Ford Focus II Lautsprecher Einbau Anleitung.<\/p>\n<h3><a href=\"http:\/\/www.radio-adapter.eu\/blog\/lautsprecher-wechsel-ford-focus-ii\/\" target=\"_blank\" rel=\"noopener\">Lautsprecher wechsel Ford Focus II<\/a><\/h3>\n<p>Beachten Sie die Einbauanleitung f\u00fcr Ford Focus II Lautsprecher Komplettes Einbauset 2004-2010 um zu einen guten Ergebnis zu kommen.\u00a0 Als Grundausstattung f\u00fcr die eine eigene Installation sollte das passende Werkzeug vorhanden sein. Das Resultat des Einbaus h\u00e4ngt von den handwerklichen F\u00e4higkeiten des Anwenders ab.<\/p>\n<p>Die Schritte der Demontage der T\u00fcrverkleidung und das Entfernen der originalen Lautsprecher werden in den Anleitungen beschrieben. Die originalen Werkslautsprecher in dem jeweiligen Fahrzeug sind mit Ringen aus Kunststoff an die T\u00fcrbleche genietet. Die originalen Werkslautsprecher m\u00fcssen mit den Halterungen ausgebohrt werden um die neuen Lautsprecher mit den im Lieferumfang enthaltenen Lautsprecherringen zu montieren.<\/p>\n<p>F\u00fcr die meisten Fahrzeugtypen und den passenden Lautsprecher Einbausets sind Einbauanleitungen vorhanden. Die Anleitungen sind ohne Gew\u00e4hr und von der handwerklichen F\u00e4higkeit des Monteurs abh\u00e4ngig. Unsachgem\u00e4\u00dfer Einbau f\u00fchrt zu einem schlechten Ergebnis im Klang und Pegel.<\/p>\n<p>&nbsp;<\/p>\n<p>&nbsp;<\/p>\n<p>&nbsp;<\/p>\n<p>&nbsp;<\/p>\n<p>&nbsp;<\/p>\n","protected":false},"excerpt":{"rendered":"<p>Dieses Auto Lautsprecher Einbauset, Ford Focus II Lautsprecher Komplettes Einbauset 2004-2010 ist f\u00fcr den Austausch des Standard Lautsprechersystems in Ford Focus II geeignet. Im Lieferumfang sind alle Lautsprecher und dazugeh\u00f6rigen Kabel und Einbaurringe enthalten.<\/p>\n","protected":false},"featured_media":8702,"comment_status":"open","ping_status":"closed","template":"","meta":{"jetpack_post_was_ever_published":false,"jetpack_publicize_message":"","jetpack_publicize_feature_enabled":true,"jetpack_social_post_already_shared":true,"jetpack_social_options":{"image_generator_settings":{"template":"highway","default_image_id":0,"font":"","enabled":false},"version":2}},"product_brand":[],"product_cat":[2349,2648,2416],"product_tag":[2421,2420,2418,2455,2419,2417],"class_list":{"0":"post-3238","1":"product","2":"type-product","3":"status-publish","4":"has-post-thumbnail","6":"product_cat-auto-lautsprecher-einbausets","7":"product_cat-ford-focus-ii-lautsprecher-einbausets","8":"product_cat-ford-lautsprecher-einbausets","9":"product_tag-die-lautsprecher-groessen-im-ford-focus-ii-hinten","10":"product_tag-die-lautsprecher-groessen-im-ford-focus-ii-vorne","11":"product_tag-ford-focus-ii-standard-lautsprechersystem-tauschen","12":"product_tag-lautsprecher-einbauset-testsieger-ford-focus-ii","13":"product_tag-lautsprechersystem-fuer-ford-focus-ii","14":"product_tag-neue-lautsprecher-fuer-ford-focus-ii","15":"product_shipping_class-auto-lautsprecher-set","17":"first","18":"instock","19":"taxable","20":"shipping-taxable","21":"purchasable","22":"product-type-simple"},"jetpack_publicize_connections":[],"jetpack_sharing_enabled":true,"jetpack_likes_enabled":true,"_links":{"self":[{"href":"https:\/\/www.radio-adapter.eu\/blog\/wp-json\/wp\/v2\/product\/3238","targetHints":{"allow":["GET"]}}],"collection":[{"href":"https:\/\/www.radio-adapter.eu\/blog\/wp-json\/wp\/v2\/product"}],"about":[{"href":"https:\/\/www.radio-adapter.eu\/blog\/wp-json\/wp\/v2\/types\/product"}],"replies":[{"embeddable":true,"href":"https:\/\/www.radio-adapter.eu\/blog\/wp-json\/wp\/v2\/comments?post=3238"}],"wp:featuredmedia":[{"embeddable":true,"href":"https:\/\/www.radio-adapter.eu\/blog\/wp-json\/wp\/v2\/media\/8702"}],"wp:attachment":[{"href":"https:\/\/www.radio-adapter.eu\/blog\/wp-json\/wp\/v2\/media?parent=3238"}],"wp:term":[{"taxonomy":"product_brand","embeddable":true,"href":"https:\/\/www.radio-adapter.eu\/blog\/wp-json\/wp\/v2\/product_brand?post=3238"},{"taxonomy":"product_cat","embeddable":true,"href":"https:\/\/www.radio-adapter.eu\/blog\/wp-json\/wp\/v2\/product_cat?post=3238"},{"taxonomy":"product_tag","embeddable":true,"href":"https:\/\/www.radio-adapter.eu\/blog\/wp-json\/wp\/v2\/product_tag?post=3238"}],"curies":[{"name":"wp","href":"https:\/\/api.w.org\/{rel}","templated":true}]}}