{"id":3204,"date":"2015-07-01T21:46:50","date_gmt":"2015-07-01T19:46:50","guid":{"rendered":"http:\/\/www.radio-adapter.eu\/blog\/produkt\/vw-passat-3b-lautsprecher-komplettes-einbauset\/"},"modified":"2024-03-25T07:30:56","modified_gmt":"2024-03-25T06:30:56","slug":"vw-passat-3b-lautsprecher-komplettes-einbauset","status":"publish","type":"product","link":"https:\/\/www.radio-adapter.eu\/blog\/produkt\/vw-passat-3b-lautsprecher-komplettes-einbauset\/","title":{"rendered":"VW Passat 3B Lautsprecher Komplettes Einbauset"},"content":{"rendered":"<p>Dieses Testsieger Lautsprecher Komplettset kann in <em>VW Passat 3B<\/em> von 1996 \u2013 2005 verwendet werden. Das\u00a0<strong>VW Passat 3B Lautsprecher Komplettes Einbauset<\/strong> erm\u00f6glicht den Austausch der originalen Lautsprecher, es werden wieder die gleichen Einbaupl\u00e4tze verwendet. Die Lautsprecher verschwinden unter der T\u00fcrverkleidung und sind von au\u00dfen nicht sichtbar.<\/p>\n<p>Es werden soweit wie m\u00f6glich die originalen Lautsprecherkabel ab Werk in den T\u00fcren genutzt um das System zu verkabeln. In dem\u00a0<em>VW Passat 3B Lautsprecher Komplettes Einbauset<\/em> sind alle notwendigen Lautsprecher und Adapter enthalten um den Einbau zu bewerkstelligen.<\/p>\n<p>&nbsp;<\/p>\n<h2>Die Lautsprecher Gr\u00f6\u00dfen im VW Passat 3B vorne<\/h2>\n<p>In den vorderen T\u00fcren ist ein zwei Wege System mit 16,5 cm Tieft\u00f6ner verbaut und separaten Hocht\u00f6nern im Spiegeldreieck seitlich. In VW Passat 3B sind auch 20cm Lautsprecher in den vorderen T\u00fcren machbar.<\/p>\n<h2>Die Lautsprecher Gr\u00f6\u00dfen im VW Passat 3B hinten<\/h2>\n<p>In den hinteren T\u00fcren ist ein zwei Wege System mit 16,5 cm Tieft\u00f6ner verbaut und separaten Hocht\u00f6nern seitlich. In VW Passat 3B sind auch 20cm Lautsprecher in den hinteren T\u00fcren machbar.<\/p>\n<h2>Lieferumfang:\u00a0VW Passat 3B Lautsprecher Komplettes Einbauset<\/h2>\n<ul>\n<li>1 x Zwei Wege Auto Lautsprechersystem mit Frequenzweichen und separaten Hocht\u00f6nern f\u00fcr die vorderen T\u00fcren<\/li>\n<li>1 x Zwei Wege Auto Lautsprechersystem mit Frequenzweichen und separaten Hocht\u00f6nern f\u00fcr die hinteren T\u00fcren<\/li>\n<li>1 x Lautsprecherringe f\u00fcr den Einbau in den vorderen T\u00fcren<\/li>\n<li>1 x Lautsprecheradapterkabel vordere T\u00fcren<\/li>\n<li>1 x Lautsprecherringe f\u00fcr den Einbau in den hinteren T\u00fcren<\/li>\n<li>1 x Lautsprecheradapterkabel hintere T\u00fcren<\/li>\n<\/ul>\n<p><strong>Alle Lautsprechersysteme werden immer paarweise geliefert!<\/strong><\/p>\n<p>Das\u00a0<em><strong>VW Passat 3B Lautsprecher Komplettes Einbauset<\/strong><\/em> verf\u00fcgt \u00fcber einen sehr hohen Wirkungsgrad und ist auch f\u00fcr den Normalbetrieb am Autoradio ohne weitere Verst\u00e4rker geeignet!<\/p>\n<p><strong>Technische Daten: JL-Audio C1 650 2 Wege System<br \/>\n<\/strong><\/p>\n<ul>\n<li>Leistung RMS \/ Max 50 \/ 225 Watt<\/li>\n<li>Frequenzbereich 59 Hz \u2013 22.000 Hz<\/li>\n<li>Durchmesser Tieft\u00f6ner \/ Hocht\u00f6ner 165mm \/ 13mm<\/li>\n<li>19 mm Silk-Dome-Hocht\u00f6ner<\/li>\n<li>Wirkungsgrad 91 dB 1 W \/ 1 m<\/li>\n<li>Impedanz 4 Ohm<\/li>\n<li>Einbautiefe 53 mm<\/li>\n<li>6dB Inline-Crossover with Advanced Tweeter Protection Circuitry<\/li>\n<\/ul>\n<p>&nbsp;<\/p>\n<p>&nbsp;<\/p>\n<p>Gratis VW Passat 3B Lautsprecher Einbau Anleitungen<\/p>\n<h3><a href=\"http:\/\/www.radio-adapter.eu\/blog\/lautsprecher-wechsel-vw-passat-variant-3b\/\" target=\"_blank\" rel=\"noopener\">Lautsprecher wechsel VW Passat Variant 3B<\/a><\/h3>\n<h3><a href=\"http:\/\/www.radio-adapter.eu\/blog\/lautsprecher-tausch-vw-passat-3b-elektrische-fensterheber\/\" target=\"_blank\" rel=\"noopener\">Lautsprecher tausch VW Passat 3B elektrische Fensterheber<\/a><\/h3>\n<p>Beachten Sie die Einbauanleitung f\u00fcr VW Passat 3B Lautsprecher Komplettes Einbauset um zu einen guten Ergebnis zu kommen.\u00a0 Als Grundausstattung f\u00fcr die eine eigene Installation sollte das passende Werkzeug vorhanden sein. Das Resultat des Einbaus h\u00e4ngt von den handwerklichen F\u00e4higkeiten des Anwenders ab.<\/p>\n<p>Die Schritte der Demontage der T\u00fcrverkleidung und das Entfernen der originalen Lautsprecher werden in den Anleitungen beschrieben. Die originalen Werkslautsprecher in dem jeweiligen Fahrzeug sind mit Ringen aus Kunststoff an die T\u00fcrbleche genietet. Die originalen Werkslautsprecher m\u00fcssen mit den Halterungen ausgebohrt werden um die neuen Lautsprecher mit den im Lieferumfang enthaltenen Lautsprecherringen zu montieren.<\/p>\n<p>F\u00fcr die meisten Fahrzeugtypen und den passenden Lautsprecher Einbausets sind Einbauanleitungen vorhanden. Die Anleitungen sind ohne Gew\u00e4hr und von der handwerklichen F\u00e4higkeit des Monteurs abh\u00e4ngig. Unsachgem\u00e4\u00dfer Einbau f\u00fchrt zu einem schlechten Ergebnis im Klang und Pegel.<\/p>\n<p>&nbsp;<\/p>\n<p>&nbsp;<\/p>\n<p>&nbsp;<\/p>\n","protected":false},"excerpt":{"rendered":"<p>Dieses Auto Lautsprecher Einbauset, VW Passat 3B Lautsprecher Komplettes Einbauset ist f\u00fcr den Austausch des Standard Lautsprechersystems in VW Passat 3B geeignet. Im VW Passat 3B von 1996 \u2013 2005 Limousine oder Variant sind verschiedenen Lautsprecher ab Werk integriert. Im Lieferumfang sind alle Lautsprecher und dazugeh\u00f6rigen Kabel und Einbaurringe enthalten.<\/p>\n","protected":false},"featured_media":8674,"comment_status":"open","ping_status":"closed","template":"","meta":{"jetpack_post_was_ever_published":false,"jetpack_publicize_message":"","jetpack_publicize_feature_enabled":true,"jetpack_social_post_already_shared":true,"jetpack_social_options":{"image_generator_settings":{"template":"highway","default_image_id":0,"font":"","enabled":false},"version":2}},"product_brand":[],"product_cat":[2349,2350,2657],"product_tag":[2366,2365,2447,2364,2363,2362],"class_list":{"0":"post-3204","1":"product","2":"type-product","3":"status-publish","4":"has-post-thumbnail","6":"product_cat-auto-lautsprecher-einbausets","7":"product_cat-vw-lautsprecher-einbausets","8":"product_cat-vw-passat-3b-lautsprecher-einbausets","9":"product_tag-die-lautsprecher-groessen-im-vw-passat-3b-hinten","10":"product_tag-die-lautsprecher-groessen-im-vw-passat-3b-vorne","11":"product_tag-lautsprecher-einbauset-testsieger-vw-passat-3b","12":"product_tag-lautsprechersystem-fuer-vw-passat-3b","13":"product_tag-neue-lautsprecher-fuer-vw-passat-3b","14":"product_tag-vw-passat-3b-standard-lautsprechersystem-tauschen","15":"product_shipping_class-auto-lautsprecher-set","17":"first","18":"instock","19":"taxable","20":"shipping-taxable","21":"purchasable","22":"product-type-simple"},"jetpack_publicize_connections":[],"jetpack_sharing_enabled":true,"jetpack_likes_enabled":true,"_links":{"self":[{"href":"https:\/\/www.radio-adapter.eu\/blog\/wp-json\/wp\/v2\/product\/3204","targetHints":{"allow":["GET"]}}],"collection":[{"href":"https:\/\/www.radio-adapter.eu\/blog\/wp-json\/wp\/v2\/product"}],"about":[{"href":"https:\/\/www.radio-adapter.eu\/blog\/wp-json\/wp\/v2\/types\/product"}],"replies":[{"embeddable":true,"href":"https:\/\/www.radio-adapter.eu\/blog\/wp-json\/wp\/v2\/comments?post=3204"}],"wp:featuredmedia":[{"embeddable":true,"href":"https:\/\/www.radio-adapter.eu\/blog\/wp-json\/wp\/v2\/media\/8674"}],"wp:attachment":[{"href":"https:\/\/www.radio-adapter.eu\/blog\/wp-json\/wp\/v2\/media?parent=3204"}],"wp:term":[{"taxonomy":"product_brand","embeddable":true,"href":"https:\/\/www.radio-adapter.eu\/blog\/wp-json\/wp\/v2\/product_brand?post=3204"},{"taxonomy":"product_cat","embeddable":true,"href":"https:\/\/www.radio-adapter.eu\/blog\/wp-json\/wp\/v2\/product_cat?post=3204"},{"taxonomy":"product_tag","embeddable":true,"href":"https:\/\/www.radio-adapter.eu\/blog\/wp-json\/wp\/v2\/product_tag?post=3204"}],"curies":[{"name":"wp","href":"https:\/\/api.w.org\/{rel}","templated":true}]}}