{"id":3186,"date":"2015-06-28T23:18:35","date_gmt":"2015-06-28T21:18:35","guid":{"rendered":"http:\/\/www.radio-adapter.eu\/blog\/produkt\/ford-fiesta-mk7-lautsprecher-vorne-hinten-2008-heute\/"},"modified":"2023-11-12T11:50:37","modified_gmt":"2023-11-12T10:50:37","slug":"ford-fiesta-mk7-lautsprecher-vorne-hinten-2008-heute","status":"publish","type":"product","link":"https:\/\/www.radio-adapter.eu\/blog\/produkt\/ford-fiesta-mk7-lautsprecher-vorne-hinten-2008-heute\/","title":{"rendered":"Ford Fiesta MK7 Lautsprecher vorne hinten 2008-Heute"},"content":{"rendered":"<p>Im Ford Fiesta MK7 von 2008 \u2013 2017 sind vorne und hinten Lautsprecher ab Werk integriert, dieses Auto Lautsprecher Einbauset,\u00a0<strong>Ford Fiesta MK7 Lautsprecher vorne hinten 2008-Heute<\/strong> ist f\u00fcr den Austausch des Standard Lautsprechersystems im F\u00fcnft\u00fcrer geeignet.<\/p>\n<p>&nbsp;<\/p>\n<h2>Die Lautsprecher Gr\u00f6\u00dfen im Ford Ford Fiesta MK7 vorne<\/h2>\n<p>In den vorderen T\u00fcren ist ein zwei Wege System mit 16,5 cm Tieft\u00f6ner verbaut und separaten Hocht\u00f6nern in der T\u00fcrverkleidung.<\/p>\n<h2>Die Lautsprecher Gr\u00f6\u00dfen im Ford Ford Fiesta MK7 hinten<\/h2>\n<p>In den hinteren Einbaupl\u00e4tzen ist ein 16 cm Tieft\u00f6ner verbaut.<\/p>\n<h2>Lieferumfang: Ford Fiesta MK7 Lautsprecher vorne hinten 2008-Heute<\/h2>\n<ul>\n<li>1 x Zwei Wege Auto Lautsprechersystem mit Frequenzweichen und separaten Hocht\u00f6nern f\u00fcr die vorderen T\u00fcren<\/li>\n<li>1 x Zwei Wege Koaxial-Lautsprechersystem und integrierten Hocht\u00f6nern f\u00fcr die hinteren T\u00fcren<\/li>\n<li>1 x Lautsprecherringe f\u00fcr den Einbau in den vorderen T\u00fcren<\/li>\n<li>1 x Lautsprecheradapterkabel vordere T\u00fcren<\/li>\n<li>1 x Lautsprecherringe f\u00fcr den Einbau in den hinteren Einbaupl\u00e4tzen<\/li>\n<li>1 x Lautsprecheradapterkabel hintere Einbaupl\u00e4tzen<\/li>\n<\/ul>\n<p><strong>Alle Lautsprechersysteme werden immer paarweise geliefert!<\/strong><\/p>\n<p>Die Ford Fiesta MK7 Lautsprecher verf\u00fcgen \u00fcber einen sehr hohen Wirkungsgrad und sind auch f\u00fcr den Normalbetrieb am Autoradio ohne weitere Verst\u00e4rker geeignet!<\/p>\n<p>Technische Daten: Helix E62c.2<\/p>\n<ul>\n<li>Leistung RMS \/ Max 75 \/ 220 Watt<\/li>\n<li>Frequenzbereich 50 Hz &#8211; 25.000 Hz<\/li>\n<li>Durchmesser Tieft\u00f6ner \/ Hocht\u00f6ner 165mm \/ 25mm<\/li>\n<li>25 mm Seidenkalotten-Hocht\u00f6ner<\/li>\n<li>Wirkungsgrad 91 dB 1 W \/ 1 m<\/li>\n<li>Impedanz 4 Ohm<\/li>\n<li>Einbautiefe 65 mm<\/li>\n<\/ul>\n<p>&nbsp;<\/p>\n<p>Der Lautsprecher Einbau h\u00e4ngt von den handwerklichen F\u00e4higkeiten des Anwenders ab, um zu einen guten Ergebnis zu kommen sollte man die Anleitungen f\u00fcr den Einbau der Ford Fiesta MK7 Lautsprecher vorne hinten ansehen. Unsachgem\u00e4\u00dfer Einbau f\u00fchrt zu einem schlechten Ergebnis im Klang und Pegel.<\/p>\n<p>Die Grundvoraussetzung f\u00fcr eine eigene Installation ist das passende Werkzeug, die einzelnen Schritte der Demontage der T\u00fcrverkleidung und das Entfernen der originalen Lautsprecher werden in der Anleitung beschrieben.<\/p>\n<p>Die originalen Lautsprecher in dem Fahrzeug sind mit Ringen aus Kunststoff an die T\u00fcrbleche genietet. Die originalen Lautsprecher m\u00fcssen mit der Halterung ausgebohrt werden um die neuen Lautsprecher mit den im Lieferumfang enthaltenen Lautsprecherringen zu montieren.<\/p>\n<p>&nbsp;<\/p>\n","protected":false},"excerpt":{"rendered":"<p>Dieses Auto Lautsprecher Einbauset, Ford Fiesta MK7 Lautsprecher vorne hinten 2008-2017 ist f\u00fcr den Austausch des Standard Lautsprechersystems in Ford Fiesta MK7 geeignet. Alle notwendigen Einbaurringe und Kabel sind mit im Lieferumfang enthalten.<\/p>\n","protected":false},"featured_media":8810,"comment_status":"open","ping_status":"closed","template":"","meta":{"jetpack_post_was_ever_published":false,"jetpack_publicize_message":"","jetpack_publicize_feature_enabled":true,"jetpack_social_post_already_shared":true,"jetpack_social_options":{"image_generator_settings":{"template":"highway","default_image_id":0,"font":"","enabled":false},"version":2}},"product_brand":[],"product_cat":[2349,2646,2416],"product_tag":[2436,2435,2434,2433,2432],"class_list":{"0":"post-3186","1":"product","2":"type-product","3":"status-publish","4":"has-post-thumbnail","6":"product_cat-auto-lautsprecher-einbausets","7":"product_cat-ford-fiesta-lautsprecher-einbausets","8":"product_cat-ford-lautsprecher-einbausets","9":"product_tag-die-lautsprecher-groessen-im-ford-fiesta-mk7-hinten","10":"product_tag-die-lautsprecher-groessen-im-ford-fiesta-mk7-vorne","11":"product_tag-ford-fiesta-mk7-standard-lautsprechersystem-tauschen","12":"product_tag-lautsprechersystem-fuer-ford-fiesta-mk7","13":"product_tag-neue-lautsprecher-fuer-ford-fiesta-mk7","14":"product_shipping_class-auto-lautsprecher-set","16":"first","17":"instock","18":"taxable","19":"shipping-taxable","20":"purchasable","21":"product-type-simple"},"jetpack_publicize_connections":[],"jetpack_sharing_enabled":true,"jetpack_likes_enabled":true,"_links":{"self":[{"href":"https:\/\/www.radio-adapter.eu\/blog\/wp-json\/wp\/v2\/product\/3186","targetHints":{"allow":["GET"]}}],"collection":[{"href":"https:\/\/www.radio-adapter.eu\/blog\/wp-json\/wp\/v2\/product"}],"about":[{"href":"https:\/\/www.radio-adapter.eu\/blog\/wp-json\/wp\/v2\/types\/product"}],"replies":[{"embeddable":true,"href":"https:\/\/www.radio-adapter.eu\/blog\/wp-json\/wp\/v2\/comments?post=3186"}],"wp:featuredmedia":[{"embeddable":true,"href":"https:\/\/www.radio-adapter.eu\/blog\/wp-json\/wp\/v2\/media\/8810"}],"wp:attachment":[{"href":"https:\/\/www.radio-adapter.eu\/blog\/wp-json\/wp\/v2\/media?parent=3186"}],"wp:term":[{"taxonomy":"product_brand","embeddable":true,"href":"https:\/\/www.radio-adapter.eu\/blog\/wp-json\/wp\/v2\/product_brand?post=3186"},{"taxonomy":"product_cat","embeddable":true,"href":"https:\/\/www.radio-adapter.eu\/blog\/wp-json\/wp\/v2\/product_cat?post=3186"},{"taxonomy":"product_tag","embeddable":true,"href":"https:\/\/www.radio-adapter.eu\/blog\/wp-json\/wp\/v2\/product_tag?post=3186"}],"curies":[{"name":"wp","href":"https:\/\/api.w.org\/{rel}","templated":true}]}}