{"id":3179,"date":"2015-06-28T17:39:12","date_gmt":"2015-06-28T15:39:12","guid":{"rendered":"http:\/\/www.radio-adapter.eu\/blog\/produkt\/ford-c-max-lautsprecher-vorne-hinten-2003-2010\/"},"modified":"2023-11-12T11:42:05","modified_gmt":"2023-11-12T10:42:05","slug":"ford-c-max-lautsprecher-vorne-hinten-2003-2010","status":"publish","type":"product","link":"https:\/\/www.radio-adapter.eu\/blog\/produkt\/ford-c-max-lautsprecher-vorne-hinten-2003-2010\/","title":{"rendered":"Ford C-Max Lautsprecher vorne hinten 2003-2010"},"content":{"rendered":"<p>Im Ford C-Max F\u00fcnft\u00fcrer von 2003 \u2013 2010 sind vorne und hinten Lautsprecher ab Werk integriert, dieses Auto Lautsprecher Einbauset,\u00a0<em><strong>Ford C-Max Lautsprecher vorne hinten 2003-2010<\/strong><\/em> sind f\u00fcr den Austausch des Standard Lautsprechersystems geeignet.<\/p>\n<p>Um die neuen Lautsprecher anzuschlie\u00dfen werden die originalen Kabel in den Fahrzeugt\u00fcren verwendet, es werden nur Kabelverbindungen bis zur Frequenzweiche gelegt. Der Satz <em>Ford C-Max Lautsprecher vorne hinten 2003-2010<\/em> ist somit relativ einfach in die originalen Einbaupl\u00e4tze der Werkslautsprecher einzubauen.<\/p>\n<h2>Die Lautsprecher Gr\u00f6\u00dfen im Ford C-Max vorne<\/h2>\n<p>In den vorderen T\u00fcren ist ein zwei Wege System mit 16,5 cm Tieft\u00f6ner verbaut und separaten Hocht\u00f6nern in der T\u00fcrverkleidung.<\/p>\n<h2>Die Lautsprecher Gr\u00f6\u00dfen im Ford C-Max hinten<\/h2>\n<p>In den hinteren Einbaupl\u00e4tzen sind zwei Koaxialsysteme mit 16,5 cm Tieft\u00f6ner verbaut.<\/p>\n<h2>Lieferumfang: Ford C-Max Lautsprecher vorne hinten 2003-2010 F\u00fcnft\u00fcrer<\/h2>\n<ul>\n<li>1 x Zwei Wege Auto Lautsprechersystem mit Frequenzweichen und separaten Hocht\u00f6nern f\u00fcr die vorderen T\u00fcren<\/li>\n<li>1 x Zwei Wege Koaxial-Lautsprechersystem und integrierten Hocht\u00f6nern f\u00fcr die hinteren T\u00fcren<\/li>\n<li>1 x Lautsprecherringe f\u00fcr den Einbau in den vorderen T\u00fcren<\/li>\n<li>1 x Lautsprecheradapterkabel vordere T\u00fcren<\/li>\n<li>1 x Lautsprecherringe f\u00fcr den Einbau in den hinteren Einbaupl\u00e4tzen<\/li>\n<li>1 x Lautsprecheradapterkabel hintere Einbaupl\u00e4tzen<\/li>\n<\/ul>\n<p><strong>Alle Lautsprechersysteme werden immer paarweise geliefert!<\/strong><\/p>\n<p>Die Ford C-Max Lautsprecher vorne hinten 2003-2010 verf\u00fcgen \u00fcber einen sehr hohen Wirkungsgrad und sind auch f\u00fcr den Normalbetrieb am Autoradio ohne weitere Verst\u00e4rker geeignet!<\/p>\n<p><a href=\"http:\/\/www.radio-adapter.eu\/blog\/wp-content\/uploads\/2015\/08\/Lautsprecher-Abdeckgitter.jpg\"><img loading=\"lazy\" decoding=\"async\" width=\"500\" height=\"235\" class=\"alignalignnone size-full wp-image-3778\" src=\"http:\/\/www.radio-adapter.eu\/blog\/wp-content\/uploads\/2015\/08\/Lautsprecher-Abdeckgitter.jpg\" sizes=\"auto, (max-width: 500px) 100vw, 500px\" srcset=\"http:\/\/www.radio-adapter.eu\/blog\/wp-content\/uploads\/2015\/08\/Lautsprecher-Abdeckgitter.jpg 500w, http:\/\/www.radio-adapter.eu\/blog\/wp-content\/uploads\/2015\/08\/Lautsprecher-Abdeckgitter-236x111.jpg 236w, http:\/\/www.radio-adapter.eu\/blog\/wp-content\/uploads\/2015\/08\/Lautsprecher-Abdeckgitter-300x141.jpg 300w, http:\/\/www.radio-adapter.eu\/blog\/wp-content\/uploads\/2015\/08\/Lautsprecher-Abdeckgitter-151x71.jpg 151w, http:\/\/www.radio-adapter.eu\/blog\/wp-content\/uploads\/2015\/08\/Lautsprecher-Abdeckgitter-275x129.jpg 275w\" alt=\"Lautsprecher Abdeckgitter\" \/><\/a><\/p>\n<p><strong>Technische Daten:<\/strong><\/p>\n<ul>\n<li>16,5cm 2-Wege-Compo-System<br \/>\nmit Gitter und Frequenzweiche<\/li>\n<li>19 mm Gewebe-Neodym-Hocht\u00f6ner<\/li>\n<li>60 Watt RMS, 100 Watt Peak<\/li>\n<li>91 dB, 59 Hz- 22 KHz, \u00d8 142 mm, \u2021 Einbautiefe 62 mm<\/li>\n<\/ul>\n<p><img loading=\"lazy\" decoding=\"async\" width=\"400\" height=\"500\" class=\"alignalignnone size-full wp-image-8783\" src=\"http:\/\/www.radio-adapter.eu\/blog\/wp-content\/uploads\/2015\/06\/JL-Audio-C2-650-Test.jpg\" sizes=\"auto, (max-width: 400px) 100vw, 400px\" srcset=\"http:\/\/www.radio-adapter.eu\/blog\/wp-content\/uploads\/2015\/06\/JL-Audio-C2-650-Test.jpg 400w, http:\/\/www.radio-adapter.eu\/blog\/wp-content\/uploads\/2015\/06\/JL-Audio-C2-650-Test-189x236.jpg 189w, http:\/\/www.radio-adapter.eu\/blog\/wp-content\/uploads\/2015\/06\/JL-Audio-C2-650-Test-240x300.jpg 240w, http:\/\/www.radio-adapter.eu\/blog\/wp-content\/uploads\/2015\/06\/JL-Audio-C2-650-Test-151x189.jpg 151w, http:\/\/www.radio-adapter.eu\/blog\/wp-content\/uploads\/2015\/06\/JL-Audio-C2-650-Test-275x344.jpg 275w\" \/><\/p>\n<h4><strong>Testsieger in Zeitschrift Autohifi<\/strong><\/h4>\n<p><strong>Technische Daten: 2 Wege Koaxiallautsprecher C2 650x<\/strong><\/p>\n<ul>\n<li>Power Handling 60\/100 Watts, Impedance 4 Ohms<\/li>\n<li>19 mm Neodymium-Silk-Tweeter Dome<\/li>\n<li>Injection, Mica Filled Polycone, incl. Grilles<\/li>\n<li>89 dB, Frequency Response 59Hz \u2013 22kHz +\/-3dB<\/li>\n<li>\u2021 63 mm, \u00d8 142 mm<\/li>\n<\/ul>\n<p><a href=\"http:\/\/www.radio-adapter.eu\/blog\/wp-content\/uploads\/2015\/08\/Jl-Audio-C2-650x-Hocht\u00f6ner.jpg\"><img loading=\"lazy\" decoding=\"async\" width=\"308\" height=\"307\" class=\"alignalignnone size-full wp-image-3980\" src=\"http:\/\/www.radio-adapter.eu\/blog\/wp-content\/uploads\/2015\/08\/Jl-Audio-C2-650x-Hocht\u00f6ner.jpg\" sizes=\"auto, (max-width: 308px) 100vw, 308px\" srcset=\"http:\/\/www.radio-adapter.eu\/blog\/wp-content\/uploads\/2015\/08\/Jl-Audio-C2-650x-Hocht\u00f6ner.jpg 308w, http:\/\/www.radio-adapter.eu\/blog\/wp-content\/uploads\/2015\/08\/Jl-Audio-C2-650x-Hocht\u00f6ner-300x300.jpg 300w, http:\/\/www.radio-adapter.eu\/blog\/wp-content\/uploads\/2015\/08\/Jl-Audio-C2-650x-Hocht\u00f6ner-100x100.jpg 100w, http:\/\/www.radio-adapter.eu\/blog\/wp-content\/uploads\/2015\/08\/Jl-Audio-C2-650x-Hocht\u00f6ner-236x236.jpg 236w, http:\/\/www.radio-adapter.eu\/blog\/wp-content\/uploads\/2015\/08\/Jl-Audio-C2-650x-Hocht\u00f6ner-151x151.jpg 151w, http:\/\/www.radio-adapter.eu\/blog\/wp-content\/uploads\/2015\/08\/Jl-Audio-C2-650x-Hocht\u00f6ner-275x274.jpg 275w, http:\/\/www.radio-adapter.eu\/blog\/wp-content\/uploads\/2015\/08\/Jl-Audio-C2-650x-Hocht\u00f6ner-128x128.jpg 128w\" alt=\"Jl Audio C2 650x Hocht\u00f6ner\" \/><\/a><\/p>\n<p><img loading=\"lazy\" decoding=\"async\" width=\"349\" height=\"204\" class=\"alignalignnone size-full wp-image-8802\" src=\"http:\/\/www.radio-adapter.eu\/blog\/wp-content\/uploads\/2015\/06\/JL-Audio-C2-650x-Bewertung-Autohifi.jpg\" srcset=\"https:\/\/www.radio-adapter.eu\/blog\/wp-content\/uploads\/2015\/06\/JL-Audio-C2-650x-Bewertung-Autohifi.jpg 349w, https:\/\/www.radio-adapter.eu\/blog\/wp-content\/uploads\/2015\/06\/JL-Audio-C2-650x-Bewertung-Autohifi-236x138.jpg 236w, https:\/\/www.radio-adapter.eu\/blog\/wp-content\/uploads\/2015\/06\/JL-Audio-C2-650x-Bewertung-Autohifi-300x175.jpg 300w, https:\/\/www.radio-adapter.eu\/blog\/wp-content\/uploads\/2015\/06\/JL-Audio-C2-650x-Bewertung-Autohifi-151x88.jpg 151w, https:\/\/www.radio-adapter.eu\/blog\/wp-content\/uploads\/2015\/06\/JL-Audio-C2-650x-Bewertung-Autohifi-275x161.jpg 275w\" sizes=\"auto, (max-width: 349px) 100vw, 349px\" \/><\/p>\n<h3>\u00a0<strong>Weitere JL-Audio Testsiege:<\/strong><\/h3>\n<p><a href=\"http:\/\/www.radio-adapter.eu\/blog\/wp-content\/uploads\/2015\/08\/Test-JL-Audio-C2-650x.jpg\"><img loading=\"lazy\" decoding=\"async\" width=\"250\" height=\"210\" class=\"alignalignnone size-full wp-image-3779\" src=\"http:\/\/www.radio-adapter.eu\/blog\/wp-content\/uploads\/2015\/08\/Test-JL-Audio-C2-650x.jpg\" sizes=\"auto, (max-width: 250px) 100vw, 250px\" srcset=\"http:\/\/www.radio-adapter.eu\/blog\/wp-content\/uploads\/2015\/08\/Test-JL-Audio-C2-650x.jpg 250w, http:\/\/www.radio-adapter.eu\/blog\/wp-content\/uploads\/2015\/08\/Test-JL-Audio-C2-650x-236x198.jpg 236w, http:\/\/www.radio-adapter.eu\/blog\/wp-content\/uploads\/2015\/08\/Test-JL-Audio-C2-650x-151x127.jpg 151w\" alt=\"Test JL Audio C2 650x\" \/><\/a><a href=\"http:\/\/www.radio-adapter.eu\/blog\/wp-content\/uploads\/2015\/08\/Test-JL-Audio-C2-690x.jpg\"><img loading=\"lazy\" decoding=\"async\" width=\"250\" height=\"210\" class=\"alignalignnone size-full wp-image-3780\" src=\"http:\/\/www.radio-adapter.eu\/blog\/wp-content\/uploads\/2015\/08\/Test-JL-Audio-C2-690x.jpg\" sizes=\"auto, (max-width: 250px) 100vw, 250px\" srcset=\"http:\/\/www.radio-adapter.eu\/blog\/wp-content\/uploads\/2015\/08\/Test-JL-Audio-C2-690x.jpg 250w, http:\/\/www.radio-adapter.eu\/blog\/wp-content\/uploads\/2015\/08\/Test-JL-Audio-C2-690x-236x198.jpg 236w, http:\/\/www.radio-adapter.eu\/blog\/wp-content\/uploads\/2015\/08\/Test-JL-Audio-C2-690x-151x127.jpg 151w\" alt=\"Test JL Audio C2 690x\" \/><\/a><a href=\"http:\/\/www.radio-adapter.eu\/blog\/wp-content\/uploads\/2015\/08\/Test-JL-Audio-C5-650.jpg\"><img loading=\"lazy\" decoding=\"async\" width=\"250\" height=\"210\" class=\"alignalignnone size-full wp-image-3781\" src=\"http:\/\/www.radio-adapter.eu\/blog\/wp-content\/uploads\/2015\/08\/Test-JL-Audio-C5-650.jpg\" sizes=\"auto, (max-width: 250px) 100vw, 250px\" srcset=\"http:\/\/www.radio-adapter.eu\/blog\/wp-content\/uploads\/2015\/08\/Test-JL-Audio-C5-650.jpg 250w, http:\/\/www.radio-adapter.eu\/blog\/wp-content\/uploads\/2015\/08\/Test-JL-Audio-C5-650-236x198.jpg 236w, http:\/\/www.radio-adapter.eu\/blog\/wp-content\/uploads\/2015\/08\/Test-JL-Audio-C5-650-151x127.jpg 151w\" alt=\"Test JL Audio C5 650\" \/><\/a><\/p>\n<p>&nbsp;<\/p>\n<p>&nbsp;<\/p>\n<p>Gratis Ford C-Max Lautsprecher Einbau Anleitung.<\/p>\n<h3><a href=\"http:\/\/www.radio-adapter.eu\/blog\/lautsprecher-wechsel-ford-c-max\/\" target=\"_blank\" rel=\"noopener noreferrer\">Lautsprecher wechsel Ford C-Max<\/a><\/h3>\n<p>Der Lautsprecher Einbau h\u00e4ngt von den handwerklichen F\u00e4higkeiten des Anwenders ab, um zu einen guten Ergebnis zu kommen sollte man die Anleitungen f\u00fcr den Einbau der <strong>Ford C-Max Lautsprecher vorne hinten 2003-2010<\/strong> ansehen. Unsachgem\u00e4\u00dfer Einbau f\u00fchrt zu einem schlechten Ergebnis im Klang und Pegel.<\/p>\n<p>Die Grundvoraussetzung f\u00fcr eine eigene Installation ist das passende Werkzeug, die einzelnen Schritte der Demontage der T\u00fcrverkleidung und das Entfernen der originalen Lautsprecher werden in der Anleitung beschrieben.<\/p>\n<p>Die originalen Lautsprecher in dem Fahrzeug sind mit Ringen aus Kunststoff an die T\u00fcrbleche genietet. Die originalen Lautsprecher m\u00fcssen mit der Halterung ausgebohrt werden um die neuen Lautsprecher mit den im Lieferumfang enthaltenen Lautsprecherringen zu montieren.<\/p>\n","protected":false},"excerpt":{"rendered":"<p>Dieses Auto Lautsprecher Einbauset,\u00a0Ford C-Max Lautsprecher vorne hinten 2003-2010 ist f\u00fcr den Austausch des Standard Lautsprechersystems in Ford C-Max geeignet. Alle notwendigen Einbaurringe und Kabel sind mit im Lieferumfang enthalten.<\/p>\n","protected":false},"featured_media":8811,"comment_status":"open","ping_status":"closed","template":"","meta":{"jetpack_post_was_ever_published":false,"jetpack_publicize_message":"","jetpack_publicize_feature_enabled":true,"jetpack_social_post_already_shared":true,"jetpack_social_options":{"image_generator_settings":{"template":"highway","default_image_id":0,"font":"","enabled":false},"version":2}},"product_brand":[],"product_cat":[2349,2645,2416],"product_tag":[2426,2425,2424,2423,2422],"class_list":{"0":"post-3179","1":"product","2":"type-product","3":"status-publish","4":"has-post-thumbnail","6":"product_cat-auto-lautsprecher-einbausets","7":"product_cat-ford-c-max-lautsprecher-einbausets","8":"product_cat-ford-lautsprecher-einbausets","9":"product_tag-die-lautsprecher-groessen-im-ford-c-max-hinten","10":"product_tag-die-lautsprecher-groessen-im-ford-c-max-vorne","11":"product_tag-ford-c-max-standard-lautsprechersystem-tauschen","12":"product_tag-lautsprechersystem-fuer-ford-c-max","13":"product_tag-neue-lautsprecher-fuer-ford-c-max","14":"product_shipping_class-auto-lautsprecher-set","16":"first","17":"instock","18":"taxable","19":"shipping-taxable","20":"purchasable","21":"product-type-simple"},"jetpack_publicize_connections":[],"jetpack_sharing_enabled":true,"jetpack_likes_enabled":true,"_links":{"self":[{"href":"https:\/\/www.radio-adapter.eu\/blog\/wp-json\/wp\/v2\/product\/3179","targetHints":{"allow":["GET"]}}],"collection":[{"href":"https:\/\/www.radio-adapter.eu\/blog\/wp-json\/wp\/v2\/product"}],"about":[{"href":"https:\/\/www.radio-adapter.eu\/blog\/wp-json\/wp\/v2\/types\/product"}],"replies":[{"embeddable":true,"href":"https:\/\/www.radio-adapter.eu\/blog\/wp-json\/wp\/v2\/comments?post=3179"}],"wp:featuredmedia":[{"embeddable":true,"href":"https:\/\/www.radio-adapter.eu\/blog\/wp-json\/wp\/v2\/media\/8811"}],"wp:attachment":[{"href":"https:\/\/www.radio-adapter.eu\/blog\/wp-json\/wp\/v2\/media?parent=3179"}],"wp:term":[{"taxonomy":"product_brand","embeddable":true,"href":"https:\/\/www.radio-adapter.eu\/blog\/wp-json\/wp\/v2\/product_brand?post=3179"},{"taxonomy":"product_cat","embeddable":true,"href":"https:\/\/www.radio-adapter.eu\/blog\/wp-json\/wp\/v2\/product_cat?post=3179"},{"taxonomy":"product_tag","embeddable":true,"href":"https:\/\/www.radio-adapter.eu\/blog\/wp-json\/wp\/v2\/product_tag?post=3179"}],"curies":[{"name":"wp","href":"https:\/\/api.w.org\/{rel}","templated":true}]}}