{"id":3169,"date":"2015-06-28T15:49:35","date_gmt":"2015-06-28T13:49:35","guid":{"rendered":"http:\/\/www.radio-adapter.eu\/blog\/produkt\/mercedes-s-202-lautsprecher-vorne-hinten-1996-2001\/"},"modified":"2019-07-17T20:13:12","modified_gmt":"2019-07-17T18:13:12","slug":"mercedes-s-202-lautsprecher-vorne-hinten-1996-2001","status":"publish","type":"product","link":"https:\/\/www.radio-adapter.eu\/blog\/produkt\/mercedes-s-202-lautsprecher-vorne-hinten-1996-2001\/","title":{"rendered":"Mercedes S 202 Lautsprecher vorne hinten 1996-2001"},"content":{"rendered":"<p>Im Mercedes C-Klasse S 202 von 1996 \u2013 2001 sind vorne und hinten Lautsprecher ab Werk integriert, dieses Auto Lautsprecher Einbauset,\u00a0<strong>Mercedes S 202 Lautsprecher vorne hinten 1996-2001<\/strong> sind f\u00fcr den Austausch des Standard Lautsprechersystems geeignet.<\/p>\n<p>&nbsp;<\/p>\n<h2>Die Lautsprecher Gr\u00f6\u00dfen im Mercedes C-Klasse S 202 vorne<\/h2>\n<p>In den vorderen T\u00fcren ist ein zwei Wege System mit 16,5 cm Tieft\u00f6ner verbaut und separaten Hocht\u00f6nern in der T\u00fcrverkleidung.<\/p>\n<h2>Die Lautsprecher Gr\u00f6\u00dfen im Mercedes C-Klasse S 202 hinten<\/h2>\n<p>In den hinteren Einbaupl\u00e4tzen sind zwei Wege-Koaxialsysteme mit 13 cm Tieft\u00f6ner und integrierten Hocht\u00f6nern verbaut.<\/p>\n<h2>Lieferumfang: Mercedes S 202 Lautsprecher vorne hinten 1996-2001<\/h2>\n<ul>\n<li>1 x Zwei Wege Auto Lautsprechersystem mit Frequenzweichen und separaten Hocht\u00f6nern f\u00fcr die vorderen T\u00fcren<\/li>\n<li>1 x Zwei Wege Koaxial-Lautsprechersystem und integrierten Hocht\u00f6nern f\u00fcr die hinteren T\u00fcren<\/li>\n<li>1 x Lautsprecherringe f\u00fcr den Einbau in den vorderen T\u00fcren<\/li>\n<li>1 x Lautsprecheradapterkabel vordere T\u00fcren<\/li>\n<li>1 x Lautsprecherringe f\u00fcr den Einbau in den hinteren Einbaupl\u00e4tzen<\/li>\n<li>1 x Lautsprecheradapterkabel hintere Einbaupl\u00e4tzen<\/li>\n<\/ul>\n<p><strong>Alle Lautsprechersysteme werden immer paarweise geliefert!<\/strong><\/p>\n<p>Die Mercedes C-Klasse S 202 Lautsprecher verf\u00fcgen \u00fcber einen sehr hohen Wirkungsgrad und sind auch f\u00fcr den Normalbetrieb am Autoradio ohne weitere Verst\u00e4rker geeignet!<\/p>\n<p><strong>Technische Daten: JL-Audio C1 650 2 Wege System<br \/>\n<\/strong><\/p>\n<ul>\n<li>Leistung RMS \/ Max 50 \/ 225 Watt<\/li>\n<li>Frequenzbereich 59 Hz \u2013 22.000 Hz<\/li>\n<li>Durchmesser Tieft\u00f6ner \/ Hocht\u00f6ner 165mm<\/li>\n<li>19 mm Silk-Dome-Hocht\u00f6ner<\/li>\n<li>Wirkungsgrad 91 dB 1 W \/ 1 m<\/li>\n<li>Impedanz 4 Ohm<\/li>\n<li>Einbautiefe 53 mm<\/li>\n<li>6dB Inline-Crossover with Advanced Tweeter Protection Circuitry<\/li>\n<\/ul>\n<p>&nbsp;<\/p>\n<p><strong>Technische Daten: JL-Audio C1 525x 2 Wege Koaxial Lautsprecher<br \/>\n<\/strong><\/p>\n<ul>\n<li>Leistung RMS \/ Max 50 \/ 225 Watt<\/li>\n<li>Frequenzbereich 59 Hz \u2013 22.000 Hz<\/li>\n<li>Durchmesser Tieft\u00f6ner \/ Hocht\u00f6ner 119mm \/ 13mm<\/li>\n<li>13 mm Silk-Dome-Hocht\u00f6ner<\/li>\n<li>Wirkungsgrad 91 dB 1 W \/ 1 m<\/li>\n<li>Impedanz 4 Ohm<\/li>\n<li>Einbautiefe 62 mm<\/li>\n<li>6dB Inline-Crossover with Advanced Tweeter Protection Circuitry<\/li>\n<\/ul>\n<p>Test in Car &amp; Hifi 1\/2018 \u2013 Bestes Produkt<\/p>\n<p>&nbsp;<\/p>\n<p>&nbsp;<\/p>\n<p>&nbsp;<\/p>\n<p>&nbsp;<\/p>\n<p>Der Lautsprecher Einbau h\u00e4ngt von den handwerklichen F\u00e4higkeiten des Anwenders ab, um zu einen guten Ergebnis zu kommen sollte man die Anleitungen f\u00fcr den Einbau der Mercedes C-Klasse S 202 Lautsprecher vorne hinten ansehen. Unsachgem\u00e4\u00dfer Einbau f\u00fchrt zu einem schlechten Ergebnis im Klang und Pegel.<\/p>\n<p>Die Grundvoraussetzung f\u00fcr eine eigene Installation ist das passende Werkzeug, die einzelnen Schritte der Demontage der T\u00fcrverkleidung und das Entfernen der originalen Lautsprecher werden in der Anleitung beschrieben.<\/p>\n<p>Die originalen Lautsprecher in dem Fahrzeug sind mit Ringen aus Kunststoff an die T\u00fcrbleche genietet. Die originalen Lautsprecher m\u00fcssen mit der Halterung ausgebohrt werden um die neuen Lautsprecher mit den im Lieferumfang enthaltenen Lautsprecherringen zu montieren.<\/p>\n","protected":false},"excerpt":{"rendered":"<p>Dieses Auto Lautsprecher Einbauset, Mercedes S 202 Lautsprecher vorne hinten 1996-2001 ist f\u00fcr den Austausch des Standard Lautsprechersystems in Mercedes C-Klasse S 202 geeignet. Alle notwendigen Einbaurringe und Kabel sind mit im Lieferumfang enthalten.<\/p>\n","protected":false},"featured_media":8726,"comment_status":"closed","ping_status":"closed","template":"","meta":{"jetpack_post_was_ever_published":false,"jetpack_publicize_message":"","jetpack_publicize_feature_enabled":true,"jetpack_social_post_already_shared":true,"jetpack_social_options":{"image_generator_settings":{"template":"highway","default_image_id":0,"font":"","enabled":false},"version":2}},"product_brand":[],"product_cat":[2349,2395],"product_tag":[2410,2409,2408,2407,2406],"class_list":{"0":"post-3169","1":"product","2":"type-product","3":"status-publish","4":"has-post-thumbnail","6":"product_cat-auto-lautsprecher-einbausets","7":"product_cat-mercedes-lautsprecher-einbausets","8":"product_tag-die-lautsprecher-groessen-im-mercedes-c-klasse-s-202-hinten","9":"product_tag-die-lautsprecher-groessen-im-mercedes-c-klasse-s-202-vorne","10":"product_tag-lautsprechersystem-fuer-mercedes-c-klasse-s-202","11":"product_tag-mercedes-c-klasse-s-202-standard-lautsprechersystem-tauschen","12":"product_tag-neue-lautsprecher-fuer-mercedes-c-klasse-s-202","13":"product_shipping_class-auto-lautsprecher-set","15":"first","16":"instock","17":"taxable","18":"shipping-taxable","19":"purchasable","20":"product-type-simple"},"jetpack_publicize_connections":[],"jetpack_sharing_enabled":true,"jetpack_likes_enabled":true,"_links":{"self":[{"href":"https:\/\/www.radio-adapter.eu\/blog\/wp-json\/wp\/v2\/product\/3169","targetHints":{"allow":["GET"]}}],"collection":[{"href":"https:\/\/www.radio-adapter.eu\/blog\/wp-json\/wp\/v2\/product"}],"about":[{"href":"https:\/\/www.radio-adapter.eu\/blog\/wp-json\/wp\/v2\/types\/product"}],"replies":[{"embeddable":true,"href":"https:\/\/www.radio-adapter.eu\/blog\/wp-json\/wp\/v2\/comments?post=3169"}],"wp:featuredmedia":[{"embeddable":true,"href":"https:\/\/www.radio-adapter.eu\/blog\/wp-json\/wp\/v2\/media\/8726"}],"wp:attachment":[{"href":"https:\/\/www.radio-adapter.eu\/blog\/wp-json\/wp\/v2\/media?parent=3169"}],"wp:term":[{"taxonomy":"product_brand","embeddable":true,"href":"https:\/\/www.radio-adapter.eu\/blog\/wp-json\/wp\/v2\/product_brand?post=3169"},{"taxonomy":"product_cat","embeddable":true,"href":"https:\/\/www.radio-adapter.eu\/blog\/wp-json\/wp\/v2\/product_cat?post=3169"},{"taxonomy":"product_tag","embeddable":true,"href":"https:\/\/www.radio-adapter.eu\/blog\/wp-json\/wp\/v2\/product_tag?post=3169"}],"curies":[{"name":"wp","href":"https:\/\/api.w.org\/{rel}","templated":true}]}}