{"id":3147,"date":"2015-06-28T11:03:28","date_gmt":"2015-06-28T09:03:28","guid":{"rendered":"http:\/\/www.radio-adapter.eu\/blog\/produkt\/alfa-romeo-156-lautsprecher-vorne-hinten-in-den-tueren\/"},"modified":"2023-11-11T11:10:04","modified_gmt":"2023-11-11T10:10:04","slug":"alfa-romeo-156-lautsprecher-vorne-hinten-in-den-tueren","status":"publish","type":"product","link":"https:\/\/www.radio-adapter.eu\/blog\/produkt\/alfa-romeo-156-lautsprecher-vorne-hinten-in-den-tueren\/","title":{"rendered":"Alfa Romeo 156 Lautsprecher vorne hinten in den T\u00fcren"},"content":{"rendered":"<p>Im Alfa Romeo von 1997 \u2013 2007 sind vorne und hinten Lautsprecher ab Werk integriert, dieses Auto Lautsprecher Einbauset,\u00a0<strong>Alfa Romeo 156 Lautsprecher vorne hinten in den T\u00fcren<\/strong> sind f\u00fcr den Austausch des Standard Lautsprechersystems geeignet auch in Sportwagon.<\/p>\n<p>&nbsp;<\/p>\n<h2>Die Lautsprecher Gr\u00f6\u00dfen im Alfa Romeo 156 vorne<\/h2>\n<p>In den vorderen T\u00fcren ist ein zwei Wege System mit 16,5 cm Tieft\u00f6ner verbaut und separaten Hocht\u00f6nern in der T\u00fcrverkleidung.<\/p>\n<h2>Die Lautsprecher Gr\u00f6\u00dfen im Alfa Romeo 156 hinten<\/h2>\n<p>In den hinteren T\u00fcren ist ein zwei Wege-Koaxialsysteme mit 16,5 cm Tieft\u00f6ner und integrierten Hocht\u00f6nern verbaut.<\/p>\n<h2>Lieferumfang: Alfa Romeo 156 Lautsprecher vorne hinten in den T\u00fcren<\/h2>\n<ul>\n<li>1 x Zwei Wege Auto Lautsprechersystem mit Frequenzweichen und separaten Hocht\u00f6nern f\u00fcr die vorderen T\u00fcren<\/li>\n<li>1 x Zwei Wege Koaxial-Lautsprechersystem und integrierten Hocht\u00f6nern f\u00fcr die hinteren T\u00fcren<\/li>\n<li>1 x Lautsprecherringe f\u00fcr den Einbau in den vorderen T\u00fcren<\/li>\n<li>1 x Lautsprecheradapterkabel vordere T\u00fcren<\/li>\n<li>1 x Lautsprecherringe f\u00fcr den Einbau in den hinteren T\u00fcren<\/li>\n<li>1 x Lautsprecheradapterkabel hintere T\u00fcren<\/li>\n<\/ul>\n<p><strong>Alle Lautsprechersysteme werden immer paarweise geliefert!<\/strong><\/p>\n<p>Die Alfa Romeo 156 Lautsprecher verf\u00fcgen \u00fcber einen sehr hohen Wirkungsgrad und sind auch f\u00fcr den Normalbetrieb am Autoradio ohne weitere Verst\u00e4rker geeignet!<\/p>\n<p><a href=\"http:\/\/www.radio-adapter.eu\/blog\/wp-content\/uploads\/2015\/08\/Lautsprecher-Abdeckgitter.jpg\"><img loading=\"lazy\" decoding=\"async\" width=\"500\" height=\"235\" class=\"alignalignnone size-full wp-image-3778\" src=\"http:\/\/www.radio-adapter.eu\/blog\/wp-content\/uploads\/2015\/08\/Lautsprecher-Abdeckgitter.jpg\" sizes=\"auto, (max-width: 500px) 100vw, 500px\" srcset=\"http:\/\/www.radio-adapter.eu\/blog\/wp-content\/uploads\/2015\/08\/Lautsprecher-Abdeckgitter.jpg 500w, http:\/\/www.radio-adapter.eu\/blog\/wp-content\/uploads\/2015\/08\/Lautsprecher-Abdeckgitter-236x111.jpg 236w, http:\/\/www.radio-adapter.eu\/blog\/wp-content\/uploads\/2015\/08\/Lautsprecher-Abdeckgitter-300x141.jpg 300w, http:\/\/www.radio-adapter.eu\/blog\/wp-content\/uploads\/2015\/08\/Lautsprecher-Abdeckgitter-151x71.jpg 151w, http:\/\/www.radio-adapter.eu\/blog\/wp-content\/uploads\/2015\/08\/Lautsprecher-Abdeckgitter-275x129.jpg 275w\" alt=\"Lautsprecher Abdeckgitter\" \/><\/a><\/p>\n<p><strong>Technische Daten:<\/strong><\/p>\n<ul>\n<li>16,5cm 2-Wege-Compo-System<br \/>\nmit Gitter und Frequenzweiche<\/li>\n<li>19 mm Gewebe-Neodym-Hocht\u00f6ner<\/li>\n<li>60 Watt RMS, 100 Watt Peak<\/li>\n<li>91 dB, 59 Hz- 22 KHz, \u00d8 142 mm, \u2021 Einbautiefe 62 mm<\/li>\n<\/ul>\n<p><img loading=\"lazy\" decoding=\"async\" width=\"400\" height=\"500\" class=\"alignalignnone size-full wp-image-8783\" src=\"http:\/\/www.radio-adapter.eu\/blog\/wp-content\/uploads\/2015\/06\/JL-Audio-C2-650-Test.jpg\" sizes=\"auto, (max-width: 400px) 100vw, 400px\" srcset=\"http:\/\/www.radio-adapter.eu\/blog\/wp-content\/uploads\/2015\/06\/JL-Audio-C2-650-Test.jpg 400w, http:\/\/www.radio-adapter.eu\/blog\/wp-content\/uploads\/2015\/06\/JL-Audio-C2-650-Test-189x236.jpg 189w, http:\/\/www.radio-adapter.eu\/blog\/wp-content\/uploads\/2015\/06\/JL-Audio-C2-650-Test-240x300.jpg 240w, http:\/\/www.radio-adapter.eu\/blog\/wp-content\/uploads\/2015\/06\/JL-Audio-C2-650-Test-151x189.jpg 151w, http:\/\/www.radio-adapter.eu\/blog\/wp-content\/uploads\/2015\/06\/JL-Audio-C2-650-Test-275x344.jpg 275w\" \/><\/p>\n<h4><strong>Testsieger in Zeitschrift Autohifi<\/strong><\/h4>\n<p><strong>Technische Daten: 2 Wege Koaxiallautsprecher C2 650x<\/strong><\/p>\n<ul>\n<li>Power Handling 60\/100 Watts, Impedance 4 Ohms<\/li>\n<li>19 mm Neodymium-Silk-Tweeter Dome<\/li>\n<li>Injection, Mica Filled Polycone, incl. Grilles<\/li>\n<li>89 dB, Frequency Response 59Hz \u2013 22kHz +\/-3dB<\/li>\n<li>\u2021 63 mm, \u00d8 142 mm<\/li>\n<\/ul>\n<p><a href=\"http:\/\/www.radio-adapter.eu\/blog\/wp-content\/uploads\/2015\/08\/Jl-Audio-C2-650x-Hocht\u00f6ner.jpg\"><img loading=\"lazy\" decoding=\"async\" width=\"308\" height=\"307\" class=\"alignalignnone size-full wp-image-3980\" src=\"http:\/\/www.radio-adapter.eu\/blog\/wp-content\/uploads\/2015\/08\/Jl-Audio-C2-650x-Hocht\u00f6ner.jpg\" sizes=\"auto, (max-width: 308px) 100vw, 308px\" srcset=\"http:\/\/www.radio-adapter.eu\/blog\/wp-content\/uploads\/2015\/08\/Jl-Audio-C2-650x-Hocht\u00f6ner.jpg 308w, http:\/\/www.radio-adapter.eu\/blog\/wp-content\/uploads\/2015\/08\/Jl-Audio-C2-650x-Hocht\u00f6ner-300x300.jpg 300w, http:\/\/www.radio-adapter.eu\/blog\/wp-content\/uploads\/2015\/08\/Jl-Audio-C2-650x-Hocht\u00f6ner-100x100.jpg 100w, http:\/\/www.radio-adapter.eu\/blog\/wp-content\/uploads\/2015\/08\/Jl-Audio-C2-650x-Hocht\u00f6ner-236x236.jpg 236w, http:\/\/www.radio-adapter.eu\/blog\/wp-content\/uploads\/2015\/08\/Jl-Audio-C2-650x-Hocht\u00f6ner-151x151.jpg 151w, http:\/\/www.radio-adapter.eu\/blog\/wp-content\/uploads\/2015\/08\/Jl-Audio-C2-650x-Hocht\u00f6ner-275x274.jpg 275w, http:\/\/www.radio-adapter.eu\/blog\/wp-content\/uploads\/2015\/08\/Jl-Audio-C2-650x-Hocht\u00f6ner-128x128.jpg 128w\" alt=\"Jl Audio C2 650x Hocht\u00f6ner\" \/><\/a><\/p>\n<p><img loading=\"lazy\" decoding=\"async\" width=\"349\" height=\"204\" class=\"alignalignnone size-full wp-image-8802\" src=\"http:\/\/www.radio-adapter.eu\/blog\/wp-content\/uploads\/2015\/06\/JL-Audio-C2-650x-Bewertung-Autohifi.jpg\" sizes=\"auto, (max-width: 349px) 100vw, 349px\" srcset=\"http:\/\/www.radio-adapter.eu\/blog\/wp-content\/uploads\/2015\/06\/JL-Audio-C2-650x-Bewertung-Autohifi.jpg 349w, http:\/\/www.radio-adapter.eu\/blog\/wp-content\/uploads\/2015\/06\/JL-Audio-C2-650x-Bewertung-Autohifi-236x138.jpg 236w, http:\/\/www.radio-adapter.eu\/blog\/wp-content\/uploads\/2015\/06\/JL-Audio-C2-650x-Bewertung-Autohifi-300x175.jpg 300w, http:\/\/www.radio-adapter.eu\/blog\/wp-content\/uploads\/2015\/06\/JL-Audio-C2-650x-Bewertung-Autohifi-151x88.jpg 151w, http:\/\/www.radio-adapter.eu\/blog\/wp-content\/uploads\/2015\/06\/JL-Audio-C2-650x-Bewertung-Autohifi-275x161.jpg 275w\" \/><\/p>\n<h3>\u00a0<strong>Weitere JL-Audio Testsiege:<\/strong><\/h3>\n<p><a href=\"http:\/\/www.radio-adapter.eu\/blog\/wp-content\/uploads\/2015\/08\/Test-JL-Audio-C2-650x.jpg\"><img loading=\"lazy\" decoding=\"async\" width=\"250\" height=\"210\" class=\"alignalignnone size-full wp-image-3779\" src=\"http:\/\/www.radio-adapter.eu\/blog\/wp-content\/uploads\/2015\/08\/Test-JL-Audio-C2-650x.jpg\" sizes=\"auto, (max-width: 250px) 100vw, 250px\" srcset=\"http:\/\/www.radio-adapter.eu\/blog\/wp-content\/uploads\/2015\/08\/Test-JL-Audio-C2-650x.jpg 250w, http:\/\/www.radio-adapter.eu\/blog\/wp-content\/uploads\/2015\/08\/Test-JL-Audio-C2-650x-236x198.jpg 236w, http:\/\/www.radio-adapter.eu\/blog\/wp-content\/uploads\/2015\/08\/Test-JL-Audio-C2-650x-151x127.jpg 151w\" alt=\"Test JL Audio C2 650x\" \/><\/a><a href=\"http:\/\/www.radio-adapter.eu\/blog\/wp-content\/uploads\/2015\/08\/Test-JL-Audio-C2-690x.jpg\"><img loading=\"lazy\" decoding=\"async\" width=\"250\" height=\"210\" class=\"alignalignnone size-full wp-image-3780\" src=\"http:\/\/www.radio-adapter.eu\/blog\/wp-content\/uploads\/2015\/08\/Test-JL-Audio-C2-690x.jpg\" sizes=\"auto, (max-width: 250px) 100vw, 250px\" srcset=\"http:\/\/www.radio-adapter.eu\/blog\/wp-content\/uploads\/2015\/08\/Test-JL-Audio-C2-690x.jpg 250w, http:\/\/www.radio-adapter.eu\/blog\/wp-content\/uploads\/2015\/08\/Test-JL-Audio-C2-690x-236x198.jpg 236w, http:\/\/www.radio-adapter.eu\/blog\/wp-content\/uploads\/2015\/08\/Test-JL-Audio-C2-690x-151x127.jpg 151w\" alt=\"Test JL Audio C2 690x\" \/><\/a><a href=\"http:\/\/www.radio-adapter.eu\/blog\/wp-content\/uploads\/2015\/08\/Test-JL-Audio-C5-650.jpg\"><img loading=\"lazy\" decoding=\"async\" width=\"250\" height=\"210\" class=\"alignalignnone size-full wp-image-3781\" src=\"http:\/\/www.radio-adapter.eu\/blog\/wp-content\/uploads\/2015\/08\/Test-JL-Audio-C5-650.jpg\" sizes=\"auto, (max-width: 250px) 100vw, 250px\" srcset=\"http:\/\/www.radio-adapter.eu\/blog\/wp-content\/uploads\/2015\/08\/Test-JL-Audio-C5-650.jpg 250w, http:\/\/www.radio-adapter.eu\/blog\/wp-content\/uploads\/2015\/08\/Test-JL-Audio-C5-650-236x198.jpg 236w, http:\/\/www.radio-adapter.eu\/blog\/wp-content\/uploads\/2015\/08\/Test-JL-Audio-C5-650-151x127.jpg 151w\" alt=\"Test JL Audio C5 650\" \/><\/a><\/p>\n<p>&nbsp;<\/p>\n<p>&nbsp;<\/p>\n<p>&nbsp;<\/p>\n<p>Gratis Alfa Romeo 156 Lautsprecher Einbau Anleitungen<\/p>\n<h3><a href=\"http:\/\/www.radio-adapter.eu\/blog\/alfa-156-lautsprecher-tauschen-vorne\/\" target=\"_blank\" rel=\"noopener noreferrer\">Alfa 156 Lautsprecher tauschen vorne<\/a><\/h3>\n<p>Der Lautsprecher Einbau h\u00e4ngt von den handwerklichen F\u00e4higkeiten des Anwenders ab, um zu einen guten Ergebnis zu kommen sollte man die Anleitungen f\u00fcr den Einbau der Alfa Romeo 156 Lautsprecher vorne hinten ansehen. Unsachgem\u00e4\u00dfer Einbau f\u00fchrt zu einem schlechten Ergebnis im Klang und Pegel. Wie man Grunds\u00e4tzlich Lautsprecher einbauen kann erfahren Sie in dem Beitrag <a href=\"http:\/\/www.radio-adapter.eu\/blog\/fahrzeugspezifische-lautsprecher\/\" target=\"_blank\" rel=\"noopener noreferrer\">Fahrzeugspezifische Lautsprecher einbauen<\/a>.<\/p>\n<p>Die Grundvoraussetzung f\u00fcr eine eigene Installation ist das passende Werkzeug, die einzelnen Schritte der Demontage der T\u00fcrverkleidung und das Entfernen der originalen Lautsprecher werden in der Anleitung beschrieben.<\/p>\n<p>Die originalen Lautsprecher in dem Fahrzeug sind mit Ringen aus Kunststoff an die T\u00fcrbleche genietet. Die originalen Lautsprecher m\u00fcssen mit der Halterung ausgebohrt werden um die neuen Lautsprecher mit den im Lieferumfang enthaltenen Lautsprecherringen zu montieren.<\/p>\n","protected":false},"excerpt":{"rendered":"<p>Dieses Auto Lautsprecher Einbauset, Alfa Romeo 156 Lautsprecher vordere T\u00fcren und Seiten hinten ist f\u00fcr den Austausch des Standard Lautsprechersystems in Alfa Romeo 156 geeignet. Alle notwendigen Einbaurringe und Kabel sind mit im Lieferumfang enthalten. Bei Bestellung gibt es eine ausf\u00fchrliche Einbauanleitung gratis dazu.<\/p>\n","protected":false},"featured_media":8823,"comment_status":"closed","ping_status":"closed","template":"","meta":{"jetpack_post_was_ever_published":false,"jetpack_publicize_message":"","jetpack_publicize_feature_enabled":true,"jetpack_social_post_already_shared":true,"jetpack_social_options":{"image_generator_settings":{"template":"highway","default_image_id":0,"font":"","enabled":false},"version":2}},"product_brand":[],"product_cat":[2383,2784,2349],"product_tag":[2450,2382,2451,2381,2380,2379,2378],"class_list":{"0":"post-3147","1":"product","2":"type-product","3":"status-publish","4":"has-post-thumbnail","6":"product_cat-alfa-lautsprecher-einbausets","7":"product_cat-alfa-romeo-156-lautsprecher-einbausets","8":"product_cat-auto-lautsprecher-einbausets","9":"product_tag-alfa-romeo-156-sportwagon-lautsprecher","10":"product_tag-alfa-romeo-156-standard-lautsprechersystem-tauschen","11":"product_tag-alfa-romeo-crosswagon-q4-lautsprecher","12":"product_tag-die-lautsprecher-groessen-im-alfa-romeo-156-hinten","13":"product_tag-die-lautsprecher-groessen-im-alfa-romeo-156-vorne","14":"product_tag-lautsprechersystem-fuer-alfa-romeo-156","15":"product_tag-neue-lautsprecher-fuer-alfa-romeo-156","16":"product_shipping_class-auto-lautsprecher-set","18":"first","19":"instock","20":"taxable","21":"shipping-taxable","22":"purchasable","23":"product-type-simple"},"jetpack_publicize_connections":[],"jetpack_sharing_enabled":true,"jetpack_likes_enabled":true,"_links":{"self":[{"href":"https:\/\/www.radio-adapter.eu\/blog\/wp-json\/wp\/v2\/product\/3147","targetHints":{"allow":["GET"]}}],"collection":[{"href":"https:\/\/www.radio-adapter.eu\/blog\/wp-json\/wp\/v2\/product"}],"about":[{"href":"https:\/\/www.radio-adapter.eu\/blog\/wp-json\/wp\/v2\/types\/product"}],"replies":[{"embeddable":true,"href":"https:\/\/www.radio-adapter.eu\/blog\/wp-json\/wp\/v2\/comments?post=3147"}],"wp:featuredmedia":[{"embeddable":true,"href":"https:\/\/www.radio-adapter.eu\/blog\/wp-json\/wp\/v2\/media\/8823"}],"wp:attachment":[{"href":"https:\/\/www.radio-adapter.eu\/blog\/wp-json\/wp\/v2\/media?parent=3147"}],"wp:term":[{"taxonomy":"product_brand","embeddable":true,"href":"https:\/\/www.radio-adapter.eu\/blog\/wp-json\/wp\/v2\/product_brand?post=3147"},{"taxonomy":"product_cat","embeddable":true,"href":"https:\/\/www.radio-adapter.eu\/blog\/wp-json\/wp\/v2\/product_cat?post=3147"},{"taxonomy":"product_tag","embeddable":true,"href":"https:\/\/www.radio-adapter.eu\/blog\/wp-json\/wp\/v2\/product_tag?post=3147"}],"curies":[{"name":"wp","href":"https:\/\/api.w.org\/{rel}","templated":true}]}}