{"id":3142,"date":"2015-06-28T00:14:07","date_gmt":"2015-06-27T22:14:07","guid":{"rendered":"http:\/\/www.radio-adapter.eu\/blog\/produkt\/audi-a4-b6-lautsprecher-vorne-hinten-in-den-tueren\/"},"modified":"2020-01-19T15:21:53","modified_gmt":"2020-01-19T14:21:53","slug":"audi-a4-b6-lautsprecher-vorne-hinten-in-den-tueren","status":"publish","type":"product","link":"https:\/\/www.radio-adapter.eu\/blog\/produkt\/audi-a4-b6-lautsprecher-vorne-hinten-in-den-tueren\/","title":{"rendered":"Audi A4 B6 Lautsprecher vorne hinten in den T\u00fcren"},"content":{"rendered":"<p>Im Audi A4 B6 von 2000 \u2013 2004 sind vorne und hinten Lautsprecher ab Werk integriert, dieses Auto Lautsprecher Einbauset,\u00a0<strong>Audi A4 B6 Lautsprecher vorne hinten in den T\u00fcren<\/strong> sind f\u00fcr den Austausch des Standard Lautsprechersystems geeignet.<\/p>\n<p>&nbsp;<\/p>\n<h2>Die Lautsprecher Gr\u00f6\u00dfen im Audi A4 B6 vorne<\/h2>\n<p>In den vorderen T\u00fcren ist ein zwei Wege System mit 16,5 cm Tieft\u00f6ner verbaut und separaten Hocht\u00f6nern in der T\u00fcrverkleidung.<\/p>\n<h2>Die Lautsprecher Gr\u00f6\u00dfen im Audi A4 B6 hinten<\/h2>\n<p>In den hinteren T\u00fcren ist ein zwei Wege System mit 16,5 cm Tieft\u00f6ner verbaut und separaten Hocht\u00f6nern seitlich.<\/p>\n<h2>Lieferumfang: Audi A4 B6 Lautsprecher vorne hinten in den T\u00fcren<\/h2>\n<ul>\n<li>1 x Zwei Wege Auto Lautsprechersystem mit Frequenzweichen und separaten Hocht\u00f6nern f\u00fcr die vorderen T\u00fcren<\/li>\n<li>1 x Zwei Wege Auto Lautsprechersystem mit Frequenzweichen und separaten Hocht\u00f6nern f\u00fcr die hinteren T\u00fcren<\/li>\n<li>1 x Lautsprecherringe f\u00fcr den Einbau in den vorderen T\u00fcren<\/li>\n<li>1 x Lautsprecheradapterkabel vordere T\u00fcren<\/li>\n<li>1 x Lautsprecherringe f\u00fcr den Einbau in den hinteren T\u00fcren<\/li>\n<li>1 x Lautsprecheradapterkabel hintere T\u00fcren<\/li>\n<\/ul>\n<p><strong>Alle Lautsprechersysteme werden immer paarweise geliefert!<\/strong><\/p>\n<p>Die Audi A4 B6 Lautsprecher verf\u00fcgen \u00fcber einen sehr hohen Wirkungsgrad und sind auch f\u00fcr den Normalbetrieb am Autoradio ohne weitere Verst\u00e4rker geeignet!<\/p>\n<p>Technische Daten: Hertz CK 165L<\/p>\n<p><img loading=\"lazy\" decoding=\"async\" width=\"474\" height=\"834\" class=\"alignalignnone size-full wp-image-9022\" src=\"http:\/\/www.radio-adapter.eu\/blog\/wp-content\/uploads\/2016\/01\/CK165L-technische-details.jpg\" \/><\/p>\n<p>&nbsp;<\/p>\n<p>Gratis Audi A4 B6 Lautsprecher Einbau Anleitungen<\/p>\n<h3><a href=\"http:\/\/www.radio-adapter.eu\/blog\/audi-a4-b6-lautsprecher-tauschen-vordere-tueren-anleitung\/\" target=\"_blank\" rel=\"noopener noreferrer\">Audi A4 B6 Lautsprecher tauschen vordere T\u00fcren Anleitung<\/a><\/h3>\n<p>Der Lautsprecher Einbau h\u00e4ngt von den handwerklichen F\u00e4higkeiten des Anwenders ab, um zu einen guten Ergebnis zu kommen sollte man die Anleitungen f\u00fcr den Einbau der Audi A4 B6 Lautsprecher vorne hinten ansehen. Unsachgem\u00e4\u00dfer Einbau f\u00fchrt zu einem schlechten Ergebnis im Klang und Pegel.<\/p>\n<p>Die Grundvoraussetzung f\u00fcr eine eigene Installation ist das passende Werkzeug, die einzelnen Schritte der Demontage der T\u00fcrverkleidung und das Entfernen der originalen Lautsprecher werden in der Anleitung beschrieben.<\/p>\n<p>Die originalen Lautsprecher in dem Fahrzeug sind mit Ringen aus Kunststoff an die T\u00fcrbleche genietet. Die originalen Lautsprecher m\u00fcssen mit der Halterung ausgebohrt werden um die neuen Lautsprecher mit den im Lieferumfang enthaltenen Lautsprecherringen zu montieren.<\/p>\n","protected":false},"excerpt":{"rendered":"<p>Dieses Auto Lautsprecher Einbauset, Audi A4 B6 Lautsprecher vordere T\u00fcren und Seiten hinten ist f\u00fcr den Austausch des Standard Lautsprechersystems in Audi A4 B6 geeignet. Alle notwendigen Einbaurringe und Kabel sind mit im Lieferumfang enthalten. Bei Bestellung gibt es eine ausf\u00fchrliche Einbauanleitung gratis dazu.<\/p>\n","protected":false},"featured_media":9048,"comment_status":"closed","ping_status":"closed","template":"","meta":{"jetpack_post_was_ever_published":false,"jetpack_publicize_message":"","jetpack_publicize_feature_enabled":true,"jetpack_social_post_already_shared":true,"jetpack_social_options":{"image_generator_settings":{"template":"highway","default_image_id":0,"font":"","enabled":false},"version":2}},"product_brand":[],"product_cat":[2782,2372,2349],"product_tag":[2373,2377,2376,2375,2374],"class_list":{"0":"post-3142","1":"product","2":"type-product","3":"status-publish","4":"has-post-thumbnail","6":"product_cat-audi-a4-b6-lautsprecher-einbausets","7":"product_cat-audi-lautsprecher-einbausets","8":"product_cat-auto-lautsprecher-einbausets","9":"product_tag-audi-a4-b6-standard-lautsprechersystem-tauschen","10":"product_tag-die-lautsprecher-groessen-im-audi-a4-b6-hinten","11":"product_tag-die-lautsprecher-groessen-im-audi-a4-b6-vorne","12":"product_tag-lautsprechersystem-fuer-audi-a4-b6","13":"product_tag-neue-lautsprecher-fuer-audi-a4-b6","14":"product_shipping_class-auto-lautsprecher-set","16":"first","17":"instock","18":"taxable","19":"shipping-taxable","20":"purchasable","21":"product-type-simple"},"jetpack_publicize_connections":[],"jetpack_sharing_enabled":true,"jetpack_likes_enabled":true,"_links":{"self":[{"href":"https:\/\/www.radio-adapter.eu\/blog\/wp-json\/wp\/v2\/product\/3142","targetHints":{"allow":["GET"]}}],"collection":[{"href":"https:\/\/www.radio-adapter.eu\/blog\/wp-json\/wp\/v2\/product"}],"about":[{"href":"https:\/\/www.radio-adapter.eu\/blog\/wp-json\/wp\/v2\/types\/product"}],"replies":[{"embeddable":true,"href":"https:\/\/www.radio-adapter.eu\/blog\/wp-json\/wp\/v2\/comments?post=3142"}],"wp:featuredmedia":[{"embeddable":true,"href":"https:\/\/www.radio-adapter.eu\/blog\/wp-json\/wp\/v2\/media\/9048"}],"wp:attachment":[{"href":"https:\/\/www.radio-adapter.eu\/blog\/wp-json\/wp\/v2\/media?parent=3142"}],"wp:term":[{"taxonomy":"product_brand","embeddable":true,"href":"https:\/\/www.radio-adapter.eu\/blog\/wp-json\/wp\/v2\/product_brand?post=3142"},{"taxonomy":"product_cat","embeddable":true,"href":"https:\/\/www.radio-adapter.eu\/blog\/wp-json\/wp\/v2\/product_cat?post=3142"},{"taxonomy":"product_tag","embeddable":true,"href":"https:\/\/www.radio-adapter.eu\/blog\/wp-json\/wp\/v2\/product_tag?post=3142"}],"curies":[{"name":"wp","href":"https:\/\/api.w.org\/{rel}","templated":true}]}}