{"id":3135,"date":"2015-06-27T22:58:34","date_gmt":"2015-06-27T20:58:34","guid":{"rendered":"http:\/\/www.radio-adapter.eu\/blog\/produkt\/vw-passat-3b-lautsprecher-vorne-und-hintere-tueren\/"},"modified":"2025-06-02T14:03:02","modified_gmt":"2025-06-02T12:03:02","slug":"vw-passat-3b-lautsprecher-vorne-und-hintere-tueren","status":"publish","type":"product","link":"https:\/\/www.radio-adapter.eu\/blog\/produkt\/vw-passat-3b-lautsprecher-vorne-und-hintere-tueren\/","title":{"rendered":"VW Passat 3B Lautsprecher vorne und hintere T\u00fcren"},"content":{"rendered":"<p>Im VW Passat 3B B5 von 1996 \u2013 2005 sind vorne und hinten Lautsprecher ab Werk integriert, dieses Auto Lautsprecher Einbauset, <strong>VW Passat 3B Lautsprecher vorne und hintere T\u00fcren<\/strong> sind f\u00fcr den Austausch des Standard Lautsprechersystems geeignet.<\/p>\n<p>&nbsp;<\/p>\n<h2>Die Lautsprecher Gr\u00f6\u00dfen im VW Passat 3B vorne<\/h2>\n<p>In den vorderen T\u00fcren ist ein zwei Wege System mit 16,5 cm Tieft\u00f6ner verbaut und separaten Hocht\u00f6nern im Spiegeldreieck seitlich. In VW Passat 3B sind auch 20cm Lautsprecher in den vorderen T\u00fcren machbar.<\/p>\n<h2>Die Lautsprecher Gr\u00f6\u00dfen im VW Passat 3B hinten<\/h2>\n<p>In den hinteren T\u00fcren ist ein zwei Wege System mit 16,5 cm Tieft\u00f6ner verbaut und separaten Hocht\u00f6nern seitlich. In VW Passat 3B sind auch 20cm Lautsprecher in den hinteren T\u00fcren machbar.<\/p>\n<h2>Lieferumfang: VW Passat 3B Lautsprecher vorne und hintere T\u00fcren<\/h2>\n<ul>\n<li>1 x Zwei Wege Auto Lautsprechersystem mit Frequenzweichen und separaten Hocht\u00f6nern f\u00fcr die vorderen T\u00fcren<\/li>\n<li>1 x Zwei Wege Auto Lautsprechersystem mit Frequenzweichen und separaten Hocht\u00f6nern f\u00fcr die hinteren T\u00fcren<\/li>\n<li>1 x Lautsprecherringe f\u00fcr den Einbau in den vorderen T\u00fcren<\/li>\n<li>1 x Lautsprecheradapterkabel vordere T\u00fcren<\/li>\n<li>1 x Lautsprecherringe f\u00fcr den Einbau in den hinteren T\u00fcren<\/li>\n<li>1 x Lautsprecheradapterkabel hintere T\u00fcren<\/li>\n<\/ul>\n<p><strong>Alle Lautsprechersysteme werden immer paarweise geliefert!<\/strong><\/p>\n<p>Die VW Passat 3B Lautsprecher verf\u00fcgen \u00fcber einen sehr hohen Wirkungsgrad und sind auch f\u00fcr den Normalbetrieb am Autoradio ohne weitere Verst\u00e4rker geeignet!<\/p>\n<p>Technische Daten: Hertz MPK 165.3<\/p>\n<p><img loading=\"lazy\" decoding=\"async\" width=\"499\" height=\"504\" class=\"alignalignnone size-full wp-image-9425\" src=\"https:\/\/www.radio-adapter.eu\/blog\/wp-content\/uploads\/2015\/08\/Hertz-Mille-MPK165-3-4-Ohm-technische-Daten.jpg\" srcset=\"https:\/\/www.radio-adapter.eu\/blog\/wp-content\/uploads\/2015\/08\/Hertz-Mille-MPK165-3-4-Ohm-technische-Daten.jpg 499w, https:\/\/www.radio-adapter.eu\/blog\/wp-content\/uploads\/2015\/08\/Hertz-Mille-MPK165-3-4-Ohm-technische-Daten-100x100.jpg 100w, https:\/\/www.radio-adapter.eu\/blog\/wp-content\/uploads\/2015\/08\/Hertz-Mille-MPK165-3-4-Ohm-technische-Daten-297x300.jpg 297w, https:\/\/www.radio-adapter.eu\/blog\/wp-content\/uploads\/2015\/08\/Hertz-Mille-MPK165-3-4-Ohm-technische-Daten-234x236.jpg 234w, https:\/\/www.radio-adapter.eu\/blog\/wp-content\/uploads\/2015\/08\/Hertz-Mille-MPK165-3-4-Ohm-technische-Daten-151x153.jpg 151w, https:\/\/www.radio-adapter.eu\/blog\/wp-content\/uploads\/2015\/08\/Hertz-Mille-MPK165-3-4-Ohm-technische-Daten-275x278.jpg 275w, https:\/\/www.radio-adapter.eu\/blog\/wp-content\/uploads\/2015\/08\/Hertz-Mille-MPK165-3-4-Ohm-technische-Daten-128x128.jpg 128w, https:\/\/www.radio-adapter.eu\/blog\/wp-content\/uploads\/2015\/08\/Hertz-Mille-MPK165-3-4-Ohm-technische-Daten-480x485.jpg 480w\" sizes=\"auto, (max-width: 499px) 100vw, 499px\" \/><\/p>\n<p>&nbsp;<\/p>\n<p>Gratis VW Passat 3B Lautsprecher Einbau Anleitungen<\/p>\n<h3><a href=\"http:\/\/www.radio-adapter.eu\/blog\/lautsprecher-wechsel-vw-passat-variant-3b\/\" target=\"_blank\" rel=\"noopener\">Lautsprecher wechsel VW Passat Variant 3B<\/a><\/h3>\n<h3><a href=\"http:\/\/www.radio-adapter.eu\/blog\/lautsprecher-tausch-vw-passat-3b-elektrische-fensterheber\/\" target=\"_blank\" rel=\"noopener\">Lautsprecher tausch VW Passat 3B elektrische Fensterheber<\/a><\/h3>\n<p>Der Lautsprecher Einbau h\u00e4ngt von den handwerklichen F\u00e4higkeiten des Anwenders ab, um zu einen guten Ergebnis zu kommen sollte man die Anleitungen f\u00fcr den Einbau der VW Passat 3B Lautsprecher vorne hinten ansehen. Unsachgem\u00e4\u00dfer Einbau f\u00fchrt zu einem schlechten Ergebnis im Klang und Pegel.<\/p>\n<p>Die Grundvoraussetzung f\u00fcr eine eigene Installation ist das passende Werkzeug, die einzelnen Schritte der Demontage der T\u00fcrverkleidung und das Entfernen der originalen Lautsprecher werden in der Anleitung beschrieben.<\/p>\n<p>Die originalen Lautsprecher in dem Fahrzeug sind mit Ringen aus Kunststoff an die T\u00fcrbleche genietet. Die originalen Lautsprecher m\u00fcssen mit der Halterung ausgebohrt werden um die neuen Lautsprecher mit den im Lieferumfang enthaltenen Lautsprecherringen zu montieren.<\/p>\n","protected":false},"excerpt":{"rendered":"<p>Dieses Auto Lautsprecher Einbauset, VW Passat 3B Lautsprecher vordere T\u00fcren und Seiten hinten ist f\u00fcr den Austausch des Standard Lautsprechersystems in VW Passat 3B geeignet. Alle notwendigen Einbaurringe und Kabel sind mit im Lieferumfang enthalten. Bei Bestellung gibt es eine ausf\u00fchrliche Einbauanleitung gratis dazu.<\/p>\n","protected":false},"featured_media":10053,"comment_status":"open","ping_status":"closed","template":"","meta":{"jetpack_post_was_ever_published":false,"jetpack_publicize_message":"","jetpack_publicize_feature_enabled":true,"jetpack_social_post_already_shared":true,"jetpack_social_options":{"image_generator_settings":{"template":"highway","default_image_id":0,"font":"","enabled":false},"version":2}},"product_brand":[],"product_cat":[2349,2350,2657],"product_tag":[2366,2365,2364,2363,2362],"class_list":{"0":"post-3135","1":"product","2":"type-product","3":"status-publish","4":"has-post-thumbnail","6":"product_cat-auto-lautsprecher-einbausets","7":"product_cat-vw-lautsprecher-einbausets","8":"product_cat-vw-passat-3b-lautsprecher-einbausets","9":"product_tag-die-lautsprecher-groessen-im-vw-passat-3b-hinten","10":"product_tag-die-lautsprecher-groessen-im-vw-passat-3b-vorne","11":"product_tag-lautsprechersystem-fuer-vw-passat-3b","12":"product_tag-neue-lautsprecher-fuer-vw-passat-3b","13":"product_tag-vw-passat-3b-standard-lautsprechersystem-tauschen","14":"product_shipping_class-auto-lautsprecher-set","16":"first","17":"instock","18":"taxable","19":"shipping-taxable","20":"purchasable","21":"product-type-simple"},"jetpack_publicize_connections":[],"jetpack_sharing_enabled":true,"jetpack_likes_enabled":true,"_links":{"self":[{"href":"https:\/\/www.radio-adapter.eu\/blog\/wp-json\/wp\/v2\/product\/3135","targetHints":{"allow":["GET"]}}],"collection":[{"href":"https:\/\/www.radio-adapter.eu\/blog\/wp-json\/wp\/v2\/product"}],"about":[{"href":"https:\/\/www.radio-adapter.eu\/blog\/wp-json\/wp\/v2\/types\/product"}],"replies":[{"embeddable":true,"href":"https:\/\/www.radio-adapter.eu\/blog\/wp-json\/wp\/v2\/comments?post=3135"}],"wp:featuredmedia":[{"embeddable":true,"href":"https:\/\/www.radio-adapter.eu\/blog\/wp-json\/wp\/v2\/media\/10053"}],"wp:attachment":[{"href":"https:\/\/www.radio-adapter.eu\/blog\/wp-json\/wp\/v2\/media?parent=3135"}],"wp:term":[{"taxonomy":"product_brand","embeddable":true,"href":"https:\/\/www.radio-adapter.eu\/blog\/wp-json\/wp\/v2\/product_brand?post=3135"},{"taxonomy":"product_cat","embeddable":true,"href":"https:\/\/www.radio-adapter.eu\/blog\/wp-json\/wp\/v2\/product_cat?post=3135"},{"taxonomy":"product_tag","embeddable":true,"href":"https:\/\/www.radio-adapter.eu\/blog\/wp-json\/wp\/v2\/product_tag?post=3135"}],"curies":[{"name":"wp","href":"https:\/\/api.w.org\/{rel}","templated":true}]}}