{"id":3120,"date":"2015-06-24T23:36:02","date_gmt":"2015-06-24T21:36:02","guid":{"rendered":"http:\/\/www.radio-adapter.eu\/blog\/produkt\/vw-sharan-ii-doppel-din-radioblenden-set\/"},"modified":"2020-03-24T14:14:39","modified_gmt":"2020-03-24T13:14:39","slug":"vw-sharan-ii-doppel-din-radioblenden-set","status":"publish","type":"product","link":"https:\/\/www.radio-adapter.eu\/blog\/produkt\/vw-sharan-ii-doppel-din-radioblenden-set\/","title":{"rendered":"VW Sharan II Doppel DIN Radioblenden Set"},"content":{"rendered":"<p>Im VW Sharan II ab 2010 sind verschieden Radios ab Werk verbaut. Mit dem\u00a0<strong>VW Sharan II Doppel DIN Radioblenden Set ab 2010<\/strong> kann man ein neues Autoradio einer Fremdmarke in das Fahrzeug installieren. In dem Set sind auch alle notwendigen Adapter zum Anschluss an die Fahrzeugkabel und den Antenneneingang enthalten. Es k\u00f6nnen sowohl Autoradios mit ISO oder DIN Anschluss angeschlossen werden. Mit den beiligenden Adaptern die im Set <em>VW Sharan II Doppel DIN Radioblenden Set<\/em> enthalten sind ist dar Einbau des neuen Radios ganz einfach.<\/p>\n<h2>Das VW Sharan II Doppel DIN Radioblenden Set ab 2010 ist geeignet um VW Sharan II Werksradios mit diesen Design (Siehe Foto) zu ersetzen.<\/h2>\n<figure id=\"attachment_3122\" aria-describedby=\"caption-attachment-3122\" style=\"width: 500px\" class=\"wp-caption alignnone\"><a href=\"http:\/\/www.radio-adapter.eu\/blog\/wp-content\/uploads\/2015\/06\/VW-Sharan-II-radio.jpg\"><img loading=\"lazy\" decoding=\"async\" class=\"wp-image-3122 size-full\" src=\"http:\/\/www.radio-adapter.eu\/blog\/wp-content\/uploads\/2015\/06\/VW-Sharan-II-radio.jpg\" alt=\"VW-Sharan-II-radio\" width=\"500\" height=\"237\" srcset=\"https:\/\/www.radio-adapter.eu\/blog\/wp-content\/uploads\/2015\/06\/VW-Sharan-II-radio.jpg 500w, https:\/\/www.radio-adapter.eu\/blog\/wp-content\/uploads\/2015\/06\/VW-Sharan-II-radio-200x95.jpg 200w, https:\/\/www.radio-adapter.eu\/blog\/wp-content\/uploads\/2015\/06\/VW-Sharan-II-radio-300x142.jpg 300w, https:\/\/www.radio-adapter.eu\/blog\/wp-content\/uploads\/2015\/06\/VW-Sharan-II-radio-480x228.jpg 480w\" sizes=\"auto, (max-width: 500px) 100vw, 500px\" \/><\/a><figcaption id=\"caption-attachment-3122\" class=\"wp-caption-text\">VW Sharan II Radio<\/figcaption><\/figure>\n<p>&nbsp;<\/p>\n<h2>Lieferumfang: VW Sharan II Doppel DIN Radioblenden Set ab 2010 schwarz<\/h2>\n<ul>\n<li>1 x Radioblende Doppel DIN schwarz<\/li>\n<li>1 x Blechkasten f\u00fcr Doppel DIN Montage<\/li>\n<li>1 x Radioadapter f\u00fcr VW Sharan II<\/li>\n<li>1 x Antennenadapter f\u00fcr VW Sharan II mit Phantomspeisung<\/li>\n<li>1 x Antennenadapter DIN zu ISO<\/li>\n<\/ul>\n<p>&nbsp;<\/p>\n<h3>Passende Anleitung:<\/h3>\n<p>Bei dem <strong>Tausch des VW Sharan II Werksradios<\/strong> muss die Abdeckung um das Radio entfernt werden. In dem Set sind alle notwendigen Adapter zu Anschluss an die Fahrzeugkabel mit dabei. Ganz egal ob Ihr neues Autoradio ISO oder DIN Anschluss am Antennenstecker hat, beide Varianten k\u00f6nne mit diesen Set angeschlossen werden. Sollte das neue Autoradio einen ISO Anschluss besitzen muss nur der mitgelieferte Winkelstecker auf den Antennenstecker aufgesetzt werden.<\/p>\n<p>Den Radioadapter und Antennenadapter an die Fahrzeugkabel anschlie\u00dfen bevor die Radioblende eingerastet wird. Den Blechrahmen Ihres neuen Autoradios in den Schacht schieben und die Zargen des Blechrahmens verbiegen damit der Rahmen fest sitzt. Sollte Ihr neues Autoradio einen umfangreichen Kabelstrang an der R\u00fcckseite haben, nicht das Radio mit Gewalt in den Schacht schieben das kann die Kabel verletzen. Schaffen Sie vorher im Schacht Platz.<\/p>\n<p>&nbsp;<\/p>\n<p>&nbsp;<\/p>\n","protected":false},"excerpt":{"rendered":"<p>Es gibt mehrere Modellreihen des VW Sharan II, dieses VW Sharan II Doppel DIN Radioblenden Set passt f\u00fcr den Volkswagen Sharan II ab 2010. Wenn man ein anderes Autoradio einbauen m\u00f6chte und das Werksradio tauscht, muss eine Radioblende die Installation in das Cockpit des VWs erm\u00f6glichen. Alle weiteren Adapter zum Anschluss an die Fahrzeugkabel sind in dem Set enthalten. Typ:63114+50251<\/p>\n","protected":false},"featured_media":3121,"comment_status":"closed","ping_status":"closed","template":"","meta":{"jetpack_post_was_ever_published":false,"jetpack_publicize_message":"","jetpack_publicize_feature_enabled":true,"jetpack_social_post_already_shared":true,"jetpack_social_options":{"image_generator_settings":{"template":"highway","default_image_id":0,"font":"","enabled":false},"version":2}},"product_brand":[],"product_cat":[2211,2221,2899],"product_tag":[2345,2347,2348,2346,2344,2343,2342,2339,2341,2340,2338,2337,2336],"class_list":{"0":"post-3120","1":"product","2":"type-product","3":"status-publish","4":"has-post-thumbnail","6":"product_cat-autoradio-blenden-sets","7":"product_cat-vw-autoradio-blenden-sets","8":"product_cat-vw-sharan-autoradio-blenden-sets","9":"product_tag-radio-einbauset-vw-sharan-ii","10":"product_tag-volkswagen-sharan-ii-comfortline-radio-tauschen","11":"product_tag-volkswagen-sharan-ii-highline-radio-tauschen","12":"product_tag-volkswagen-sharan-ii-trendline-radio-tauschen","13":"product_tag-vw-sharan-ii-2-din-radioblenden-set","14":"product_tag-vw-sharan-ii-autoradio-montage-satz","15":"product_tag-vw-sharan-ii-radio-einbaumaterial","16":"product_tag-vw-sharan-ii-rcd-210-tauschen","17":"product_tag-vw-sharan-ii-rcd-310-tauschen","18":"product_tag-vw-sharan-ii-rcd-510-tauschen","19":"product_tag-vw-sharan-ii-rmt-100-tauschen","20":"product_tag-vw-sharan-ii-rns-315-tauschen","21":"product_tag-vw-sharan-ii-rns-510-tauschen","22":"product_shipping_class-autoradio-adapter","24":"first","25":"instock","26":"taxable","27":"shipping-taxable","28":"purchasable","29":"product-type-simple"},"jetpack_publicize_connections":[],"jetpack_sharing_enabled":true,"jetpack_likes_enabled":true,"_links":{"self":[{"href":"https:\/\/www.radio-adapter.eu\/blog\/wp-json\/wp\/v2\/product\/3120","targetHints":{"allow":["GET"]}}],"collection":[{"href":"https:\/\/www.radio-adapter.eu\/blog\/wp-json\/wp\/v2\/product"}],"about":[{"href":"https:\/\/www.radio-adapter.eu\/blog\/wp-json\/wp\/v2\/types\/product"}],"replies":[{"embeddable":true,"href":"https:\/\/www.radio-adapter.eu\/blog\/wp-json\/wp\/v2\/comments?post=3120"}],"wp:featuredmedia":[{"embeddable":true,"href":"https:\/\/www.radio-adapter.eu\/blog\/wp-json\/wp\/v2\/media\/3121"}],"wp:attachment":[{"href":"https:\/\/www.radio-adapter.eu\/blog\/wp-json\/wp\/v2\/media?parent=3120"}],"wp:term":[{"taxonomy":"product_brand","embeddable":true,"href":"https:\/\/www.radio-adapter.eu\/blog\/wp-json\/wp\/v2\/product_brand?post=3120"},{"taxonomy":"product_cat","embeddable":true,"href":"https:\/\/www.radio-adapter.eu\/blog\/wp-json\/wp\/v2\/product_cat?post=3120"},{"taxonomy":"product_tag","embeddable":true,"href":"https:\/\/www.radio-adapter.eu\/blog\/wp-json\/wp\/v2\/product_tag?post=3120"}],"curies":[{"name":"wp","href":"https:\/\/api.w.org\/{rel}","templated":true}]}}