{"id":3118,"date":"2015-06-24T11:22:16","date_gmt":"2015-06-24T09:22:16","guid":{"rendered":"http:\/\/www.radio-adapter.eu\/blog\/produkt\/vw-golf-v-doppel-din-radioblenden-set-2003-2008\/"},"modified":"2020-03-24T14:14:52","modified_gmt":"2020-03-24T13:14:52","slug":"vw-golf-v-doppel-din-radioblenden-set-2003-2008","status":"publish","type":"product","link":"https:\/\/www.radio-adapter.eu\/blog\/produkt\/vw-golf-v-doppel-din-radioblenden-set-2003-2008\/","title":{"rendered":"VW Golf V Doppel DIN Radioblenden Set 2003-2008"},"content":{"rendered":"<p>Im VW Golf V ab 2003 sind verschieden Radios ab Werk verbaut. Mit dem\u00a0<strong>VW Golf V Doppel DIN Radioblenden Set 2003-2008<\/strong> kann man ein neues Autoradio einer Fremdmarke in das Fahrzeug installieren. In dem Set sind auch alle notwendigen Adapter zum Anschluss an die Fahrzeugkabel und den Antenneneingang enthalten. Es k\u00f6nnen sowohl Autoradios mit ISO oder DIN Anschluss angeschlossen werden. Mit den beiligenden Adaptern die im Set VW Golf <em>V Doppel DIN Radioblenden Set 2003-2008<\/em> enthalten sind ist dar Einbau des neuen Radios ganz einfach.<\/p>\n<h2>Das VW Golf V Doppel DIN Radioblenden Set 2003-2008 ist geeignet um VW Golf V Werksradios mit diesen Design (Siehe Foto) zu ersetzen.<\/h2>\n<figure id=\"attachment_3105\" aria-describedby=\"caption-attachment-3105\" style=\"width: 500px\" class=\"wp-caption alignnone\"><a href=\"http:\/\/www.radio-adapter.eu\/blog\/wp-content\/uploads\/2015\/06\/VW-Golf-RCD-300-Radio.jpg\"><img loading=\"lazy\" decoding=\"async\" class=\"wp-image-3105 size-full\" src=\"http:\/\/www.radio-adapter.eu\/blog\/wp-content\/uploads\/2015\/06\/VW-Golf-RCD-300-Radio.jpg\" alt=\"VW Golf RCD 300 Radio\" width=\"500\" height=\"355\" srcset=\"https:\/\/www.radio-adapter.eu\/blog\/wp-content\/uploads\/2015\/06\/VW-Golf-RCD-300-Radio.jpg 500w, https:\/\/www.radio-adapter.eu\/blog\/wp-content\/uploads\/2015\/06\/VW-Golf-RCD-300-Radio-200x142.jpg 200w, https:\/\/www.radio-adapter.eu\/blog\/wp-content\/uploads\/2015\/06\/VW-Golf-RCD-300-Radio-300x213.jpg 300w, https:\/\/www.radio-adapter.eu\/blog\/wp-content\/uploads\/2015\/06\/VW-Golf-RCD-300-Radio-480x341.jpg 480w\" sizes=\"auto, (max-width: 500px) 100vw, 500px\" \/><\/a><figcaption id=\"caption-attachment-3105\" class=\"wp-caption-text\">VW Golf RCD 300 Radio<\/figcaption><\/figure>\n<p>&nbsp;<\/p>\n<h2>Lieferumfang: VW Golf V Doppel DIN Radioblenden Set 2003-2008 schwarz<\/h2>\n<ul>\n<li>1 x Radioblende Doppel DIN schwarz<\/li>\n<li>1 x Blechkasten f\u00fcr Doppel DIN Montage<\/li>\n<li>1 x Radioadapter f\u00fcr VW Golf V<\/li>\n<li>1 x Antennenadapter f\u00fcr VW Golf V mit Phantomspeisung<\/li>\n<li>1 x Antennenadapter DIN zu ISO<\/li>\n<\/ul>\n<p>&nbsp;<\/p>\n<h3>Passende Anleitung:<\/h3>\n<h3><a href=\"http:\/\/www.radio-adapter.eu\/blog\/radiowechsel-vw-golf-v-einbauanleitung\/\" target=\"_blank\" rel=\"noopener noreferrer\">Radiowechsel VW Golf V Einbauanleitung<\/a><\/h3>\n<p>Bei dem <strong>Tausch des VW Golf V Werksradios<\/strong> muss die Abdeckung um das Radio entfernt werden. In dem Set sind alle notwendigen Adapter zu Anschluss an die Fahrzeugkabel mit dabei. Ganz egal ob Ihr neues Autoradio ISO oder DIN Anschluss am Antennenstecker hat, beide Varianten k\u00f6nne mit diesen Set angeschlossen werden. Sollte das neue Autoradio einen ISO Anschluss besitzen muss nur der mitgelieferte Winkelstecker auf den Antennenstecker aufgesetzt werden.<\/p>\n<p>Den Radioadapter und Antennenadapter an die Fahrzeugkabel anschlie\u00dfen bevor die Radioblende eingerastet wird. Den Blechrahmen Ihres neuen Autoradios in den Schacht schieben und die Zargen des Blechrahmens verbiegen damit der Rahmen fest sitzt. Sollte Ihr neues Autoradio einen umfangreichen Kabelstrang an der R\u00fcckseite haben, nicht das Radio mit Gewalt in den Schacht schieben das kann die Kabel verletzen. Schaffen Sie vorher im Schacht Platz.<\/p>\n<p>&nbsp;<\/p>\n<p>&nbsp;<\/p>\n","protected":false},"excerpt":{"rendered":"<p>Es gibt mehrere Modellreihen des VW Golf V, dieses VW Golf V Doppel DIN Radioblenden Set passt f\u00fcr den Volkswagen Golf V ab 2003 &#8211; 2008. Wenn man ein anderes Autoradio einbauen m\u00f6chte und das Werksradio tauscht, muss eine Radioblende die Installation in das Cockpit des VWs erm\u00f6glichen. Alle weiteren Adapter zum Anschluss an die Fahrzeugkabel sind in dem Set enthalten. Typ:63114+50251<\/p>\n","protected":false},"featured_media":3119,"comment_status":"closed","ping_status":"closed","template":"","meta":{"jetpack_post_was_ever_published":false,"jetpack_publicize_message":"","jetpack_publicize_feature_enabled":true,"jetpack_social_post_already_shared":true,"jetpack_social_options":{"image_generator_settings":{"template":"highway","default_image_id":0,"font":"","enabled":false},"version":2}},"product_brand":[],"product_cat":[2211,2221,2876],"product_tag":[2315,2313,2312,2335,2310,2311,2319,2317,2318,2316],"class_list":{"0":"post-3118","1":"product","2":"type-product","3":"status-publish","4":"has-post-thumbnail","6":"product_cat-autoradio-blenden-sets","7":"product_cat-vw-autoradio-blenden-sets","8":"product_cat-vw-golf-v-autoradio-blenden-sets","9":"product_tag-radio-einbauset-vw-golf-v","10":"product_tag-volkswagen-golf-v-comfortline-radio-tauschen","11":"product_tag-volkswagen-golf-v-trendline-radio-tauschen","12":"product_tag-vw-golf-5-2-din-radioblenden-set","13":"product_tag-vw-golf-v-autoradio-montage-satz","14":"product_tag-vw-golf-v-radio-einbaumaterial","15":"product_tag-vw-golf-v-rcd-210-cd-mp3-tauschen","16":"product_tag-vw-golf-v-rcd-300-mp3-tauschen","17":"product_tag-vw-golf-v-rcd-310-cd-mp3-tauschen","18":"product_tag-vw-golf-v-rcd-500-mp3-tauschen","19":"product_shipping_class-autoradio-adapter","21":"first","22":"instock","23":"taxable","24":"shipping-taxable","25":"purchasable","26":"product-type-simple"},"jetpack_publicize_connections":[],"jetpack_sharing_enabled":true,"jetpack_likes_enabled":true,"_links":{"self":[{"href":"https:\/\/www.radio-adapter.eu\/blog\/wp-json\/wp\/v2\/product\/3118","targetHints":{"allow":["GET"]}}],"collection":[{"href":"https:\/\/www.radio-adapter.eu\/blog\/wp-json\/wp\/v2\/product"}],"about":[{"href":"https:\/\/www.radio-adapter.eu\/blog\/wp-json\/wp\/v2\/types\/product"}],"replies":[{"embeddable":true,"href":"https:\/\/www.radio-adapter.eu\/blog\/wp-json\/wp\/v2\/comments?post=3118"}],"wp:featuredmedia":[{"embeddable":true,"href":"https:\/\/www.radio-adapter.eu\/blog\/wp-json\/wp\/v2\/media\/3119"}],"wp:attachment":[{"href":"https:\/\/www.radio-adapter.eu\/blog\/wp-json\/wp\/v2\/media?parent=3118"}],"wp:term":[{"taxonomy":"product_brand","embeddable":true,"href":"https:\/\/www.radio-adapter.eu\/blog\/wp-json\/wp\/v2\/product_brand?post=3118"},{"taxonomy":"product_cat","embeddable":true,"href":"https:\/\/www.radio-adapter.eu\/blog\/wp-json\/wp\/v2\/product_cat?post=3118"},{"taxonomy":"product_tag","embeddable":true,"href":"https:\/\/www.radio-adapter.eu\/blog\/wp-json\/wp\/v2\/product_tag?post=3118"}],"curies":[{"name":"wp","href":"https:\/\/api.w.org\/{rel}","templated":true}]}}