{"id":3114,"date":"2015-06-24T09:40:50","date_gmt":"2015-06-24T07:40:50","guid":{"rendered":"http:\/\/www.radio-adapter.eu\/blog\/produkt\/vw-golf-v-variant-doppel-din-radio-einbauset-2007-2009\/"},"modified":"2020-03-24T14:15:17","modified_gmt":"2020-03-24T13:15:17","slug":"vw-golf-v-variant-doppel-din-radio-einbauset-2007-2009","status":"publish","type":"product","link":"https:\/\/www.radio-adapter.eu\/blog\/produkt\/vw-golf-v-variant-doppel-din-radio-einbauset-2007-2009\/","title":{"rendered":"VW Golf V Variant Doppel DIN Radio Einbauset 2007-2009"},"content":{"rendered":"<p>Im VW Golf V Variant ab 2007-2009 sind verschieden Radios ab Werk verbaut. Mit dem\u00a0<strong>VW Golf V Variant Doppel DIN Radio Einbauset<\/strong> kann man ein neues Autoradio einer Fremdmarke in das Fahrzeug installieren. In dem Set sind auch alle notwendigen Adapter zum Anschluss an die Fahrzeugkabel und den Antenneneingang enthalten. Es k\u00f6nnen sowohl Autoradios mit ISO oder DIN Anschluss angeschlossen werden. Mit den beiligenden Adaptern die im Set <em>VW Golf V Variant Doppel DIN Radio Einbauset 2007-2009<\/em> enthalten sind ist dar Einbau des neuen Radios ganz einfach.<\/p>\n<h2>Das VW Golf V Variant Doppel DIN Radio Einbauset ist geeignet um VW Golf V Werksradios mit diesen Design (Siehe Foto) zu ersetzen.<\/h2>\n<figure id=\"attachment_3113\" aria-describedby=\"caption-attachment-3113\" style=\"width: 500px\" class=\"wp-caption alignnone\"><a href=\"http:\/\/www.radio-adapter.eu\/blog\/wp-content\/uploads\/2015\/06\/VW-Golf-V-Variant-RCD-300.jpg\"><img loading=\"lazy\" decoding=\"async\" class=\"wp-image-3113 size-full\" src=\"http:\/\/www.radio-adapter.eu\/blog\/wp-content\/uploads\/2015\/06\/VW-Golf-V-Variant-RCD-300.jpg\" alt=\"VW-Golf-V-Variant-RCD-300\" width=\"500\" height=\"343\" srcset=\"https:\/\/www.radio-adapter.eu\/blog\/wp-content\/uploads\/2015\/06\/VW-Golf-V-Variant-RCD-300.jpg 500w, https:\/\/www.radio-adapter.eu\/blog\/wp-content\/uploads\/2015\/06\/VW-Golf-V-Variant-RCD-300-200x137.jpg 200w, https:\/\/www.radio-adapter.eu\/blog\/wp-content\/uploads\/2015\/06\/VW-Golf-V-Variant-RCD-300-300x206.jpg 300w, https:\/\/www.radio-adapter.eu\/blog\/wp-content\/uploads\/2015\/06\/VW-Golf-V-Variant-RCD-300-480x329.jpg 480w\" sizes=\"auto, (max-width: 500px) 100vw, 500px\" \/><\/a><figcaption id=\"caption-attachment-3113\" class=\"wp-caption-text\">VW Golf V Variant RCD 300<\/figcaption><\/figure>\n<p>&nbsp;<\/p>\n<h2>Lieferumfang: VW Golf V Variant Doppel DIN Radio Einbauset 2007-2009 schwarz<\/h2>\n<ul>\n<li>1 x Radioblende Doppel DIN schwarz<\/li>\n<li>1 x Blechkasten f\u00fcr Doppel DIN Montage<\/li>\n<li>1 x Radioadapter f\u00fcr VW Golf V Variant<\/li>\n<li>1 x Antennenadapter f\u00fcr VW Golf V Variant mit Phantomspeisung<\/li>\n<li>1 x Antennenadapter DIN zu ISO<\/li>\n<\/ul>\n<p>&nbsp;<\/p>\n<h3>Passende Anleitung:<\/h3>\n<h3><a href=\"http:\/\/www.radio-adapter.eu\/blog\/radiowechsel-vw-golf-v-einbauanleitung\/\" target=\"_blank\" rel=\"noopener noreferrer\">Radiowechsel VW Golf V Einbauanleitung<\/a><\/h3>\n<p>Bei dem <strong>Tausch des VW Golf V Variant Werksradios<\/strong> muss die Abdeckung um das Radio entfernt werden. In dem Set sind alle notwendigen Adapter zu Anschluss an die Fahrzeugkabel mit dabei. Ganz egal ob Ihr neues Autoradio ISO oder DIN Anschluss am Antennenstecker hat, beide Varianten k\u00f6nne mit diesen Set angeschlossen werden. Sollte das neue Autoradio einen ISO Anschluss besitzen muss nur der mitgelieferte Winkelstecker auf den Antennenstecker aufgesetzt werden.<\/p>\n<p>Den Radioadapter und Antennenadapter an die Fahrzeugkabel anschlie\u00dfen bevor die Radioblende eingerastet wird. Den Blechrahmen Ihres neuen Autoradios in den Schacht schieben und die Zargen des Blechrahmens verbiegen damit der Rahmen fest sitzt. Sollte Ihr neues Autoradio einen umfangreichen Kabelstrang an der R\u00fcckseite haben, nicht das Radio mit Gewalt in den Schacht schieben das kann die Kabel verletzen. Schaffen Sie vorher im Schacht Platz.<\/p>\n<p>&nbsp;<\/p>\n<p>&nbsp;<\/p>\n","protected":false},"excerpt":{"rendered":"<p>Es gibt mehrere Modellreihen des VW Golf V, dieses VW Golf V Variant Doppel DIN Radio Einbauset passt f\u00fcr den Volkswagen Golf V Variant ab 2007 &#8211; 2009. Wenn man ein anderes Autoradio einbauen m\u00f6chte und das Werksradio tauscht, muss eine Radioblende die Installation in das Cockpit des VWs erm\u00f6glichen. Alle weiteren Adapter zum Anschluss an die Fahrzeugkabel sind in dem Set enthalten. Typ:63114+50251<\/p>\n","protected":false},"featured_media":3116,"comment_status":"closed","ping_status":"closed","template":"","meta":{"jetpack_post_was_ever_published":false,"jetpack_publicize_message":"","jetpack_publicize_feature_enabled":true,"jetpack_social_post_already_shared":true,"jetpack_social_options":{"image_generator_settings":{"template":"highway","default_image_id":0,"font":"","enabled":false},"version":2}},"product_brand":[],"product_cat":[2211,2221,2876],"product_tag":[2334,2315,2331,2333,2332,2310,2311,2319,2317,2318,2316],"class_list":{"0":"post-3114","1":"product","2":"type-product","3":"status-publish","4":"has-post-thumbnail","6":"product_cat-autoradio-blenden-sets","7":"product_cat-vw-autoradio-blenden-sets","8":"product_cat-vw-golf-v-autoradio-blenden-sets","9":"product_tag-golf-variant-2-din-radioblenden-set","10":"product_tag-radio-einbauset-vw-golf-v","11":"product_tag-volkswagen-golf-v-variant-comfortline-radio-tauschen","12":"product_tag-volkswagen-golf-v-variant-sportline-radio-tauschen","13":"product_tag-volkswagen-golf-v-variant-trendline-radio-tauschen","14":"product_tag-vw-golf-v-autoradio-montage-satz","15":"product_tag-vw-golf-v-radio-einbaumaterial","16":"product_tag-vw-golf-v-rcd-210-cd-mp3-tauschen","17":"product_tag-vw-golf-v-rcd-300-mp3-tauschen","18":"product_tag-vw-golf-v-rcd-310-cd-mp3-tauschen","19":"product_tag-vw-golf-v-rcd-500-mp3-tauschen","20":"product_shipping_class-autoradio-adapter","22":"first","23":"instock","24":"taxable","25":"shipping-taxable","26":"purchasable","27":"product-type-simple"},"jetpack_publicize_connections":[],"jetpack_sharing_enabled":true,"jetpack_likes_enabled":true,"_links":{"self":[{"href":"https:\/\/www.radio-adapter.eu\/blog\/wp-json\/wp\/v2\/product\/3114","targetHints":{"allow":["GET"]}}],"collection":[{"href":"https:\/\/www.radio-adapter.eu\/blog\/wp-json\/wp\/v2\/product"}],"about":[{"href":"https:\/\/www.radio-adapter.eu\/blog\/wp-json\/wp\/v2\/types\/product"}],"replies":[{"embeddable":true,"href":"https:\/\/www.radio-adapter.eu\/blog\/wp-json\/wp\/v2\/comments?post=3114"}],"wp:featuredmedia":[{"embeddable":true,"href":"https:\/\/www.radio-adapter.eu\/blog\/wp-json\/wp\/v2\/media\/3116"}],"wp:attachment":[{"href":"https:\/\/www.radio-adapter.eu\/blog\/wp-json\/wp\/v2\/media?parent=3114"}],"wp:term":[{"taxonomy":"product_brand","embeddable":true,"href":"https:\/\/www.radio-adapter.eu\/blog\/wp-json\/wp\/v2\/product_brand?post=3114"},{"taxonomy":"product_cat","embeddable":true,"href":"https:\/\/www.radio-adapter.eu\/blog\/wp-json\/wp\/v2\/product_cat?post=3114"},{"taxonomy":"product_tag","embeddable":true,"href":"https:\/\/www.radio-adapter.eu\/blog\/wp-json\/wp\/v2\/product_tag?post=3114"}],"curies":[{"name":"wp","href":"https:\/\/api.w.org\/{rel}","templated":true}]}}