{"id":3093,"date":"2015-06-22T23:15:55","date_gmt":"2015-06-22T21:15:55","guid":{"rendered":"http:\/\/www.radio-adapter.eu\/blog\/produkt\/ford-puma-radioblenden-set-1997-2002\/"},"modified":"2020-03-24T14:17:25","modified_gmt":"2020-03-24T13:17:25","slug":"ford-puma-radioblenden-set-1997-2002","status":"publish","type":"product","link":"https:\/\/www.radio-adapter.eu\/blog\/produkt\/ford-puma-radioblenden-set-1997-2002\/","title":{"rendered":"Ford Puma Radioblenden Set 1997-2002"},"content":{"rendered":"<p>Im Ford Puma sind verschieden Radios ab Werk verbaut. Mit dem\u00a0<strong>Ford Puma Radioblenden Set 1997-2002<\/strong> kann man ein neues Autoradio einer Fremdmarke in das Fahrzeug installieren. In dem Set sind auch alle notwendigen Adapter zum Anschluss an die Fahrzeugkabel und den Antenneneingang enthalten. Es k\u00f6nnen sowohl Autoradios mit ISO oder DIN Anschluss angeschlossen werden. Mit den Entriegelungsb\u00fcgeln die im Set enthalten sind ist das ausbauen des Werksradios ganz einfach.<\/p>\n<h2>Das Ford Puma Radioblenden Set 1997-2002<br \/>\nist geeignet um Ford Puma Werksradios mit rechteckigen Design (Siehe Foto) zu ersetzen.<\/h2>\n<figure id=\"attachment_3095\" aria-describedby=\"caption-attachment-3095\" style=\"width: 500px\" class=\"wp-caption alignnone\"><a href=\"http:\/\/www.radio-adapter.eu\/blog\/wp-content\/uploads\/2015\/06\/Ford-Puma-Radio.jpg\"><img loading=\"lazy\" decoding=\"async\" class=\"wp-image-3095 size-full\" src=\"http:\/\/www.radio-adapter.eu\/blog\/wp-content\/uploads\/2015\/06\/Ford-Puma-Radio.jpg\" alt=\"Ford-Puma-Radio\" width=\"500\" height=\"550\" srcset=\"https:\/\/www.radio-adapter.eu\/blog\/wp-content\/uploads\/2015\/06\/Ford-Puma-Radio.jpg 500w, https:\/\/www.radio-adapter.eu\/blog\/wp-content\/uploads\/2015\/06\/Ford-Puma-Radio-182x200.jpg 182w, https:\/\/www.radio-adapter.eu\/blog\/wp-content\/uploads\/2015\/06\/Ford-Puma-Radio-273x300.jpg 273w, https:\/\/www.radio-adapter.eu\/blog\/wp-content\/uploads\/2015\/06\/Ford-Puma-Radio-480x528.jpg 480w\" sizes=\"auto, (max-width: 500px) 100vw, 500px\" \/><\/a><figcaption id=\"caption-attachment-3095\" class=\"wp-caption-text\">Ford Puma Radio<\/figcaption><\/figure>\n<p>&nbsp;<\/p>\n<h2>Lieferumfang: Ford Puma Radioblenden Set 1997-2002 schwarz<\/h2>\n<ul>\n<li>1 x Radioblende schwarz<\/li>\n<li>1 x Radioadapter f\u00fcr Ford Puma<\/li>\n<li>2 x Entriegelungsb\u00fcgel um das Werksradio zu entfernen<\/li>\n<li>1 x Antennenadapter DIN zu ISO<\/li>\n<\/ul>\n<p>&nbsp;<\/p>\n<p>&nbsp;<\/p>\n<h3>Passende Anleitung:<\/h3>\n<h3><a href=\"http:\/\/www.radio-adapter.eu\/blog\/radiowechsel-ford-puma-einbauanleitung\/\" target=\"_blank\" rel=\"noopener noreferrer\">Radiowechsel Ford Puma Einbauanleitung<\/a><\/h3>\n<p>Das <strong>Ford Puma<\/strong> Werksradio muss mit den Entriegelungsb\u00fcgel ausgehebelt werden. In dem Set sind alle notwendigen Adapter zu Anschluss an die Fahrzeugkabel mit dabei. Ganz egal ob Ihr neues Autoradio ISO oder DIN Anschluss am Antennenstecker hat, beide Varianten k\u00f6nne mit diesen Set angeschlossen werden. Sollte das neue Autoradio einen DIN Anschluss besitzen muss nur der mitgelieferte ISO zu DIN auf den Antennenstecker im Fahrzeug aufgesetzt werden.<\/p>\n<p>Den Radioadapter und Antennenadapter an die Fahrzeugkabel anschlie\u00dfen bevor die Radioblende eingerastet wird. Den Blechrahmen Ihres neuen Autoradios in den Schacht schieben und die Zargen des Blechrahmens verbiegen damit der Rahmen fest sitzt. Sollte Ihr neues Autoradio einen umfangreichen Kabelstrang an der R\u00fcckseite haben, nicht das Radio mit Gewalt in den Schacht schieben das kann die Kabel verletzen. Schaffen Sie vorher im Schacht Platz.<\/p>\n<p>&nbsp;<\/p>\n<p>&nbsp;<\/p>\n","protected":false},"excerpt":{"rendered":"<p>Es gibt mehrere Modellreihen des Ford Puma, dieses Ford Puma Radioblenden Set passt f\u00fcr den Ford Puma von 1997-2002. Wenn man ein anderes Autoradio einbauen m\u00f6chte und das Werksradio tauscht, muss eine Radioblende die Installation in das Cockpit des Ford erm\u00f6glichen. Alle weiteren Adapter zum Anschluss an die Fahrzeugkabel sind in dem Set enthalten. Typ:61080+50121<\/p>\n","protected":false},"featured_media":3094,"comment_status":"closed","ping_status":"closed","template":"","meta":{"jetpack_post_was_ever_published":false,"jetpack_publicize_message":"","jetpack_publicize_feature_enabled":true,"jetpack_social_post_already_shared":true,"jetpack_social_options":{"image_generator_settings":{"template":"highway","default_image_id":0,"font":"","enabled":false},"version":2}},"product_brand":[],"product_cat":[2211,2213],"product_tag":[2303,2292,2304,2293,2305],"class_list":{"0":"post-3093","1":"product","2":"type-product","3":"status-publish","4":"has-post-thumbnail","6":"product_cat-autoradio-blenden-sets","7":"product_cat-ford-autoradio-blenden-sets","8":"product_tag-autoradio-tausch-ford-puma-1997-2002","9":"product_tag-ford-autoradio-6006-cd-tauschen","10":"product_tag-ford-puma-6000-cd-tauschen","11":"product_tag-ford-radio-5000-tauschen","12":"product_tag-radioblende-set-ford-puma-1997-2002","13":"product_shipping_class-autoradio-adapter","15":"first","16":"instock","17":"taxable","18":"shipping-taxable","19":"purchasable","20":"product-type-simple"},"jetpack_publicize_connections":[],"jetpack_sharing_enabled":true,"jetpack_likes_enabled":true,"_links":{"self":[{"href":"https:\/\/www.radio-adapter.eu\/blog\/wp-json\/wp\/v2\/product\/3093","targetHints":{"allow":["GET"]}}],"collection":[{"href":"https:\/\/www.radio-adapter.eu\/blog\/wp-json\/wp\/v2\/product"}],"about":[{"href":"https:\/\/www.radio-adapter.eu\/blog\/wp-json\/wp\/v2\/types\/product"}],"replies":[{"embeddable":true,"href":"https:\/\/www.radio-adapter.eu\/blog\/wp-json\/wp\/v2\/comments?post=3093"}],"wp:featuredmedia":[{"embeddable":true,"href":"https:\/\/www.radio-adapter.eu\/blog\/wp-json\/wp\/v2\/media\/3094"}],"wp:attachment":[{"href":"https:\/\/www.radio-adapter.eu\/blog\/wp-json\/wp\/v2\/media?parent=3093"}],"wp:term":[{"taxonomy":"product_brand","embeddable":true,"href":"https:\/\/www.radio-adapter.eu\/blog\/wp-json\/wp\/v2\/product_brand?post=3093"},{"taxonomy":"product_cat","embeddable":true,"href":"https:\/\/www.radio-adapter.eu\/blog\/wp-json\/wp\/v2\/product_cat?post=3093"},{"taxonomy":"product_tag","embeddable":true,"href":"https:\/\/www.radio-adapter.eu\/blog\/wp-json\/wp\/v2\/product_tag?post=3093"}],"curies":[{"name":"wp","href":"https:\/\/api.w.org\/{rel}","templated":true}]}}