{"id":3084,"date":"2015-06-22T09:15:59","date_gmt":"2015-06-22T07:15:59","guid":{"rendered":"http:\/\/www.radio-adapter.eu\/blog\/produkt\/ford-focus-radioblenden-set-1998-2004\/"},"modified":"2024-12-03T01:51:50","modified_gmt":"2024-12-03T00:51:50","slug":"ford-focus-radioblenden-set-1998-2004","status":"publish","type":"product","link":"https:\/\/www.radio-adapter.eu\/blog\/produkt\/ford-focus-radioblenden-set-1998-2004\/","title":{"rendered":"Ford Focus Radioblenden Set 1998-2004"},"content":{"rendered":"<p>Im Ford Focus sind verschieden Radios ab Werk verbaut. Mit dem\u00a0<strong>Ford Focus Radioblenden Set 1998-2004<\/strong> kann man ein neues Autoradio einer Fremdmarke in das Fahrzeug installieren. In dem Set sind auch alle notwendigen Adapter zum Anschluss an die Fahrzeugkabel und den Antenneneingang enthalten. Es k\u00f6nnen sowohl Autoradios mit ISO oder DIN Anschluss angeschlossen werden. Mit den Entriegelungsb\u00fcgeln die im Set enthalten sind ist das ausbauen des Werksradios ganz einfach.<\/p>\n<h2>Das Ford Focus Radioblenden Set 1998-2004<br \/>\nist geeignet um Ford Focus Werksradios mit rechteckigen Design (Siehe Foto) zu ersetzen.<\/h2>\n<figure id=\"attachment_3085\" aria-describedby=\"caption-attachment-3085\" style=\"width: 500px\" class=\"wp-caption alignnone\"><a href=\"http:\/\/www.radio-adapter.eu\/blog\/wp-content\/uploads\/2015\/06\/Ford-Focus-6000CD-Radio-2003.jpg\"><img loading=\"lazy\" decoding=\"async\" class=\"wp-image-3085 size-full\" src=\"http:\/\/www.radio-adapter.eu\/blog\/wp-content\/uploads\/2015\/06\/Ford-Focus-6000CD-Radio-2003.jpg\" alt=\"Ford-Focus-6000CD-Radio-2003\" width=\"500\" height=\"408\" srcset=\"https:\/\/www.radio-adapter.eu\/blog\/wp-content\/uploads\/2015\/06\/Ford-Focus-6000CD-Radio-2003.jpg 500w, https:\/\/www.radio-adapter.eu\/blog\/wp-content\/uploads\/2015\/06\/Ford-Focus-6000CD-Radio-2003-200x163.jpg 200w, https:\/\/www.radio-adapter.eu\/blog\/wp-content\/uploads\/2015\/06\/Ford-Focus-6000CD-Radio-2003-300x245.jpg 300w, https:\/\/www.radio-adapter.eu\/blog\/wp-content\/uploads\/2015\/06\/Ford-Focus-6000CD-Radio-2003-480x392.jpg 480w\" sizes=\"auto, (max-width: 500px) 100vw, 500px\" \/><\/a><figcaption id=\"caption-attachment-3085\" class=\"wp-caption-text\">Ford Focus 6000CD Radio 2003<\/figcaption><\/figure>\n<p>&nbsp;<\/p>\n<h2>Lieferumfang: Ford Focus Radioblenden Set 1998-2004 schwarz<\/h2>\n<ul>\n<li>1 x Radioblende schwarz<\/li>\n<li>1 x Radioadapter f\u00fcr Ford Focus<\/li>\n<li>2 x Entriegelungsb\u00fcgel um das Werksradio zu entfernen<\/li>\n<li>1 x Antennenadapter DIN zu ISO<\/li>\n<\/ul>\n<p>&nbsp;<\/p>\n<p>&nbsp;<\/p>\n<h3>Passende Anleitung:<\/h3>\n<h3><a href=\"http:\/\/www.radio-adapter.eu\/blog\/radiowechsel-ford-focus-einbauanleitung\/\" target=\"_blank\" rel=\"noopener noreferrer\">Radiowechsel Ford Focus Einbauanleitung<\/a><\/h3>\n<p>Das <strong>Ford Focus<\/strong> Werksradio muss mit den Entriegelungsb\u00fcgel ausgehebelt werden. In dem Set sind alle notwendigen Adapter zu Anschluss an die Fahrzeugkabel mit dabei. Ganz egal ob Ihr neues Autoradio ISO oder DIN Anschluss am Antennenstecker hat, beide Varianten k\u00f6nne mit diesen Set angeschlossen werden. Sollte das neue Autoradio einen DIN Anschluss besitzen muss nur der mitgelieferte ISO zu DIN auf den Antennenstecker im Fahrzeug aufgesetzt werden.<\/p>\n<p>Den Radioadapter und Antennenadapter an die Fahrzeugkabel anschlie\u00dfen bevor die Radioblende eingerastet wird. Den Blechrahmen Ihres neuen Autoradios in den Schacht schieben und die Zargen des Blechrahmens verbiegen damit der Rahmen fest sitzt. Sollte Ihr neues Autoradio einen umfangreichen Kabelstrang an der R\u00fcckseite haben, nicht das Radio mit Gewalt in den Schacht schieben das kann die Kabel verletzen. Schaffen Sie vorher im Schacht Platz.<\/p>\n<p>&nbsp;<\/p>\n<p>&nbsp;<\/p>\n","protected":false},"excerpt":{"rendered":"<p>Es gibt mehrere Modellreihen des Ford Focus, dieses Ford Focus Radioblenden Set passt f\u00fcr den Ford Focus von 1998-2004. Wenn man ein anderes Autoradio einbauen m\u00f6chte und das Werksradio tauscht, muss eine Radioblende die Installation in das Cockpit des Ford erm\u00f6glichen. Alle weiteren Adapter zum Anschluss an die Fahrzeugkabel sind in dem Set enthalten. Typ:61080+50121<\/p>\n","protected":false},"featured_media":3086,"comment_status":"open","ping_status":"closed","template":"","meta":{"jetpack_post_was_ever_published":false,"jetpack_publicize_message":"","jetpack_publicize_feature_enabled":true,"jetpack_social_post_already_shared":true,"jetpack_social_options":{"image_generator_settings":{"template":"highway","default_image_id":0,"font":"","enabled":false},"version":2}},"product_brand":[],"product_cat":[2211,2213,2595],"product_tag":[2296,2292,2215,2293,2295],"class_list":{"0":"post-3084","1":"product","2":"type-product","3":"status-publish","4":"has-post-thumbnail","6":"product_cat-autoradio-blenden-sets","7":"product_cat-ford-autoradio-blenden-sets","8":"product_cat-ford-focus-autoradio-blenden-sets","9":"product_tag-autoradio-tausch-ford-focus-1998-2004","10":"product_tag-ford-autoradio-6006-cd-tauschen","11":"product_tag-ford-focus-6000-cd-tauschen","12":"product_tag-ford-radio-5000-tauschen","13":"product_tag-radioblende-set-ford-focus-1998-2004","14":"product_shipping_class-autoradio-adapter","16":"first","17":"instock","18":"taxable","19":"shipping-taxable","20":"purchasable","21":"product-type-simple"},"jetpack_publicize_connections":[],"jetpack_sharing_enabled":true,"jetpack_likes_enabled":true,"_links":{"self":[{"href":"https:\/\/www.radio-adapter.eu\/blog\/wp-json\/wp\/v2\/product\/3084","targetHints":{"allow":["GET"]}}],"collection":[{"href":"https:\/\/www.radio-adapter.eu\/blog\/wp-json\/wp\/v2\/product"}],"about":[{"href":"https:\/\/www.radio-adapter.eu\/blog\/wp-json\/wp\/v2\/types\/product"}],"replies":[{"embeddable":true,"href":"https:\/\/www.radio-adapter.eu\/blog\/wp-json\/wp\/v2\/comments?post=3084"}],"wp:featuredmedia":[{"embeddable":true,"href":"https:\/\/www.radio-adapter.eu\/blog\/wp-json\/wp\/v2\/media\/3086"}],"wp:attachment":[{"href":"https:\/\/www.radio-adapter.eu\/blog\/wp-json\/wp\/v2\/media?parent=3084"}],"wp:term":[{"taxonomy":"product_brand","embeddable":true,"href":"https:\/\/www.radio-adapter.eu\/blog\/wp-json\/wp\/v2\/product_brand?post=3084"},{"taxonomy":"product_cat","embeddable":true,"href":"https:\/\/www.radio-adapter.eu\/blog\/wp-json\/wp\/v2\/product_cat?post=3084"},{"taxonomy":"product_tag","embeddable":true,"href":"https:\/\/www.radio-adapter.eu\/blog\/wp-json\/wp\/v2\/product_tag?post=3084"}],"curies":[{"name":"wp","href":"https:\/\/api.w.org\/{rel}","templated":true}]}}