{"id":3035,"date":"2015-06-21T11:19:32","date_gmt":"2015-06-21T09:19:32","guid":{"rendered":"http:\/\/www.radio-adapter.eu\/blog\/produkt\/ford-kuga-radioeinbauset-2008-2012-silber\/"},"modified":"2020-03-24T14:22:38","modified_gmt":"2020-03-24T13:22:38","slug":"ford-kuga-radioeinbauset-2008-2012-silber","status":"publish","type":"product","link":"https:\/\/www.radio-adapter.eu\/blog\/produkt\/ford-kuga-radioeinbauset-2008-2012-silber\/","title":{"rendered":"Ford Kuga Radioeinbauset 2008-2012 Silber"},"content":{"rendered":"<p>Im Ford Kuga sind verschieden Radios ab Werk verbaut. Mit dem\u00a0<strong>Ford Kuga Radioeinbauset 2008-2012 Silber<\/strong> kann man ein neues Autoradio einer Fremdmarke in das Fahrzeug installieren. In dem Set sind auch alle notwendigen Adapter zum Anschluss an die Fahrzeugkabel und den Antenneneingang enthalten. Es k\u00f6nnen sowohl Autoradios mit ISO oder DIN Anschluss angeschlossen werden. Mit den Entriegelungsb\u00fcgeln die im Set enthalten sind ist das ausbauen des Werksradios ganz einfach.<\/p>\n<h2>Das Ford Kuga Radioeinbauset 2008-2012 Silber<br \/>\nist geeignet um Ford Kuga Werksradios mit rechteckigen Design (Siehe Foto) zu ersetzen.<\/h2>\n<figure id=\"attachment_3029\" aria-describedby=\"caption-attachment-3029\" style=\"width: 500px\" class=\"wp-caption alignnone\"><a href=\"http:\/\/www.radio-adapter.eu\/blog\/wp-content\/uploads\/2015\/06\/Ford-Kuga-6000-CD-Radio.jpg\"><img loading=\"lazy\" decoding=\"async\" class=\"wp-image-3029 size-full\" src=\"http:\/\/www.radio-adapter.eu\/blog\/wp-content\/uploads\/2015\/06\/Ford-Kuga-6000-CD-Radio.jpg\" alt=\"Ford-Kuga-6000-CD-Radio\" width=\"500\" height=\"304\" srcset=\"https:\/\/www.radio-adapter.eu\/blog\/wp-content\/uploads\/2015\/06\/Ford-Kuga-6000-CD-Radio.jpg 500w, https:\/\/www.radio-adapter.eu\/blog\/wp-content\/uploads\/2015\/06\/Ford-Kuga-6000-CD-Radio-200x122.jpg 200w, https:\/\/www.radio-adapter.eu\/blog\/wp-content\/uploads\/2015\/06\/Ford-Kuga-6000-CD-Radio-300x182.jpg 300w, https:\/\/www.radio-adapter.eu\/blog\/wp-content\/uploads\/2015\/06\/Ford-Kuga-6000-CD-Radio-480x292.jpg 480w\" sizes=\"auto, (max-width: 500px) 100vw, 500px\" \/><\/a><figcaption id=\"caption-attachment-3029\" class=\"wp-caption-text\">Ford Kuga 6000 CD Radio<\/figcaption><\/figure>\n<figure id=\"attachment_3030\" aria-describedby=\"caption-attachment-3030\" style=\"width: 500px\" class=\"wp-caption alignnone\"><a href=\"http:\/\/www.radio-adapter.eu\/blog\/wp-content\/uploads\/2015\/06\/Ford-Kuga-Sony-Radio.jpg\"><img loading=\"lazy\" decoding=\"async\" class=\"wp-image-3030 size-full\" src=\"http:\/\/www.radio-adapter.eu\/blog\/wp-content\/uploads\/2015\/06\/Ford-Kuga-Sony-Radio.jpg\" alt=\"Ford-Kuga-Sony-Radio\" width=\"500\" height=\"375\" srcset=\"https:\/\/www.radio-adapter.eu\/blog\/wp-content\/uploads\/2015\/06\/Ford-Kuga-Sony-Radio.jpg 500w, https:\/\/www.radio-adapter.eu\/blog\/wp-content\/uploads\/2015\/06\/Ford-Kuga-Sony-Radio-200x150.jpg 200w, https:\/\/www.radio-adapter.eu\/blog\/wp-content\/uploads\/2015\/06\/Ford-Kuga-Sony-Radio-300x225.jpg 300w, https:\/\/www.radio-adapter.eu\/blog\/wp-content\/uploads\/2015\/06\/Ford-Kuga-Sony-Radio-480x360.jpg 480w\" sizes=\"auto, (max-width: 500px) 100vw, 500px\" \/><\/a><figcaption id=\"caption-attachment-3030\" class=\"wp-caption-text\">Ford Kuga Sony Radio<\/figcaption><\/figure>\n<figure id=\"attachment_3031\" aria-describedby=\"caption-attachment-3031\" style=\"width: 500px\" class=\"wp-caption alignnone\"><a href=\"http:\/\/www.radio-adapter.eu\/blog\/wp-content\/uploads\/2015\/06\/Ford-Kuga-Navigation.jpg\"><img loading=\"lazy\" decoding=\"async\" class=\"wp-image-3031 size-full\" src=\"http:\/\/www.radio-adapter.eu\/blog\/wp-content\/uploads\/2015\/06\/Ford-Kuga-Navigation.jpg\" alt=\"Ford-Kuga-Navigation\" width=\"500\" height=\"241\" srcset=\"https:\/\/www.radio-adapter.eu\/blog\/wp-content\/uploads\/2015\/06\/Ford-Kuga-Navigation.jpg 500w, https:\/\/www.radio-adapter.eu\/blog\/wp-content\/uploads\/2015\/06\/Ford-Kuga-Navigation-200x96.jpg 200w, https:\/\/www.radio-adapter.eu\/blog\/wp-content\/uploads\/2015\/06\/Ford-Kuga-Navigation-300x145.jpg 300w, https:\/\/www.radio-adapter.eu\/blog\/wp-content\/uploads\/2015\/06\/Ford-Kuga-Navigation-480x231.jpg 480w\" sizes=\"auto, (max-width: 500px) 100vw, 500px\" \/><\/a><figcaption id=\"caption-attachment-3031\" class=\"wp-caption-text\">Ford Kuga Navigation<\/figcaption><\/figure>\n<p>&nbsp;<\/p>\n<h2>Lieferumfang: Ford Kuga Radioeinbauset 2008-2012 Silber<\/h2>\n<ul>\n<li>1 x Radioblende mit Fach Silber<\/li>\n<li>1 x Radioadapter f\u00fcr Ford Kuga<\/li>\n<li>1 x Antennenadapter f\u00fcr Ford Kuga mit Phantomspeisung<\/li>\n<li>4 x Entriegelungsb\u00fcgel um das Werksradio zu entfernen<\/li>\n<li>1 x Antennenadapter DIN zu ISO<\/li>\n<\/ul>\n<p>&nbsp;<\/p>\n<p>&nbsp;<\/p>\n<h3>Passende Anleitung:<\/h3>\n<h3><a href=\"http:\/\/www.radio-adapter.eu\/blog\/autoradio-ausbau-ford-kuga-einbauanleitung\/\" target=\"_blank\" rel=\"noopener noreferrer\">Autoradio Ausbau Ford Kuga Einbauanleitung<\/a><\/h3>\n<h3><a href=\"http:\/\/www.radio-adapter.eu\/blog\/doppel-din-autoradio-blechrahmen-einbauanleitung\/\" target=\"_blank\" rel=\"noopener noreferrer\">Doppel DIN Autoradio Blechrahmen Einbauanleitung<\/a><\/h3>\n<p>Das <strong>Ford Kuga<\/strong> Werksradio muss mit den Entriegelungsb\u00fcgel ausgehebelt werden. In dem Set sind alle notwendigen Adapter zu Anschluss an die Fahrzeugkabel mit dabei. Ganz egal ob Ihr neues Autoradio ISO oder DIN Anschluss am Antennenstecker hat, beide Varianten k\u00f6nne mit diesen Set angeschlossen werden. Sollte das neue Autoradio einen ISO Anschluss besitzen muss nur der mitgelieferte Winkelstecker auf den Antennenstecker aufgesetzt werden.<\/p>\n<p>Den Radioadapter und Antennenadapter an die Fahrzeugkabel anschlie\u00dfen bevor die Radioblende eingerastet wird. Den Blechrahmen Ihres neuen Autoradios in den Schacht schieben und die Zargen des Blechrahmens verbiegen damit der Rahmen fest sitzt. Sollte Ihr neues Autoradio einen umfangreichen Kabelstrang an der R\u00fcckseite haben, nicht das Radio mit Gewalt in den Schacht schieben das kann die Kabel verletzen. Schaffen Sie vorher im Schacht Platz.<\/p>\n<p>&nbsp;<\/p>\n<p>&nbsp;<\/p>\n","protected":false},"excerpt":{"rendered":"<p>Es gibt mehrere Modellreihen des Ford Kuga, dieses Das Ford Kuga Radioeinbauset passt f\u00fcr den Ford Kuga von 2008-2012. Wenn man ein anderes Autoradio einbauen m\u00f6chte und das Werksradio tauscht, muss eine Radioblende die Installation in das Cockpit des Ford erm\u00f6glichen. Alle weiteren Adapter zum Anschluss an die Fahrzeugkabel sind in dem Set enthalten. Typ:61883+50261<\/p>\n","protected":false},"featured_media":3036,"comment_status":"closed","ping_status":"closed","template":"","meta":{"jetpack_post_was_ever_published":false,"jetpack_publicize_message":"","jetpack_publicize_feature_enabled":true,"jetpack_social_post_already_shared":true,"jetpack_social_options":{"image_generator_settings":{"template":"highway","default_image_id":0,"font":"","enabled":false},"version":2}},"product_brand":[],"product_cat":[2211,2213,2597],"product_tag":[2253,2258,2254,2255,2256,2257],"class_list":{"0":"post-3035","1":"product","2":"type-product","3":"status-publish","4":"has-post-thumbnail","6":"product_cat-autoradio-blenden-sets","7":"product_cat-ford-autoradio-blenden-sets","8":"product_cat-ford-kuga-autoradio-blenden-sets","9":"product_tag-das-richtige-ford-kuga-radioblenden-set","10":"product_tag-autoradio-tausch-ford-kuga-2008-2012","11":"product_tag-ford-kuga-6000-cd-tauschen","12":"product_tag-ford-kuga-radio-einbauset","13":"product_tag-ford-kuga-sony-radio-tauschen","14":"product_tag-radioblende-set-ford-kuga-2008-2012","15":"product_shipping_class-autoradio-adapter","17":"first","18":"instock","19":"taxable","20":"shipping-taxable","21":"purchasable","22":"product-type-simple"},"jetpack_publicize_connections":[],"jetpack_sharing_enabled":true,"jetpack_likes_enabled":true,"_links":{"self":[{"href":"https:\/\/www.radio-adapter.eu\/blog\/wp-json\/wp\/v2\/product\/3035","targetHints":{"allow":["GET"]}}],"collection":[{"href":"https:\/\/www.radio-adapter.eu\/blog\/wp-json\/wp\/v2\/product"}],"about":[{"href":"https:\/\/www.radio-adapter.eu\/blog\/wp-json\/wp\/v2\/types\/product"}],"replies":[{"embeddable":true,"href":"https:\/\/www.radio-adapter.eu\/blog\/wp-json\/wp\/v2\/comments?post=3035"}],"wp:featuredmedia":[{"embeddable":true,"href":"https:\/\/www.radio-adapter.eu\/blog\/wp-json\/wp\/v2\/media\/3036"}],"wp:attachment":[{"href":"https:\/\/www.radio-adapter.eu\/blog\/wp-json\/wp\/v2\/media?parent=3035"}],"wp:term":[{"taxonomy":"product_brand","embeddable":true,"href":"https:\/\/www.radio-adapter.eu\/blog\/wp-json\/wp\/v2\/product_brand?post=3035"},{"taxonomy":"product_cat","embeddable":true,"href":"https:\/\/www.radio-adapter.eu\/blog\/wp-json\/wp\/v2\/product_cat?post=3035"},{"taxonomy":"product_tag","embeddable":true,"href":"https:\/\/www.radio-adapter.eu\/blog\/wp-json\/wp\/v2\/product_tag?post=3035"}],"curies":[{"name":"wp","href":"https:\/\/api.w.org\/{rel}","templated":true}]}}