{"id":3018,"date":"2015-06-20T23:24:02","date_gmt":"2015-06-20T21:24:02","guid":{"rendered":"http:\/\/www.radio-adapter.eu\/blog\/produkt\/ford-c-max-2-din-autoradio-blenden-set-2003-2010\/"},"modified":"2020-03-24T14:23:51","modified_gmt":"2020-03-24T13:23:51","slug":"ford-c-max-2-din-autoradio-blenden-set-2003-2010","status":"publish","type":"product","link":"https:\/\/www.radio-adapter.eu\/blog\/produkt\/ford-c-max-2-din-autoradio-blenden-set-2003-2010\/","title":{"rendered":"Ford C-Max 2 DIN Autoradio Blenden Set 2003-2010"},"content":{"rendered":"<p>Im Ford C-Max sind verschieden Radios ab Werk verbaut. Mit dem\u00a0<strong>Ford C-Max 2 DIN Autoradio Blenden Set 2003-2010<\/strong> kann man ein neues Autoradio einer Fremdmarke in das Fahrzeug installieren. In dem Set sind auch alle notwendigen Adapter zum Anschluss an die Fahrzeugkabel und den Antenneneingang enthalten. Es k\u00f6nnen sowohl Autoradios mit ISO oder DIN Anschluss angeschlossen werden. Mit den Entriegelungsb\u00fcgeln die im Set enthalten sind ist das ausbauen des Werksradios ganz einfach.<\/p>\n<h2>Das Ford C-Max 2 DIN Autoradio Blenden Set 2003-2010<br \/>\nist geeignet um Ford C-Max Werksradios mit rechteckigen Design (Siehe Foto) zu ersetzen.<\/h2>\n<figure id=\"attachment_3016\" aria-describedby=\"caption-attachment-3016\" style=\"width: 500px\" class=\"wp-caption alignnone\"><a href=\"http:\/\/www.radio-adapter.eu\/blog\/wp-content\/uploads\/2015\/06\/Ford-C-Max-Navi.jpg\"><img loading=\"lazy\" decoding=\"async\" class=\"wp-image-3016 size-full\" src=\"http:\/\/www.radio-adapter.eu\/blog\/wp-content\/uploads\/2015\/06\/Ford-C-Max-Navi.jpg\" alt=\"Ford-C-Max-Navi\" width=\"500\" height=\"336\" srcset=\"https:\/\/www.radio-adapter.eu\/blog\/wp-content\/uploads\/2015\/06\/Ford-C-Max-Navi.jpg 500w, https:\/\/www.radio-adapter.eu\/blog\/wp-content\/uploads\/2015\/06\/Ford-C-Max-Navi-200x134.jpg 200w, https:\/\/www.radio-adapter.eu\/blog\/wp-content\/uploads\/2015\/06\/Ford-C-Max-Navi-300x202.jpg 300w, https:\/\/www.radio-adapter.eu\/blog\/wp-content\/uploads\/2015\/06\/Ford-C-Max-Navi-480x323.jpg 480w\" sizes=\"auto, (max-width: 500px) 100vw, 500px\" \/><\/a><figcaption id=\"caption-attachment-3016\" class=\"wp-caption-text\">Ford C-Max Navi<\/figcaption><\/figure>\n<figure id=\"attachment_3017\" aria-describedby=\"caption-attachment-3017\" style=\"width: 500px\" class=\"wp-caption alignnone\"><a href=\"http:\/\/www.radio-adapter.eu\/blog\/wp-content\/uploads\/2015\/06\/Ford-C-Max-Sony-Radio.jpg\"><img loading=\"lazy\" decoding=\"async\" class=\"wp-image-3017 size-full\" src=\"http:\/\/www.radio-adapter.eu\/blog\/wp-content\/uploads\/2015\/06\/Ford-C-Max-Sony-Radio.jpg\" alt=\"Ford-C-Max-Sony-Radio\" width=\"500\" height=\"365\" srcset=\"https:\/\/www.radio-adapter.eu\/blog\/wp-content\/uploads\/2015\/06\/Ford-C-Max-Sony-Radio.jpg 500w, https:\/\/www.radio-adapter.eu\/blog\/wp-content\/uploads\/2015\/06\/Ford-C-Max-Sony-Radio-200x146.jpg 200w, https:\/\/www.radio-adapter.eu\/blog\/wp-content\/uploads\/2015\/06\/Ford-C-Max-Sony-Radio-300x219.jpg 300w, https:\/\/www.radio-adapter.eu\/blog\/wp-content\/uploads\/2015\/06\/Ford-C-Max-Sony-Radio-480x350.jpg 480w\" sizes=\"auto, (max-width: 500px) 100vw, 500px\" \/><\/a><figcaption id=\"caption-attachment-3017\" class=\"wp-caption-text\">Ford C-Max-Sony Radio<\/figcaption><\/figure>\n<p>&nbsp;<\/p>\n<h2>Lieferumfang: Ford C-Max 2 DIN Autoradio Blenden Set 2003-2010<\/h2>\n<ul>\n<li>1 x Radioblende Doppel DIN schwarz ohne Blechrahmen<\/li>\n<li>1 x Radioadapter f\u00fcr Ford C-Max<\/li>\n<li>1 x Antennenadapter f\u00fcr Ford C-Max mit Phantomspeisung<\/li>\n<li>4 x Entriegelungsb\u00fcgel um das Werksradio zu entfernen<\/li>\n<li>1 x Antennenadapter DIN zu ISO<\/li>\n<\/ul>\n<p>&nbsp;<\/p>\n<p>Anmerkung: Bei diesen Ford C-Max 2 DIN Autoradio Blenden Satz ist kein Blechkasten dabei, f\u00fcr die Montage des Radios m\u00fcssen sie einen passenden Blechkasten einbauen sonst findet das Radio keinen Halt.<\/p>\n<p>&nbsp;<\/p>\n<p>&nbsp;<\/p>\n<h3>Passende Anleitung:<\/h3>\n<h3><a href=\"http:\/\/www.radio-adapter.eu\/blog\/radiowechsel-ford-c-max-ab-2005-einbauanleitung\/\" target=\"_blank\" rel=\"noopener noreferrer\">Radiowechsel Ford C-Max ab 2003 Einbauanleitung<\/a><\/h3>\n<h3><a href=\"http:\/\/www.radio-adapter.eu\/blog\/doppel-din-autoradio-blechrahmen-einbauanleitung\/\" target=\"_blank\" rel=\"noopener noreferrer\">Doppel DIN Autoradio Blechrahmen Einbauanleitung<\/a><\/h3>\n<p>Das <strong>Ford C-Max<\/strong> Werksradio muss mit den Entriegelungsb\u00fcgel ausgehebelt werden. In dem Set sind alle notwendigen Adapter zu Anschluss an die Fahrzeugkabel mit dabei. Ganz egal ob Ihr neues Autoradio ISO oder DIN Anschluss am Antennenstecker hat, beide Varianten k\u00f6nne mit diesen Set angeschlossen werden. Sollte das neue Autoradio einen ISO Anschluss besitzen muss nur der mitgelieferte Winkelstecker auf den Antennenstecker aufgesetzt werden.<\/p>\n<p>Den Radioadapter und Antennenadapter an die Fahrzeugkabel anschlie\u00dfen bevor die Radioblende eingerastet wird. Den Blechrahmen Ihres neuen Autoradios in den Schacht schieben und die Zargen des Blechrahmens verbiegen damit der Rahmen fest sitzt. Sollte Ihr neues Autoradio einen umfangreichen Kabelstrang an der R\u00fcckseite haben, nicht das Radio mit Gewalt in den Schacht schieben das kann die Kabel verletzen. Schaffen Sie vorher im Schacht Platz.<br \/>\n[psp_rs_review name=&#8220;Ford C-Max 2 DIN Autoradio Blenden Set 2003-2010&#8243; url=&#8220;http:\/\/www.radio-adapter.eu\/blog\/produkt\/ford-c-max-2-din-autoradio-blenden-set-2003-2010\/&#8220; image=&#8220;http:\/\/www.radio-adapter.eu\/blog\/wp-content\/uploads\/2015\/07\/Ford-C-Max-Doppel-DIN-Radio-Einbauset-2003-2010-.jpg&#8220; description=&#8220;Dieses Ford C-Max 2 DIN Autoradio Blenden Set passt f\u00fcr den Ford Fiesta von 2003-2010. &#8220; best_rating=&#8220;5&#8243; worst_rating=&#8220;1&#8243; current_rating=&#8220;5&#8243; item_name=&#8220;Ford C-Max 2 DIN Autoradio Blenden Set 2003-2010&#8243; review=&#8220;Bewertung&#8220; author=&#8220;Moderator&#8220; pubdate=&#8220;2015-07-22&#8243;]\n","protected":false},"excerpt":{"rendered":"<p>Es gibt mehrere Modellreihen des Ford C-Max, dieses Ford C-Max 2 DIN Autoradio Blenden Set passt f\u00fcr den Ford Fiesta von 2003-2010. Wenn man ein anderes Autoradio einbauen m\u00f6chte und das Werksradio tauscht, muss eine Radioblende die Installation in das Cockpit des Ford erm\u00f6glichen. Alle weiteren Adapter zum Anschluss an die Fahrzeugkabel sind in dem Set enthalten. Typ:61830+50261<\/p>\n","protected":false},"featured_media":3019,"comment_status":"closed","ping_status":"closed","template":"","meta":{"jetpack_post_was_ever_published":false,"jetpack_publicize_message":"","jetpack_publicize_feature_enabled":true,"jetpack_social_post_already_shared":true,"jetpack_social_options":{"image_generator_settings":{"template":"highway","default_image_id":0,"font":"","enabled":false},"version":2}},"product_brand":[],"product_cat":[2211,2213,2593],"product_tag":[2251,2244,2245,2246,2247,2248,2249,2250,2252],"class_list":{"0":"post-3018","1":"product","2":"type-product","3":"status-publish","4":"has-post-thumbnail","6":"product_cat-autoradio-blenden-sets","7":"product_cat-ford-autoradio-blenden-sets","8":"product_cat-ford-c-max-autoradio-blenden-sets","9":"product_tag-autoradio-tausch-ford-c-max-2003-2010","10":"product_tag-das-richtige-ford-c-max-doppel-din-radioblenden-set","11":"product_tag-das-richtige-ford-c-max-radioblenden-set","12":"product_tag-ford-c-max-2-din-radio-einbauset","13":"product_tag-ford-c-max-6000-cd-tauschen","14":"product_tag-ford-c-max-doppel-din-radio-montage-satz","15":"product_tag-ford-c-max-radio-einbauset","16":"product_tag-ford-c-max-sony-radio-tauschen","17":"product_tag-radioblende-set-ford-c-max-2003-2010","18":"product_shipping_class-autoradio-adapter","20":"first","21":"instock","22":"taxable","23":"shipping-taxable","24":"purchasable","25":"product-type-simple"},"jetpack_publicize_connections":[],"jetpack_sharing_enabled":true,"jetpack_likes_enabled":true,"_links":{"self":[{"href":"https:\/\/www.radio-adapter.eu\/blog\/wp-json\/wp\/v2\/product\/3018","targetHints":{"allow":["GET"]}}],"collection":[{"href":"https:\/\/www.radio-adapter.eu\/blog\/wp-json\/wp\/v2\/product"}],"about":[{"href":"https:\/\/www.radio-adapter.eu\/blog\/wp-json\/wp\/v2\/types\/product"}],"replies":[{"embeddable":true,"href":"https:\/\/www.radio-adapter.eu\/blog\/wp-json\/wp\/v2\/comments?post=3018"}],"wp:featuredmedia":[{"embeddable":true,"href":"https:\/\/www.radio-adapter.eu\/blog\/wp-json\/wp\/v2\/media\/3019"}],"wp:attachment":[{"href":"https:\/\/www.radio-adapter.eu\/blog\/wp-json\/wp\/v2\/media?parent=3018"}],"wp:term":[{"taxonomy":"product_brand","embeddable":true,"href":"https:\/\/www.radio-adapter.eu\/blog\/wp-json\/wp\/v2\/product_brand?post=3018"},{"taxonomy":"product_cat","embeddable":true,"href":"https:\/\/www.radio-adapter.eu\/blog\/wp-json\/wp\/v2\/product_cat?post=3018"},{"taxonomy":"product_tag","embeddable":true,"href":"https:\/\/www.radio-adapter.eu\/blog\/wp-json\/wp\/v2\/product_tag?post=3018"}],"curies":[{"name":"wp","href":"https:\/\/api.w.org\/{rel}","templated":true}]}}