{"id":3010,"date":"2015-06-20T20:04:28","date_gmt":"2015-06-20T18:04:28","guid":{"rendered":"http:\/\/www.radio-adapter.eu\/blog\/produkt\/ford-fiesta-2-din-autoradio-blenden-set-2005-2008\/"},"modified":"2020-03-24T14:24:32","modified_gmt":"2020-03-24T13:24:32","slug":"ford-fiesta-2-din-autoradio-blenden-set-2005-2008","status":"publish","type":"product","link":"https:\/\/www.radio-adapter.eu\/blog\/produkt\/ford-fiesta-2-din-autoradio-blenden-set-2005-2008\/","title":{"rendered":"Ford Fiesta 2 DIN Autoradio Blenden Set 2005-2008"},"content":{"rendered":"<p>Im Ford Fiesta sind verschieden Radios ab Werk verbaut. Mit dem\u00a0<strong>Ford Fiesta 2 DIN Autoradio Blenden Set 2005-2008<\/strong> kann man ein neues Autoradio einer Fremdmarke in das Fahrzeug installieren. In dem Set sind auch alle notwendigen Adapter zum Anschluss an die Fahrzeugkabel und den Antenneneingang enthalten. Es k\u00f6nnen sowohl Autoradios mit ISO oder DIN Anschluss angeschlossen werden. Mit den Entriegelungsb\u00fcgeln die im Set enthalten sind ist das ausbauen des Werksradios ganz einfach.<\/p>\n<h2>Das Ford Fiesta 2 DIN Autoradio Blenden Set 2005-2008<br \/>\nist geeignet um Ford Fiesta Werksradios mit rechteckigen Design (Siehe Foto) zu ersetzen.<\/h2>\n<figure id=\"attachment_2999\" aria-describedby=\"caption-attachment-2999\" style=\"width: 500px\" class=\"wp-caption alignnone\"><a href=\"http:\/\/www.radio-adapter.eu\/blog\/wp-content\/uploads\/2015\/06\/Ford-Fiesta-6000CD-Radio.jpg\"><img loading=\"lazy\" decoding=\"async\" class=\"wp-image-2999 size-full\" src=\"http:\/\/www.radio-adapter.eu\/blog\/wp-content\/uploads\/2015\/06\/Ford-Fiesta-6000CD-Radio.jpg\" alt=\"Ford-Fiesta-6000CD-Radio\" width=\"500\" height=\"319\" srcset=\"https:\/\/www.radio-adapter.eu\/blog\/wp-content\/uploads\/2015\/06\/Ford-Fiesta-6000CD-Radio.jpg 500w, https:\/\/www.radio-adapter.eu\/blog\/wp-content\/uploads\/2015\/06\/Ford-Fiesta-6000CD-Radio-200x128.jpg 200w, https:\/\/www.radio-adapter.eu\/blog\/wp-content\/uploads\/2015\/06\/Ford-Fiesta-6000CD-Radio-300x191.jpg 300w, https:\/\/www.radio-adapter.eu\/blog\/wp-content\/uploads\/2015\/06\/Ford-Fiesta-6000CD-Radio-480x306.jpg 480w\" sizes=\"auto, (max-width: 500px) 100vw, 500px\" \/><\/a><figcaption id=\"caption-attachment-2999\" class=\"wp-caption-text\">Ford Fiesta 6000CD Radio<\/figcaption><\/figure>\n<figure id=\"attachment_3000\" aria-describedby=\"caption-attachment-3000\" style=\"width: 500px\" class=\"wp-caption alignnone\"><a href=\"http:\/\/www.radio-adapter.eu\/blog\/wp-content\/uploads\/2015\/06\/Ford-Fiesta-Sony-Radio.jpg\"><img loading=\"lazy\" decoding=\"async\" class=\"wp-image-3000 size-full\" src=\"http:\/\/www.radio-adapter.eu\/blog\/wp-content\/uploads\/2015\/06\/Ford-Fiesta-Sony-Radio.jpg\" alt=\"Ford-Fiesta-Sony-Radio\" width=\"500\" height=\"261\" srcset=\"https:\/\/www.radio-adapter.eu\/blog\/wp-content\/uploads\/2015\/06\/Ford-Fiesta-Sony-Radio.jpg 500w, https:\/\/www.radio-adapter.eu\/blog\/wp-content\/uploads\/2015\/06\/Ford-Fiesta-Sony-Radio-200x104.jpg 200w, https:\/\/www.radio-adapter.eu\/blog\/wp-content\/uploads\/2015\/06\/Ford-Fiesta-Sony-Radio-300x157.jpg 300w, https:\/\/www.radio-adapter.eu\/blog\/wp-content\/uploads\/2015\/06\/Ford-Fiesta-Sony-Radio-480x251.jpg 480w\" sizes=\"auto, (max-width: 500px) 100vw, 500px\" \/><\/a><figcaption id=\"caption-attachment-3000\" class=\"wp-caption-text\">Ford Fiesta Sony Radio<\/figcaption><\/figure>\n<p>&nbsp;<\/p>\n<h2>Lieferumfang: Ford Fiesta 2 DIN Autoradio Blenden Set 2005-2008<\/h2>\n<ul>\n<li>1 x Radioblende Doppel DIN schwarz ohne Blechrahmen<\/li>\n<li>1 x Radioadapter f\u00fcr Ford Focus<\/li>\n<li>1 x Antennenadapter f\u00fcr Ford Focus mit Phantomspeisung<\/li>\n<li>4 x Entriegelungsb\u00fcgel um das Werksradio zu entfernen<\/li>\n<li>1 x Antennenadapter DIN zu ISO<\/li>\n<\/ul>\n<p>&nbsp;<\/p>\n<p>Anmerkung: Bei diesen Ford Fiesta 2 DIN Autoradio Blenden Satz ist kein Blechkasten dabei, f\u00fcr die Montage des Radios m\u00fcssen sie einen passenden Blechkasten einbauen sonst findet das Radio keinen Halt.<\/p>\n<h3>Passende Anleitung:<\/h3>\n<h3><a href=\"http:\/\/www.radio-adapter.eu\/blog\/autoradio-ausbau-ford-fiesta-ab-2005-anleitung\/\" target=\"_blank\" rel=\"noopener noreferrer\">Autoradio Ausbau Ford Fiesta ab 2005 Anleitung<\/a><\/h3>\n<h3><a href=\"http:\/\/www.radio-adapter.eu\/blog\/doppel-din-autoradio-blechrahmen-einbauanleitung\/\" target=\"_blank\" rel=\"noopener noreferrer\">Doppel DIN Autoradio Blechrahmen Einbauanleitung<\/a><\/h3>\n<p>Das <strong>Ford Fiesta<\/strong> Werksradio muss mit den Entriegelungsb\u00fcgel ausgehebelt werden. In dem Set sind alle notwendigen Adapter zu Anschluss an die Fahrzeugkabel mit dabei. Ganz egal ob Ihr neues Autoradio ISO oder DIN Anschluss am Antennenstecker hat, beide Varianten k\u00f6nne mit diesen Set angeschlossen werden. Sollte das neue Autoradio einen ISO Anschluss besitzen muss nur der mitgelieferte Winkelstecker auf den Antennenstecker aufgesetzt werden.<\/p>\n<p>Den Radioadapter und Antennenadapter an die Fahrzeugkabel anschlie\u00dfen bevor die Radioblende eingerastet wird. Den Blechrahmen Ihres neuen Autoradios in den Schacht schieben und die Zargen des Blechrahmens verbiegen damit der Rahmen fest sitzt. Sollte Ihr neues Autoradio einen umfangreichen Kabelstrang an der R\u00fcckseite haben, nicht das Radio mit Gewalt in den Schacht schieben das kann die Kabel verletzen. Schaffen Sie vorher im Schacht Platz.<\/p>\n<p>&nbsp;<\/p>\n<p>&nbsp;<\/p>\n","protected":false},"excerpt":{"rendered":"<p>Es gibt mehrere Modellreihen des Ford Fiesta, dieses Ford Fiesta 2 DIN Autoradio Blenden Set passt f\u00fcr den Ford Fiesta von 2005-2008. Wenn man ein anderes Autoradio einbauen m\u00f6chte und das Werksradio tauscht, muss eine Radioblende die Installation in das Cockpit des Ford erm\u00f6glichen. Alle weiteren Adapter zum Anschluss an die Fahrzeugkabel sind in dem Set enthalten. Typ:61830+50261<\/p>\n","protected":false},"featured_media":3011,"comment_status":"closed","ping_status":"closed","template":"","meta":{"jetpack_post_was_ever_published":false,"jetpack_publicize_message":"","jetpack_publicize_feature_enabled":true,"jetpack_social_post_already_shared":true,"jetpack_social_options":{"image_generator_settings":{"template":"highway","default_image_id":0,"font":"","enabled":false},"version":2}},"product_brand":[],"product_cat":[2211,2213,2594],"product_tag":[2240,2243,2239,2241,2238,2242,2237,2236,2235],"class_list":{"0":"post-3010","1":"product","2":"type-product","3":"status-publish","4":"has-post-thumbnail","6":"product_cat-autoradio-blenden-sets","7":"product_cat-ford-autoradio-blenden-sets","8":"product_cat-ford-fiesta-autoradio-blenden-sets","9":"product_tag-autoradio-tausch-ford-fiesta-2005-2008","10":"product_tag-das-richtige-ford-fiesta-doppel-din-radioblenden-set","11":"product_tag-das-richtige-ford-fiesta-radioblenden-set","12":"product_tag-ford-fiesta-2-din-radio-einbauset","13":"product_tag-ford-fiesta-6000-cd-tauschen","14":"product_tag-ford-fiesta-doppel-din-radio-montage-satz","15":"product_tag-ford-fiesta-radio-einbauset","16":"product_tag-ford-fiesta-sony-radio-tauschen","17":"product_tag-radioblende-set-ford-fiesta-2005-2008","18":"product_shipping_class-autoradio-adapter","20":"first","21":"instock","22":"taxable","23":"shipping-taxable","24":"purchasable","25":"product-type-simple"},"jetpack_publicize_connections":[],"jetpack_sharing_enabled":true,"jetpack_likes_enabled":true,"_links":{"self":[{"href":"https:\/\/www.radio-adapter.eu\/blog\/wp-json\/wp\/v2\/product\/3010","targetHints":{"allow":["GET"]}}],"collection":[{"href":"https:\/\/www.radio-adapter.eu\/blog\/wp-json\/wp\/v2\/product"}],"about":[{"href":"https:\/\/www.radio-adapter.eu\/blog\/wp-json\/wp\/v2\/types\/product"}],"replies":[{"embeddable":true,"href":"https:\/\/www.radio-adapter.eu\/blog\/wp-json\/wp\/v2\/comments?post=3010"}],"wp:featuredmedia":[{"embeddable":true,"href":"https:\/\/www.radio-adapter.eu\/blog\/wp-json\/wp\/v2\/media\/3011"}],"wp:attachment":[{"href":"https:\/\/www.radio-adapter.eu\/blog\/wp-json\/wp\/v2\/media?parent=3010"}],"wp:term":[{"taxonomy":"product_brand","embeddable":true,"href":"https:\/\/www.radio-adapter.eu\/blog\/wp-json\/wp\/v2\/product_brand?post=3010"},{"taxonomy":"product_cat","embeddable":true,"href":"https:\/\/www.radio-adapter.eu\/blog\/wp-json\/wp\/v2\/product_cat?post=3010"},{"taxonomy":"product_tag","embeddable":true,"href":"https:\/\/www.radio-adapter.eu\/blog\/wp-json\/wp\/v2\/product_tag?post=3010"}],"curies":[{"name":"wp","href":"https:\/\/api.w.org\/{rel}","templated":true}]}}