{"id":2984,"date":"2015-06-20T10:09:02","date_gmt":"2015-06-20T08:09:02","guid":{"rendered":"http:\/\/www.radio-adapter.eu\/blog\/produkt\/vw-caddy-radioblenden-set-ab-2003-schwarz\/"},"modified":"2020-03-24T14:26:41","modified_gmt":"2020-03-24T13:26:41","slug":"vw-caddy-radioblenden-set-ab-2003-schwarz","status":"publish","type":"product","link":"https:\/\/www.radio-adapter.eu\/blog\/produkt\/vw-caddy-radioblenden-set-ab-2003-schwarz\/","title":{"rendered":"VW Caddy Radioblenden Set ab 2003 schwarz"},"content":{"rendered":"<p>Im VW Caddy ab 2003 sind verschieden Radios ab Werk verbaut. Mit dem\u00a0<strong>VW Caddy Radioblenden Set ab 2003 schwarz<\/strong> kann man ein neues Autoradio einer Fremdmarke in das Fahrzeug installieren. In dem Set sind auch alle notwendigen Adapter zum Anschluss an die Fahrzeugkabel und den Antenneneingang enthalten. Es k\u00f6nnen sowohl Autoradios mit ISO oder DIN Anschluss angeschlossen werden. Mit den beiligenden Adaptern die im Set <em>VW Caddy Radioblenden Set ab 2003 schwarz<\/em> enthalten sind ist dar Einbau des neuen Radios ganz einfach.<\/p>\n<h2>Das VW Caddy Radioblenden Set ab 2003 ist geeignet um VW Caddy Werksradios mit diesen Design (Siehe Foto) zu ersetzen.<\/h2>\n<figure id=\"attachment_2986\" aria-describedby=\"caption-attachment-2986\" style=\"width: 500px\" class=\"wp-caption alignnone\"><a href=\"http:\/\/www.radio-adapter.eu\/blog\/wp-content\/uploads\/2015\/06\/VW-Caddy-Radio-2009.jpg\"><img loading=\"lazy\" decoding=\"async\" class=\"wp-image-2986 size-full\" src=\"http:\/\/www.radio-adapter.eu\/blog\/wp-content\/uploads\/2015\/06\/VW-Caddy-Radio-2009.jpg\" alt=\"VW-Caddy-Radio-2009\" width=\"500\" height=\"309\" srcset=\"https:\/\/www.radio-adapter.eu\/blog\/wp-content\/uploads\/2015\/06\/VW-Caddy-Radio-2009.jpg 500w, https:\/\/www.radio-adapter.eu\/blog\/wp-content\/uploads\/2015\/06\/VW-Caddy-Radio-2009-200x124.jpg 200w, https:\/\/www.radio-adapter.eu\/blog\/wp-content\/uploads\/2015\/06\/VW-Caddy-Radio-2009-300x185.jpg 300w, https:\/\/www.radio-adapter.eu\/blog\/wp-content\/uploads\/2015\/06\/VW-Caddy-Radio-2009-480x297.jpg 480w\" sizes=\"auto, (max-width: 500px) 100vw, 500px\" \/><\/a><figcaption id=\"caption-attachment-2986\" class=\"wp-caption-text\">VW Caddy Radio 2009<\/figcaption><\/figure>\n<figure id=\"attachment_2988\" aria-describedby=\"caption-attachment-2988\" style=\"width: 500px\" class=\"wp-caption alignnone\"><a href=\"http:\/\/www.radio-adapter.eu\/blog\/wp-content\/uploads\/2015\/06\/VW-Caddy-RNS-310-Navi.jpg\"><img loading=\"lazy\" decoding=\"async\" class=\"wp-image-2988 size-full\" src=\"http:\/\/www.radio-adapter.eu\/blog\/wp-content\/uploads\/2015\/06\/VW-Caddy-RNS-310-Navi.jpg\" alt=\"VW-Caddy-RNS-310-Navi\" width=\"500\" height=\"375\" srcset=\"https:\/\/www.radio-adapter.eu\/blog\/wp-content\/uploads\/2015\/06\/VW-Caddy-RNS-310-Navi.jpg 500w, https:\/\/www.radio-adapter.eu\/blog\/wp-content\/uploads\/2015\/06\/VW-Caddy-RNS-310-Navi-200x150.jpg 200w, https:\/\/www.radio-adapter.eu\/blog\/wp-content\/uploads\/2015\/06\/VW-Caddy-RNS-310-Navi-300x225.jpg 300w, https:\/\/www.radio-adapter.eu\/blog\/wp-content\/uploads\/2015\/06\/VW-Caddy-RNS-310-Navi-480x360.jpg 480w\" sizes=\"auto, (max-width: 500px) 100vw, 500px\" \/><\/a><figcaption id=\"caption-attachment-2988\" class=\"wp-caption-text\">VW Caddy RNS 310 Navi<\/figcaption><\/figure>\n<p>&nbsp;<\/p>\n<h2>Lieferumfang: VW Caddy Radioblenden Set ab 2003 schwarz<\/h2>\n<ul>\n<li>1 x Radioblende mit Fach schwarz<\/li>\n<li>1 x Radioadapter f\u00fcr VW Caddy<\/li>\n<li>1 x Antennenadapter f\u00fcr VW Caddy mit Phantomspeisung<\/li>\n<li>1 x Antennenadapter DIN zu ISO<\/li>\n<\/ul>\n<p>&nbsp;<\/p>\n<h3>Passende Anleitung:<\/h3>\n<h3><a href=\"http:\/\/www.radio-adapter.eu\/blog\/radio-tauschen-vw-caddy-einbauanleitung\/\" target=\"_blank\" rel=\"noopener noreferrer\">Radio tauschen VW Caddy Einbauanleitung<\/a><\/h3>\n<p>Bei dem <strong>Tausch des VW Caddy Werksradios<\/strong> muss die Abdeckung um das Radio entfernt werden. In dem Set sind alle notwendigen Adapter zu Anschluss an die Fahrzeugkabel mit dabei. Ganz egal ob Ihr neues Autoradio ISO oder DIN Anschluss am Antennenstecker hat, beide Varianten k\u00f6nne mit diesen Set angeschlossen werden. Sollte das neue Autoradio einen ISO Anschluss besitzen muss nur der mitgelieferte Winkelstecker auf den Antennenstecker aufgesetzt werden.<\/p>\n<p>Den Radioadapter und Antennenadapter an die Fahrzeugkabel anschlie\u00dfen bevor die Radioblende eingerastet wird. Den Blechrahmen Ihres neuen Autoradios in den Schacht schieben und die Zargen des Blechrahmens verbiegen damit der Rahmen fest sitzt. Sollte Ihr neues Autoradio einen umfangreichen Kabelstrang an der R\u00fcckseite haben, nicht das Radio mit Gewalt in den Schacht schieben das kann die Kabel verletzen. Schaffen Sie vorher im Schacht Platz.<\/p>\n<p>&nbsp;<\/p>\n<p>&nbsp;<\/p>\n","protected":false},"excerpt":{"rendered":"<p>Es gibt mehrere Modellreihen des VW Caddy, dieses VW Caddy Radioblenden Set passt f\u00fcr den Volkswagen Caddy ab 2003. Wenn man ein anderes Autoradio einbauen m\u00f6chte und das Werksradio tauscht, muss eine Radioblende die Installation in das Cockpit des Fords erm\u00f6glichen. Alle weiteren Adapter zum Anschluss an die Fahrzeugkabel sind in dem Set enthalten. Typ:61240+50251<\/p>\n","protected":false},"featured_media":2985,"comment_status":"closed","ping_status":"closed","template":"","meta":{"jetpack_post_was_ever_published":false,"jetpack_publicize_message":"","jetpack_publicize_feature_enabled":true,"jetpack_social_post_already_shared":true,"jetpack_social_options":{"image_generator_settings":{"template":"highway","default_image_id":0,"font":"","enabled":false},"version":2}},"product_brand":[],"product_cat":[2211,2221,2877],"product_tag":[2223,2228,2222,2226,2227,2225,2224],"class_list":{"0":"post-2984","1":"product","2":"type-product","3":"status-publish","4":"has-post-thumbnail","6":"product_cat-autoradio-blenden-sets","7":"product_cat-vw-autoradio-blenden-sets","8":"product_cat-vw-caddy-autoradio-blenden-sets","9":"product_tag-radio-einbauset-volkswagen-caddy-ab-2003","10":"product_tag-radioblende-set-vw-caddy-1-din","11":"product_tag-tausch-des-vw-caddy-werksradios","12":"product_tag-volkswagen-caddy-kasten-radioblenden-satz","13":"product_tag-vw-caddy-autoradio-montage-satz","14":"product_tag-vw-caddy-radio-einbaumaterial","15":"product_tag-vw-caddy-trendline-radio-wechseln","16":"product_shipping_class-autoradio-adapter","18":"first","19":"instock","20":"taxable","21":"shipping-taxable","22":"purchasable","23":"product-type-simple"},"jetpack_publicize_connections":[],"jetpack_sharing_enabled":true,"jetpack_likes_enabled":true,"_links":{"self":[{"href":"https:\/\/www.radio-adapter.eu\/blog\/wp-json\/wp\/v2\/product\/2984","targetHints":{"allow":["GET"]}}],"collection":[{"href":"https:\/\/www.radio-adapter.eu\/blog\/wp-json\/wp\/v2\/product"}],"about":[{"href":"https:\/\/www.radio-adapter.eu\/blog\/wp-json\/wp\/v2\/types\/product"}],"replies":[{"embeddable":true,"href":"https:\/\/www.radio-adapter.eu\/blog\/wp-json\/wp\/v2\/comments?post=2984"}],"wp:featuredmedia":[{"embeddable":true,"href":"https:\/\/www.radio-adapter.eu\/blog\/wp-json\/wp\/v2\/media\/2985"}],"wp:attachment":[{"href":"https:\/\/www.radio-adapter.eu\/blog\/wp-json\/wp\/v2\/media?parent=2984"}],"wp:term":[{"taxonomy":"product_brand","embeddable":true,"href":"https:\/\/www.radio-adapter.eu\/blog\/wp-json\/wp\/v2\/product_brand?post=2984"},{"taxonomy":"product_cat","embeddable":true,"href":"https:\/\/www.radio-adapter.eu\/blog\/wp-json\/wp\/v2\/product_cat?post=2984"},{"taxonomy":"product_tag","embeddable":true,"href":"https:\/\/www.radio-adapter.eu\/blog\/wp-json\/wp\/v2\/product_tag?post=2984"}],"curies":[{"name":"wp","href":"https:\/\/api.w.org\/{rel}","templated":true}]}}