{"id":14858,"date":"2024-07-25T16:25:16","date_gmt":"2024-07-25T14:25:16","guid":{"rendered":"https:\/\/www.radio-adapter.eu\/blog\/?post_type=product&#038;p=14858"},"modified":"2025-04-25T19:43:11","modified_gmt":"2025-04-25T17:43:11","slug":"vw-golf-iv-lautsprecher-vorne-oder-hinten-160-watt","status":"publish","type":"product","link":"https:\/\/www.radio-adapter.eu\/blog\/produkt\/vw-golf-iv-lautsprecher-vorne-oder-hinten-160-watt\/","title":{"rendered":"VW Golf IV Lautsprecher vorne oder hinten 160 Watt"},"content":{"rendered":"<p>VW Golf IV Lautsprecher vorne oder hinten 160 Watt<\/p>\n<p>Verleihen Sie Ihrem VW Fahrzeug ein Sound Upgrade und genie\u00dfen Sie deutlich besseren Klang und h\u00f6here Belastbarkeit, perfekt f\u00fcr den Abschied vom Ab-Werk-Sound!<\/p>\n<p>Dieses 2-Wege-System bietet eine herausragende Klangqualit\u00e4t und ist speziell f\u00fcr VW Fahrzeuge entwickelt worden, um ein optimales Musikerlebnis zu gew\u00e4hrleisten.<\/p>\n<p>&nbsp;<\/p>\n<p>VW Golf IV (1997 \u2013 2003)<br \/>\nPassat (1996-2005)<br \/>\nBora (bis 2005)<\/p>\n<p>Technische Daten:<\/p>\n<p>Tief-\/Mittelt\u00f6ner:<br \/>\nDurchmesser: 165 mm<br \/>\nBelastbarkeit: 80W RMS \/ 160W MAX<br \/>\nImpedanz: 4 Ohm<br \/>\nFrequenzbereich: 50Hz \u2013 23kHz<br \/>\nWirkungsgrad: 93 dB\/SPL<br \/>\nMagnet: Ferrit<\/p>\n<p>Hocht\u00f6ner:<br \/>\nDurchmesser: 24 mm<br \/>\nMagnet: Neodym<\/p>\n<p>Frequenzweiche:<br \/>\nHi Pass Frequenzweiche<\/p>\n<p>Abmessungen Tief-\/Mittelt\u00f6ner:<\/p>\n<p>Au\u00dfendurchmesser: 165 mm<br \/>\nEinbaudurchmesser: 144 mm<br \/>\nGesamttiefe: 72 mm<br \/>\nEinbautiefe: 64 mm<\/p>\n<p>Lieferumfang:<\/p>\n<p>1 x 2-Wege-System Hertz DSK 165.3 f\u00fcr beide vorderen oder hinteren T\u00fcren oder Dreit\u00fcrer Fond<br \/>\n4 x Einbauringe<br \/>\n4 x Adapterkabel<\/p>\n<p>Dieses 2-Wege-System bietet eine herausragende Klangqualit\u00e4t und ist speziell f\u00fcr Fahrzeuge entwickelt worden, um ein optimales Musikerlebnis zu gew\u00e4hrleisten.<\/p>\n","protected":false},"excerpt":{"rendered":"<p>VW Golf IV Lautsprecher vorne oder hinten 160 Watt passend f\u00fcr VW Golf IV, Passat, Bora. Hervorragender Klang und h\u00f6here Belastbarkeit. Inkl. Einbauringe und Adapterkabel. 2-Wege-System Hertz DSK 165.3 f\u00fcr vordere oder hintere T\u00fcren.<\/p>\n","protected":false},"featured_media":14859,"comment_status":"open","ping_status":"closed","template":"","meta":{"jetpack_post_was_ever_published":false,"jetpack_publicize_message":"","jetpack_publicize_feature_enabled":true,"jetpack_social_post_already_shared":true,"jetpack_social_options":{"image_generator_settings":{"template":"highway","default_image_id":0,"font":"","enabled":false},"version":2}},"product_brand":[],"product_cat":[2655,2350],"product_tag":[3745,3744],"class_list":{"0":"post-14858","1":"product","2":"type-product","3":"status-publish","4":"has-post-thumbnail","6":"product_cat-vw-golf-iv-lautsprecher-einbausets","7":"product_cat-vw-lautsprecher-einbausets","8":"product_tag-golf-4-lautsprecher","9":"product_tag-vw-golf-4","10":"product_shipping_class-auto-lautsprecher-set","12":"first","13":"instock","14":"taxable","15":"shipping-taxable","16":"purchasable","17":"product-type-simple"},"jetpack_publicize_connections":[],"jetpack_sharing_enabled":true,"jetpack_likes_enabled":true,"_links":{"self":[{"href":"https:\/\/www.radio-adapter.eu\/blog\/wp-json\/wp\/v2\/product\/14858","targetHints":{"allow":["GET"]}}],"collection":[{"href":"https:\/\/www.radio-adapter.eu\/blog\/wp-json\/wp\/v2\/product"}],"about":[{"href":"https:\/\/www.radio-adapter.eu\/blog\/wp-json\/wp\/v2\/types\/product"}],"replies":[{"embeddable":true,"href":"https:\/\/www.radio-adapter.eu\/blog\/wp-json\/wp\/v2\/comments?post=14858"}],"wp:featuredmedia":[{"embeddable":true,"href":"https:\/\/www.radio-adapter.eu\/blog\/wp-json\/wp\/v2\/media\/14859"}],"wp:attachment":[{"href":"https:\/\/www.radio-adapter.eu\/blog\/wp-json\/wp\/v2\/media?parent=14858"}],"wp:term":[{"taxonomy":"product_brand","embeddable":true,"href":"https:\/\/www.radio-adapter.eu\/blog\/wp-json\/wp\/v2\/product_brand?post=14858"},{"taxonomy":"product_cat","embeddable":true,"href":"https:\/\/www.radio-adapter.eu\/blog\/wp-json\/wp\/v2\/product_cat?post=14858"},{"taxonomy":"product_tag","embeddable":true,"href":"https:\/\/www.radio-adapter.eu\/blog\/wp-json\/wp\/v2\/product_tag?post=14858"}],"curies":[{"name":"wp","href":"https:\/\/api.w.org\/{rel}","templated":true}]}}