{"id":14856,"date":"2024-07-25T16:12:44","date_gmt":"2024-07-25T14:12:44","guid":{"rendered":"https:\/\/www.radio-adapter.eu\/blog\/?post_type=product&#038;p=14856"},"modified":"2026-02-26T14:09:35","modified_gmt":"2026-02-26T13:09:35","slug":"golf-iv-autolautsprecher-2-wege-system-160-watt","status":"publish","type":"product","link":"https:\/\/www.radio-adapter.eu\/blog\/produkt\/golf-iv-autolautsprecher-2-wege-system-160-watt\/","title":{"rendered":"Golf IV Autolautsprecher 2-Wege-System 160 Watt"},"content":{"rendered":"<p>Golf IV Autolautsprecher 2-Wege-System 160 Watt<\/p>\n<p>Verleihen Sie Ihrem VW Fahrzeug ein Sound Upgrade und genie\u00dfen Sie deutlich besseren Klang und h\u00f6here Belastbarkeit, perfekt f\u00fcr den Abschied vom Ab-Werk-Sound!<\/p>\n<p>Dieses 2-Wege-System bietet eine herausragende Klangqualit\u00e4t und ist speziell f\u00fcr VW Fahrzeuge entwickelt worden, um ein optimales Musikerlebnis zu gew\u00e4hrleisten.<\/p>\n<p>&nbsp;<\/p>\n<p>VW Golf IV (1997 &#8211; 2003)<br \/>\nPassat (1996-2005)<br \/>\nBora (bis 2005)<\/p>\n<p>Technische Daten:<\/p>\n<p>Tief-\/Mittelt\u00f6ner:<br \/>\nDurchmesser: 165 mm<br \/>\nBelastbarkeit: 80W RMS \/ 160W MAX<br \/>\nImpedanz: 4 Ohm<br \/>\nFrequenzbereich: 50Hz &#8211; 23kHz<br \/>\nWirkungsgrad: 93 dB\/SPL<br \/>\nMagnet: Ferrit<\/p>\n<p>Hocht\u00f6ner:<br \/>\nDurchmesser: 24 mm<br \/>\nMagnet: Neodym<\/p>\n<p>Frequenzweiche:<br \/>\nHi Pass Frequenzweiche<\/p>\n<p>Abmessungen Tief-\/Mittelt\u00f6ner:<\/p>\n<p>Au\u00dfendurchmesser: 165 mm<br \/>\nEinbaudurchmesser: 144 mm<br \/>\nGesamttiefe: 72 mm<br \/>\nEinbautiefe: 64 mm<\/p>\n<p>Lieferumfang:<\/p>\n<p>2 x 2-Wege-System Hertz DSK 165.3 f\u00fcr beide vorderen und hinteren T\u00fcren oder Dreit\u00fcrer Fond<br \/>\n4 x Einbauringe<br \/>\n4 x Adapterkabel<\/p>\n<p>Dieses 2-Wege-System bietet eine herausragende Klangqualit\u00e4t und ist speziell f\u00fcr Fahrzeuge entwickelt worden, um ein optimales Musikerlebnis zu gew\u00e4hrleisten.<\/p>\n<p>&nbsp;<\/p>\n","protected":false},"excerpt":{"rendered":"<p>Golf IV Autolautsprecher 2-Wege-System 160 Watt passend f\u00fcr VW Golf IV, Passat, Bora. Hervorragender Klang und h\u00f6here Belastbarkeit. Inkl. Einbauringe und Adapterkabel.<\/p>\n","protected":false},"featured_media":14857,"comment_status":"open","ping_status":"closed","template":"","meta":{"jetpack_post_was_ever_published":false,"jetpack_publicize_message":"","jetpack_publicize_feature_enabled":true,"jetpack_social_post_already_shared":true,"jetpack_social_options":{"image_generator_settings":{"template":"highway","default_image_id":0,"font":"","enabled":false},"version":2}},"product_brand":[],"product_cat":[2349,2655,2350],"product_tag":[3745,3744],"class_list":{"0":"post-14856","1":"product","2":"type-product","3":"status-publish","4":"has-post-thumbnail","6":"product_cat-auto-lautsprecher-einbausets","7":"product_cat-vw-golf-iv-lautsprecher-einbausets","8":"product_cat-vw-lautsprecher-einbausets","9":"product_tag-golf-4-lautsprecher","10":"product_tag-vw-golf-4","11":"product_shipping_class-auto-lautsprecher-set","13":"first","14":"instock","15":"taxable","16":"shipping-taxable","17":"purchasable","18":"product-type-simple"},"jetpack_publicize_connections":[],"jetpack_sharing_enabled":true,"jetpack_likes_enabled":true,"_links":{"self":[{"href":"https:\/\/www.radio-adapter.eu\/blog\/wp-json\/wp\/v2\/product\/14856","targetHints":{"allow":["GET"]}}],"collection":[{"href":"https:\/\/www.radio-adapter.eu\/blog\/wp-json\/wp\/v2\/product"}],"about":[{"href":"https:\/\/www.radio-adapter.eu\/blog\/wp-json\/wp\/v2\/types\/product"}],"replies":[{"embeddable":true,"href":"https:\/\/www.radio-adapter.eu\/blog\/wp-json\/wp\/v2\/comments?post=14856"}],"wp:featuredmedia":[{"embeddable":true,"href":"https:\/\/www.radio-adapter.eu\/blog\/wp-json\/wp\/v2\/media\/14857"}],"wp:attachment":[{"href":"https:\/\/www.radio-adapter.eu\/blog\/wp-json\/wp\/v2\/media?parent=14856"}],"wp:term":[{"taxonomy":"product_brand","embeddable":true,"href":"https:\/\/www.radio-adapter.eu\/blog\/wp-json\/wp\/v2\/product_brand?post=14856"},{"taxonomy":"product_cat","embeddable":true,"href":"https:\/\/www.radio-adapter.eu\/blog\/wp-json\/wp\/v2\/product_cat?post=14856"},{"taxonomy":"product_tag","embeddable":true,"href":"https:\/\/www.radio-adapter.eu\/blog\/wp-json\/wp\/v2\/product_tag?post=14856"}],"curies":[{"name":"wp","href":"https:\/\/api.w.org\/{rel}","templated":true}]}}