{"id":14853,"date":"2024-07-25T15:46:18","date_gmt":"2024-07-25T13:46:18","guid":{"rendered":"https:\/\/www.radio-adapter.eu\/blog\/?post_type=product&#038;p=14853"},"modified":"2024-10-15T16:10:50","modified_gmt":"2024-10-15T14:10:50","slug":"vw-golf-iv-200-mm-lautsprecher-super-basspegel-300-watt","status":"publish","type":"product","link":"https:\/\/www.radio-adapter.eu\/blog\/produkt\/vw-golf-iv-200-mm-lautsprecher-super-basspegel-300-watt\/","title":{"rendered":"VW Golf IV 200 mm Lautsprecher Super Basspegel 300 Watt"},"content":{"rendered":"<p>VW Golf IV 200 mm Lautsprecher Super Basspegel 300 Watt<\/p>\n<p>Verleihen Sie Ihrem VW Golf IV, Bora oder Passat B5 ein Upgrade mit diesem leistungsstarken 200 mm Lautsprechersystem und genie\u00dfen Sie einen \u00fcberragenden Klang mit kraftvollem Bass.<\/p>\n<p>Zus\u00e4tzliche Vorteile:<\/p>\n<p>Das Soundsystem bietet eine hervorragende Basswiedergabe und ist ideal f\u00fcr Musikliebhaber, die Wert auf hohe Klangqualit\u00e4t legen.<br \/>\nDie speziellen Einbauringe und Adapterkabel erleichtern den Einbau und sorgen f\u00fcr eine optimale Integration in die Fahrzeugt\u00fcren.<\/p>\n<p>Passend f\u00fcr VW Golf IV, Bora, Passat B5<\/p>\n<p>Produktdetails:<\/p>\n<p>Lautsprechergr\u00f6\u00dfe: 200 mm<br \/>\nLeistung: 300 Watt<br \/>\nSystemtyp: Frontsystem mit Spitzen-Basswiedergabe<\/p>\n<p>Eigenschaften:<\/p>\n<p>Tiefmittelt\u00f6ner:<br \/>\n2 x 200 mm mit Adapterring<br \/>\nBelastbarkeit: 100 Watt RMS, 150 Watt MAX<br \/>\nImpedanz: 4 Ohm<br \/>\nPolypropylen-Membran<br \/>\nNeodym-Magnet<br \/>\nFrequenzgang: 35 &#8211; 4000 Hz<\/p>\n<p>Gewebehocht\u00f6ner:<br \/>\n2 x 25 mm<br \/>\nBelastbarkeit: 100 Watt RMS, 150 Watt MAX<br \/>\nImpedanz: 4 Ohm<br \/>\nNeodym-Magnet<br \/>\nFrequenzgang: 3500 &#8211; 22000 Hz<\/p>\n<p>Frequenzweiche:<br \/>\n2 x 12 dB inkl. Verkabelung<br \/>\n3-fach verstellbarer Hochton-Pegel<\/p>\n<p>&nbsp;<\/p>\n<p>Kompatibilit\u00e4t:<\/p>\n<p>Fahrzeuge: VW Golf IV (1997 \u2013 2003), Bora, Passat B5<br \/>\nEinbaum\u00f6glichkeiten: Die T\u00fcren des VW Golf IV k\u00f6nnen 200 mm Tieft\u00f6ner mit speziellen Einbauringen aufnehmen.<\/p>\n<p>Systemaufbau:<\/p>\n<p>Vordere T\u00fcren:<br \/>\n2-Wege-System mit externen Hocht\u00f6nern im Spiegeldreieck.<br \/>\nHintere T\u00fcren:<br \/>\nTief- und Hocht\u00f6ner hinter der T\u00fcrverkleidung installiert.<\/p>\n<p>Lieferumfang:<\/p>\n<p>1 x 2-Wege-System 200 mm mit externen Hocht\u00f6nern f\u00fcr beide vorderen T\u00fcren<br \/>\n1 x 2 Einbauringe f\u00fcr beide vorderen T\u00fcren<br \/>\n1 x 2 Lautsprecheradapterkabel f\u00fcr beide vorderen T\u00fcren<\/p>\n<p>Lautsprecher:<\/p>\n<p>Marke: MB Quart<br \/>\nModell: QM 200<\/p>\n<p>&nbsp;<\/p>\n<p>&nbsp;<\/p>\n","protected":false},"excerpt":{"rendered":"<p>VW Golf IV 200 mm Lautsprecher Super Basspegel 300 Watt, passt zu VW Golf IV, Bora, Passat B5. Inklusive Einbauringe und Adapterkabel f\u00fcr vordere T\u00fcren.<\/p>\n","protected":false},"featured_media":14854,"comment_status":"open","ping_status":"closed","template":"","meta":{"jetpack_post_was_ever_published":false,"jetpack_publicize_message":"","jetpack_publicize_feature_enabled":true,"jetpack_social_post_already_shared":true,"jetpack_social_options":{"image_generator_settings":{"template":"highway","default_image_id":0,"font":"","enabled":false},"version":2}},"product_brand":[],"product_cat":[2655,2350],"product_tag":[3745,3744],"class_list":{"0":"post-14853","1":"product","2":"type-product","3":"status-publish","4":"has-post-thumbnail","6":"product_cat-vw-golf-iv-lautsprecher-einbausets","7":"product_cat-vw-lautsprecher-einbausets","8":"product_tag-golf-4-lautsprecher","9":"product_tag-vw-golf-4","10":"product_shipping_class-auto-lautsprecher-set","12":"first","13":"outofstock","14":"taxable","15":"shipping-taxable","16":"purchasable","17":"product-type-simple"},"jetpack_publicize_connections":[],"jetpack_sharing_enabled":true,"jetpack_likes_enabled":true,"_links":{"self":[{"href":"https:\/\/www.radio-adapter.eu\/blog\/wp-json\/wp\/v2\/product\/14853","targetHints":{"allow":["GET"]}}],"collection":[{"href":"https:\/\/www.radio-adapter.eu\/blog\/wp-json\/wp\/v2\/product"}],"about":[{"href":"https:\/\/www.radio-adapter.eu\/blog\/wp-json\/wp\/v2\/types\/product"}],"replies":[{"embeddable":true,"href":"https:\/\/www.radio-adapter.eu\/blog\/wp-json\/wp\/v2\/comments?post=14853"}],"wp:featuredmedia":[{"embeddable":true,"href":"https:\/\/www.radio-adapter.eu\/blog\/wp-json\/wp\/v2\/media\/14854"}],"wp:attachment":[{"href":"https:\/\/www.radio-adapter.eu\/blog\/wp-json\/wp\/v2\/media?parent=14853"}],"wp:term":[{"taxonomy":"product_brand","embeddable":true,"href":"https:\/\/www.radio-adapter.eu\/blog\/wp-json\/wp\/v2\/product_brand?post=14853"},{"taxonomy":"product_cat","embeddable":true,"href":"https:\/\/www.radio-adapter.eu\/blog\/wp-json\/wp\/v2\/product_cat?post=14853"},{"taxonomy":"product_tag","embeddable":true,"href":"https:\/\/www.radio-adapter.eu\/blog\/wp-json\/wp\/v2\/product_tag?post=14853"}],"curies":[{"name":"wp","href":"https:\/\/api.w.org\/{rel}","templated":true}]}}