{"id":4556,"date":"2015-09-09T08:07:37","date_gmt":"2015-09-09T06:07:37","guid":{"rendered":"http:\/\/www.radio-adapter.eu\/blog\/?page_id=4556"},"modified":"2015-09-09T20:08:32","modified_gmt":"2015-09-09T18:08:32","slug":"newsletter","status":"publish","type":"page","link":"https:\/\/www.radio-adapter.eu\/blog\/newsletter\/","title":{"rendered":"Newsletter"},"content":{"rendered":"<p>Mit unserem Newsletter erh\u00e4ltst Du regelm\u00e4\u00dfig kurz und pr\u00e4gnant die wichtigsten Neuigkeiten und Informationen \u00fcber Einbauanleitungen und Preisaktionen zu passenden Produkten.<\/p>\n<p>&nbsp;<\/p>\n<p><a href=\"http:\/\/www.radio-adapter.eu\/blog\/wp-content\/uploads\/2015\/09\/Neuigkeiten-Newsletter.jpg\"><img loading=\"lazy\" decoding=\"async\" width=\"600\" height=\"250\" class=\"alignalignnone size-full wp-image-4567\" src=\"http:\/\/www.radio-adapter.eu\/blog\/wp-content\/uploads\/2015\/09\/Neuigkeiten-Newsletter.jpg\" alt=\"Neuigkeiten Newsletter\" srcset=\"https:\/\/www.radio-adapter.eu\/blog\/wp-content\/uploads\/2015\/09\/Neuigkeiten-Newsletter.jpg 600w, https:\/\/www.radio-adapter.eu\/blog\/wp-content\/uploads\/2015\/09\/Neuigkeiten-Newsletter-510x213.jpg 510w, https:\/\/www.radio-adapter.eu\/blog\/wp-content\/uploads\/2015\/09\/Neuigkeiten-Newsletter-236x98.jpg 236w, https:\/\/www.radio-adapter.eu\/blog\/wp-content\/uploads\/2015\/09\/Neuigkeiten-Newsletter-300x125.jpg 300w, https:\/\/www.radio-adapter.eu\/blog\/wp-content\/uploads\/2015\/09\/Neuigkeiten-Newsletter-480x200.jpg 480w, https:\/\/www.radio-adapter.eu\/blog\/wp-content\/uploads\/2015\/09\/Neuigkeiten-Newsletter-151x63.jpg 151w, https:\/\/www.radio-adapter.eu\/blog\/wp-content\/uploads\/2015\/09\/Neuigkeiten-Newsletter-275x115.jpg 275w\" sizes=\"auto, (max-width: 600px) 100vw, 600px\" \/><\/a><\/p>\n<p>&nbsp;<\/p>\n<p><!-- Begin MailChimp Signup Form --><\/p>\n<div id=\"mc_embed_signup\">\n<form id=\"mc-embedded-subscribe-form\" class=\"validate\" action=\"\/\/radio-adapter.us11.list-manage.com\/subscribe\/post?u=b9547bed3bb330ac55dcf79f8&amp;id=0812dc7b0e\" method=\"post\" name=\"mc-embedded-subscribe-form\" novalidate=\"\" target=\"_blank\">\n<div id=\"mc_embed_signup_scroll\">\n<h2>Abonniere unseren Newsletter<\/h2>\n<div class=\"mc-field-group\"><label for=\"mce-EMAIL\">Email Address <\/label><br \/>\n<input id=\"mce-EMAIL\" class=\"required email\" name=\"EMAIL\" type=\"email\" value=\"\" \/><\/div>\n<div class=\"mc-field-group\"><label for=\"mce-FNAME\">First Name <\/label><br \/>\n<input id=\"mce-FNAME\" class=\"\" name=\"FNAME\" type=\"text\" value=\"\" \/><\/div>\n<div class=\"mc-field-group\"><label for=\"mce-LNAME\">Last Name <\/label><br \/>\n<input id=\"mce-LNAME\" class=\"\" name=\"LNAME\" type=\"text\" value=\"\" \/><\/div>\n<div id=\"mce-responses\" class=\"clear\"><\/div>\n<p><!-- real people should not fill this in and expect good things - do not remove this or risk form bot signups--><\/p>\n<div style=\"position: absolute; left: -5000px;\"><input tabindex=\"-1\" name=\"b_b9547bed3bb330ac55dcf79f8_0812dc7b0e\" type=\"text\" value=\"\" \/><\/div>\n<div class=\"clear\"><input id=\"mc-embedded-subscribe\" class=\"button\" name=\"subscribe\" type=\"submit\" value=\"Subscribe\" \/><\/div>\n<\/div>\n<\/form>\n<\/div>\n<p><!--End mc_embed_signup--><\/p>\n","protected":false},"excerpt":{"rendered":"<p>Mit unserem Newsletter erh\u00e4ltst Du regelm\u00e4\u00dfig kurz und pr\u00e4gnant die wichtigsten Neuigkeiten und Informationen \u00fcber Einbauanleitungen und Preisaktionen zu passenden Produkten. &nbsp; &nbsp; Abonniere unseren Newsletter Email Address First Name Last Name<\/p>\n","protected":false},"author":2,"featured_media":0,"parent":0,"menu_order":0,"comment_status":"closed","ping_status":"closed","template":"","meta":{"jetpack_post_was_ever_published":false,"footnotes":""},"class_list":["post-4556","page","type-page","status-publish","hentry"],"jetpack_shortlink":"https:\/\/wp.me\/P3srli-1bu","jetpack_sharing_enabled":true,"jetpack_likes_enabled":true,"_links":{"self":[{"href":"https:\/\/www.radio-adapter.eu\/blog\/wp-json\/wp\/v2\/pages\/4556","targetHints":{"allow":["GET"]}}],"collection":[{"href":"https:\/\/www.radio-adapter.eu\/blog\/wp-json\/wp\/v2\/pages"}],"about":[{"href":"https:\/\/www.radio-adapter.eu\/blog\/wp-json\/wp\/v2\/types\/page"}],"author":[{"embeddable":true,"href":"https:\/\/www.radio-adapter.eu\/blog\/wp-json\/wp\/v2\/users\/2"}],"replies":[{"embeddable":true,"href":"https:\/\/www.radio-adapter.eu\/blog\/wp-json\/wp\/v2\/comments?post=4556"}],"version-history":[{"count":0,"href":"https:\/\/www.radio-adapter.eu\/blog\/wp-json\/wp\/v2\/pages\/4556\/revisions"}],"wp:attachment":[{"href":"https:\/\/www.radio-adapter.eu\/blog\/wp-json\/wp\/v2\/media?parent=4556"}],"curies":[{"name":"wp","href":"https:\/\/api.w.org\/{rel}","templated":true}]}}