{"id":4215,"date":"2015-08-23T08:31:24","date_gmt":"2015-08-23T06:31:24","guid":{"rendered":"http:\/\/www.radio-adapter.eu\/blog\/?page_id=4215"},"modified":"2015-09-01T07:15:38","modified_gmt":"2015-09-01T05:15:38","slug":"gratis-produkt-erhalten","status":"publish","type":"page","link":"https:\/\/www.radio-adapter.eu\/blog\/gratis-produkt-erhalten\/","title":{"rendered":"Gratis Produkt erhalten"},"content":{"rendered":"[jaw_section class=&#8220;&#8220; size=&#8220;12&#8243; box_title=&#8220;Teile Deine Bilder&#8220; bar_type=&#8220;big&#8220; fullwidth=&#8220;0&#8243; full_back_color=&#8220;#000000&#8243; woo_bar_sort=&#8220;&#8220; catalog_mode=&#8220;off&#8220;][jaw_custom_text  fullwidth=&#8220;0&#8243;  full_back_color=&#8220;#000000&#8243;  class=&#8220;&#8220;  use_bg=&#8220;0&#8243;  bg_color=&#8220;#000000&#8243;  height=&#8220;50&#8243;  padding-top=&#8220;0&#8243;  bar_type=&#8220;big&#8220;  woo_bar_sort=&#8220;&#8220;  box_size=&#8220;12&#8243;  catalog_mode=&#8220;off&#8220; ] <\/p>\n<h2>Wir brauchen Deine Unterst\u00fctzung!<\/h2>\n<p>St\u00e4ndig bauen wir unsere Anleitungen aus und <strong>ben\u00f6tigen frische Bilder<\/strong> oder Bilder f\u00fcr neue Versionen schon bestehender Anleitungen. Wenn du \u00fcber eigene Einbaufotos verf\u00fcgst und diese gerne auf unserer Seite ver\u00f6ffentlichen m\u00f6chtest kontaktiere uns bitte unter Kontakt.<\/p>\n<p>Die Einbaufotos sollten entweder die Installation eines unserer Radioeinbausets oder die Demontage von T\u00fcrverkleidungen, T\u00fcrgriffen und Lautsprecher Installationen darstellen oder auch die Installation von einzelnen Adaptern.<\/p>\n<p>Wir geben <strong>gratis Produkte<\/strong> und <strong>verg\u00fcnstigte Produkte<\/strong> bei teureren Sets wenn du einen Einbau komplett Dokumentieren m\u00f6chtest.<\/p>\n<p><a href=\"http:\/\/www.radio-adapter.eu\/blog\/wp-content\/uploads\/2015\/08\/Deine-Einbaufotos.jpg\"><img loading=\"lazy\" decoding=\"async\" width=\"600\" height=\"230\" class=\"alignalignnone size-full wp-image-4515\" src=\"http:\/\/www.radio-adapter.eu\/blog\/wp-content\/uploads\/2015\/08\/Deine-Einbaufotos.jpg\" alt=\"Deine Einbaufotos\" srcset=\"https:\/\/www.radio-adapter.eu\/blog\/wp-content\/uploads\/2015\/08\/Deine-Einbaufotos.jpg 600w, https:\/\/www.radio-adapter.eu\/blog\/wp-content\/uploads\/2015\/08\/Deine-Einbaufotos-510x196.jpg 510w, https:\/\/www.radio-adapter.eu\/blog\/wp-content\/uploads\/2015\/08\/Deine-Einbaufotos-236x90.jpg 236w, https:\/\/www.radio-adapter.eu\/blog\/wp-content\/uploads\/2015\/08\/Deine-Einbaufotos-300x115.jpg 300w, https:\/\/www.radio-adapter.eu\/blog\/wp-content\/uploads\/2015\/08\/Deine-Einbaufotos-480x184.jpg 480w, https:\/\/www.radio-adapter.eu\/blog\/wp-content\/uploads\/2015\/08\/Deine-Einbaufotos-151x58.jpg 151w, https:\/\/www.radio-adapter.eu\/blog\/wp-content\/uploads\/2015\/08\/Deine-Einbaufotos-275x105.jpg 275w\" sizes=\"auto, (max-width: 600px) 100vw, 600px\" \/><\/a><\/p>\n[\/jaw_custom_text][\/jaw_section][jaw_section class=&#8220;&#8220; size=&#8220;4&#8243; box_title=&#8220;Gratis Produkt erhalten&#8220; bar_type=&#8220;big&#8220; fullwidth=&#8220;&#8220; full_back_color=&#8220;&#8220; woo_bar_sort=&#8220;1&#8243; catalog_mode=&#8220;off&#8220;]<div class=\"woocommerce columns-10 \"><div class=\"products row row-small large-columns-10 medium-columns-3 small-columns-2\">\n<div class=\"product-small col has-hover product type-product post-3084 status-publish first instock product_cat-autoradio-blenden-sets product_cat-ford-autoradio-blenden-sets product_cat-ford-focus-autoradio-blenden-sets product_tag-autoradio-tausch-ford-focus-1998-2004 product_tag-ford-autoradio-6006-cd-tauschen product_tag-ford-focus-6000-cd-tauschen product_tag-ford-radio-5000-tauschen product_tag-radioblende-set-ford-focus-1998-2004 has-post-thumbnail taxable shipping-taxable purchasable product-type-simple\">\n\t<div class=\"col-inner\">\n\t\n<div class=\"badge-container absolute left top z-1\">\n\n<\/div>\n\t<div class=\"product-small box \">\n\t\t<div class=\"box-image\">\n\t\t\t<div class=\"image-fade_in_back\">\n\t\t\t\t<a href=\"https:\/\/www.radio-adapter.eu\/blog\/produkt\/ford-focus-radioblenden-set-1998-2004\/\">\n\t\t\t\t\t<img loading=\"lazy\" decoding=\"async\" width=\"247\" height=\"247\" src=\"https:\/\/www.radio-adapter.eu\/blog\/wp-content\/uploads\/2015\/06\/Ford-Focus-Radioblenden-Set-1998-2004-247x247.jpg\" class=\"attachment-woocommerce_thumbnail size-woocommerce_thumbnail\" alt=\"Ford Focus Radioblenden Set 1998-2004\" srcset=\"https:\/\/www.radio-adapter.eu\/blog\/wp-content\/uploads\/2015\/06\/Ford-Focus-Radioblenden-Set-1998-2004-247x247.jpg 247w, https:\/\/www.radio-adapter.eu\/blog\/wp-content\/uploads\/2015\/06\/Ford-Focus-Radioblenden-Set-1998-2004-100x100.jpg 100w\" sizes=\"auto, (max-width: 247px) 100vw, 247px\" \/>\t\t\t\t<\/a>\n\t\t\t<\/div>\n\t\t\t<div class=\"image-tools is-small top right show-on-hover\">\n\t\t\t\t\t\t<div class=\"wishlist-icon\">\n\t\t\t<button class=\"wishlist-button button is-outline circle icon\" aria-label=\"Wunschliste\">\n\t\t\t\t<i class=\"icon-heart\" aria-hidden=\"true\"><\/i>\t\t\t<\/button>\n\t\t\t<div class=\"wishlist-popup dark\">\n\t\t\t\t\n<div\n\tclass=\"yith-wcwl-add-to-wishlist add-to-wishlist-3084 yith-wcwl-add-to-wishlist--link-style wishlist-fragment on-first-load\"\n\tdata-fragment-ref=\"3084\"\n\tdata-fragment-options=\"{&quot;base_url&quot;:&quot;&quot;,&quot;product_id&quot;:3084,&quot;parent_product_id&quot;:0,&quot;product_type&quot;:&quot;simple&quot;,&quot;is_single&quot;:false,&quot;in_default_wishlist&quot;:false,&quot;show_view&quot;:false,&quot;browse_wishlist_text&quot;:&quot;Wunschliste durchsuchen&quot;,&quot;already_in_wishslist_text&quot;:&quot;Dieses Produkt ist bereits in der Wunschliste vorhanden.&quot;,&quot;product_added_text&quot;:&quot;Produkt hinzugef\\u00fcgt!&quot;,&quot;available_multi_wishlist&quot;:false,&quot;disable_wishlist&quot;:false,&quot;show_count&quot;:false,&quot;ajax_loading&quot;:false,&quot;loop_position&quot;:false,&quot;item&quot;:&quot;add_to_wishlist&quot;}\"\n>\n\t\t\t\n\t\t\t<!-- ADD TO WISHLIST -->\n\t\t\t\n<div class=\"yith-wcwl-add-button\">\n\t\t<a\n\t\thref=\"?add_to_wishlist=3084&#038;_wpnonce=c3adf63a9a\"\n\t\tclass=\"add_to_wishlist single_add_to_wishlist\"\n\t\tdata-product-id=\"3084\"\n\t\tdata-product-type=\"simple\"\n\t\tdata-original-product-id=\"0\"\n\t\tdata-title=\"Zu Wunschliste hinzuf\u00fcgen\"\n\t\trel=\"nofollow\"\n\t>\n\t\t<svg id=\"yith-wcwl-icon-heart-outline\" class=\"yith-wcwl-icon-svg\" fill=\"none\" stroke-width=\"1.5\" stroke=\"currentColor\" viewBox=\"0 0 24 24\" xmlns=\"http:\/\/www.w3.org\/2000\/svg\">\n  <path stroke-linecap=\"round\" stroke-linejoin=\"round\" d=\"M21 8.25c0-2.485-2.099-4.5-4.688-4.5-1.935 0-3.597 1.126-4.312 2.733-.715-1.607-2.377-2.733-4.313-2.733C5.1 3.75 3 5.765 3 8.25c0 7.22 9 12 9 12s9-4.78 9-12Z\"><\/path>\n<\/svg>\t\t<span>Zu Wunschliste hinzuf\u00fcgen<\/span>\n\t<\/a>\n<\/div>\n\n\t\t\t<!-- COUNT TEXT -->\n\t\t\t\n\t\t\t<\/div>\n\t\t\t<\/div>\n\t\t<\/div>\n\t\t\t\t\t<\/div>\n\t\t\t<div class=\"image-tools is-small hide-for-small bottom left show-on-hover\">\n\t\t\t\t\t\t\t<\/div>\n\t\t\t<div class=\"image-tools grid-tools text-center hide-for-small bottom hover-slide-in show-on-hover\">\n\t\t\t\t<a href=\"#quick-view\" class=\"quick-view\" role=\"button\" data-prod=\"3084\" aria-haspopup=\"dialog\" aria-expanded=\"false\" data-flatsome-role-button>Schnellansicht<\/a>\t\t\t<\/div>\n\t\t\t\t\t<\/div>\n\n\t\t<div class=\"box-text box-text-products\">\n\t\t\t<div class=\"title-wrapper\">\t\t<p class=\"category uppercase is-smaller no-text-overflow product-cat op-8\">\n\t\t\tAutoradio Blenden Sets\t\t<\/p>\n\t<p class=\"name product-title woocommerce-loop-product__title\"><a href=\"https:\/\/www.radio-adapter.eu\/blog\/produkt\/ford-focus-radioblenden-set-1998-2004\/\" class=\"woocommerce-LoopProduct-link woocommerce-loop-product__link\">Ford Focus Radioblenden Set 1998-2004<\/a><\/p><\/div><div class=\"price-wrapper\">\n\t<span class=\"price\"><span class=\"woocommerce-Price-amount amount\"><bdi><span class=\"woocommerce-Price-currencySymbol\">&euro;<\/span>14,99<\/bdi><\/span><\/span>\n<\/div>\t\t<\/div>\n\t<\/div>\n\t\t<\/div>\n<\/div><\/div><!-- row -->\n<\/div> [\/jaw_section][jaw_section class=&#8220;&#8220; size=&#8220;8&#8243; box_title=&#8220;Was muss ich tun um dieses Produkt gratis zu erhalten&#8220; bar_type=&#8220;big&#8220; fullwidth=&#8220;&#8220; full_back_color=&#8220;&#8220; woo_bar_sort=&#8220;&#8220; catalog_mode=&#8220;off&#8220;][jaw_panel_box  title=&#8220;Anforderung&#8220;  message_style=&#8220;success&#8220;  class=&#8220;&#8220;  bar_type=&#8220;big&#8220;  woo_bar_sort=&#8220;&#8220;  fullwidth=&#8220;&#8220;  full_back_color=&#8220;&#8220;  box_size=&#8220;8&#8243;  catalog_mode=&#8220;off&#8220; ] Mindestens 15 Fotos (Nur von der Mittelkonsole,Radioschacht und Kabelbaum) an uns per Mail senden, von der Installation im eigenen Fahrzeug sp\u00e4testens innerhalb einer Woche nach Erhalt des Produktes. Die Fotos m\u00fcssen in guter Qualit\u00e4t aufgenommen sein (Smartphone) und mindestens eine Gr\u00f6\u00dfe von 600 x 450 Pixel haben weitere Details senden wir bei Kontaktaufnahme. Schriftliches Einverst\u00e4ndnis f\u00fcr die Nutzung der Fotos (elektronische \u00dcbermittlung). Bei Interesse melde dich am Kontaktformular![\/jaw_panel_box][\/jaw_section][jaw_section class=&#8220;&#8220; size=&#8220;12&#8243; box_title=&#8220;Title divider&#8220; bar_type=&#8220;off&#8220; fullwidth=&#8220;&#8220; full_back_color=&#8220;&#8220; woo_bar_sort=&#8220;&#8220; catalog_mode=&#8220;off&#8220;][jaw_divider  woo_bar_sort=&#8220;&#8220;  bar_type=&#8220;off&#8220;  fullwidth=&#8220;&#8220;  full_back_color=&#8220;&#8220;  box_size=&#8220;12&#8243;  catalog_mode=&#8220;off&#8220;  class=&#8220;&#8220; ] [\/jaw_section][jaw_section class=&#8220;&#8220; size=&#8220;4&#8243; box_title=&#8220;Gratis Produkt erhalten&#8220; bar_type=&#8220;big&#8220; fullwidth=&#8220;&#8220; full_back_color=&#8220;&#8220; woo_bar_sort=&#8220;1&#8243; catalog_mode=&#8220;off&#8220;]<div class=\"woocommerce columns-10 \"><div class=\"products row row-small large-columns-10 medium-columns-3 small-columns-2\">\n<div class=\"product-small col has-hover product type-product post-3700 status-publish first instock product_cat-alfa-romeo-autoradio-blenden-sets product_cat-autoradio-blenden-sets product_tag-alfa-romeo-147-radio-einbauset product_tag-autoradio-tauschen-alfa-romeo-147-2001-2010 product_tag-das-richtige-radioblenden-set-fuer-alfa-romeo-147 product_tag-radioblende-set-alfa-romeo-147-2001-2010 product_tag-radiotausch-alfa-romeo-147 has-post-thumbnail taxable shipping-taxable purchasable product-type-simple\">\n\t<div class=\"col-inner\">\n\t\n<div class=\"badge-container absolute left top z-1\">\n\n<\/div>\n\t<div class=\"product-small box \">\n\t\t<div class=\"box-image\">\n\t\t\t<div class=\"image-fade_in_back\">\n\t\t\t\t<a href=\"https:\/\/www.radio-adapter.eu\/blog\/produkt\/alfa-romeo-147-radioblenden-set-2001-2010-anthrazit\/\">\n\t\t\t\t\t<img loading=\"lazy\" decoding=\"async\" width=\"247\" height=\"247\" src=\"https:\/\/www.radio-adapter.eu\/blog\/wp-content\/uploads\/2015\/08\/Alfa-Romeo-147-Radioblenden-Set-2001-2010-anthrazit-247x247.jpg\" class=\"attachment-woocommerce_thumbnail size-woocommerce_thumbnail\" alt=\"Alfa Romeo 147 Radioblenden Set 2001-2010 anthrazit\" srcset=\"https:\/\/www.radio-adapter.eu\/blog\/wp-content\/uploads\/2015\/08\/Alfa-Romeo-147-Radioblenden-Set-2001-2010-anthrazit-247x247.jpg 247w, https:\/\/www.radio-adapter.eu\/blog\/wp-content\/uploads\/2015\/08\/Alfa-Romeo-147-Radioblenden-Set-2001-2010-anthrazit-100x100.jpg 100w\" sizes=\"auto, (max-width: 247px) 100vw, 247px\" \/><img loading=\"lazy\" decoding=\"async\" width=\"247\" height=\"247\" src=\"https:\/\/www.radio-adapter.eu\/blog\/wp-content\/uploads\/2015\/08\/Alfa-Romeo-147-Radioeinbauset-2001-2010-anthrazit-247x247.jpg\" class=\"show-on-hover absolute fill hide-for-small back-image\" alt=\"Alternative view of Alfa Romeo 147 Radioblenden Set 2001-2010 anthrazit\" aria-hidden=\"true\" srcset=\"https:\/\/www.radio-adapter.eu\/blog\/wp-content\/uploads\/2015\/08\/Alfa-Romeo-147-Radioeinbauset-2001-2010-anthrazit-247x247.jpg 247w, https:\/\/www.radio-adapter.eu\/blog\/wp-content\/uploads\/2015\/08\/Alfa-Romeo-147-Radioeinbauset-2001-2010-anthrazit-100x100.jpg 100w\" sizes=\"auto, (max-width: 247px) 100vw, 247px\" \/>\t\t\t\t<\/a>\n\t\t\t<\/div>\n\t\t\t<div class=\"image-tools is-small top right show-on-hover\">\n\t\t\t\t\t\t<div class=\"wishlist-icon\">\n\t\t\t<button class=\"wishlist-button button is-outline circle icon\" aria-label=\"Wunschliste\">\n\t\t\t\t<i class=\"icon-heart\" aria-hidden=\"true\"><\/i>\t\t\t<\/button>\n\t\t\t<div class=\"wishlist-popup dark\">\n\t\t\t\t\n<div\n\tclass=\"yith-wcwl-add-to-wishlist add-to-wishlist-3700 yith-wcwl-add-to-wishlist--link-style wishlist-fragment on-first-load\"\n\tdata-fragment-ref=\"3700\"\n\tdata-fragment-options=\"{&quot;base_url&quot;:&quot;&quot;,&quot;product_id&quot;:3700,&quot;parent_product_id&quot;:0,&quot;product_type&quot;:&quot;simple&quot;,&quot;is_single&quot;:false,&quot;in_default_wishlist&quot;:false,&quot;show_view&quot;:false,&quot;browse_wishlist_text&quot;:&quot;Wunschliste durchsuchen&quot;,&quot;already_in_wishslist_text&quot;:&quot;Dieses Produkt ist bereits in der Wunschliste vorhanden.&quot;,&quot;product_added_text&quot;:&quot;Produkt hinzugef\\u00fcgt!&quot;,&quot;available_multi_wishlist&quot;:false,&quot;disable_wishlist&quot;:false,&quot;show_count&quot;:false,&quot;ajax_loading&quot;:false,&quot;loop_position&quot;:false,&quot;item&quot;:&quot;add_to_wishlist&quot;}\"\n>\n\t\t\t\n\t\t\t<!-- ADD TO WISHLIST -->\n\t\t\t\n<div class=\"yith-wcwl-add-button\">\n\t\t<a\n\t\thref=\"?add_to_wishlist=3700&#038;_wpnonce=c3adf63a9a\"\n\t\tclass=\"add_to_wishlist single_add_to_wishlist\"\n\t\tdata-product-id=\"3700\"\n\t\tdata-product-type=\"simple\"\n\t\tdata-original-product-id=\"0\"\n\t\tdata-title=\"Zu Wunschliste hinzuf\u00fcgen\"\n\t\trel=\"nofollow\"\n\t>\n\t\t<svg id=\"yith-wcwl-icon-heart-outline\" class=\"yith-wcwl-icon-svg\" fill=\"none\" stroke-width=\"1.5\" stroke=\"currentColor\" viewBox=\"0 0 24 24\" xmlns=\"http:\/\/www.w3.org\/2000\/svg\">\n  <path stroke-linecap=\"round\" stroke-linejoin=\"round\" d=\"M21 8.25c0-2.485-2.099-4.5-4.688-4.5-1.935 0-3.597 1.126-4.312 2.733-.715-1.607-2.377-2.733-4.313-2.733C5.1 3.75 3 5.765 3 8.25c0 7.22 9 12 9 12s9-4.78 9-12Z\"><\/path>\n<\/svg>\t\t<span>Zu Wunschliste hinzuf\u00fcgen<\/span>\n\t<\/a>\n<\/div>\n\n\t\t\t<!-- COUNT TEXT -->\n\t\t\t\n\t\t\t<\/div>\n\t\t\t<\/div>\n\t\t<\/div>\n\t\t\t\t\t<\/div>\n\t\t\t<div class=\"image-tools is-small hide-for-small bottom left show-on-hover\">\n\t\t\t\t\t\t\t<\/div>\n\t\t\t<div class=\"image-tools grid-tools text-center hide-for-small bottom hover-slide-in show-on-hover\">\n\t\t\t\t<a href=\"#quick-view\" class=\"quick-view\" role=\"button\" data-prod=\"3700\" aria-haspopup=\"dialog\" aria-expanded=\"false\" data-flatsome-role-button>Schnellansicht<\/a>\t\t\t<\/div>\n\t\t\t\t\t<\/div>\n\n\t\t<div class=\"box-text box-text-products\">\n\t\t\t<div class=\"title-wrapper\">\t\t<p class=\"category uppercase is-smaller no-text-overflow product-cat op-8\">\n\t\t\tAlfa Romeo Autoradio Blenden Sets\t\t<\/p>\n\t<p class=\"name product-title woocommerce-loop-product__title\"><a href=\"https:\/\/www.radio-adapter.eu\/blog\/produkt\/alfa-romeo-147-radioblenden-set-2001-2010-anthrazit\/\" class=\"woocommerce-LoopProduct-link woocommerce-loop-product__link\">Alfa Romeo 147 Radioblenden Set 2001-2010 anthrazit<\/a><\/p><\/div><div class=\"price-wrapper\">\n\t<span class=\"price\"><span class=\"woocommerce-Price-amount amount\"><bdi><span class=\"woocommerce-Price-currencySymbol\">&euro;<\/span>16,99<\/bdi><\/span><\/span>\n<\/div>\t\t<\/div>\n\t<\/div>\n\t\t<\/div>\n<\/div><\/div><!-- row -->\n<\/div> [\/jaw_section][jaw_section class=&#8220;&#8220; size=&#8220;8&#8243; box_title=&#8220;Was muss ich tun um dieses Produkt gratis zu erhalten&#8220; bar_type=&#8220;big&#8220; fullwidth=&#8220;&#8220; full_back_color=&#8220;&#8220; woo_bar_sort=&#8220;&#8220; catalog_mode=&#8220;off&#8220;][jaw_panel_box  title=&#8220;Anforderung&#8220;  message_style=&#8220;success&#8220;  class=&#8220;&#8220;  bar_type=&#8220;big&#8220;  woo_bar_sort=&#8220;&#8220;  fullwidth=&#8220;&#8220;  full_back_color=&#8220;&#8220;  box_size=&#8220;8&#8243;  catalog_mode=&#8220;off&#8220; ] Mindestens 15 Fotos (Nur von der Mittelkonsole,Radioschacht und Kabelbaum) an uns per Mail senden, von der Installation im eigenen Fahrzeug sp\u00e4testens innerhalb einer Woche nach Erhalt des Produktes. Die Fotos m\u00fcssen in guter Qualit\u00e4t aufgenommen (Smartphone) sein und mindestens eine Gr\u00f6\u00dfe von 600 x 450 Pixel haben weitere Details senden wir bei Kontaktaufnahme. Schriftliches Einverst\u00e4ndnis f\u00fcr die Nutzung der Fotos (elektronische \u00dcbermittlung). Bei Interesse melde dich am Kontaktformular![\/jaw_panel_box][\/jaw_section][jaw_section class=&#8220;&#8220; size=&#8220;6&#8243; box_title=&#8220;Kontakt&#8220; bar_type=&#8220;big&#8220; fullwidth=&#8220;&#8220; full_back_color=&#8220;&#8220; woo_bar_sort=&#8220;&#8220; catalog_mode=&#8220;off&#8220;]\n<div class=\"wpcf7 no-js\" id=\"wpcf7-f3372-o1\" lang=\"de-DE\" dir=\"ltr\" data-wpcf7-id=\"3372\">\n<div class=\"screen-reader-response\"><p role=\"status\" aria-live=\"polite\" aria-atomic=\"true\"><\/p> <ul><\/ul><\/div>\n<form action=\"\/blog\/wp-json\/wp\/v2\/pages\/4215#wpcf7-f3372-o1\" method=\"post\" class=\"wpcf7-form init\" aria-label=\"Kontaktformular\" novalidate=\"novalidate\" data-status=\"init\">\n<fieldset class=\"hidden-fields-container\"><input type=\"hidden\" name=\"_wpcf7\" value=\"3372\" \/><input type=\"hidden\" name=\"_wpcf7_version\" value=\"6.1.1\" \/><input type=\"hidden\" name=\"_wpcf7_locale\" value=\"de_DE\" \/><input type=\"hidden\" name=\"_wpcf7_unit_tag\" value=\"wpcf7-f3372-o1\" \/><input type=\"hidden\" name=\"_wpcf7_container_post\" value=\"0\" \/><input type=\"hidden\" name=\"_wpcf7_posted_data_hash\" value=\"\" \/>\n<\/fieldset>\n<p>Ihr Name (Pflichtfeld)\n<\/p>\n<p><span class=\"wpcf7-form-control-wrap\" data-name=\"your-name\"><input size=\"40\" maxlength=\"400\" class=\"wpcf7-form-control wpcf7-text wpcf7-validates-as-required\" aria-required=\"true\" aria-invalid=\"false\" value=\"\" type=\"text\" name=\"your-name\" \/><\/span>\n<\/p>\n<p>Ihre E-Mail-Adresse (Pflichtfeld)\n<\/p>\n<p><span class=\"wpcf7-form-control-wrap\" data-name=\"your-email\"><input size=\"40\" maxlength=\"400\" class=\"wpcf7-form-control wpcf7-email wpcf7-validates-as-required wpcf7-text wpcf7-validates-as-email\" aria-required=\"true\" aria-invalid=\"false\" value=\"\" type=\"email\" name=\"your-email\" \/><\/span>\n<\/p>\n<p>Betreff\n<\/p>\n<p><span class=\"wpcf7-form-control-wrap\" data-name=\"your-subject\"><input size=\"40\" maxlength=\"400\" class=\"wpcf7-form-control wpcf7-text\" aria-invalid=\"false\" value=\"\" type=\"text\" name=\"your-subject\" \/><\/span>\n<\/p>\n<p>Ihre Nachricht\n<\/p>\n<p><span class=\"wpcf7-form-control-wrap\" data-name=\"your-message\"><textarea cols=\"40\" rows=\"10\" maxlength=\"2000\" class=\"wpcf7-form-control wpcf7-textarea\" aria-invalid=\"false\" name=\"your-message\"><\/textarea><\/span>\n<\/p>\n<p><input class=\"wpcf7-form-control wpcf7-submit has-spinner\" type=\"submit\" value=\"Senden\" \/>\n<\/p><div class=\"wpcf7-response-output\" aria-hidden=\"true\"><\/div>\n<\/form>\n<\/div>\n [\/jaw_section]\n","protected":false},"excerpt":{"rendered":"[jaw_section class=&#8220;&#8220; size=&#8220;12&#8243; box_title=&#8220;Teile Deine Bilder&#8220; bar_type=&#8220;big&#8220; fullwidth=&#8220;0&#8243; full_back_color=&#8220;#000000&#8243; woo_bar_sort=&#8220;&#8220; catalog_mode=&#8220;off&#8220;][jaw_custom_text fullwidth=&#8220;0&#8243; full_back_color=&#8220;#000000&#8243; class=&#8220;&#8220; use_bg=&#8220;0&#8243; bg_color=&#8220;#000000&#8243; height=&#8220;50&#8243; padding-top=&#8220;0&#8243; bar_type=&#8220;big&#8220; woo_bar_sort=&#8220;&#8220; box_size=&#8220;12&#8243; catalog_mode=&#8220;off&#8220; ] Wir brauchen Deine Unterst\u00fctzung! St\u00e4ndig bauen wir unsere Anleitungen aus und ben\u00f6tigen frische Bilder oder Bilder f\u00fcr neue Versionen schon bestehender Anleitungen. Wenn du \u00fcber eigene Einbaufotos verf\u00fcgst und diese gerne auf [&#8230;]\n","protected":false},"author":2,"featured_media":0,"parent":0,"menu_order":0,"comment_status":"open","ping_status":"open","template":"","meta":{"jetpack_post_was_ever_published":false,"footnotes":""},"class_list":["post-4215","page","type-page","status-publish","hentry"],"jetpack_shortlink":"https:\/\/wp.me\/P3srli-15Z","jetpack_sharing_enabled":true,"jetpack_likes_enabled":true,"_links":{"self":[{"href":"https:\/\/www.radio-adapter.eu\/blog\/wp-json\/wp\/v2\/pages\/4215","targetHints":{"allow":["GET"]}}],"collection":[{"href":"https:\/\/www.radio-adapter.eu\/blog\/wp-json\/wp\/v2\/pages"}],"about":[{"href":"https:\/\/www.radio-adapter.eu\/blog\/wp-json\/wp\/v2\/types\/page"}],"author":[{"embeddable":true,"href":"https:\/\/www.radio-adapter.eu\/blog\/wp-json\/wp\/v2\/users\/2"}],"replies":[{"embeddable":true,"href":"https:\/\/www.radio-adapter.eu\/blog\/wp-json\/wp\/v2\/comments?post=4215"}],"version-history":[{"count":0,"href":"https:\/\/www.radio-adapter.eu\/blog\/wp-json\/wp\/v2\/pages\/4215\/revisions"}],"wp:attachment":[{"href":"https:\/\/www.radio-adapter.eu\/blog\/wp-json\/wp\/v2\/media?parent=4215"}],"curies":[{"name":"wp","href":"https:\/\/api.w.org\/{rel}","templated":true}]}}